{"id":255891,"date":"2024-03-07T07:54:08","date_gmt":"2024-03-07T06:54:08","guid":{"rendered":"http:\/\/fincasolmark.com\/?post_type=product&#038;p=255891"},"modified":"2026-04-01T00:05:07","modified_gmt":"2026-03-31T22:05:07","slug":"honung-apelsinblommor-1kg","status":"publish","type":"product","link":"https:\/\/fincasolmark.com\/sv\/producto\/honung-apelsinblommor-1kg\/","title":{"rendered":"Honung Apelsinblommor"},"content":{"rendered":"<p><strong>Honung Apelsinblommor<\/strong><\/p>\n<p>V\u00e5r flytande Apelsinblommehonung kommer fr\u00e4mst fr\u00e5n alla de apelsintr\u00e4d och till viss del andra citrustr\u00e4d som omger oss.<\/p>\n<p>Doften \u00e4r mjuk och aromatisk, liksom en del druvor och m\u00e5nga andra citrusv\u00e4xter s\u00e5 kommer den karakteristiska aromen ifr\u00e5n blommans inneh\u00e5ll av metylantranilat, en ester med s\u00e4regen arom som \u00e4ven \u00e5terfinns i m\u00e5nga andra produkter (inkl drycker, parfymer och godis).<\/p>\n<p>Som all v\u00e5r honung \u00e4r den oprocessad och givetvis 100% naturlig. Apelsinblommehonungen har en h\u00e4rlig gyllene f\u00e4rg.<\/p>\n<p>Apelsinblommehonungen \u00e4r god till olika infusioner, yoghurt och f\u00e4rskost, olika typer av vitt k\u00f6tt, glass och olika typer av varma s\u00f6tsaker (pannkakor, kakor mm).<\/p>\n","protected":false},"excerpt":{"rendered":"<p>V\u00e5r apelsinblommehonung \u00e4r perfekt till yoghurt, glass eller varf\u00f6r inte till pannkakorna.<\/p>\n","protected":false},"featured_media":268799,"comment_status":"open","ping_status":"closed","template":"","meta":{"_et_pb_use_builder":"off","_et_pb_old_content":"<strong>Honung Apelsinblommor 300g\/500g\/1kg<\/strong>\r\n\r\nV\u00e5r flytande Apelsinblommehonung kommer fr\u00e4mst fr\u00e5n alla de apelsintr\u00e4d och till viss del andra citrustr\u00e4d som omger oss.\r\n\r\nDoften \u00e4r mjuk och aromatisk, liksom en del druvor och m\u00e5nga andra citrusv\u00e4xter s\u00e5 kommer den karakteristiska aromen ifr\u00e5n blommans inneh\u00e5ll av metylantranilat, en ester med s\u00e4regen arom som \u00e4ven \u00e5terfinns i m\u00e5nga andra produkter (inkl drycker, parfymer och godis).\r\n\r\nSom all v\u00e5r honung \u00e4r den oprocessad och givetvis 100% naturlig. Apelsinblommehonungen har en h\u00e4rlig gyllene f\u00e4rg.\r\n\r\nApelsinblommehonungen \u00e4r god till olika infusioner, yoghurt och f\u00e4rskost, olika typer av vitt k\u00f6tt, glass och olika typer av varma s\u00f6tsaker (pannkakor, kakor mm).","_et_gb_content_width":""},"product_brand":[],"product_cat":[124],"product_tag":[],"class_list":{"0":"post-255891","1":"product","2":"type-product","3":"status-publish","4":"has-post-thumbnail","6":"product_cat-honung","8":"first","9":"instock","10":"sale","11":"taxable","12":"shipping-taxable","13":"purchasable","14":"product-type-variable","15":"has-default-attributes"},"_links":{"self":[{"href":"https:\/\/fincasolmark.com\/sv\/wp-json\/wp\/v2\/product\/255891","targetHints":{"allow":["GET"]}}],"collection":[{"href":"https:\/\/fincasolmark.com\/sv\/wp-json\/wp\/v2\/product"}],"about":[{"href":"https:\/\/fincasolmark.com\/sv\/wp-json\/wp\/v2\/types\/product"}],"replies":[{"embeddable":true,"href":"https:\/\/fincasolmark.com\/sv\/wp-json\/wp\/v2\/comments?post=255891"}],"wp:featuredmedia":[{"embeddable":true,"href":"https:\/\/fincasolmark.com\/sv\/wp-json\/wp\/v2\/media\/268799"}],"wp:attachment":[{"href":"https:\/\/fincasolmark.com\/sv\/wp-json\/wp\/v2\/media?parent=255891"}],"wp:term":[{"taxonomy":"product_brand","embeddable":true,"href":"https:\/\/fincasolmark.com\/sv\/wp-json\/wp\/v2\/product_brand?post=255891"},{"taxonomy":"product_cat","embeddable":true,"href":"https:\/\/fincasolmark.com\/sv\/wp-json\/wp\/v2\/product_cat?post=255891"},{"taxonomy":"product_tag","embeddable":true,"href":"https:\/\/fincasolmark.com\/sv\/wp-json\/wp\/v2\/product_tag?post=255891"}],"curies":[{"name":"wp","href":"https:\/\/api.w.org\/{rel}","templated":true}]}}