{"id":255866,"date":"2024-03-07T07:54:09","date_gmt":"2024-03-07T06:54:09","guid":{"rendered":"http:\/\/fincasolmark.com\/?post_type=product&#038;p=255866"},"modified":"2026-04-01T00:00:47","modified_gmt":"2026-03-31T22:00:47","slug":"honung-bergsblommor-1-kg","status":"publish","type":"product","link":"https:\/\/fincasolmark.com\/sv\/producto\/honung-bergsblommor-1-kg\/","title":{"rendered":"Honung Bergsblommor"},"content":{"rendered":"<p><strong>Honung Bergsblommor<\/strong><\/p>\n<p>V\u00e5r flytande Bergsblommehonung kommer fr\u00e5n alla de fantastiska omr\u00e5den med blommor som v\u00e4xer p\u00e5 berget ovanf\u00f6r g\u00e5rden \u2013 rosmarin, timjan, mandel, citrus, ladunumcistros, enb\u00e4r, ek och mycket annat.<\/p>\n<p>Doften \u00e4r mjuk och blommig, medan smaken \u00e4r s\u00f6t och ibland med n\u00e5got svagt syrligt inslag fr\u00e5n citrusblommorna.<\/p>\n<p>Som all v\u00e5r honung \u00e4r den oprocessad och givetvis 100% naturlig. Bergsblommehonungen har en h\u00e4rligt gyllenm\u00f6rk f\u00e4rg.<\/p>\n<p>Bergsblommehonungen \u00e4r god till det mesta \u2013 kalla och varma drycker (vi gillar att ha den i kaffet), till frukostgr\u00f6t, m\u00fcsli, yoghurt, olika typer av k\u00f6tt, glass, frukt och i princip allt annat \u00e4tbart som m\u00e5r bra av lite s\u00f6thet.<\/p>\n","protected":false},"excerpt":{"rendered":"<p>V\u00e5r mest popul\u00e4ra honung kommer fr\u00e5n blommorna p\u00e5 berget ovanf\u00f6r g\u00e5rden.<\/p>\n","protected":false},"featured_media":268807,"comment_status":"open","ping_status":"closed","template":"","meta":{"_et_pb_use_builder":"off","_et_pb_old_content":"<strong>Honung \u201dBergsblommor\u201d 300g\/500g\/1kg<\/strong>\r\n\r\nV\u00e5r flytande Bergsblommehonung kommer fr\u00e5n alla de fantastiska omr\u00e5den med blommor som v\u00e4xer p\u00e5 berget ovanf\u00f6r g\u00e5rden \u2013 rosmarin, timjan, mandel, citrus, ladunumcistros, enb\u00e4r, ek och mycket annat.\r\n\r\nDoften \u00e4r mjuk och blommig, medan smaken \u00e4r s\u00f6t och ibland med n\u00e5got svagt syrligt inslag fr\u00e5n citrusblommorna.\r\n\r\nSom all v\u00e5r honung \u00e4r den oprocessad och givetvis 100% naturlig. Bergsblommehonungen har en h\u00e4rligt gyllenm\u00f6rk f\u00e4rg.\r\n\r\nBergsblommehonungen \u00e4r god till det mesta \u2013 kalla och varma drycker (vi gillar att ha den i kaffet), till frukostgr\u00f6t, m\u00fcsli, yoghurt, olika typer av k\u00f6tt, glass, frukt och i princip allt annat \u00e4tbart som m\u00e5r bra av lite s\u00f6thet.","_et_gb_content_width":""},"product_brand":[],"product_cat":[124],"product_tag":[],"class_list":{"0":"post-255866","1":"product","2":"type-product","3":"status-publish","4":"has-post-thumbnail","6":"product_cat-honung","8":"first","9":"instock","10":"sale","11":"taxable","12":"shipping-taxable","13":"purchasable","14":"product-type-variable","15":"has-default-attributes"},"_links":{"self":[{"href":"https:\/\/fincasolmark.com\/sv\/wp-json\/wp\/v2\/product\/255866","targetHints":{"allow":["GET"]}}],"collection":[{"href":"https:\/\/fincasolmark.com\/sv\/wp-json\/wp\/v2\/product"}],"about":[{"href":"https:\/\/fincasolmark.com\/sv\/wp-json\/wp\/v2\/types\/product"}],"replies":[{"embeddable":true,"href":"https:\/\/fincasolmark.com\/sv\/wp-json\/wp\/v2\/comments?post=255866"}],"wp:featuredmedia":[{"embeddable":true,"href":"https:\/\/fincasolmark.com\/sv\/wp-json\/wp\/v2\/media\/268807"}],"wp:attachment":[{"href":"https:\/\/fincasolmark.com\/sv\/wp-json\/wp\/v2\/media?parent=255866"}],"wp:term":[{"taxonomy":"product_brand","embeddable":true,"href":"https:\/\/fincasolmark.com\/sv\/wp-json\/wp\/v2\/product_brand?post=255866"},{"taxonomy":"product_cat","embeddable":true,"href":"https:\/\/fincasolmark.com\/sv\/wp-json\/wp\/v2\/product_cat?post=255866"},{"taxonomy":"product_tag","embeddable":true,"href":"https:\/\/fincasolmark.com\/sv\/wp-json\/wp\/v2\/product_tag?post=255866"}],"curies":[{"name":"wp","href":"https:\/\/api.w.org\/{rel}","templated":true}]}}