{"id":255863,"date":"2024-03-07T07:54:10","date_gmt":"2024-03-07T06:54:10","guid":{"rendered":"http:\/\/fincasolmark.com\/?post_type=product&#038;p=255863"},"modified":"2026-04-09T09:13:32","modified_gmt":"2026-04-09T07:13:32","slug":"honung-avokado-1-kg","status":"publish","type":"product","link":"https:\/\/fincasolmark.com\/sv\/producto\/honung-avokado-1-kg\/","title":{"rendered":"Honung Avokadoblommor"},"content":{"rendered":"<p><strong>Honung Avokadoblommor<\/strong><\/p>\n<p>V\u00e5r flytande Avokadohonung g\u00f6r vi under en kort period d\u00e5 tr\u00e4den blommar p\u00e5 v\u00e5ren och varje bikupa producerar en mycket begr\u00e4nsad m\u00e4ngd honung under den tiden.<\/p>\n<p>Bina hj\u00e4lper till att pollinera tr\u00e4den och ger oss en fantastisk och lite udda honung.<\/p>\n<p>Doften \u00e4r svagt blommig och fruktig och smaken \u00e4r svagt s\u00f6t med l\u00e4tt till medelstark syrlighet och \u00e4ven salta toner.<\/p>\n<p>Som all v\u00e5r honung \u00e4r den oprocessad och givetvis 100% naturlig. Avokadohonungen har en m\u00f6rk och djup f\u00e4rg.<\/p>\n<p>Vi gillar att \u00e4ta den till rej\u00e4la k\u00f6ttbitar, g\u00e4rna lamm med olika typer av f\u00e4rska \u00f6rter, goda ostar, glassr\u00e4tter, syrliga frukter s\u00e5som \u00e4pplen eller i m\u00fcslin till exempel.<\/p>\n","protected":false},"excerpt":{"rendered":"<p>V\u00e5r unika avokadohonung passar perfekt till rej\u00e4la ostar och att marinera k\u00f6ttbitar med.<\/p>\n","protected":false},"featured_media":268803,"comment_status":"open","ping_status":"closed","template":"","meta":{"_et_pb_use_builder":"off","_et_pb_old_content":"<strong>Honung \u201dAvokado\u201d 300g\/500g\/1kg<\/strong>\r\n\r\nV\u00e5r flytande Avokadohonung g\u00f6r vi under en kort period d\u00e5 tr\u00e4den blommar p\u00e5 v\u00e5ren och varje bikupa producerar en mycket begr\u00e4nsad m\u00e4ngd honung under den tiden.\r\n\r\nBina hj\u00e4lper till att pollinera tr\u00e4den och ger oss en fantastisk och lite udda honung.\r\n\r\nDoften \u00e4r svagt blommig och fruktig och smaken \u00e4r svagt s\u00f6t med l\u00e4tt till medelstark syrlighet och \u00e4ven salta toner.\r\n\r\nSom all v\u00e5r honung \u00e4r den oprocessad och givetvis 100% naturlig. Avokadohonungen har en m\u00f6rk och djup f\u00e4rg.\r\n\r\nVi gillar att \u00e4ta den till rej\u00e4la k\u00f6ttbitar, g\u00e4rna lamm med olika typer av f\u00e4rska \u00f6rter, goda ostar, glassr\u00e4tter, syrliga frukter s\u00e5som \u00e4pplen eller i m\u00fcslin till exempel.","_et_gb_content_width":""},"product_brand":[],"product_cat":[124],"product_tag":[],"class_list":{"0":"post-255863","1":"product","2":"type-product","3":"status-publish","4":"has-post-thumbnail","6":"product_cat-honung","8":"first","9":"outofstock","10":"taxable","11":"shipping-taxable","12":"purchasable","13":"product-type-variable","14":"has-default-attributes"},"_links":{"self":[{"href":"https:\/\/fincasolmark.com\/sv\/wp-json\/wp\/v2\/product\/255863","targetHints":{"allow":["GET"]}}],"collection":[{"href":"https:\/\/fincasolmark.com\/sv\/wp-json\/wp\/v2\/product"}],"about":[{"href":"https:\/\/fincasolmark.com\/sv\/wp-json\/wp\/v2\/types\/product"}],"replies":[{"embeddable":true,"href":"https:\/\/fincasolmark.com\/sv\/wp-json\/wp\/v2\/comments?post=255863"}],"wp:featuredmedia":[{"embeddable":true,"href":"https:\/\/fincasolmark.com\/sv\/wp-json\/wp\/v2\/media\/268803"}],"wp:attachment":[{"href":"https:\/\/fincasolmark.com\/sv\/wp-json\/wp\/v2\/media?parent=255863"}],"wp:term":[{"taxonomy":"product_brand","embeddable":true,"href":"https:\/\/fincasolmark.com\/sv\/wp-json\/wp\/v2\/product_brand?post=255863"},{"taxonomy":"product_cat","embeddable":true,"href":"https:\/\/fincasolmark.com\/sv\/wp-json\/wp\/v2\/product_cat?post=255863"},{"taxonomy":"product_tag","embeddable":true,"href":"https:\/\/fincasolmark.com\/sv\/wp-json\/wp\/v2\/product_tag?post=255863"}],"curies":[{"name":"wp","href":"https:\/\/api.w.org\/{rel}","templated":true}]}}