{"id":255835,"date":"2021-04-05T17:51:56","date_gmt":"2021-04-05T15:51:56","guid":{"rendered":"http:\/\/fincasolmark.com\/?post_type=product&#038;p=255835"},"modified":"2026-04-01T00:07:25","modified_gmt":"2026-03-31T22:07:25","slug":"bipollen","status":"publish","type":"product","link":"https:\/\/fincasolmark.com\/sv\/producto\/bipollen\/","title":{"rendered":"Bipollen"},"content":{"rendered":"<p><strong>Pollen<\/strong><\/p>\n<p>Pollen \u00e4r restprodukten som bina f\u00f6r med sig till bikupan n\u00e4r de klumpat ihop sig med blommans nektar och \u00e4r ett mycket komplett n\u00e4ringstillskott. En sked om dagen r\u00e4cker f\u00f6r att ta del av de h\u00e4lsofr\u00e4mjande effekterna.<\/p>\n<p>Pollengranulat \u00e4r rikt p\u00e5 <strong>proteiner<\/strong>, <strong>aminosyror<\/strong>, <strong>vitaminer<\/strong> och <strong>mineraler<\/strong>, bland annat olika <strong>B-vitaminer<\/strong>, j\u00e4rn, <strong>zink<\/strong> och flera antibakteriella \u00e4mnen. Det best\u00e5r till 35% av protein och \u00e4r v\u00e4ldigt t\u00e4tt, vilket g\u00f6r att det r\u00e4cker med ungef\u00e4r 10 gram om dagen f\u00f6r att f\u00e5 i sig nog mycket n\u00e4rings\u00e4mnen.<\/p>\n<p>Det \u00e4r gott att \u00e4ta till yoghurt, smoothies, gr\u00f6t eller till olika bakverk.<\/p>\n<p>\u00c4r du allergisk mot pollen s\u00e5 \u00e4r det bra om du provar n\u00e5gra olika doseringar f\u00f6rst, men det ger s\u00e4llan allergiska reaktioner eftersom det tas upp av kroppen genom maten och inte via luftv\u00e4garna.<\/p>\n","protected":false},"excerpt":{"rendered":"<p>V\u00e5r bipollen hj\u00e4lper till med att \u00f6ppna upp lungornas alveoler rej\u00e4lt.<\/p>\n","protected":false},"featured_media":260224,"comment_status":"open","ping_status":"closed","template":"","meta":{"_et_pb_use_builder":"off","_et_pb_old_content":"<strong>Pollen 225g\/450g<\/strong>\r\n\r\nPollen \u00e4r restprodukten som bina f\u00f6r med sig till bikupan n\u00e4r de klumpat ihop sig med blommans nektar och \u00e4r ett mycket komplett n\u00e4ringstillskott. En sked om dagen r\u00e4cker f\u00f6r att ta del av de h\u00e4lsofr\u00e4mjande effekterna.\r\n\r\nPollengranulat \u00e4r rikt p\u00e5 <strong>proteiner<\/strong>, <strong>aminosyror<\/strong>, <strong>vitaminer<\/strong> och <strong>mineraler<\/strong>, bland annat olika <strong>B-vitaminer<\/strong>, j\u00e4rn, <strong>zink<\/strong> och flera antibakteriella \u00e4mnen. Det best\u00e5r till 35% av protein och \u00e4r v\u00e4ldigt t\u00e4tt, vilket g\u00f6r att det r\u00e4cker med ungef\u00e4r 10 gram om dagen f\u00f6r att f\u00e5 i sig nog mycket n\u00e4rings\u00e4mnen.\r\n\r\nDet \u00e4r gott att \u00e4ta till yoghurt, smoothies, gr\u00f6t eller till olika bakverk.\r\n\r\n\u00c4r du allergisk mot pollen s\u00e5 \u00e4r det bra om du provar n\u00e5gra olika doseringar f\u00f6rst, men det ger s\u00e4llan allergiska reaktioner eftersom det tas upp av kroppen genom maten och inte via luftv\u00e4garna.","_et_gb_content_width":""},"product_brand":[],"product_cat":[293],"product_tag":[],"class_list":{"0":"post-255835","1":"product","2":"type-product","3":"status-publish","4":"has-post-thumbnail","6":"product_cat-bipollen","8":"first","9":"instock","10":"taxable","11":"shipping-taxable","12":"purchasable","13":"product-type-variable","14":"has-default-attributes"},"_links":{"self":[{"href":"https:\/\/fincasolmark.com\/sv\/wp-json\/wp\/v2\/product\/255835","targetHints":{"allow":["GET"]}}],"collection":[{"href":"https:\/\/fincasolmark.com\/sv\/wp-json\/wp\/v2\/product"}],"about":[{"href":"https:\/\/fincasolmark.com\/sv\/wp-json\/wp\/v2\/types\/product"}],"replies":[{"embeddable":true,"href":"https:\/\/fincasolmark.com\/sv\/wp-json\/wp\/v2\/comments?post=255835"}],"wp:featuredmedia":[{"embeddable":true,"href":"https:\/\/fincasolmark.com\/sv\/wp-json\/wp\/v2\/media\/260224"}],"wp:attachment":[{"href":"https:\/\/fincasolmark.com\/sv\/wp-json\/wp\/v2\/media?parent=255835"}],"wp:term":[{"taxonomy":"product_brand","embeddable":true,"href":"https:\/\/fincasolmark.com\/sv\/wp-json\/wp\/v2\/product_brand?post=255835"},{"taxonomy":"product_cat","embeddable":true,"href":"https:\/\/fincasolmark.com\/sv\/wp-json\/wp\/v2\/product_cat?post=255835"},{"taxonomy":"product_tag","embeddable":true,"href":"https:\/\/fincasolmark.com\/sv\/wp-json\/wp\/v2\/product_tag?post=255835"}],"curies":[{"name":"wp","href":"https:\/\/api.w.org\/{rel}","templated":true}]}}