{"id":253606,"date":"2021-02-20T08:51:10","date_gmt":"2021-02-20T07:51:10","guid":{"rendered":"http:\/\/fincasolmark.com\/?post_type=product&#038;p=253606"},"modified":"2026-03-31T23:35:06","modified_gmt":"2026-03-31T21:35:06","slug":"pelles-lada-avocitrusmix-eko","status":"publish","type":"product","link":"https:\/\/fincasolmark.com\/sv\/producto\/pelles-lada-avocitrusmix-eko\/","title":{"rendered":"Pelles L\u00e5da Avo+Citrusmix EKO 4kg"},"content":{"rendered":"<p dir=\"ltr\"><strong>Ekologisk fruktl\u00e5da med Pelles favoriter<\/strong><\/p>\n<p>Jag \u00e4lskar Medelhavet \u2013 livsfilosofin, r\u00e5varorna och maten. F\u00f6r n\u00e5gra \u00e5r sedan best\u00e4mde jag mig f\u00f6r flytta ner till Spanien f\u00f6r att g\u00f6ra h\u00e4lsosam och ekologisk olivolja p\u00e5 min alldeles egna g\u00e5rd, eller finca som det heter p\u00e5 spanska.<\/p>\n<p>Det var inte ett sv\u00e5rt beslut att \u00e4ven b\u00f6rja odla avokado och en hel del annat. M\u00e5nga av grannarna odlar sedan l\u00e4nge citrusfrukter och mandel, en del av dem hade b\u00f6rjat experimentera med avokado och mer udda typer av citrus s\u00e5som kumquat, limonquat, s\u00f6ta citroner mm.<\/p>\n<p>Det \u00e4r d\u00e4rf\u00f6r ett stort n\u00f6je att kunna erbjuda en l\u00e5da med fincans absolut b\u00e4sta produkter.<\/p>\n<p>1,5kg \u00e4r v\u00e5ra magiska Avokados<br \/>\n2kg saftiga Apelsiner<br \/>\n0,5kg h\u00e4rliga Citroner<\/p>\n<p>Som du s\u00e4kert redan vet \u00e4r det s\u00e4rskilt viktigt att citrusfrukter i matlagningen \u00e4r ekologiska. Annars \u00e4r de ofta fulla av mycket rest\u00e4mnen fr\u00e5n besprutning, vilket lagras i det por\u00f6sa skalet.<\/p>\n<p>V\u00e5ra avokados \u00e4r magiska med perfekt sm\u00f6righet och bra h\u00e5llbarhet, odlade under solen i M\u00e1laga.<\/p>\n<p>Apelsinerna och Citronerna \u00e4r givetvis av toppklass och till skillnad fr\u00e5n m\u00e5nga aff\u00e4rer som skeppar de hela v\u00e4gen fr\u00e5n Sydafrika s\u00e5 kommer dessa ifr\u00e5n M\u00e1laga.<\/p>\n","protected":false},"excerpt":{"rendered":"<p style=\"font-weight: 400;\">Det \u00e4r d\u00e4rf\u00f6r ett stort n\u00f6je att kunna erbjuda en l\u00e5da med fincans absolut b\u00e4sta produkter.<\/p>\n<p style=\"font-weight: 400;\">1,5kg \u00e4r v\u00e5ra magiska Avokados<br \/>\n2kg saftiga Apelsiner<br \/>\n0,5kg h\u00e4rliga Citroner<\/p>\n<p style=\"font-weight: 400;\">Vikterna per frukt \u00e4r ungef\u00e4rlig och kan skilja n\u00e5got lite beroende p\u00e5 att varje frukt v\u00e4ger lite olika och n\u00e4r de blandas kan det bli n\u00e5gra gram mer eller mindre, men totalt minst 4kg frukt.<\/p>\n","protected":false},"featured_media":345916,"comment_status":"open","ping_status":"closed","template":"","meta":{"_et_pb_use_builder":"off","_et_pb_old_content":"<p dir=\"ltr\"><strong>Ekologisk fruktl\u00e5da med Pelles favoriter<\/strong><\/p>\r\nJag \u00e4lskar Medelhavet \u2013 livsfilosofin, r\u00e5varorna och maten. F\u00f6r n\u00e5gra \u00e5r sedan best\u00e4mde jag mig f\u00f6r flytta ner till Spanien f\u00f6r att g\u00f6ra h\u00e4lsosam och ekologisk olivolja p\u00e5 min alldeles egna g\u00e5rd, eller finca som det heter p\u00e5 spanska.\r\n\r\nDet var inte ett sv\u00e5rt beslut att \u00e4ven b\u00f6rja odla avokado och en hel del annat. M\u00e5nga av grannarna odlar sedan l\u00e4nge citrusfrukter och mandel, en del av dem hade b\u00f6rjat experimentera med avokado och mer udda typer av citrus s\u00e5som kumquat, limonquat, s\u00f6ta citroner mm.\r\n\r\nDet \u00e4r d\u00e4rf\u00f6r ett stort n\u00f6je att kunna erbjuda en l\u00e5da med fincans absolut b\u00e4sta produkter.\r\n\r\n1,5kg \u00e4r v\u00e5ra magiska avokados\r\n1,5kg saftiga apelsiner\r\n1kg citroner\r\n\r\nSom du s\u00e4kert redan vet \u00e4r det s\u00e4rskilt viktigt att citrusfrukter i matlagningen \u00e4r ekologiska. Annars \u00e4r de ofta fulla av mycket rest\u00e4mnen fr\u00e5n besprutning, vilket lagras i det por\u00f6sa skalet.\r\n\r\nV\u00e5ra avokados \u00e4r magiska med perfekt sm\u00f6righet och bra h\u00e5llbarhet, odlade under solen i M\u00e1laga.\r\n\r\nApelsinerna och Citronerna \u00e4r givetvis av toppklass och till skillnad fr\u00e5n m\u00e5nga aff\u00e4rer som skeppar de hela v\u00e4gen fr\u00e5n Sydafrika s\u00e5 kommer dessa ifr\u00e5n M\u00e1laga.","_et_gb_content_width":""},"product_brand":[],"product_cat":[265],"product_tag":[],"class_list":{"0":"post-253606","1":"product","2":"type-product","3":"status-publish","4":"has-post-thumbnail","6":"product_cat-fruktlador","8":"first","9":"instock","10":"taxable","11":"shipping-taxable","12":"purchasable","13":"product-type-simple"},"_links":{"self":[{"href":"https:\/\/fincasolmark.com\/sv\/wp-json\/wp\/v2\/product\/253606","targetHints":{"allow":["GET"]}}],"collection":[{"href":"https:\/\/fincasolmark.com\/sv\/wp-json\/wp\/v2\/product"}],"about":[{"href":"https:\/\/fincasolmark.com\/sv\/wp-json\/wp\/v2\/types\/product"}],"replies":[{"embeddable":true,"href":"https:\/\/fincasolmark.com\/sv\/wp-json\/wp\/v2\/comments?post=253606"}],"wp:featuredmedia":[{"embeddable":true,"href":"https:\/\/fincasolmark.com\/sv\/wp-json\/wp\/v2\/media\/345916"}],"wp:attachment":[{"href":"https:\/\/fincasolmark.com\/sv\/wp-json\/wp\/v2\/media?parent=253606"}],"wp:term":[{"taxonomy":"product_brand","embeddable":true,"href":"https:\/\/fincasolmark.com\/sv\/wp-json\/wp\/v2\/product_brand?post=253606"},{"taxonomy":"product_cat","embeddable":true,"href":"https:\/\/fincasolmark.com\/sv\/wp-json\/wp\/v2\/product_cat?post=253606"},{"taxonomy":"product_tag","embeddable":true,"href":"https:\/\/fincasolmark.com\/sv\/wp-json\/wp\/v2\/product_tag?post=253606"}],"curies":[{"name":"wp","href":"https:\/\/api.w.org\/{rel}","templated":true}]}}