{"id":251225,"date":"2020-12-30T21:18:01","date_gmt":"2020-12-30T20:18:01","guid":{"rendered":"http:\/\/fincasolmark.com\/?post_type=product&#038;p=251225"},"modified":"2025-12-04T22:44:27","modified_gmt":"2025-12-04T21:44:27","slug":"forklade-finca-solmark","status":"publish","type":"product","link":"https:\/\/fincasolmark.com\/sv\/producto\/forklade-finca-solmark\/","title":{"rendered":"F\u00f6rkl\u00e4de Svart Logo Finca Solmark"},"content":{"rendered":"<p style=\"font-weight: 400;\">V\u00e5rt fina svarta f\u00f6rkl\u00e4de med Finca Solmarks logga finns nu tillg\u00e4ngligt igen.<\/p>\n<p style=\"font-weight: 400;\">Mannen p\u00e5 bilden ing\u00e5r inte men tar g\u00e4rna emot bes\u00f6k p\u00e5 g\u00e5rden och kan ber\u00e4tta om hur man odlar ekologiskt i s\u00f6dra Spanien.<\/p>\n","protected":false},"excerpt":{"rendered":"<p>F\u00f6rkl\u00e4de Finca Solmark<\/p>\n","protected":false},"featured_media":251226,"comment_status":"open","ping_status":"closed","template":"","meta":{"_et_pb_use_builder":"off","_et_pb_old_content":"","_et_gb_content_width":""},"product_brand":[],"product_cat":[130],"product_tag":[],"class_list":{"0":"post-251225","1":"product","2":"type-product","3":"status-publish","4":"has-post-thumbnail","6":"product_cat-merchandising","8":"first","9":"outofstock","10":"taxable","11":"shipping-taxable","12":"purchasable","13":"product-type-simple"},"_links":{"self":[{"href":"https:\/\/fincasolmark.com\/sv\/wp-json\/wp\/v2\/product\/251225","targetHints":{"allow":["GET"]}}],"collection":[{"href":"https:\/\/fincasolmark.com\/sv\/wp-json\/wp\/v2\/product"}],"about":[{"href":"https:\/\/fincasolmark.com\/sv\/wp-json\/wp\/v2\/types\/product"}],"replies":[{"embeddable":true,"href":"https:\/\/fincasolmark.com\/sv\/wp-json\/wp\/v2\/comments?post=251225"}],"wp:featuredmedia":[{"embeddable":true,"href":"https:\/\/fincasolmark.com\/sv\/wp-json\/wp\/v2\/media\/251226"}],"wp:attachment":[{"href":"https:\/\/fincasolmark.com\/sv\/wp-json\/wp\/v2\/media?parent=251225"}],"wp:term":[{"taxonomy":"product_brand","embeddable":true,"href":"https:\/\/fincasolmark.com\/sv\/wp-json\/wp\/v2\/product_brand?post=251225"},{"taxonomy":"product_cat","embeddable":true,"href":"https:\/\/fincasolmark.com\/sv\/wp-json\/wp\/v2\/product_cat?post=251225"},{"taxonomy":"product_tag","embeddable":true,"href":"https:\/\/fincasolmark.com\/sv\/wp-json\/wp\/v2\/product_tag?post=251225"}],"curies":[{"name":"wp","href":"https:\/\/api.w.org\/{rel}","templated":true}]}}