{"id":251183,"date":"2020-12-30T11:33:56","date_gmt":"2020-12-30T10:33:56","guid":{"rendered":"http:\/\/fincasolmark.com\/?post_type=product&#038;p=251183"},"modified":"2026-02-04T09:00:43","modified_gmt":"2026-02-04T08:00:43","slug":"kumquat","status":"publish","type":"product","link":"https:\/\/fincasolmark.com\/sv\/producto\/kumquat\/","title":{"rendered":"Kumquat EKO"},"content":{"rendered":"<p dir=\"ltr\"><strong>Ekologisk kumquat fr\u00e5n M\u00e1laga<\/strong><\/p>\n<p>Kumquat (citrus japonica) \u00e4r en av de ursprungliga citrusfrukter som existerar. Frukterna \u00e4r sm\u00e5 och kan \u00e4tas hela med skalet p\u00e5 (i alla fall n\u00e4r de \u00e4r ekologiska som mina \u00e4r).<\/p>\n<p>Skalen ger ihop med fruktk\u00f6ttet en h\u00e4rlig kombination av s\u00f6tt, syrligt och lite bittert. Frukterna \u00e4r spr\u00e4ngfyllda med nyttigheter och inneh\u00e5ller dessutom mycket pektin, vilket g\u00f6r dem till den absolut b\u00e4sta citrusfrukten att g\u00f6ra marmelad p\u00e5.<\/p>\n<p>Man kan \u00e4ven sk\u00e4ra upp, k\u00e4rna ur och torka skivor och ha som godis, eller kanske doppa i lite m\u00f6rk choklad? Vi har \u00e4ven gjort chutney, lik\u00f6r och olika redningar med hj\u00e4lp av kumquat. <strong>500g kumquat <\/strong>\u00a0av absolut h\u00f6gsta kvalit\u00e9.<\/p>\n<p style=\"text-align: left;\"><strong>Sylta kumquat?!<\/strong><\/p>\n<p style=\"text-align: left;\"><strong>Kumquat passar utm\u00e4rkt att s\u00f6ta med lite kanel och kardemumma.<\/strong><\/p>\n<p style=\"text-align: left;\"><strong>Koka upp frukterna med \u00e4ppelcidervin\u00e4ger, sirap samt kanel och kardemumma. Pl\u00e4ttl\u00e4tt och j\u00e4ttegott!<\/strong><\/p>\n","protected":false},"excerpt":{"rendered":"<p>L\u00e5da med 500g kumquat EKO<\/p>\n","protected":false},"featured_media":297602,"comment_status":"open","ping_status":"closed","template":"","meta":{"_et_pb_use_builder":"off","_et_pb_old_content":"<p dir=\"ltr\"><strong>Ekologisk kumquat fr\u00e5n M\u00e1laga<\/strong><\/p>\r\nJag \u00e4lskar Medelhavet \u2013 livsfilosofin, r\u00e5varorna och maten. F\u00f6r n\u00e5gra \u00e5r sedan best\u00e4mde jag mig f\u00f6r flytta ner till Spanien f\u00f6r att g\u00f6ra h\u00e4lsosam och ekologisk olivolja p\u00e5 min alldeles egna g\u00e5rd, eller finca som det heter p\u00e5 spanska.\r\n\r\nDet var inte ett sv\u00e5rt beslut att \u00e4ven b\u00f6rja odla avokado och en hel del annat. Faktum \u00e4r att vi har \u00f6ver 200 olika sorters frukttr\u00e4d, m\u00e5nga i rent experimentsyfte.\r\n\r\nDet \u00e4r d\u00e4rf\u00f6r ett stort n\u00f6je att kunna erbjuda en l\u00e5da med <strong>s\u00e4songens<\/strong> absolut <strong>b\u00e4sta<\/strong> kumquat!! L\u00e5dan inneh\u00e5ller <strong>200g\/2kg kumquat\u00a0<\/strong>\u00a0av absolut h\u00f6gsta kvalit\u00e9.\r\n<img class=\"alignnone wp-image-251211\" src=\"http:\/\/fincasolmark.com\/wp-content\/uploads\/2020\/12\/finca-solmark-ekologisk-kumquat-fran_malaga.jpg\" alt=\"Ekologisk Kumquat 2kg - Finca Solmark\" width=\"500\" height=\"357\" \/>\r\n<blockquote>\r\n<p style=\"text-align: center\"><strong>Sylta kumquat?!<\/strong><\/p>\r\n<p style=\"text-align: center\"><strong>Kumquat \u00e4r en ganska syrlig liten citrusfrukt. Den passar utm\u00e4rkt att s\u00f6ta med lite kanel och kardemumma.<\/strong><\/p>\r\n<p style=\"text-align: center\"><strong>Koka upp frukterna med \u00e4ppelcidervin\u00e4ger, sirap samt kanel och kardemumma. Pl\u00e4ttl\u00e4tt och j\u00e4ttegott!<\/strong><\/p>\r\n<\/blockquote>\r\n\u00a0","_et_gb_content_width":""},"product_brand":[],"product_cat":[129],"product_tag":[],"class_list":{"0":"post-251183","1":"product","2":"type-product","3":"status-publish","4":"has-post-thumbnail","6":"product_cat-citrusfrukt","8":"first","9":"outofstock","10":"taxable","11":"shipping-taxable","12":"purchasable","13":"product-type-variable","14":"has-default-attributes"},"_links":{"self":[{"href":"https:\/\/fincasolmark.com\/sv\/wp-json\/wp\/v2\/product\/251183","targetHints":{"allow":["GET"]}}],"collection":[{"href":"https:\/\/fincasolmark.com\/sv\/wp-json\/wp\/v2\/product"}],"about":[{"href":"https:\/\/fincasolmark.com\/sv\/wp-json\/wp\/v2\/types\/product"}],"replies":[{"embeddable":true,"href":"https:\/\/fincasolmark.com\/sv\/wp-json\/wp\/v2\/comments?post=251183"}],"wp:featuredmedia":[{"embeddable":true,"href":"https:\/\/fincasolmark.com\/sv\/wp-json\/wp\/v2\/media\/297602"}],"wp:attachment":[{"href":"https:\/\/fincasolmark.com\/sv\/wp-json\/wp\/v2\/media?parent=251183"}],"wp:term":[{"taxonomy":"product_brand","embeddable":true,"href":"https:\/\/fincasolmark.com\/sv\/wp-json\/wp\/v2\/product_brand?post=251183"},{"taxonomy":"product_cat","embeddable":true,"href":"https:\/\/fincasolmark.com\/sv\/wp-json\/wp\/v2\/product_cat?post=251183"},{"taxonomy":"product_tag","embeddable":true,"href":"https:\/\/fincasolmark.com\/sv\/wp-json\/wp\/v2\/product_tag?post=251183"}],"curies":[{"name":"wp","href":"https:\/\/api.w.org\/{rel}","templated":true}]}}