{"id":251181,"date":"2020-12-30T10:26:21","date_gmt":"2020-12-30T09:26:21","guid":{"rendered":"http:\/\/fincasolmark.com\/?post_type=product&#038;p=251181"},"modified":"2026-04-30T19:20:32","modified_gmt":"2026-04-30T17:20:32","slug":"pomelo-grapefrukt","status":"publish","type":"product","link":"https:\/\/fincasolmark.com\/sv\/producto\/pomelo-grapefrukt\/","title":{"rendered":"Grapefrukt Star Ruby EKO &#8211; 4KG"},"content":{"rendered":"<p dir=\"ltr\"><strong>Ekologisk grapefrukt fr\u00e5n M\u00e1laga<\/strong><\/p>\n<p>L\u00e5dan inneh\u00e5ller 4kg ekologisk grapefrukt av absolut h\u00f6gsta kvalit\u00e9.<\/p>\n<p>Vi skeppar STAR RUBY fr\u00e5n b\u00f6rjan av november och fram till sommaren \u2013 i b\u00f6rjan av s\u00e4songen (november-december) \u00e4r de lite syrligare f\u00f6r att sedan bli betydligt sn\u00e4llare i smaken (januari-maj).<\/p>\n<p>Star Ruby har h\u00e4rligt rosa\/r\u00f6tt fruktk\u00f6tt och tjockt skal. Frukten v\u00e4ger oftast mellan 200g och 400g.<\/p>\n<p>F\u00f6r dig som \u00e4ter hj\u00e4rtmedicin s\u00e5 avr\u00e5des fr\u00e5n att \u00e4ta grapefrukt d\u00e5 de inneh\u00e5ller furanokumariner (det \u00e4r naringinet och bergamottinet som inneh\u00e5ller dessa) vilket g\u00f6r att m\u00e4ngden l\u00e4kemedel i blodet blir h\u00f6gre \u00e4n avsett d\u00e5 det h\u00e4mmar CYP3A4 som bryter ner l\u00e4kemedlet (detta g\u00e4ller \u00e4ven Pomerans och Pomelo\/Honungspomelo).<\/p>\n","protected":false},"excerpt":{"rendered":"<p>L\u00e5da med 4kg grapefrukt<\/p>\n","protected":false},"featured_media":251190,"comment_status":"open","ping_status":"closed","template":"","meta":{"_et_pb_use_builder":"off","_et_pb_old_content":"<p dir=\"ltr\"><strong>Ekologisk grapefrukt fr\u00e5n M\u00e1laga<\/strong><\/p>\r\nL\u00e5dan inneh\u00e5ller 4kg ekologisk grapefrukt av absolut h\u00f6gsta kvalit\u00e9.\r\n\r\nJust nu skeppar vi sorten STAR RUBY \u2013 stora och minst syrliga av alla grapefruktsorter!","_et_gb_content_width":""},"product_brand":[],"product_cat":[129],"product_tag":[],"class_list":{"0":"post-251181","1":"product","2":"type-product","3":"status-publish","4":"has-post-thumbnail","6":"product_cat-citrusfrukt","8":"first","9":"instock","10":"taxable","11":"shipping-taxable","12":"purchasable","13":"product-type-simple"},"_links":{"self":[{"href":"https:\/\/fincasolmark.com\/sv\/wp-json\/wp\/v2\/product\/251181","targetHints":{"allow":["GET"]}}],"collection":[{"href":"https:\/\/fincasolmark.com\/sv\/wp-json\/wp\/v2\/product"}],"about":[{"href":"https:\/\/fincasolmark.com\/sv\/wp-json\/wp\/v2\/types\/product"}],"replies":[{"embeddable":true,"href":"https:\/\/fincasolmark.com\/sv\/wp-json\/wp\/v2\/comments?post=251181"}],"wp:featuredmedia":[{"embeddable":true,"href":"https:\/\/fincasolmark.com\/sv\/wp-json\/wp\/v2\/media\/251190"}],"wp:attachment":[{"href":"https:\/\/fincasolmark.com\/sv\/wp-json\/wp\/v2\/media?parent=251181"}],"wp:term":[{"taxonomy":"product_brand","embeddable":true,"href":"https:\/\/fincasolmark.com\/sv\/wp-json\/wp\/v2\/product_brand?post=251181"},{"taxonomy":"product_cat","embeddable":true,"href":"https:\/\/fincasolmark.com\/sv\/wp-json\/wp\/v2\/product_cat?post=251181"},{"taxonomy":"product_tag","embeddable":true,"href":"https:\/\/fincasolmark.com\/sv\/wp-json\/wp\/v2\/product_tag?post=251181"}],"curies":[{"name":"wp","href":"https:\/\/api.w.org\/{rel}","templated":true}]}}