{"id":250920,"date":"2020-12-18T12:02:23","date_gmt":"2020-12-18T11:02:23","guid":{"rendered":"http:\/\/fincasolmark.com\/?post_type=product&#038;p=250920"},"modified":"2026-03-31T23:31:38","modified_gmt":"2026-03-31T21:31:38","slug":"ekologisk-citron","status":"publish","type":"product","link":"https:\/\/fincasolmark.com\/sv\/producto\/ekologisk-citron\/","title":{"rendered":"Citron EKO &#8211; 4KG"},"content":{"rendered":"<p dir=\"ltr\"><strong>Ekologisk citron fr\u00e5n M\u00e1laga<\/strong><\/p>\n<p>Nu b\u00f6rjar citronerna skifta \u00f6ver i sin typiskt gula nyans och vi har ett gott citron-\u00e5r i \u00e5r. Du kan antingen k\u00f6pa den vanliga l\u00e5dan med 4kg av v\u00e5ra b\u00e4sta citroner (199kr) eller ett mindre 5-pack (39kr).<\/p>\n<p>Citroner g\u00e5r bra att frysa in antingen pressade till juice och som iskuber, men \u00e4ven hela frukter brukar g\u00e5 alldeles utm\u00e4rkt att frysa in.<\/p>\n<p>Det g\u00e5r ocks\u00e5 bra att torka dem ordentligt och sedan f\u00f6rvara dem i en f\u00f6rsluten p\u00e5se (typ ziplock) i kylsk\u00e5pet under ganska l\u00e5ng tid.<\/p>\n<p>Ska man zesta citronskal till olika r\u00e4tter s\u00e5 \u00e4r det viktigt att de \u00e4r ekologiskt odlade och inte inneh\u00e5ller en massa rester av kemikalier i det por\u00f6sa skalet.<\/p>\n","protected":false},"excerpt":{"rendered":"<p>L\u00e5da med 4kg citron<\/p>\n","protected":false},"featured_media":296003,"comment_status":"open","ping_status":"closed","template":"","meta":{"_et_pb_use_builder":"off","_et_pb_old_content":"<p dir=\"ltr\"><strong>Ekologisk citron fr\u00e5n M\u00e1laga<\/strong><\/p>\r\nL\u00e5dan inneh\u00e5ller 4kg ekologisk citron av absolut h\u00f6gsta kvalit\u00e9.\r\n\r\nJust nu skeppar vi sorten VERNA \u2013 med h\u00e4rligt tjockt skal, perfekt att zesta och gott om svagt syrlig juice!","_et_gb_content_width":""},"product_brand":[],"product_cat":[364,129],"product_tag":[],"class_list":{"0":"post-250920","1":"product","2":"type-product","3":"status-publish","4":"has-post-thumbnail","6":"product_cat-citron","7":"product_cat-citrusfrukt","9":"first","10":"instock","11":"taxable","12":"shipping-taxable","13":"purchasable","14":"product-type-simple"},"_links":{"self":[{"href":"https:\/\/fincasolmark.com\/sv\/wp-json\/wp\/v2\/product\/250920","targetHints":{"allow":["GET"]}}],"collection":[{"href":"https:\/\/fincasolmark.com\/sv\/wp-json\/wp\/v2\/product"}],"about":[{"href":"https:\/\/fincasolmark.com\/sv\/wp-json\/wp\/v2\/types\/product"}],"replies":[{"embeddable":true,"href":"https:\/\/fincasolmark.com\/sv\/wp-json\/wp\/v2\/comments?post=250920"}],"wp:featuredmedia":[{"embeddable":true,"href":"https:\/\/fincasolmark.com\/sv\/wp-json\/wp\/v2\/media\/296003"}],"wp:attachment":[{"href":"https:\/\/fincasolmark.com\/sv\/wp-json\/wp\/v2\/media?parent=250920"}],"wp:term":[{"taxonomy":"product_brand","embeddable":true,"href":"https:\/\/fincasolmark.com\/sv\/wp-json\/wp\/v2\/product_brand?post=250920"},{"taxonomy":"product_cat","embeddable":true,"href":"https:\/\/fincasolmark.com\/sv\/wp-json\/wp\/v2\/product_cat?post=250920"},{"taxonomy":"product_tag","embeddable":true,"href":"https:\/\/fincasolmark.com\/sv\/wp-json\/wp\/v2\/product_tag?post=250920"}],"curies":[{"name":"wp","href":"https:\/\/api.w.org\/{rel}","templated":true}]}}