{"id":250743,"date":"2020-12-10T14:18:29","date_gmt":"2020-12-10T13:18:29","guid":{"rendered":"http:\/\/fincasolmark.com\/?post_type=product&#038;p=250743"},"modified":"2026-03-31T23:32:50","modified_gmt":"2026-03-31T21:32:50","slug":"ekologisk-clementin","status":"publish","type":"product","link":"https:\/\/fincasolmark.com\/sv\/producto\/ekologisk-clementin\/","title":{"rendered":"Clementiner EKO &#8211; 4KG"},"content":{"rendered":"<p dir=\"ltr\"><strong>Ekologisk <b><span lang=\"SV\">Clementiner<\/span><\/b><\/strong><\/p>\n<p style=\"font-weight: 400;\">\u00c5rets b\u00e4sta clementin \u00e4r h\u00e4r! Ortanique \u00e4r en blandning av apelsin och mandarin (Orange Tangerine Unique) och en riktigt god och aromatisk clementin. Perfekt som en liten s\u00f6t snack att ha med p\u00e5 vandring i skogen eller f\u00f6r barnen att ha med till skolan. Finns nu under januari\/februari.<\/p>\n","protected":false},"excerpt":{"rendered":"<p>L\u00e5da med 4kg clementiner<\/p>\n","protected":false},"featured_media":279067,"comment_status":"open","ping_status":"closed","template":"","meta":{"_et_pb_use_builder":"off","_et_pb_old_content":"<p dir=\"ltr\"><strong>Ekologisk clementin fr\u00e5n M\u00e1laga<\/strong><\/p>\r\nL\u00e5dan inneh\u00e5ller 4kg ekologiska clementiner av absolut h\u00f6gsta kvalit\u00e9.\r\n\r\nJust nu skeppar vi sorten CLEMENVILLA \u2013 s\u00f6ta och goda!","_et_gb_content_width":""},"product_brand":[],"product_cat":[129],"product_tag":[],"class_list":{"0":"post-250743","1":"product","2":"type-product","3":"status-publish","4":"has-post-thumbnail","6":"product_cat-citrusfrukt","8":"first","9":"instock","10":"taxable","11":"shipping-taxable","12":"purchasable","13":"product-type-simple"},"_links":{"self":[{"href":"https:\/\/fincasolmark.com\/sv\/wp-json\/wp\/v2\/product\/250743","targetHints":{"allow":["GET"]}}],"collection":[{"href":"https:\/\/fincasolmark.com\/sv\/wp-json\/wp\/v2\/product"}],"about":[{"href":"https:\/\/fincasolmark.com\/sv\/wp-json\/wp\/v2\/types\/product"}],"replies":[{"embeddable":true,"href":"https:\/\/fincasolmark.com\/sv\/wp-json\/wp\/v2\/comments?post=250743"}],"wp:featuredmedia":[{"embeddable":true,"href":"https:\/\/fincasolmark.com\/sv\/wp-json\/wp\/v2\/media\/279067"}],"wp:attachment":[{"href":"https:\/\/fincasolmark.com\/sv\/wp-json\/wp\/v2\/media?parent=250743"}],"wp:term":[{"taxonomy":"product_brand","embeddable":true,"href":"https:\/\/fincasolmark.com\/sv\/wp-json\/wp\/v2\/product_brand?post=250743"},{"taxonomy":"product_cat","embeddable":true,"href":"https:\/\/fincasolmark.com\/sv\/wp-json\/wp\/v2\/product_cat?post=250743"},{"taxonomy":"product_tag","embeddable":true,"href":"https:\/\/fincasolmark.com\/sv\/wp-json\/wp\/v2\/product_tag?post=250743"}],"curies":[{"name":"wp","href":"https:\/\/api.w.org\/{rel}","templated":true}]}}