{"id":250738,"date":"2020-12-10T15:13:16","date_gmt":"2020-12-10T14:13:16","guid":{"rendered":"http:\/\/fincasolmark.com\/?post_type=product&#038;p=250738"},"modified":"2026-04-09T22:08:34","modified_gmt":"2026-04-09T20:08:34","slug":"ekologisk-apelsin","status":"publish","type":"product","link":"https:\/\/fincasolmark.com\/sv\/producto\/ekologisk-apelsin\/","title":{"rendered":"Apelsin EKO &#8211; 4KG"},"content":{"rendered":"<p dir=\"ltr\"><strong>Ekologisk apelsin fr\u00e5n M\u00e1laga<\/strong><\/p>\n<p>L\u00e5dan inneh\u00e5ller 4kg ekologisk apelsin av absolut h\u00f6gsta kvalit\u00e9. Valencia Late \u00e4r en s\u00f6t och ganska syrlig apelsin som \u00e4r bra till framf\u00f6rallt juice men \u00e4ven att \u00e4ta som den \u00e4r!<\/p>\n","protected":false},"excerpt":{"rendered":"<p>L\u00e5da med 4kg apelsiner<\/p>\n","protected":false},"featured_media":269510,"comment_status":"open","ping_status":"closed","template":"","meta":{"_et_pb_use_builder":"off","_et_pb_old_content":"<p dir=\"ltr\"><strong>Ekologisk apelsin fr\u00e5n M\u00e1laga<\/strong><\/p>\r\nL\u00e5dan inneh\u00e5ller 4kg ekologisk apelsin av absolut h\u00f6gsta kvalit\u00e9. Mellan november och januari \u00e4r det Navelina, en apelsin som \u00e4r kraftig och s\u00f6t i smaken och v\u00e4ldigt god tycker vi.\r\n\r\nNu har den s\u00e5 pass mycket juice och s\u00f6tma att den \u00e4r perfekt att g\u00f6ra juice p\u00e5, liksom de senare Lane late och Salustianas m fl.","_et_gb_content_width":""},"product_brand":[],"product_cat":[129],"product_tag":[],"class_list":{"0":"post-250738","1":"product","2":"type-product","3":"status-publish","4":"has-post-thumbnail","6":"product_cat-citrusfrukt","8":"first","9":"instock","10":"taxable","11":"shipping-taxable","12":"purchasable","13":"product-type-simple"},"_links":{"self":[{"href":"https:\/\/fincasolmark.com\/sv\/wp-json\/wp\/v2\/product\/250738","targetHints":{"allow":["GET"]}}],"collection":[{"href":"https:\/\/fincasolmark.com\/sv\/wp-json\/wp\/v2\/product"}],"about":[{"href":"https:\/\/fincasolmark.com\/sv\/wp-json\/wp\/v2\/types\/product"}],"replies":[{"embeddable":true,"href":"https:\/\/fincasolmark.com\/sv\/wp-json\/wp\/v2\/comments?post=250738"}],"wp:featuredmedia":[{"embeddable":true,"href":"https:\/\/fincasolmark.com\/sv\/wp-json\/wp\/v2\/media\/269510"}],"wp:attachment":[{"href":"https:\/\/fincasolmark.com\/sv\/wp-json\/wp\/v2\/media?parent=250738"}],"wp:term":[{"taxonomy":"product_brand","embeddable":true,"href":"https:\/\/fincasolmark.com\/sv\/wp-json\/wp\/v2\/product_brand?post=250738"},{"taxonomy":"product_cat","embeddable":true,"href":"https:\/\/fincasolmark.com\/sv\/wp-json\/wp\/v2\/product_cat?post=250738"},{"taxonomy":"product_tag","embeddable":true,"href":"https:\/\/fincasolmark.com\/sv\/wp-json\/wp\/v2\/product_tag?post=250738"}],"curies":[{"name":"wp","href":"https:\/\/api.w.org\/{rel}","templated":true}]}}