{"id":250131,"date":"2020-11-28T10:11:49","date_gmt":"2020-11-28T09:11:49","guid":{"rendered":"http:\/\/fincasolmark.com\/?post_type=product&#038;p=250131"},"modified":"2025-03-20T07:51:22","modified_gmt":"2025-03-20T06:51:22","slug":"ekologisk-apelsin-och-clementin","status":"publish","type":"product","link":"https:\/\/fincasolmark.com\/sv\/producto\/ekologisk-apelsin-och-clementin\/","title":{"rendered":"Apelsin + Clementin EKO 4kg"},"content":{"rendered":"<p dir=\"ltr\"><strong>Ekologisk apelsin och clementin fr\u00e5n M\u00e1laga<\/strong><\/p>\n<p>L\u00e5dan inneh\u00e5ller 2kg ekologiska apelsiner och 2kg ekologiska clementiner av absolut h\u00f6gsta kvalit\u00e9.<\/p>\n","protected":false},"excerpt":{"rendered":"<p>L\u00e5da med 2kg apelsiner och 2kg clementiner<\/p>\n","protected":false},"featured_media":346790,"comment_status":"open","ping_status":"closed","template":"","meta":{"_et_pb_use_builder":"off","_et_pb_old_content":"<p dir=\"ltr\"><strong>Ekologisk apelsin och clementin fr\u00e5n M\u00e1laga<\/strong><\/p>\r\nL\u00e5dan inneh\u00e5ller 2kg ekologiska apelsiner och 2kg ekologiska clementiner av absolut h\u00f6gsta kvalit\u00e9.\r\n\r\nJust nu skeppar vi apelsinsorten LANE LATE och clementinsorten CLEMENVILLA \u2013 s\u00f6ta och goda!","_et_gb_content_width":""},"product_brand":[],"product_cat":[129],"product_tag":[],"class_list":{"0":"post-250131","1":"product","2":"type-product","3":"status-publish","4":"has-post-thumbnail","6":"product_cat-citrusfrukt","8":"first","9":"outofstock","10":"taxable","11":"shipping-taxable","12":"purchasable","13":"product-type-simple"},"_links":{"self":[{"href":"https:\/\/fincasolmark.com\/sv\/wp-json\/wp\/v2\/product\/250131","targetHints":{"allow":["GET"]}}],"collection":[{"href":"https:\/\/fincasolmark.com\/sv\/wp-json\/wp\/v2\/product"}],"about":[{"href":"https:\/\/fincasolmark.com\/sv\/wp-json\/wp\/v2\/types\/product"}],"replies":[{"embeddable":true,"href":"https:\/\/fincasolmark.com\/sv\/wp-json\/wp\/v2\/comments?post=250131"}],"wp:featuredmedia":[{"embeddable":true,"href":"https:\/\/fincasolmark.com\/sv\/wp-json\/wp\/v2\/media\/346790"}],"wp:attachment":[{"href":"https:\/\/fincasolmark.com\/sv\/wp-json\/wp\/v2\/media?parent=250131"}],"wp:term":[{"taxonomy":"product_brand","embeddable":true,"href":"https:\/\/fincasolmark.com\/sv\/wp-json\/wp\/v2\/product_brand?post=250131"},{"taxonomy":"product_cat","embeddable":true,"href":"https:\/\/fincasolmark.com\/sv\/wp-json\/wp\/v2\/product_cat?post=250131"},{"taxonomy":"product_tag","embeddable":true,"href":"https:\/\/fincasolmark.com\/sv\/wp-json\/wp\/v2\/product_tag?post=250131"}],"curies":[{"name":"wp","href":"https:\/\/api.w.org\/{rel}","templated":true}]}}