{"id":250117,"date":"2020-11-28T09:42:40","date_gmt":"2020-11-28T08:42:40","guid":{"rendered":"http:\/\/fincasolmark.com\/?post_type=product&#038;p=250117"},"modified":"2025-06-02T10:44:43","modified_gmt":"2025-06-02T08:44:43","slug":"ekologisk-avokado-och-citron","status":"publish","type":"product","link":"https:\/\/fincasolmark.com\/sv\/producto\/ekologisk-avokado-och-citron\/","title":{"rendered":"Avokado + Citron EKO 4kg"},"content":{"rendered":"<p><strong><span lang=\"SV\">Ekologisk avokado och citron fr\u00e5n M\u00e1laga<\/span><\/strong><\/p>\n<p><span lang=\"SV\">Nu kan du k\u00f6pa en l\u00e5da spr\u00e4ngfylld med \u00e5rets b\u00e4sta avokado och citroner.<\/span><\/p>\n<p><span lang=\"SV\">L\u00e5dan inneh\u00e5ller ungef\u00e4r 2kg av respektive frukt.<\/span><\/p>\n","protected":false},"excerpt":{"rendered":"<p>L\u00e5dan inneh\u00e5ller ca 2kg ekologisk avokado och ca 2kg ekologisk citron av absolut h\u00f6gsta kvalit\u00e9.<\/p>\n","protected":false},"featured_media":329463,"comment_status":"open","ping_status":"closed","template":"","meta":{"_et_pb_use_builder":"off","_et_pb_old_content":"<p dir=\"ltr\"><strong>Ekologisk avokado och citron fr\u00e5n M\u00e1laga<\/strong><\/p>\r\nJag \u00e4lskar Medelhavet \u2013 livsfilosofin, r\u00e5varorna och maten. F\u00f6r n\u00e5gra \u00e5r sedan best\u00e4mde jag mig f\u00f6r flytta ner till Spanien f\u00f6r att g\u00f6ra h\u00e4lsosam och ekologisk olivolja p\u00e5 min alldeles egna g\u00e5rd, eller finca som det heter p\u00e5 spanska.\r\n\r\nDet var inte ett sv\u00e5rt beslut att \u00e4ven b\u00f6rja odla avokado och en hel del annat. Faktum \u00e4r att vi har \u00f6ver 200 olika sorters frukttr\u00e4d, m\u00e5nga i rent experimentsyfte.\r\n\r\nDet \u00e4r d\u00e4rf\u00f6r ett stort n\u00f6je att kunna erbjuda en l\u00e5da med v\u00e5ra magiska avokados och citroner som blir fantastiskt goda under solens str\u00e5lar.\r\n\r\nL\u00e5dan inneh\u00e5ller 2kg avokado och 2kg citroner av absolut h\u00f6gsta kvalit\u00e9. Citron \u00e4r en av de frukter som i konventionell odling inneh\u00e5ller mest rester av skadliga kemikalier och som alltid b\u00f6r \u00e4tas ekologisk.","_et_gb_content_width":""},"product_brand":[],"product_cat":[82,364,265],"product_tag":[],"class_list":{"0":"post-250117","1":"product","2":"type-product","3":"status-publish","4":"has-post-thumbnail","6":"product_cat-avokado","7":"product_cat-citron","8":"product_cat-fruktlador","10":"first","11":"outofstock","12":"taxable","13":"shipping-taxable","14":"purchasable","15":"product-type-simple"},"_links":{"self":[{"href":"https:\/\/fincasolmark.com\/sv\/wp-json\/wp\/v2\/product\/250117","targetHints":{"allow":["GET"]}}],"collection":[{"href":"https:\/\/fincasolmark.com\/sv\/wp-json\/wp\/v2\/product"}],"about":[{"href":"https:\/\/fincasolmark.com\/sv\/wp-json\/wp\/v2\/types\/product"}],"replies":[{"embeddable":true,"href":"https:\/\/fincasolmark.com\/sv\/wp-json\/wp\/v2\/comments?post=250117"}],"wp:featuredmedia":[{"embeddable":true,"href":"https:\/\/fincasolmark.com\/sv\/wp-json\/wp\/v2\/media\/329463"}],"wp:attachment":[{"href":"https:\/\/fincasolmark.com\/sv\/wp-json\/wp\/v2\/media?parent=250117"}],"wp:term":[{"taxonomy":"product_brand","embeddable":true,"href":"https:\/\/fincasolmark.com\/sv\/wp-json\/wp\/v2\/product_brand?post=250117"},{"taxonomy":"product_cat","embeddable":true,"href":"https:\/\/fincasolmark.com\/sv\/wp-json\/wp\/v2\/product_cat?post=250117"},{"taxonomy":"product_tag","embeddable":true,"href":"https:\/\/fincasolmark.com\/sv\/wp-json\/wp\/v2\/product_tag?post=250117"}],"curies":[{"name":"wp","href":"https:\/\/api.w.org\/{rel}","templated":true}]}}