{"id":250110,"date":"2020-11-28T09:30:44","date_gmt":"2020-11-28T08:30:44","guid":{"rendered":"http:\/\/fincasolmark.com\/?post_type=product&#038;p=250110"},"modified":"2026-03-31T23:32:48","modified_gmt":"2026-03-31T21:32:48","slug":"ekologisk-apelsin-och-avokado","status":"publish","type":"product","link":"https:\/\/fincasolmark.com\/sv\/producto\/ekologisk-apelsin-och-avokado\/","title":{"rendered":"Avokado + Apelsin EKO 4kg"},"content":{"rendered":"<p><strong>Ekologisk avokado och apelsin fr\u00e5n M\u00e1laga<\/strong><\/p>\n<p><span lang=\"SV\">L\u00e5dan inneh\u00e5ller ca 2kg ekologisk avokado och ca 2kg ekologisk apelsin av absolut h\u00f6gsta kvalit\u00e9.<\/span><\/p>\n","protected":false},"excerpt":{"rendered":"<p>L\u00e5da med 2kg apelsiner och 2kg avokado<\/p>\n","protected":false},"featured_media":337965,"comment_status":"open","ping_status":"closed","template":"","meta":{"_et_pb_use_builder":"off","_et_pb_old_content":"<strong>Ekologisk avokado och apelsin fr\u00e5n M\u00e1laga<\/strong>\r\n\r\n<span lang=\"SV\">L\u00e5dan inneh\u00e5ller ca 2kg ekologisk avokado och ca 2kg ekologisk apelsin av absolut h\u00f6gsta kvalit\u00e9.<\/span>\r\n\r\nH\u00f6stens f\u00f6rsta l\u00e5da inneh\u00e5ller avokado av sorten Bacon och apelsiner av sorten Navelina.","_et_gb_content_width":""},"product_brand":[],"product_cat":[265],"product_tag":[],"class_list":{"0":"post-250110","1":"product","2":"type-product","3":"status-publish","4":"has-post-thumbnail","6":"product_cat-fruktlador","8":"first","9":"instock","10":"sale","11":"taxable","12":"shipping-taxable","13":"purchasable","14":"product-type-simple"},"_links":{"self":[{"href":"https:\/\/fincasolmark.com\/sv\/wp-json\/wp\/v2\/product\/250110","targetHints":{"allow":["GET"]}}],"collection":[{"href":"https:\/\/fincasolmark.com\/sv\/wp-json\/wp\/v2\/product"}],"about":[{"href":"https:\/\/fincasolmark.com\/sv\/wp-json\/wp\/v2\/types\/product"}],"replies":[{"embeddable":true,"href":"https:\/\/fincasolmark.com\/sv\/wp-json\/wp\/v2\/comments?post=250110"}],"wp:featuredmedia":[{"embeddable":true,"href":"https:\/\/fincasolmark.com\/sv\/wp-json\/wp\/v2\/media\/337965"}],"wp:attachment":[{"href":"https:\/\/fincasolmark.com\/sv\/wp-json\/wp\/v2\/media?parent=250110"}],"wp:term":[{"taxonomy":"product_brand","embeddable":true,"href":"https:\/\/fincasolmark.com\/sv\/wp-json\/wp\/v2\/product_brand?post=250110"},{"taxonomy":"product_cat","embeddable":true,"href":"https:\/\/fincasolmark.com\/sv\/wp-json\/wp\/v2\/product_cat?post=250110"},{"taxonomy":"product_tag","embeddable":true,"href":"https:\/\/fincasolmark.com\/sv\/wp-json\/wp\/v2\/product_tag?post=250110"}],"curies":[{"name":"wp","href":"https:\/\/api.w.org\/{rel}","templated":true}]}}