{"id":250001,"date":"2020-11-24T10:30:01","date_gmt":"2020-11-24T09:30:01","guid":{"rendered":"http:\/\/fincasolmark.com\/?post_type=product&#038;p=250001"},"modified":"2026-03-26T21:29:02","modified_gmt":"2026-03-26T20:29:02","slug":"ekologisk-cocktail-avokado","status":"publish","type":"product","link":"https:\/\/fincasolmark.com\/sv\/producto\/ekologisk-cocktail-avokado\/","title":{"rendered":"Avokado Cocktail EKO &#8211; 500gr"},"content":{"rendered":"<p><strong>Ekologisk Cocktail Avokado<\/strong><\/p>\n<p>Nu har vi lite fler l\u00e5dor av denna ovanliga och gulliga lilla frukt. Varje frukt v\u00e4ger 20-50gram och har allts\u00e5 ingen k\u00e4rna. Perfekt att ha med till gymmet och \u00e4ta efter ett pass ist\u00e4llet f\u00f6r en vanlig snack eller som del av en sallad. Frukten \u00e4ts med f\u00f6rdel som den \u00e4r, med skal och allt.<br \/>\nF\u00f6rra g\u00e5ngen tog de slut p\u00e5 nolltid, s\u00e5 v\u00e4nta inte f\u00f6r l\u00e4nge.<\/p>\n<p>V\u00e5r ekologiska frukt \u00e4r\u00a0<strong>ekologisk p\u00e5 riktigt<\/strong>! Inga konstgjorda etylenbehandlingar f\u00f6r att snabba p\u00e5 mognaden av frukten p\u00e5 artificiell v\u00e4g (\u201dgodk\u00e4nt\u201d inom ekologisk odling, men inget vi sysslar med). V\u00e5r frukt mognar p\u00e5 tr\u00e4den och plockas s\u00e5 n\u00e4ra sin perfekta mognadsgrad som m\u00f6jligt. Sen tar det ungef\u00e4r en vecka hem till ditt k\u00f6ksbord. Bra va?!<\/p>\n<p>Jag hoppas verkligen att det m\u00e4rks, och att du uppskattar kvalit\u00e9n p\u00e5 v\u00e5r frukt. Vi l\u00e4gger stor omsorg och mycket engagemang i v\u00e5r produkt \u2013 f\u00f6r att kunna tillfredsst\u00e4lla \u00e4ven den mest kr\u00e4sne gastronomen.\u00a0<strong>Jag ser verkligen fram emot att h\u00f6ra vad du tycker \u2013 skriv g\u00e4rna en rad eller sl\u00e5 en signal, kontaktuppgifterna finns h\u00f6gst upp p\u00e5 sidan!<\/strong><\/p>\n<p>Namnet, Finca Solmark, \u00e4r en hyllning till det \u00f6stg\u00f6tska lilla kvarteret Solmark i Vikingstad, d\u00e4r jag v\u00e4xte upp. Har du v\u00e4garna f\u00f6rbi s\u00f6dra Spanien \u00e4r du varmt v\u00e4lkommen att bes\u00f6ka oss p\u00e5 g\u00e5rden och smaka p\u00e5 finca-livet, i en kombination av det b\u00e4sta ur svensk och spansk filosofi.<\/p>\n","protected":false},"excerpt":{"rendered":"<p>500gram ekologisk cocktail avokado.<\/p>\n","protected":false},"featured_media":269297,"comment_status":"open","ping_status":"closed","template":"","meta":{"_et_pb_use_builder":"off","_et_pb_old_content":"<strong>Ekologisk Cocktail Avokado<\/strong>\r\n\r\nNu har vi lite fler l\u00e5dor av denna ovanliga och gulliga lilla frukt. Varje frukt v\u00e4ger 20-50gram och har allts\u00e5 ingen k\u00e4rna. Perfekt att ha med till gymmet och \u00e4ta efter ett pass ist\u00e4llet f\u00f6r en vanlig snack eller som del av en sallad. Frukten \u00e4ts med f\u00f6rdel som den \u00e4r, med skal och allt.\r\nF\u00f6rra g\u00e5ngen tog de slut p\u00e5 nolltid, s\u00e5 v\u00e4nta inte f\u00f6r l\u00e4nge.\r\n\r\nV\u00e5r ekologiska frukt \u00e4r\u00a0<strong>ekologisk p\u00e5 riktigt<\/strong>! Inga konstgjorda etylenbehandlingar f\u00f6r att snabba p\u00e5 mognaden av frukten p\u00e5 artificiell v\u00e4g (\u201dgodk\u00e4nt\u201d inom ekologisk odling, men inget vi sysslar med). V\u00e5r frukt mognar p\u00e5 tr\u00e4den och plockas s\u00e5 n\u00e4ra sin perfekta mognadsgrad som m\u00f6jligt. Sen tar det ungef\u00e4r en vecka hem till ditt k\u00f6ksbord. Bra va?!\r\n\r\nJag hoppas verkligen att det m\u00e4rks, och att du uppskattar kvalit\u00e9n p\u00e5 v\u00e5r frukt. Vi l\u00e4gger stor omsorg och mycket engagemang i v\u00e5r produkt \u2013 f\u00f6r att kunna tillfredsst\u00e4lla \u00e4ven den mest kr\u00e4sne gastronomen.\u00a0<strong>Jag ser verkligen fram emot att h\u00f6ra vad du tycker \u2013 skriv g\u00e4rna en rad eller sl\u00e5 en signal, kontaktuppgifterna finns h\u00f6gst upp p\u00e5 sidan!<\/strong>\r\n\r\nNamnet, Finca Solmark, \u00e4r en hyllning till det \u00f6stg\u00f6tska lilla kvarteret Solmark i Vikingstad, d\u00e4r jag v\u00e4xte upp. Har du v\u00e4garna f\u00f6rbi s\u00f6dra Spanien \u00e4r du varmt v\u00e4lkommen att bes\u00f6ka oss p\u00e5 g\u00e5rden och smaka p\u00e5 finca-livet, i en kombination av det b\u00e4sta ur svensk och spansk filosofi.\r\n\r\n<strong>Pris: 299 kr inkl moms<\/strong>","_et_gb_content_width":""},"product_brand":[],"product_cat":[82],"product_tag":[],"class_list":{"0":"post-250001","1":"product","2":"type-product","3":"status-publish","4":"has-post-thumbnail","6":"product_cat-avokado","8":"first","9":"outofstock","10":"taxable","11":"shipping-taxable","12":"purchasable","13":"product-type-simple"},"_links":{"self":[{"href":"https:\/\/fincasolmark.com\/sv\/wp-json\/wp\/v2\/product\/250001","targetHints":{"allow":["GET"]}}],"collection":[{"href":"https:\/\/fincasolmark.com\/sv\/wp-json\/wp\/v2\/product"}],"about":[{"href":"https:\/\/fincasolmark.com\/sv\/wp-json\/wp\/v2\/types\/product"}],"replies":[{"embeddable":true,"href":"https:\/\/fincasolmark.com\/sv\/wp-json\/wp\/v2\/comments?post=250001"}],"wp:featuredmedia":[{"embeddable":true,"href":"https:\/\/fincasolmark.com\/sv\/wp-json\/wp\/v2\/media\/269297"}],"wp:attachment":[{"href":"https:\/\/fincasolmark.com\/sv\/wp-json\/wp\/v2\/media?parent=250001"}],"wp:term":[{"taxonomy":"product_brand","embeddable":true,"href":"https:\/\/fincasolmark.com\/sv\/wp-json\/wp\/v2\/product_brand?post=250001"},{"taxonomy":"product_cat","embeddable":true,"href":"https:\/\/fincasolmark.com\/sv\/wp-json\/wp\/v2\/product_cat?post=250001"},{"taxonomy":"product_tag","embeddable":true,"href":"https:\/\/fincasolmark.com\/sv\/wp-json\/wp\/v2\/product_tag?post=250001"}],"curies":[{"name":"wp","href":"https:\/\/api.w.org\/{rel}","templated":true}]}}