{"id":249562,"date":"2020-11-04T18:10:31","date_gmt":"2020-11-04T17:10:31","guid":{"rendered":"http:\/\/fincasolmark.com\/?post_type=product&#038;p=249562"},"modified":"2024-11-14T12:37:26","modified_gmt":"2024-11-14T11:37:26","slug":"fruktlada-finca-solmark-carratraca-i-obehandlat-grantra","status":"publish","type":"product","link":"https:\/\/fincasolmark.com\/sv\/producto\/fruktlada-finca-solmark-carratraca-i-obehandlat-grantra\/","title":{"rendered":"Fruktl\u00e5da Tr\u00e4 Logo Finca Solmark"},"content":{"rendered":"<p>Fruktl\u00e5da \u201cFinca Solmark Carratraca\u201d i obehandlat grantr\u00e4. 34x49x15cm<\/p>\n<p>V\u00e5r l\u00e5da \u00e4r byggd av robust grantr\u00e4 och klarar utan problem av 10 kg frukt.<br \/>\nDen \u00e4r givetvis ocks\u00e5 v\u00e4ldigt fin i dekorativt syfte.<\/p>\n<p>L\u00e5ter du den \u00e5ldras under solen s\u00e5 blir den med \u00e5ren bara vackrare.<\/p>\n<p>Logotypen \u00e4r inbr\u00e4nd p\u00e5 b\u00e5da l\u00e5ngsidorna.<\/p>\n<p>*Frukterna p\u00e5 bilden ing\u00e5r EJ vid k\u00f6p av l\u00e5dan.<\/p>\n","protected":false},"excerpt":{"rendered":"<p>Fruktl\u00e5da \u201cFinca Solmark Carratraca\u201d i obehandlat grantr\u00e4.<\/p>\n<p>34x49x15cm<\/p>\n","protected":false},"featured_media":276709,"comment_status":"open","ping_status":"closed","template":"","meta":{"_et_pb_use_builder":"off","_et_pb_old_content":"Fruktl\u00e5da \u201cFinca Solmark Carratraca\u201d i obehandlat grantr\u00e4. 34x49x15cm\r\n\r\nV\u00e5r l\u00e5da \u00e4r byggd av robust grantr\u00e4 och klarar utan problem av 10 kg frukt.\r\nDen \u00e4r givetvis ocks\u00e5 v\u00e4ldigt fin i dekorativt syfte.\r\n\r\nL\u00e5ter du den \u00e5ldras under solen s\u00e5 blir den med \u00e5ren bara vackrare.\r\n\r\nLogotypen \u00e4r inbr\u00e4nd p\u00e5 b\u00e5da l\u00e5ngsidorna.","_et_gb_content_width":""},"product_brand":[],"product_cat":[182],"product_tag":[],"class_list":{"0":"post-249562","1":"product","2":"type-product","3":"status-publish","4":"has-post-thumbnail","6":"product_cat-rea","8":"first","9":"outofstock","10":"sale","11":"taxable","12":"shipping-taxable","13":"purchasable","14":"product-type-simple"},"_links":{"self":[{"href":"https:\/\/fincasolmark.com\/sv\/wp-json\/wp\/v2\/product\/249562","targetHints":{"allow":["GET"]}}],"collection":[{"href":"https:\/\/fincasolmark.com\/sv\/wp-json\/wp\/v2\/product"}],"about":[{"href":"https:\/\/fincasolmark.com\/sv\/wp-json\/wp\/v2\/types\/product"}],"replies":[{"embeddable":true,"href":"https:\/\/fincasolmark.com\/sv\/wp-json\/wp\/v2\/comments?post=249562"}],"wp:featuredmedia":[{"embeddable":true,"href":"https:\/\/fincasolmark.com\/sv\/wp-json\/wp\/v2\/media\/276709"}],"wp:attachment":[{"href":"https:\/\/fincasolmark.com\/sv\/wp-json\/wp\/v2\/media?parent=249562"}],"wp:term":[{"taxonomy":"product_brand","embeddable":true,"href":"https:\/\/fincasolmark.com\/sv\/wp-json\/wp\/v2\/product_brand?post=249562"},{"taxonomy":"product_cat","embeddable":true,"href":"https:\/\/fincasolmark.com\/sv\/wp-json\/wp\/v2\/product_cat?post=249562"},{"taxonomy":"product_tag","embeddable":true,"href":"https:\/\/fincasolmark.com\/sv\/wp-json\/wp\/v2\/product_tag?post=249562"}],"curies":[{"name":"wp","href":"https:\/\/api.w.org\/{rel}","templated":true}]}}