{"id":249530,"date":"2020-11-03T19:24:47","date_gmt":"2020-11-03T18:24:47","guid":{"rendered":"http:\/\/fincasolmark.com\/?post_type=product&#038;p=249530"},"modified":"2025-01-18T23:10:21","modified_gmt":"2025-01-18T22:10:21","slug":"ekologisk-citrusfrukt-fran-andalusien","status":"publish","type":"product","link":"https:\/\/fincasolmark.com\/sv\/producto\/ekologisk-citrusfrukt-fran-andalusien\/","title":{"rendered":"Citrus Mix EKO 4kg"},"content":{"rendered":"<p><strong>Ekologisk citrusfrukt fr\u00e5n M\u00e1laga<\/strong><\/p>\n<p>Jag \u00e4lskar Medelhavet \u2013 livsfilosofin, r\u00e5varorna och maten. F\u00f6r n\u00e5gra \u00e5r sedan best\u00e4mde jag mig f\u00f6r flytta ner till Spanien f\u00f6r att g\u00f6ra h\u00e4lsosam och ekologisk olivolja p\u00e5 min alldeles egna g\u00e5rd, eller finca som det heter p\u00e5 spanska.<\/p>\n<p>Det var inte ett sv\u00e5rt beslut att \u00e4ven b\u00f6rja odla avokado och en hel del annat. Faktum \u00e4r att vi har \u00f6ver 200 olika sorters frukttr\u00e4d, m\u00e5nga i rent experimentsyfte, f\u00f6rutom den st\u00f6rre m\u00e4ngd avokado (5 olika sorter) mandel och citrus som vi odlar.<\/p>\n<p>Det \u00e4r d\u00e4rf\u00f6r ett stort n\u00f6je att kunna erbjuda en l\u00e5da med s\u00e4songens absolut b\u00e4sta citrusfrukt!! L\u00e5dan inneh\u00e5ller 4kg blandad citrus av absolut h\u00f6gsta kvalit\u00e9.<\/p>\n<p>Detta \u00e4r ett ungef\u00e4rligt inneh\u00e5ll (eftersom frukten v\u00e4ger lite olika s\u00e5 kan det skilja n\u00e5got p\u00e5 antal men totalvikten \u00e4r minst 4kg).<br \/>\nDu f\u00e5r normalt sett en blandning av dessa frukter just nu men enstaka frukter kan tillkomma eller utg\u00e5 beroende p\u00e5 tillg\u00e5ng under perioden:<\/p>\n<ul>\n<li>Apelsin<\/li>\n<li>Citron<\/li>\n<li>Grapefrukt Star Ruby<\/li>\n<li>Clementiner<\/li>\n<li>Kumquat<\/li>\n<\/ul>\n<p>&nbsp;<\/p>\n","protected":false},"excerpt":{"rendered":"<p>L\u00e5dan inneh\u00e5ller minst 4 kilo blandad ekologisk citrusfrukt och \u00e4ndrar inneh\u00e5ll l\u00f6pande.<\/p>\n<ul>\n<li>Apelsin<\/li>\n<li>Citron<\/li>\n<li>Grapefrukt Star Ruby<\/li>\n<li>Clementiner<\/li>\n<li>Kumquat<\/li>\n<\/ul>\n","protected":false},"featured_media":303983,"comment_status":"open","ping_status":"closed","template":"","meta":{"_et_pb_use_builder":"off","_et_pb_old_content":"<strong>Ekologisk citrusfrukt fr\u00e5n M\u00e1laga<\/strong>\r\n\r\nJag \u00e4lskar Medelhavet \u2013 livsfilosofin, r\u00e5varorna och maten. F\u00f6r n\u00e5gra \u00e5r sedan best\u00e4mde jag mig f\u00f6r flytta ner till Spanien f\u00f6r att g\u00f6ra h\u00e4lsosam och ekologisk olivolja p\u00e5 min alldeles egna g\u00e5rd, eller finca som det heter p\u00e5 spanska.\r\n\r\nDet var inte ett sv\u00e5rt beslut att \u00e4ven b\u00f6rja odla avokado och en hel del annat. Faktum \u00e4r att vi har \u00f6ver 200 olika sorters frukttr\u00e4d, m\u00e5nga i rent experimentsyfte, f\u00f6rutom den st\u00f6rre m\u00e4ngd avokado (5 olika sorter) mandel och citrus som vi odlar.\r\n\r\nDet \u00e4r d\u00e4rf\u00f6r ett stort n\u00f6je att kunna erbjuda en l\u00e5da med s\u00e4songens absolut b\u00e4sta citrusfrukt!! L\u00e5dan inneh\u00e5ller 4kg blandad citrus av absolut h\u00f6gsta kvalit\u00e9.\r\n\r\nDetta \u00e4r ett ungef\u00e4rligt inneh\u00e5ll (eftersom frukten v\u00e4ger lite olika s\u00e5 kan det skilja n\u00e5got p\u00e5 antal men totalvikten \u00e4r 4kg).\r\nDu f\u00e5r normalt sett en blandning av dessa frukter just nu men enstaka frukter kan tillkomma eller utg\u00e5 beroende p\u00e5 tillg\u00e5ng under perioden:\r\n<ul>\r\n \t<li>Apelsin<\/li>\r\n \t<li>Citron<\/li>\r\n \t<li>Grapefrukt Star Ruby<\/li>\r\n<\/ul>\r\n\u00a0","_et_gb_content_width":""},"product_brand":[],"product_cat":[129,265],"product_tag":[],"class_list":{"0":"post-249530","1":"product","2":"type-product","3":"status-publish","4":"has-post-thumbnail","6":"product_cat-citrusfrukt","7":"product_cat-fruktlador","9":"first","10":"outofstock","11":"taxable","12":"shipping-taxable","13":"purchasable","14":"product-type-simple"},"_links":{"self":[{"href":"https:\/\/fincasolmark.com\/sv\/wp-json\/wp\/v2\/product\/249530","targetHints":{"allow":["GET"]}}],"collection":[{"href":"https:\/\/fincasolmark.com\/sv\/wp-json\/wp\/v2\/product"}],"about":[{"href":"https:\/\/fincasolmark.com\/sv\/wp-json\/wp\/v2\/types\/product"}],"replies":[{"embeddable":true,"href":"https:\/\/fincasolmark.com\/sv\/wp-json\/wp\/v2\/comments?post=249530"}],"wp:featuredmedia":[{"embeddable":true,"href":"https:\/\/fincasolmark.com\/sv\/wp-json\/wp\/v2\/media\/303983"}],"wp:attachment":[{"href":"https:\/\/fincasolmark.com\/sv\/wp-json\/wp\/v2\/media?parent=249530"}],"wp:term":[{"taxonomy":"product_brand","embeddable":true,"href":"https:\/\/fincasolmark.com\/sv\/wp-json\/wp\/v2\/product_brand?post=249530"},{"taxonomy":"product_cat","embeddable":true,"href":"https:\/\/fincasolmark.com\/sv\/wp-json\/wp\/v2\/product_cat?post=249530"},{"taxonomy":"product_tag","embeddable":true,"href":"https:\/\/fincasolmark.com\/sv\/wp-json\/wp\/v2\/product_tag?post=249530"}],"curies":[{"name":"wp","href":"https:\/\/api.w.org\/{rel}","templated":true}]}}