{"id":243908,"date":"2019-11-04T16:12:50","date_gmt":"2019-11-04T15:12:50","guid":{"rendered":"http:\/\/fincasolmark.com\/?post_type=product&#038;p=243908"},"modified":"2025-02-22T08:55:20","modified_gmt":"2025-02-22T07:55:20","slug":"egenvard-fran-ortagard-annette-lundborg","status":"publish","type":"product","link":"https:\/\/fincasolmark.com\/sv\/producto\/egenvard-fran-ortagard-annette-lundborg\/","title":{"rendered":"Egenv\u00e5rd fr\u00e5n \u00d6rtag\u00e5rd"},"content":{"rendered":"<h2>Egenv\u00e5rd fr\u00e5n \u00d6rtag\u00e5rd<\/h2>\n<p>Annette Lundborg Visst vill vi kunna ta hand om oss sj\u00e4lva s\u00e5 att vi h\u00e5ller oss friska?<\/p>\n<p>Egenv\u00e5rd fr\u00e5n \u00d6rtag\u00e5rd \u00e4r en handbok i hur man \u201dsk\u00f6ter sig sj\u00e4lv\u201d.<\/p>\n<p>Boken best\u00e5r av en egenv\u00e5rdsdel och en \u00f6rtdel. Egenv\u00e5rdsdelen beskriver p\u00e5 ett l\u00e4ttf\u00f6rst\u00e5eligt s\u00e4tt v\u00e5ra vanligaste sjukdomar samt ger r\u00e5d om hur vi kan behandla oss sj\u00e4lva f\u00f6r att h\u00e5lla oss friska.<\/p>\n<p>I bokens \u00f6rtdel beskrivs trettio svenska medicinalv\u00e4xter. D\u00e4r finns detaljerade teckningar, noggranna botaniska beskrivningar samt fakta om v\u00e4xternas inneh\u00e5ll och verkan.<\/p>\n<p>Boken inneh\u00e5ller \u00e4ven en studiehandledning, f\u00f6r att kunna anv\u00e4ndas i kurssammanhang. Annette Lundborg har arbetat med folkh\u00e4lsa och alternativmedicin under st\u00f6rre delen av sitt liv, varav de senaste tjugo \u00e5ren som homeopat i Link\u00f6ping. Hon h\u00e5ller \u00e4ven f\u00f6redrag och kurser om friskv\u00e5rd och egenv\u00e5rd med kostr\u00e5d och \u00f6rtmedicin.<\/p>\n","protected":false},"excerpt":{"rendered":"<h2>Egenv\u00e5rd fr\u00e5n \u00d6rtag\u00e5rd &#8211; Annette Lundborg<\/h2>\n","protected":false},"featured_media":260408,"comment_status":"open","ping_status":"closed","template":"","meta":{"_et_pb_use_builder":"off","_et_pb_old_content":"<h2>Egenv\u00e5rd fr\u00e5n \u00d6rtag\u00e5rd<\/h2>\r\nAnnette Lundborg\r\n\r\nVisst vill vi kunna ta hand om oss sj\u00e4lva s\u00e5 att vi h\u00e5ller oss friska?\r\n\r\nEgenv\u00e5rd fr\u00e5n \u00d6rtag\u00e5rd \u00e4r en handbok i hur man \u201dsk\u00f6ter sig sj\u00e4lv\u201d. Boken best\u00e5r av en egenv\u00e5rdsdel och en \u00f6rtdel. Egenv\u00e5rdsdelen beskriver p\u00e5 ett l\u00e4ttf\u00f6rst\u00e5eligt s\u00e4tt v\u00e5ra vanligaste sjukdomar samt ger r\u00e5d om hur vi kan behandla oss sj\u00e4lva f\u00f6r att h\u00e5lla oss friska. I bokens \u00f6rtdel beskrivs trettio svenska medicinalv\u00e4xter. D\u00e4r finns detaljerade teckningar, noggranna botaniska beskrivningar samt fakta om v\u00e4xternas inneh\u00e5ll och verkan. Boken inneh\u00e5ller \u00e4ven en studiehandledning, f\u00f6r att kunna anv\u00e4ndas i kurssammanhang.\r\n\r\nAnnette Lundborg har arbetat med folkh\u00e4lsa och alternativmedicin under st\u00f6rre delen av sitt liv, varav de senaste tjugo \u00e5ren som homeopat i Link\u00f6ping. Hon h\u00e5ller \u00e4ven f\u00f6redrag och kurser om friskv\u00e5rd och egenv\u00e5rd med kostr\u00e5d och \u00f6rtmedicin.","_et_gb_content_width":""},"product_brand":[],"product_cat":[80],"product_tag":[],"class_list":{"0":"post-243908","1":"product","2":"type-product","3":"status-publish","4":"has-post-thumbnail","6":"product_cat-bocker","8":"first","9":"instock","10":"taxable","11":"shipping-taxable","12":"purchasable","13":"product-type-simple"},"_links":{"self":[{"href":"https:\/\/fincasolmark.com\/sv\/wp-json\/wp\/v2\/product\/243908","targetHints":{"allow":["GET"]}}],"collection":[{"href":"https:\/\/fincasolmark.com\/sv\/wp-json\/wp\/v2\/product"}],"about":[{"href":"https:\/\/fincasolmark.com\/sv\/wp-json\/wp\/v2\/types\/product"}],"replies":[{"embeddable":true,"href":"https:\/\/fincasolmark.com\/sv\/wp-json\/wp\/v2\/comments?post=243908"}],"wp:featuredmedia":[{"embeddable":true,"href":"https:\/\/fincasolmark.com\/sv\/wp-json\/wp\/v2\/media\/260408"}],"wp:attachment":[{"href":"https:\/\/fincasolmark.com\/sv\/wp-json\/wp\/v2\/media?parent=243908"}],"wp:term":[{"taxonomy":"product_brand","embeddable":true,"href":"https:\/\/fincasolmark.com\/sv\/wp-json\/wp\/v2\/product_brand?post=243908"},{"taxonomy":"product_cat","embeddable":true,"href":"https:\/\/fincasolmark.com\/sv\/wp-json\/wp\/v2\/product_cat?post=243908"},{"taxonomy":"product_tag","embeddable":true,"href":"https:\/\/fincasolmark.com\/sv\/wp-json\/wp\/v2\/product_tag?post=243908"}],"curies":[{"name":"wp","href":"https:\/\/api.w.org\/{rel}","templated":true}]}}