{"id":242678,"date":"2019-10-10T09:14:03","date_gmt":"2019-10-10T07:14:03","guid":{"rendered":"http:\/\/fincasolmark.com\/producto\/olivolje-guiden\/"},"modified":"2025-12-31T11:14:30","modified_gmt":"2025-12-31T10:14:30","slug":"olivolje-guiden","status":"publish","type":"product","link":"https:\/\/fincasolmark.com\/sv\/producto\/olivolje-guiden\/","title":{"rendered":"Nya Olivoljeguiden"},"content":{"rendered":"<p style=\"font-weight: 400;\">I denna guide av Johan Blanche finns allt som du beh\u00f6ver veta om olivolja. F\u00f6rsta delen best\u00e5r av fakta om historia och traditioner, tillverkning och regioner. I den andra delen beskrivs de flesta olivoljor som finns p\u00e5 den svenska marknaden med anv\u00e4ndningstips och smakpo\u00e4ng som g\u00f6r det l\u00e4tt v\u00e4lja r\u00e4tt olivolja i butiken. De vackra bilderna f\u00e5r dig att l\u00e4ngta till olivlunden och till de underbara smakupplevelser olivoljan ger. F\u00f6rfattaren har en gedigen bakgrund som vink\u00e4nnare och matexpert.<\/p>\n<p style=\"font-weight: 400;\">S\u00e5h\u00e4r skriver f\u00f6rfattaren om Finca Solmarks Olivolja:<\/p>\n<p style=\"font-weight: 400;\">Ljus gyllene gul med ofiltrerat dimmigt utseende. Doften \u00e4r f\u00e4rsk av brynt sm\u00f6r och hasseln\u00f6tter med ett fint nougatanslag. Vidare en ton av citrusblom, f\u00e4rsk mandel och havtorn. Smaken \u00e4r h\u00e4rligt kr\u00e4mig och s\u00f6t med en len textur och en mycket subtil bitterhet. I avslutning en fin s\u00e4lta och kittlande mineralitet. Totalt sett en elegant olivolja med l\u00e4cker kr\u00e4mighet v\u00e4l passande till fisk, gr\u00f6nsaksprim\u00f6rer och till frukt. Po\u00e4ng 16 (20).<\/p>\n<p>Johan Blanche 20190813<\/p>\n","protected":false},"excerpt":{"rendered":"<p>L\u00e4r dig ALLT om olivolja i denna bok av Johan Blanche.<\/p>\n","protected":false},"featured_media":260399,"comment_status":"open","ping_status":"closed","template":"","meta":{"_et_pb_use_builder":"off","_et_pb_old_content":"<p style=\"font-weight: 400\">I denna guide av Johan Blanche finns allt som du beh\u00f6ver veta om olivolja. F\u00f6rsta delen best\u00e5r av fakta om historia och traditioner, tillverkning och regioner. I den andra delen beskrivs de flesta olivoljor som finns p\u00e5 den svenska marknaden med anv\u00e4ndningstips och smakpo\u00e4ng som g\u00f6r det l\u00e4tt v\u00e4lja r\u00e4tt olivolja i butiken. De vackra bilderna f\u00e5r dig att l\u00e4ngta till olivlunden och till de underbara smakupplevelser olivoljan ger. F\u00f6rfattaren har en gedigen bakgrund som vink\u00e4nnare och matexpert.<\/p>\r\n<p style=\"font-weight: 400\">S\u00e5h\u00e4r skriver f\u00f6rfattaren om Finca Solmarks Olivolja:<\/p>\r\n<p style=\"font-weight: 400\">Ljus gyllene gul med ofiltrerat dimmigt utseende. Doften \u00e4r f\u00e4rsk av brynt sm\u00f6r och hasseln\u00f6tter med ett fint nougatanslag. Vidare en ton av citrusblom, f\u00e4rsk mandel och havtorn. Smaken \u00e4r h\u00e4rligt kr\u00e4mig och s\u00f6t med en len textur och en mycket subtil bitterhet. I avslutning en fin s\u00e4lta och kittlande mineralitet. Totalt sett en elegant olivolja med l\u00e4cker kr\u00e4mighet v\u00e4l passande till fisk, gr\u00f6nsaksprim\u00f6rer och till frukt. Po\u00e4ng 16 (20).<\/p>\r\nJohan Blanche 20190813","_et_gb_content_width":""},"product_brand":[],"product_cat":[80,57],"product_tag":[],"class_list":{"0":"post-242678","1":"product","2":"type-product","3":"status-publish","4":"has-post-thumbnail","6":"product_cat-bocker","7":"product_cat-olivolja","9":"first","10":"instock","11":"sale","12":"taxable","13":"shipping-taxable","14":"purchasable","15":"product-type-simple"},"_links":{"self":[{"href":"https:\/\/fincasolmark.com\/sv\/wp-json\/wp\/v2\/product\/242678","targetHints":{"allow":["GET"]}}],"collection":[{"href":"https:\/\/fincasolmark.com\/sv\/wp-json\/wp\/v2\/product"}],"about":[{"href":"https:\/\/fincasolmark.com\/sv\/wp-json\/wp\/v2\/types\/product"}],"replies":[{"embeddable":true,"href":"https:\/\/fincasolmark.com\/sv\/wp-json\/wp\/v2\/comments?post=242678"}],"wp:featuredmedia":[{"embeddable":true,"href":"https:\/\/fincasolmark.com\/sv\/wp-json\/wp\/v2\/media\/260399"}],"wp:attachment":[{"href":"https:\/\/fincasolmark.com\/sv\/wp-json\/wp\/v2\/media?parent=242678"}],"wp:term":[{"taxonomy":"product_brand","embeddable":true,"href":"https:\/\/fincasolmark.com\/sv\/wp-json\/wp\/v2\/product_brand?post=242678"},{"taxonomy":"product_cat","embeddable":true,"href":"https:\/\/fincasolmark.com\/sv\/wp-json\/wp\/v2\/product_cat?post=242678"},{"taxonomy":"product_tag","embeddable":true,"href":"https:\/\/fincasolmark.com\/sv\/wp-json\/wp\/v2\/product_tag?post=242678"}],"curies":[{"name":"wp","href":"https:\/\/api.w.org\/{rel}","templated":true}]}}