{"id":367968,"date":"2026-01-02T11:56:56","date_gmt":"2026-01-02T10:56:56","guid":{"rendered":"https:\/\/fincasolmark.com\/?page_id=367968"},"modified":"2026-02-19T14:56:17","modified_gmt":"2026-02-19T13:56:17","slug":"reklamera","status":"publish","type":"page","link":"https:\/\/fincasolmark.com\/sv\/reklamera\/","title":{"rendered":"reklamera order"},"content":{"rendered":"<p>[et_pb_section fb_built=&#8221;1&#8243; _builder_version=&#8221;4.16&#8243; _module_preset=&#8221;default&#8221; custom_margin=&#8221;25px||||false|false&#8221; custom_padding=&#8221;0px||12px|||&#8221; locked=&#8221;off&#8221; global_colors_info=&#8221;{}&#8221;][et_pb_row column_structure=&#8221;1_2,1_2&#8243; _builder_version=&#8221;4.16&#8243; _module_preset=&#8221;default&#8221; max_width=&#8221;80%&#8221; global_colors_info=&#8221;{}&#8221;][et_pb_column type=&#8221;1_2&#8243; _builder_version=&#8221;4.16&#8243; _module_preset=&#8221;default&#8221; global_colors_info=&#8221;{}&#8221;][et_pb_text _builder_version=&#8221;4.17.0&#8243; _module_preset=&#8221;default&#8221; header_2_font=&#8221;Libre Caslon Text||||||||&#8221; header_2_text_color=&#8221;#ac8f19&#8243; global_colors_info=&#8221;{}&#8221;]<\/p>\n<h2>REKLAMERA<\/h2>\n<p>[\/et_pb_text][\/et_pb_column][et_pb_column type=&#8221;1_2&#8243; _builder_version=&#8221;4.16&#8243; _module_preset=&#8221;default&#8221; global_colors_info=&#8221;{}&#8221;][\/et_pb_column][\/et_pb_row][et_pb_row column_structure=&#8221;1_2,1_2&#8243; _builder_version=&#8221;4.16&#8243; _module_preset=&#8221;default&#8221; max_width=&#8221;80%&#8221; global_colors_info=&#8221;{}&#8221;][et_pb_column type=&#8221;1_2&#8243; _builder_version=&#8221;4.16&#8243; _module_preset=&#8221;default&#8221; global_colors_info=&#8221;{}&#8221;][et_pb_text _builder_version=&#8221;4.27.5&#8243; _module_preset=&#8221;default&#8221; header_line_height=&#8221;1.5em&#8221; header_2_line_height=&#8221;1.2em&#8221; header_3_line_height=&#8221;1.5em&#8221; header_font_tablet=&#8221;&#8221; header_font_phone=&#8221;&#8221; header_font_last_edited=&#8221;on|phone&#8221; global_colors_info=&#8221;{}&#8221;]<\/p>\n<h2>F\u00f6r att reklamera en f\u00f6rs\u00e4ndelse och\/eller dess inneh\u00e5ll \u2013 v\u00e4nligen fyll i nedanst\u00e5ende dokument och bifoga bild\/er om m\u00f6jligt.<\/h2>\n<p>[\/et_pb_text][et_pb_text _builder_version=&#8221;4.27.5&#8243; _module_preset=&#8221;default&#8221; global_colors_info=&#8221;{}&#8221;]<\/p>\n<p style=\"font-weight: 400;\">Du ska f\u00e5 ett autosvar direkt efter att du skickat in din reklamation. Kolla g\u00e4rna din spamkorg ocks\u00e5 om du inte f\u00e5r det.<\/p>\n<p style=\"font-weight: 400;\">Har du inte f\u00e5tt ett autosvar, s\u00e5 har inte reklamationen skickats in till oss och det kan bero p\u00e5 att bilden\/videon \u00e4r f\u00f6r stora.<\/p>\n<p style=\"font-weight: 400;\">F\u00f6rs\u00f6k g\u00e4rna d\u00e4rf\u00f6r igen och komprimera is\u00e5fall bilden. Det r\u00e4cker oftast med<span>\u00a0<\/span>en<span>\u00a0<\/span>komplett bild s\u00e5 att vi f\u00e5r ett hum om l\u00e4get.<\/p>\n<p style=\"font-weight: 400;\">Om du anv\u00e4nder iPhone s\u00e5 blir bilderna oftast v\u00e4ldigt stora \u2013 du kan d\u00e5 v\u00e4lja at g\u00e5 in i bildinst\u00e4llningen p\u00e5 bilden n\u00e4r du l\u00e4gger till och st\u00e4lla in fr\u00e5n originalstorlek till liten. Om rutan d\u00e4r du l\u00e4gger till bilder f\u00e5r en r\u00f6d ram betyder det att bilden \u00e4r f\u00f6r stor eller av fel typ och d\u00e5 inte l\u00e4ggs till.<\/p>\n<p style=\"font-weight: 400;\">V\u00e4nta en stund tills systemet lagt till bilden och skicka den sen till oss.<\/p>\n<p>[\/et_pb_text][\/et_pb_column][et_pb_column type=&#8221;1_2&#8243; _builder_version=&#8221;4.16&#8243; _module_preset=&#8221;default&#8221; global_colors_info=&#8221;{}&#8221;][et_pb_contact_form captcha=&#8221;off&#8221; email=&#8221;reklamera@fincasolmark.com&#8221; success_message=&#8221;<\/p>\n<p style=%22font-weight: 400;%22><span>Tack f\u00f6r att du kontaktat oss. Kolla din mail s\u00e5 ska du snart f\u00e5 ett automatiskt svar och inom kort \u00e5terkommer vi med f\u00f6rslag p\u00e5 l\u00f6sning p\u00e5 din reklamation.<\/span><\/p>\n<p style=%22font-weight: 400;%22><span> <\/span><\/p>\n<p style=%22font-weight: 400;%22><span>B\u00e4sta h\u00e4lsningar<\/span><\/p>\n<p style=%22font-weight: 400;%22><span>Finca Solmark<\/span><\/p>\n<p>&#8221; _builder_version=&#8221;4.27.5&#8243; _module_preset=&#8221;default&#8221; _unique_id=&#8221;1a771901-a315-4bce-b27d-0c3506394a36&#8243; custom_button=&#8221;on&#8221; hover_enabled=&#8221;0&#8243; use_custom_message_richtext=&#8221;on&#8221; custom_message_richtext=&#8221;<\/p>\n<p>Du har mottagit en reklamationsblankett:<\/p>\n<p>Namn: %%Name%%<\/p>\n<p>E-postadress: %%Email%%<\/p>\n<p>Telefon: %%Telefon%%<\/p>\n<p>Ordernummer: %%Ordernummber%%<\/p>\n<p>\u00c4mne f\u00f6r reklamation: %%reklamation%%<\/p>\n<p>Meddelande: %%Message%%<\/p>\n<p>&#8221; admin_email_subject=&#8221;Reklamation Finca Solmark&#8221; admin_email_from_name=&#8221;Finca Solmark&#8221; save_files_to_db=&#8221;off&#8221; file_button_color=&#8221;#ac8f19&#8243; file_button_border_color=&#8221;#ac8f19&#8243; file_button_icon=&#8221;&#xf030;||fa||900&#8243; border_radii=&#8221;on|10px|10px|10px|10px&#8221; global_colors_info=&#8221;{}&#8221; sticky_enabled=&#8221;0&#8243;][et_pb_contact_field field_id=&#8221;Name&#8221; field_title=&#8221;Namn&#8221; fullwidth_field=&#8221;on&#8221; _builder_version=&#8221;4.27.5&#8243; global_colors_info=&#8221;{}&#8221; button_text_size__hover_enabled=&#8221;off&#8221; button_one_text_size__hover_enabled=&#8221;off&#8221; button_two_text_size__hover_enabled=&#8221;off&#8221; button_text_color__hover_enabled=&#8221;off&#8221; button_one_text_color__hover_enabled=&#8221;off&#8221; button_two_text_color__hover_enabled=&#8221;off&#8221; button_border_width__hover_enabled=&#8221;off&#8221; button_one_border_width__hover_enabled=&#8221;off&#8221; button_two_border_width__hover_enabled=&#8221;off&#8221; button_border_color__hover_enabled=&#8221;off&#8221; button_one_border_color__hover_enabled=&#8221;off&#8221; button_two_border_color__hover_enabled=&#8221;off&#8221; button_border_radius__hover_enabled=&#8221;off&#8221; button_one_border_radius__hover_enabled=&#8221;off&#8221; button_two_border_radius__hover_enabled=&#8221;off&#8221; button_letter_spacing__hover_enabled=&#8221;off&#8221; button_one_letter_spacing__hover_enabled=&#8221;off&#8221; button_two_letter_spacing__hover_enabled=&#8221;off&#8221; button_bg_color__hover_enabled=&#8221;off&#8221; button_one_bg_color__hover_enabled=&#8221;off&#8221; button_two_bg_color__hover_enabled=&#8221;off&#8221;][\/et_pb_contact_field][et_pb_contact_field field_id=&#8221;Email&#8221; field_title=&#8221;E-postadress&#8221; field_type=&#8221;email&#8221; fullwidth_field=&#8221;on&#8221; _builder_version=&#8221;4.27.5&#8243; global_colors_info=&#8221;{}&#8221; button_text_size__hover_enabled=&#8221;off&#8221; button_one_text_size__hover_enabled=&#8221;off&#8221; button_two_text_size__hover_enabled=&#8221;off&#8221; button_text_color__hover_enabled=&#8221;off&#8221; button_one_text_color__hover_enabled=&#8221;off&#8221; button_two_text_color__hover_enabled=&#8221;off&#8221; button_border_width__hover_enabled=&#8221;off&#8221; button_one_border_width__hover_enabled=&#8221;off&#8221; button_two_border_width__hover_enabled=&#8221;off&#8221; button_border_color__hover_enabled=&#8221;off&#8221; button_one_border_color__hover_enabled=&#8221;off&#8221; button_two_border_color__hover_enabled=&#8221;off&#8221; button_border_radius__hover_enabled=&#8221;off&#8221; button_one_border_radius__hover_enabled=&#8221;off&#8221; button_two_border_radius__hover_enabled=&#8221;off&#8221; button_letter_spacing__hover_enabled=&#8221;off&#8221; button_one_letter_spacing__hover_enabled=&#8221;off&#8221; button_two_letter_spacing__hover_enabled=&#8221;off&#8221; button_bg_color__hover_enabled=&#8221;off&#8221; button_one_bg_color__hover_enabled=&#8221;off&#8221; button_two_bg_color__hover_enabled=&#8221;off&#8221;][\/et_pb_contact_field][et_pb_contact_field field_id=&#8221;Telefon&#8221; field_title=&#8221;Telefon&#8221; min_length=&#8221;9&#8243; max_length=&#8221;12&#8243; allowed_symbols=&#8221;numbers&#8221; _builder_version=&#8221;4.27.5&#8243; global_colors_info=&#8221;{}&#8221; button_text_size__hover_enabled=&#8221;off&#8221; button_one_text_size__hover_enabled=&#8221;off&#8221; button_two_text_size__hover_enabled=&#8221;off&#8221; button_text_color__hover_enabled=&#8221;off&#8221; button_one_text_color__hover_enabled=&#8221;off&#8221; button_two_text_color__hover_enabled=&#8221;off&#8221; button_border_width__hover_enabled=&#8221;off&#8221; button_one_border_width__hover_enabled=&#8221;off&#8221; button_two_border_width__hover_enabled=&#8221;off&#8221; button_border_color__hover_enabled=&#8221;off&#8221; button_one_border_color__hover_enabled=&#8221;off&#8221; button_two_border_color__hover_enabled=&#8221;off&#8221; button_border_radius__hover_enabled=&#8221;off&#8221; button_one_border_radius__hover_enabled=&#8221;off&#8221; button_two_border_radius__hover_enabled=&#8221;off&#8221; button_letter_spacing__hover_enabled=&#8221;off&#8221; button_one_letter_spacing__hover_enabled=&#8221;off&#8221; button_two_letter_spacing__hover_enabled=&#8221;off&#8221; button_bg_color__hover_enabled=&#8221;off&#8221; button_one_bg_color__hover_enabled=&#8221;off&#8221; button_two_bg_color__hover_enabled=&#8221;off&#8221;][\/et_pb_contact_field][et_pb_contact_field field_id=&#8221;Ordernummber&#8221; field_title=&#8221;Ordernummer (6 siffror)&#8221; min_length=&#8221;6&#8243; max_length=&#8221;6&#8243; allowed_symbols=&#8221;numbers&#8221; _builder_version=&#8221;4.27.5&#8243; global_colors_info=&#8221;{}&#8221; button_text_size__hover_enabled=&#8221;off&#8221; button_one_text_size__hover_enabled=&#8221;off&#8221; button_two_text_size__hover_enabled=&#8221;off&#8221; button_text_color__hover_enabled=&#8221;off&#8221; button_one_text_color__hover_enabled=&#8221;off&#8221; button_two_text_color__hover_enabled=&#8221;off&#8221; button_border_width__hover_enabled=&#8221;off&#8221; button_one_border_width__hover_enabled=&#8221;off&#8221; button_two_border_width__hover_enabled=&#8221;off&#8221; button_border_color__hover_enabled=&#8221;off&#8221; button_one_border_color__hover_enabled=&#8221;off&#8221; button_two_border_color__hover_enabled=&#8221;off&#8221; button_border_radius__hover_enabled=&#8221;off&#8221; button_one_border_radius__hover_enabled=&#8221;off&#8221; button_two_border_radius__hover_enabled=&#8221;off&#8221; button_letter_spacing__hover_enabled=&#8221;off&#8221; button_one_letter_spacing__hover_enabled=&#8221;off&#8221; button_two_letter_spacing__hover_enabled=&#8221;off&#8221; button_bg_color__hover_enabled=&#8221;off&#8221; button_one_bg_color__hover_enabled=&#8221;off&#8221; button_two_bg_color__hover_enabled=&#8221;off&#8221;][\/et_pb_contact_field][et_pb_contact_field field_id=&#8221;reklamation&#8221; field_title=&#8221;\u00c4mne f\u00f6r reklamation&#8221; field_type=&#8221;select&#8221; select_options=&#8221;%91{%22value%22:%22D\u00e5lig frukt%22,%22checked%22:0,%22dragID%22:-1},{%22value%22:%22Fel artikel%22,%22checked%22:0,%22dragID%22:0},{%22value%22:%22Trasig artikel%22,%22checked%22:0,%22dragID%22:1},{%22value%22:%22Artikel saknas%22,%22checked%22:0,%22dragID%22:2}%93&#8243; fullwidth_field=&#8221;on&#8221; _builder_version=&#8221;4.27.5&#8243; _module_preset=&#8221;default&#8221; field_description_location=&#8221;above&#8221; global_colors_info=&#8221;{}&#8221;][\/et_pb_contact_field][et_pb_contact_field field_id=&#8221;Message&#8221; field_title=&#8221;Beskriv ditt \u00e4rende med vilken frukt och m\u00e4ngd i vikt (EJ antal) som beh\u00f6ver ers\u00e4ttas:&#8221; field_type=&#8221;text&#8221; fullwidth_field=&#8221;on&#8221; _builder_version=&#8221;4.27.5&#8243; hover_enabled=&#8221;0&#8243; global_colors_info=&#8221;{}&#8221; button_text_size__hover_enabled=&#8221;off&#8221; button_one_text_size__hover_enabled=&#8221;off&#8221; button_two_text_size__hover_enabled=&#8221;off&#8221; button_text_color__hover_enabled=&#8221;off&#8221; button_one_text_color__hover_enabled=&#8221;off&#8221; button_two_text_color__hover_enabled=&#8221;off&#8221; button_border_width__hover_enabled=&#8221;off&#8221; button_one_border_width__hover_enabled=&#8221;off&#8221; button_two_border_width__hover_enabled=&#8221;off&#8221; button_border_color__hover_enabled=&#8221;off&#8221; button_one_border_color__hover_enabled=&#8221;off&#8221; button_two_border_color__hover_enabled=&#8221;off&#8221; button_border_radius__hover_enabled=&#8221;off&#8221; button_one_border_radius__hover_enabled=&#8221;off&#8221; button_two_border_radius__hover_enabled=&#8221;off&#8221; button_letter_spacing__hover_enabled=&#8221;off&#8221; button_one_letter_spacing__hover_enabled=&#8221;off&#8221; button_two_letter_spacing__hover_enabled=&#8221;off&#8221; button_bg_color__hover_enabled=&#8221;off&#8221; button_one_bg_color__hover_enabled=&#8221;off&#8221; button_two_bg_color__hover_enabled=&#8221;off&#8221; sticky_enabled=&#8221;0&#8243;][\/et_pb_contact_field][et_pb_contact_field field_id=&#8221;Fil&#8221; field_title=&#8221;Sl\u00e4pp fil\/er h\u00e4r eller klicka f\u00f6r att v\u00e4lja fil\/er ur ett arkiv&#8221; fullwidth_field=&#8221;on&#8221; _builder_version=&#8221;4.27.5&#8243; _module_preset=&#8221;default&#8221; use_file_upload=&#8221;on&#8221; file_size=&#8221;5000&#8243; files_limit=&#8221;5&#8243; file_mime=&#8221;on|on|off|off|off|off|off|off|on|off|on|off|off|off|off|off|off|off|off|off|off|off|off|off|off|off|off|off|off|off|off|off|off|off|off|off|off|off|off|off|off|off|off|off|off|off|off|off|off|off|off|off|off|off|off|off|off|off|off|off|off|off|off|off|off|off|off|off|off|off|off|off|off|off|off|off|off|off|off|off|off|off|off|off|off|off|off|off|off|off|off|off|off|off|off|off&#8221; global_colors_info=&#8221;{}&#8221;][\/et_pb_contact_field][\/et_pb_contact_form][\/et_pb_column][\/et_pb_row][\/et_pb_section]<\/p>\n","protected":false},"excerpt":{"rendered":"<p>REKLAMERAF\u00f6r att reklamera en f\u00f6rs\u00e4ndelse och\/eller dess inneh\u00e5ll \u2013 v\u00e4nligen fyll i nedanst\u00e5ende dokument och bifoga bild\/er om m\u00f6jligt.Du ska f\u00e5 ett autosvar direkt efter att du skickat in din reklamation. Kolla g\u00e4rna din spamkorg ocks\u00e5 om du inte f\u00e5r det. Har du inte f\u00e5tt ett autosvar, s\u00e5 har inte reklamationen skickats in till oss [&hellip;]<\/p>\n","protected":false},"author":1,"featured_media":0,"parent":0,"menu_order":0,"comment_status":"closed","ping_status":"closed","template":"","meta":{"_et_pb_use_builder":"on","_et_pb_old_content":"","_et_gb_content_width":"","footnotes":""},"class_list":["post-367968","page","type-page","status-publish","hentry"],"_links":{"self":[{"href":"https:\/\/fincasolmark.com\/sv\/wp-json\/wp\/v2\/pages\/367968","targetHints":{"allow":["GET"]}}],"collection":[{"href":"https:\/\/fincasolmark.com\/sv\/wp-json\/wp\/v2\/pages"}],"about":[{"href":"https:\/\/fincasolmark.com\/sv\/wp-json\/wp\/v2\/types\/page"}],"author":[{"embeddable":true,"href":"https:\/\/fincasolmark.com\/sv\/wp-json\/wp\/v2\/users\/1"}],"replies":[{"embeddable":true,"href":"https:\/\/fincasolmark.com\/sv\/wp-json\/wp\/v2\/comments?post=367968"}],"version-history":[{"count":2,"href":"https:\/\/fincasolmark.com\/sv\/wp-json\/wp\/v2\/pages\/367968\/revisions"}],"predecessor-version":[{"id":371969,"href":"https:\/\/fincasolmark.com\/sv\/wp-json\/wp\/v2\/pages\/367968\/revisions\/371969"}],"wp:attachment":[{"href":"https:\/\/fincasolmark.com\/sv\/wp-json\/wp\/v2\/media?parent=367968"}],"curies":[{"name":"wp","href":"https:\/\/api.w.org\/{rel}","templated":true}]}}