{"id":263844,"date":"2021-10-09T13:14:28","date_gmt":"2021-10-09T12:14:28","guid":{"rendered":"http:\/\/fincasolmark.com\/kontakt-2\/"},"modified":"2025-01-08T08:34:58","modified_gmt":"2025-01-08T07:34:58","slug":"kontakt","status":"publish","type":"page","link":"https:\/\/fincasolmark.com\/sv\/kontakt\/","title":{"rendered":"Kontakt"},"content":{"rendered":"<p>[et_pb_section fb_built=&#8221;1&#8243; _builder_version=&#8221;4.16&#8243; _module_preset=&#8221;default&#8221; custom_margin=&#8221;25px||||false|false&#8221; custom_padding=&#8221;0px||12px|||&#8221; locked=&#8221;off&#8221; global_colors_info=&#8221;{}&#8221;][et_pb_row column_structure=&#8221;1_2,1_2&#8243; _builder_version=&#8221;4.16&#8243; _module_preset=&#8221;default&#8221; max_width=&#8221;80%&#8221; global_colors_info=&#8221;{}&#8221;][et_pb_column type=&#8221;1_2&#8243; _builder_version=&#8221;4.16&#8243; _module_preset=&#8221;default&#8221; global_colors_info=&#8221;{}&#8221;][et_pb_text _builder_version=&#8221;4.16&#8243; _module_preset=&#8221;default&#8221; header_2_font=&#8221;Libre Caslon Text||||||||&#8221; header_2_text_color=&#8221;#ac8f19&#8243; global_colors_info=&#8221;{}&#8221;]<\/p>\n<h2>KUNDTJ\u00c4NST<\/h2>\n<p>[\/et_pb_text][et_pb_text _builder_version=&#8221;4.16&#8243; _module_preset=&#8221;default&#8221; text_font=&#8221;Libre Caslon Text||||||||&#8221; text_font_size=&#8221;0.95rem&#8221; custom_margin=&#8221;0px||||false|false&#8221; custom_padding=&#8221;0px||||false|false&#8221; global_colors_info=&#8221;{}&#8221;]<\/p>\n<p><span>Vill du komma i kontakt med oss? Enklast \u00e4r att skicka oss ett mail p\u00e5 <a href=\"mailto:lycklig@fincasolmark.com\">lycklig@fincasolmark.com<\/a> eller fylla i kontaktformul\u00e4ret<\/span><\/p>\n<p>[\/et_pb_text][et_pb_contact_form email=&#8221;lycklig@fincasolmark.com&#8221; custom_message=&#8221;Meddelande skickat fr\u00e5n webbkontaktformul\u00e4ret: fincasolmark.com||et_pb_line_break_holder||||et_pb_line_break_holder||Namn: %%Name%%||et_pb_line_break_holder||||et_pb_line_break_holder||Email: %%Email%%||et_pb_line_break_holder||||et_pb_line_break_holder||Telefon: %%phone%%||et_pb_line_break_holder||||et_pb_line_break_holder||Amne: %%Asunto%%||et_pb_line_break_holder||||et_pb_line_break_holder||Meddelande: %%Message%%||et_pb_line_break_holder||||et_pb_line_break_holder||Samtycke: %%samtycke%%&#8221; submit_button_text=&#8221;Skicka&#8221; _builder_version=&#8221;4.27.4&#8243; _module_preset=&#8221;default&#8221; _unique_id=&#8221;c889e5b0-e713-4da2-a31a-23d558621212&#8243; custom_button=&#8221;on&#8221; button_text_size=&#8221;17px&#8221; button_text_color=&#8221;#ac8f19&#8243; button_border_radius=&#8221;25px&#8221; hover_enabled=&#8221;0&#8243; border_radii=&#8221;on|10px|10px|10px|10px&#8221; global_colors_info=&#8221;{}&#8221; use_spam_service=&#8221;on&#8221; recaptcha_list=&#8221;fincasolmarkcom|fincasolmarkcom-0&#8243; sticky_enabled=&#8221;0&#8243;][et_pb_contact_field field_id=&#8221;Name&#8221; field_title=&#8221;Namn&#8221; _builder_version=&#8221;4.16&#8243; global_colors_info=&#8221;{}&#8221; button_text_size__hover_enabled=&#8221;off&#8221; button_one_text_size__hover_enabled=&#8221;off&#8221; button_two_text_size__hover_enabled=&#8221;off&#8221; button_text_color__hover_enabled=&#8221;off&#8221; button_one_text_color__hover_enabled=&#8221;off&#8221; button_two_text_color__hover_enabled=&#8221;off&#8221; button_border_width__hover_enabled=&#8221;off&#8221; button_one_border_width__hover_enabled=&#8221;off&#8221; button_two_border_width__hover_enabled=&#8221;off&#8221; button_border_color__hover_enabled=&#8221;off&#8221; button_one_border_color__hover_enabled=&#8221;off&#8221; button_two_border_color__hover_enabled=&#8221;off&#8221; button_border_radius__hover_enabled=&#8221;off&#8221; button_one_border_radius__hover_enabled=&#8221;off&#8221; button_two_border_radius__hover_enabled=&#8221;off&#8221; button_letter_spacing__hover_enabled=&#8221;off&#8221; button_one_letter_spacing__hover_enabled=&#8221;off&#8221; button_two_letter_spacing__hover_enabled=&#8221;off&#8221; button_bg_color__hover_enabled=&#8221;off&#8221; button_one_bg_color__hover_enabled=&#8221;off&#8221; button_two_bg_color__hover_enabled=&#8221;off&#8221;][\/et_pb_contact_field][et_pb_contact_field field_id=&#8221;Email&#8221; field_title=&#8221;E-Post&#8221; field_type=&#8221;email&#8221; _builder_version=&#8221;4.16&#8243; global_colors_info=&#8221;{}&#8221; button_text_size__hover_enabled=&#8221;off&#8221; button_one_text_size__hover_enabled=&#8221;off&#8221; button_two_text_size__hover_enabled=&#8221;off&#8221; button_text_color__hover_enabled=&#8221;off&#8221; button_one_text_color__hover_enabled=&#8221;off&#8221; button_two_text_color__hover_enabled=&#8221;off&#8221; button_border_width__hover_enabled=&#8221;off&#8221; button_one_border_width__hover_enabled=&#8221;off&#8221; button_two_border_width__hover_enabled=&#8221;off&#8221; button_border_color__hover_enabled=&#8221;off&#8221; button_one_border_color__hover_enabled=&#8221;off&#8221; button_two_border_color__hover_enabled=&#8221;off&#8221; button_border_radius__hover_enabled=&#8221;off&#8221; button_one_border_radius__hover_enabled=&#8221;off&#8221; button_two_border_radius__hover_enabled=&#8221;off&#8221; button_letter_spacing__hover_enabled=&#8221;off&#8221; button_one_letter_spacing__hover_enabled=&#8221;off&#8221; button_two_letter_spacing__hover_enabled=&#8221;off&#8221; button_bg_color__hover_enabled=&#8221;off&#8221; button_one_bg_color__hover_enabled=&#8221;off&#8221; button_two_bg_color__hover_enabled=&#8221;off&#8221;][\/et_pb_contact_field][et_pb_contact_field field_id=&#8221;phone&#8221; field_title=&#8221;Telefon&#8221; fullwidth_field=&#8221;on&#8221; _builder_version=&#8221;4.16&#8243; _module_preset=&#8221;default&#8221; global_colors_info=&#8221;{}&#8221;][\/et_pb_contact_field][et_pb_contact_field field_id=&#8221;asunto&#8221; field_title=&#8221;\u00c4mne&#8221; fullwidth_field=&#8221;on&#8221; _builder_version=&#8221;4.16&#8243; _module_preset=&#8221;default&#8221; global_colors_info=&#8221;{}&#8221;][\/et_pb_contact_field][et_pb_contact_field field_id=&#8221;Message&#8221; field_title=&#8221;Meddelande&#8221; field_type=&#8221;text&#8221; fullwidth_field=&#8221;on&#8221; _builder_version=&#8221;4.16&#8243; global_colors_info=&#8221;{}&#8221; button_text_size__hover_enabled=&#8221;off&#8221; button_one_text_size__hover_enabled=&#8221;off&#8221; button_two_text_size__hover_enabled=&#8221;off&#8221; button_text_color__hover_enabled=&#8221;off&#8221; button_one_text_color__hover_enabled=&#8221;off&#8221; button_two_text_color__hover_enabled=&#8221;off&#8221; button_border_width__hover_enabled=&#8221;off&#8221; button_one_border_width__hover_enabled=&#8221;off&#8221; button_two_border_width__hover_enabled=&#8221;off&#8221; button_border_color__hover_enabled=&#8221;off&#8221; button_one_border_color__hover_enabled=&#8221;off&#8221; button_two_border_color__hover_enabled=&#8221;off&#8221; button_border_radius__hover_enabled=&#8221;off&#8221; button_one_border_radius__hover_enabled=&#8221;off&#8221; button_two_border_radius__hover_enabled=&#8221;off&#8221; button_letter_spacing__hover_enabled=&#8221;off&#8221; button_one_letter_spacing__hover_enabled=&#8221;off&#8221; button_two_letter_spacing__hover_enabled=&#8221;off&#8221; button_bg_color__hover_enabled=&#8221;off&#8221; button_one_bg_color__hover_enabled=&#8221;off&#8221; button_two_bg_color__hover_enabled=&#8221;off&#8221;][\/et_pb_contact_field][et_pb_contact_field field_id=&#8221;samtycke&#8221; field_title=&#8221;Samtycke&#8221; field_type=&#8221;checkbox&#8221; checkbox_options=&#8221;%91{%22value%22:%22Jag godk\u00e4nner %22,%22checked%22:0,%22dragID%22:-1,%22link_url%22:%22https:\/\/fincasolmark.com\/integritetspolicy\/%22,%22link_text%22:%22integritetspolicyn%22}%93&#8243; fullwidth_field=&#8221;on&#8221; _builder_version=&#8221;4.16&#8243; _module_preset=&#8221;default&#8221; global_colors_info=&#8221;{}&#8221;][\/et_pb_contact_field][\/et_pb_contact_form][\/et_pb_column][et_pb_column type=&#8221;1_2&#8243; _builder_version=&#8221;4.16&#8243; _module_preset=&#8221;default&#8221; global_colors_info=&#8221;{}&#8221;][et_pb_text _builder_version=&#8221;4.16&#8243; _module_preset=&#8221;default&#8221; header_2_font=&#8221;Libre Caslon Text||||||||&#8221; header_2_text_color=&#8221;#ac8f19&#8243; global_colors_info=&#8221;{}&#8221;]<\/p>\n<h2>REKLAMATIONER<\/h2>\n<p>[\/et_pb_text][et_pb_text _builder_version=&#8221;4.18.0&#8243; _module_preset=&#8221;default&#8221; text_font=&#8221;Libre Caslon Text||||||||&#8221; text_font_size=&#8221;0.95rem&#8221; custom_margin=&#8221;0px||16px||false|false&#8221; custom_padding=&#8221;0px||||false|false&#8221; global_colors_info=&#8221;{}&#8221;]<\/p>\n<p><span lang=\"SV\">Har du fr\u00e5gor om leveranser eller vill g\u00f6ra en reklamation s\u00e5 sk\u00f6ts det via ett formul\u00e4r p\u00e5 hemsidan.<br \/>Du hittar det <span style=\"color: #ffcc00;\"><a href=\"https:\/\/fincasolmark.com\/reklamera\" style=\"color: #ac8f19;\">h\u00e4r.<\/a><\/span><u><\/u><\/span><\/p>\n<p><span lang=\"SV\">Vid reklamationer s\u00e5 betalas alltid ers\u00e4ttning ut. D\u00e5 kraven p\u00e5 korrekt bokf\u00f6ring och sp\u00e5rbarhet f\u00f6r frukt \u00e4r strikta s\u00e5 kan vi allts\u00e5 inte skicka ut nya varor utan eventuellt d\u00e5liga varor ers\u00e4tts alltid med en \u00e5terbetalning (hel eller delvis och beroende p\u00e5 vad som skett s\u00e5 kan \u00e4ven del eller total av frakten komma att ers\u00e4ttas).<\/span><\/p>\n<p>[\/et_pb_text][\/et_pb_column][\/et_pb_row][\/et_pb_section]<\/p>\n","protected":false},"excerpt":{"rendered":"<p>KUNDTJ\u00c4NSTVill du komma i kontakt med oss? Enklast \u00e4r att skicka oss ett mail p\u00e5 lycklig@fincasolmark.com eller fylla i kontaktformul\u00e4retREKLAMATIONERHar du fr\u00e5gor om leveranser eller vill g\u00f6ra en reklamation s\u00e5 sk\u00f6ts det via ett formul\u00e4r p\u00e5 hemsidan.Du hittar det h\u00e4r. Vid reklamationer s\u00e5 betalas alltid ers\u00e4ttning ut. D\u00e5 kraven p\u00e5 korrekt bokf\u00f6ring och sp\u00e5rbarhet f\u00f6r [&hellip;]<\/p>\n","protected":false},"author":1,"featured_media":0,"parent":0,"menu_order":0,"comment_status":"closed","ping_status":"closed","template":"","meta":{"_et_pb_use_builder":"on","_et_pb_old_content":"","_et_gb_content_width":"","footnotes":""},"class_list":["post-263844","page","type-page","status-publish","hentry"],"_links":{"self":[{"href":"https:\/\/fincasolmark.com\/sv\/wp-json\/wp\/v2\/pages\/263844","targetHints":{"allow":["GET"]}}],"collection":[{"href":"https:\/\/fincasolmark.com\/sv\/wp-json\/wp\/v2\/pages"}],"about":[{"href":"https:\/\/fincasolmark.com\/sv\/wp-json\/wp\/v2\/types\/page"}],"author":[{"embeddable":true,"href":"https:\/\/fincasolmark.com\/sv\/wp-json\/wp\/v2\/users\/1"}],"replies":[{"embeddable":true,"href":"https:\/\/fincasolmark.com\/sv\/wp-json\/wp\/v2\/comments?post=263844"}],"version-history":[{"count":2,"href":"https:\/\/fincasolmark.com\/sv\/wp-json\/wp\/v2\/pages\/263844\/revisions"}],"predecessor-version":[{"id":343443,"href":"https:\/\/fincasolmark.com\/sv\/wp-json\/wp\/v2\/pages\/263844\/revisions\/343443"}],"wp:attachment":[{"href":"https:\/\/fincasolmark.com\/sv\/wp-json\/wp\/v2\/media?parent=263844"}],"curies":[{"name":"wp","href":"https:\/\/api.w.org\/{rel}","templated":true}]}}