{"id":263591,"date":"2021-10-07T16:49:37","date_gmt":"2021-10-07T15:49:37","guid":{"rendered":"http:\/\/fincasolmark.com\/?page_id=263591"},"modified":"2025-05-26T20:36:03","modified_gmt":"2025-05-26T18:36:03","slug":"kopvillkor","status":"publish","type":"page","link":"https:\/\/fincasolmark.com\/sv\/kopvillkor\/","title":{"rendered":"Kopvillkor"},"content":{"rendered":"<p>[et_pb_section fb_built=&#8221;1&#8243; module_id=&#8221;kopvillkor&#8221; _builder_version=&#8221;4.16&#8243; _module_preset=&#8221;default&#8221; custom_padding=&#8221;||21px|||&#8221; global_colors_info=&#8221;{}&#8221;][et_pb_row _builder_version=&#8221;4.16&#8243; _module_preset=&#8221;default&#8221; max_width=&#8221;80%&#8221; custom_padding=&#8221;52px|||||&#8221; global_colors_info=&#8221;{}&#8221;][et_pb_column type=&#8221;4_4&#8243; _builder_version=&#8221;4.16&#8243; _module_preset=&#8221;default&#8221; global_colors_info=&#8221;{}&#8221;][et_pb_text _builder_version=&#8221;4.16&#8243; _module_preset=&#8221;default&#8221; header_2_font=&#8221;Libre Caslon Text||||||||&#8221; header_2_text_color=&#8221;#ac8f19&#8243; global_colors_info=&#8221;{}&#8221;]<\/p>\n<h2>K\u00d6PVILLKOR<\/h2>\n<p>[\/et_pb_text][et_pb_toggle title=&#8221;Allm\u00e4nt&#8221; icon_color=&#8221;#ac8f19&#8243; use_icon_font_size=&#8221;on&#8221; icon_font_size=&#8221;25px&#8221; open_icon_color=&#8221;#ac8f19&#8243; open_use_icon_font_size=&#8221;on&#8221; open_icon_font_size=&#8221;25px&#8221; _builder_version=&#8221;4.16&#8243; _module_preset=&#8221;default&#8221; title_font=&#8221;Libre Caslon Text|700|||||||&#8221; body_font=&#8221;Libre Caslon Text||||||||&#8221; border_radii=&#8221;on|5px|5px|5px|5px&#8221; border_color_all=&#8221;#ac8f19&#8243; global_colors_info=&#8221;{}&#8221;]<\/p>\n<p><a href=\"https:\/\/fincasolmark.com\/\" target=\"_blank\" data-saferedirecturl=\"https:\/\/www.google.com\/url?q=https:\/\/fincasolmark.com&amp;source=gmail&amp;ust=1628148214888000&amp;usg=AFQjCNHs6KRP_feGMkvuLeEMHK-HdBXl8Q\" rel=\"noopener\">www.fincasolmark.com<\/a><span>\u00a0s\u00e4ljer varor via internet till privatpersoner och f\u00f6retag i Sverige.<\/span><br \/><span>F\u00f6r att handla hos oss m\u00e5ste du ha fyllt 18 \u00e5r samt ha en giltig svensk ID-handling f\u00f6r paketf\u00f6rs\u00e4ndelser. <\/span><\/p>\n<p><span>Om du \u00e4r under 18 \u00e5r beh\u00f6ver du ha f\u00e5tt samtycke till ditt ink\u00f6p fr\u00e5n din v\u00e5rdnadshavare. F\u00f6r kortk\u00f6p d\u00e4r kunden \u00e4r minder\u00e5rig ansvarar fullmaktsgivaren f\u00f6r kortet.<\/span><\/p>\n<p>[\/et_pb_toggle][et_pb_toggle title=&#8221;Best\u00e4llningar&#8221; icon_color=&#8221;#ac8f19&#8243; use_icon_font_size=&#8221;on&#8221; icon_font_size=&#8221;25px&#8221; open_icon_color=&#8221;#ac8f19&#8243; open_use_icon_font_size=&#8221;on&#8221; open_icon_font_size=&#8221;25px&#8221; _builder_version=&#8221;4.27.0&#8243; _module_preset=&#8221;default&#8221; title_font=&#8221;Libre Caslon Text|700|||||||&#8221; body_font=&#8221;Libre Caslon Text||||||||&#8221; border_radii=&#8221;on|5px|5px|5px|5px&#8221; border_color_all=&#8221;#ac8f19&#8243; global_colors_info=&#8221;{}&#8221;]<\/p>\n<ol start=\"1\" type=\"1\">\n<li class=\"m_-1468394524172782409MsoListParagraph\"><span lang=\"SV\">Genom att trycka p\u00e5 knappen K\u00d6P l\u00e4gger du till produkten i din kundkorg.<u><\/u><u><\/u><\/span><\/li>\n<li class=\"m_-1468394524172782409MsoListParagraph\"><span lang=\"SV\">I kassan fyller du sedan i dina uppgifter.<span>\u00a0<\/span><b>Kolla NOGA alla din uppgifter s\u00e5 att de st\u00e4mmer.<span>\u00a0<\/span><\/b><i>Vi tar ej ansvar\/reklamerar paket som inte kommer fram pga felaktiga uppgifter. Beh\u00f6ver n\u00e5got \u00e4ndras debiteras du summan 250 kr som det kostar hos respektive fraktleverant\u00f6r.<\/i><u><\/u><u><\/u><\/span><\/li>\n<li class=\"m_-1468394524172782409MsoListParagraph\"><span lang=\"SV\">T\u00e4nk p\u00e5 att du m\u00e5ste vara skriven p\u00e5 adressen<b><span>\u00a0<\/span><\/b>eller ha ditt namn p\u00e5 d\u00f6rren f\u00f6r att paketet ska komma r\u00e4tt.<u><\/u><u><\/u><\/span><\/li>\n<li class=\"m_-1468394524172782409MsoListParagraph\"><span lang=\"SV\">V\u00e4lj sedan betals\u00e4tt; SWISH eller bankkort.<u><\/u><u><\/u><\/span><\/li>\n<li class=\"m_-1468394524172782409MsoListParagraph\"><span lang=\"SV\">Ett kvitto med best\u00e4llningen skickas ut till din mejladress. F\u00e5r du inget kvitto inom ett par timmar kan det bero p\u00e5; dina inst\u00e4llningar p\u00e5 mejlkontot, du har inte fyllt i r\u00e4tt mejladress eller din mejlkorg \u00e4r full.<\/span><\/li>\n<\/ol>\n<p>[\/et_pb_toggle][et_pb_toggle title=&#8221;Leveranser &#038; Frakts\u00e4tt&#8221; icon_color=&#8221;#ac8f19&#8243; use_icon_font_size=&#8221;on&#8221; icon_font_size=&#8221;25px&#8221; open_icon_color=&#8221;#ac8f19&#8243; open_use_icon_font_size=&#8221;on&#8221; open_icon_font_size=&#8221;25px&#8221; _builder_version=&#8221;4.27.4&#8243; _module_preset=&#8221;default&#8221; title_font=&#8221;Libre Caslon Text|700|||||||&#8221; body_font=&#8221;Libre Caslon Text||||||||&#8221; border_radii=&#8221;on|5px|5px|5px|5px&#8221; border_color_all=&#8221;#ac8f19&#8243; global_colors_info=&#8221;{}&#8221;]<\/p>\n<p style=\"font-weight: 400;\"><strong><span>Leverans<\/span><\/strong><span>\u00a0\u2013 Vi skickar l\u00f6pande hem frukt till lagret i Sverige. Du kommer att f\u00e5 sms och\/eller mejl med alla uppgifter g\u00e4llande din leverans, s\u00e5 fort vi bokat din frakt.\u00a0<em>OBS att du kan ha flera fraktetiketter\/kollinummer!<\/em>\u00a0N\u00e4r paketet sedan l\u00e4mnat lagret f\u00e5r du uppdateringar fr\u00e5n valt fraktbolag. Du kan sj\u00e4lv f\u00f6lja ditt paket via respektive hemsida\/app.<\/span><\/p>\n<p style=\"font-weight: 400;\"><span>\u00a0<\/span><\/p>\n<p style=\"font-weight: 400;\"><span>DHL\u00a0<\/span><span><a href=\"https:\/\/www.dhl.com\/se-sv\/home.html\">https:\/\/www.dhl.com\/se-sv\/home.html<\/a><a href=\"https:\/\/www.dhl.com\/se-sv\/home.html\" data-saferedirecturl=\"https:\/\/www.google.com\/url?q=https:\/\/www.dhl.com\/se-sv\/home.html&amp;source=gmail&amp;ust=1721835956707000&amp;usg=AOvVaw0gH37UEc-veMHcUtLvt8pM\" target=\"_blank\" rel=\"noopener\"><\/a><\/span><\/p>\n<p style=\"font-weight: 400;\"><span>GORDON\u00a0&#8211;\u00a0<a href=\"https:\/\/gordondelivery.com\/\" data-saferedirecturl=\"https:\/\/www.google.com\/url?q=https:\/\/gordondelivery.com\/&amp;source=gmail&amp;ust=1739727523625000&amp;usg=AOvVaw2-b4YD20RyT9YJVSg7on-3\">https:\/\/gordondelivery.com\/<\/a><\/span><\/p>\n<p style=\"font-weight: 400;\"><span><\/span><\/p>\n<p style=\"font-weight: 400;\"><strong><span>Leveransproblem\/fr\u00e5gor<\/span><\/strong><span>\u00a0\u2013 h\u00f6r i f\u00f6rsta hand av dig till vald fraktleverant\u00f6r. De kan hj\u00e4lpa dig snabbare. Kom ih\u00e5g att ha ditt kollinummer tillg\u00e4ngligt.<\/span><\/p>\n<p style=\"font-weight: 400;\"><span>\u00a0<\/span><\/p>\n<p style=\"font-weight: 400;\"><span>DHL 0771-34 53 45<\/span><\/p>\n<p style=\"font-weight: 400;\"><span>Kundtj\u00e4nst\u00a0Gordon\u00a0\u2013 010-551 80 00<\/span><\/p>\n<p>[\/et_pb_toggle][et_pb_toggle title=&#8221;Priser, bilder och produktinformation&#8221; icon_color=&#8221;#ac8f19&#8243; use_icon_font_size=&#8221;on&#8221; icon_font_size=&#8221;25px&#8221; open_icon_color=&#8221;#ac8f19&#8243; open_use_icon_font_size=&#8221;on&#8221; open_icon_font_size=&#8221;25px&#8221; _builder_version=&#8221;4.27.4&#8243; _module_preset=&#8221;default&#8221; title_font=&#8221;Libre Caslon Text|700|||||||&#8221; body_font=&#8221;Libre Caslon Text||||||||&#8221; border_radii=&#8221;on|5px|5px|5px|5px&#8221; border_color_all=&#8221;#ac8f19&#8243; global_colors_info=&#8221;{}&#8221;]<\/p>\n<p>Samtliga priser anges i svenska kronor inklusive moms. Fraktkostnad tillkommer p\u00e5 alla v\u00e5ra leveranser. Den \u00e4r 129kr (DHL) eller 179kr (Hemleverans) och l\u00e4ggs p\u00e5 i kassan innan du g\u00f6r din betalning.<\/p>\n<p>Produktbilderna p\u00e5 hemsidan kan skilja sig fr\u00e5n varans exakta utseende (ekologisk frukt \u00e4r inte alltid \u201dperfekt\u201d p\u00e5 utsidan). Vi reserverar oss f\u00f6r eventuella fel i produktinformationen och f\u00f6rbeh\u00e5ller oss r\u00e4tten att \u00e4ndra produktinformation och priser utan f\u00f6reg\u00e5ende avisering.<\/p>\n<p>Vi reserverar oss f\u00f6r pris\u00e4ndringar, slutf\u00f6rs\u00e4ljning, tekniska problem och eventuella typografiska fel p\u00e5 v\u00e5r sida. Vi f\u00f6rbeh\u00e5ller oss r\u00e4tten att kunna annullera felaktiga ordrar.<\/p>\n<p>[\/et_pb_toggle][et_pb_toggle title=&#8221;Personuppgifter&#8221; icon_color=&#8221;#ac8f19&#8243; use_icon_font_size=&#8221;on&#8221; icon_font_size=&#8221;25px&#8221; open_icon_color=&#8221;#ac8f19&#8243; open_use_icon_font_size=&#8221;on&#8221; open_icon_font_size=&#8221;25px&#8221; _builder_version=&#8221;4.16&#8243; _module_preset=&#8221;default&#8221; title_font=&#8221;Libre Caslon Text|700|||||||&#8221; body_font=&#8221;Libre Caslon Text||||||||&#8221; border_radii=&#8221;on|5px|5px|5px|5px&#8221; border_color_all=&#8221;#ac8f19&#8243; global_colors_info=&#8221;{}&#8221;]<\/p>\n<p><span>Du kan l\u00e4sa om hur vi behandlar dina personuppgifter i v\u00e5r\u00a0<\/span><span><a href=\"#\">integritetspolicy<\/a>.<\/span><\/p>\n<p>[\/et_pb_toggle][et_pb_toggle title=&#8221;Kundtj\u00e4nst och reklamationer&#8221; icon_color=&#8221;#ac8f19&#8243; use_icon_font_size=&#8221;on&#8221; icon_font_size=&#8221;25px&#8221; open_icon_color=&#8221;#ac8f19&#8243; open_use_icon_font_size=&#8221;on&#8221; open_icon_font_size=&#8221;25px&#8221; _builder_version=&#8221;4.27.4&#8243; _module_preset=&#8221;default&#8221; title_font=&#8221;Libre Caslon Text|700|||||||&#8221; body_font=&#8221;Libre Caslon Text||||||||&#8221; border_radii=&#8221;on|5px|5px|5px|5px&#8221; border_color_all=&#8221;#ac8f19&#8243; global_colors_info=&#8221;{}&#8221;]<\/p>\n<p style=\"font-weight: 400;\"><strong>Vill du komma i kontakt med oss<\/strong>? Skicka ett mejl till<span>\u00a0<\/span><a href=\"mailto:lycklig@fincasolmark.com\">lycklig@fincasolmark.com<\/a><\/p>\n<p style=\"font-weight: 400;\">\n<p style=\"font-weight: 400;\"><strong>Undrar du \u00f6ver din leverans?<\/strong><span>\u00a0<\/span>\u2013 h\u00f6r i f\u00f6rsta hand av dig till vald fraktleverant\u00f6r. De kan hj\u00e4lpa dig snabbare. Kom ih\u00e5g att ha ditt kollinummer tillg\u00e4ngligt.<\/p>\n<p style=\"font-weight: 400;\">\n<p style=\"font-weight: 400;\"><span>DHL 0771-34 53 45<\/span><\/p>\n<p style=\"font-weight: 400;\"><span>Gordon 010-551 80 00<\/span><\/p>\n<p style=\"font-weight: 400;\">\n<p style=\"font-weight: 400;\"><strong>Beh\u00f6ver du reklamera n\u00e5got?<\/strong><span>\u00a0<\/span>Vi tar emot reklamationer som sker inom 7 dagar fr\u00e5n hemkomst\/ankomst utl\u00e4mningsst\u00e4lle via denna l\u00e4nk:<span>\u00a0<\/span><a href=\"https:\/\/fincasolmark.com\/reklamera\"><span style=\"color: #ff0000;\">hemsida reklamera<\/span><\/a><\/p>\n<p><span lang=\"SV\"><\/span><\/p>\n<p>[\/et_pb_toggle][\/et_pb_column][\/et_pb_row][\/et_pb_section][et_pb_section fb_built=&#8221;1&#8243; module_id=&#8221;vanliga&#8221; _builder_version=&#8221;4.16&#8243; _module_preset=&#8221;default&#8221; global_colors_info=&#8221;{}&#8221;][et_pb_row _builder_version=&#8221;4.16&#8243; _module_preset=&#8221;default&#8221; max_width=&#8221;80%&#8221; global_colors_info=&#8221;{}&#8221;][et_pb_column type=&#8221;4_4&#8243; _builder_version=&#8221;4.16&#8243; _module_preset=&#8221;default&#8221; global_colors_info=&#8221;{}&#8221;][et_pb_text _builder_version=&#8221;4.16&#8243; _module_preset=&#8221;default&#8221; header_2_font=&#8221;Libre Caslon Text||||||||&#8221; header_2_text_color=&#8221;#ac8f19&#8243; global_colors_info=&#8221;{}&#8221;]<\/p>\n<h2>FR\u00c5GOR &amp; SVAR<\/h2>\n<p>[\/et_pb_text][et_pb_toggle title=&#8221;Jag gillar verkligen Finca Solmarks rej\u00e4la fruktl\u00e5dor \u2013 men har nu samlat p\u00e5 mig en massa l\u00e5dor. Vad g\u00f6r jag med dem?&#8221; icon_color=&#8221;#ac8f19&#8243; use_icon_font_size=&#8221;on&#8221; icon_font_size=&#8221;25px&#8221; open_icon_color=&#8221;#ac8f19&#8243; open_use_icon_font_size=&#8221;on&#8221; open_icon_font_size=&#8221;25px&#8221; _builder_version=&#8221;4.16&#8243; _module_preset=&#8221;default&#8221; title_font=&#8221;Libre Caslon Text|700|||||||&#8221; body_font=&#8221;Libre Caslon Text||||||||&#8221; border_radii=&#8221;on|5px|5px|5px|5px&#8221; border_color_all=&#8221;#ac8f19&#8243; global_colors_info=&#8221;{}&#8221;]<\/p>\n<p>V\u00e5ra l\u00e5dor \u00e4r rej\u00e4lt gjorda och \u00e4r alldeles utm\u00e4rkta som kattl\u00e5dor, att f\u00f6rvara saker i, anv\u00e4nda som l\u00e5da f\u00f6r att samla in returpapper, g\u00f6ra reden f\u00f6r f\u00e5glar, f\u00f6rplantera v\u00e4xter i och mycket mycker mer. Givetvis betalar vi v\u00e5r avgift till FTI, s\u00e5 du kan med gott samvete ocks\u00e5 l\u00e4mna l\u00e5dorna till \u00e5tervinningen av kartong, s\u00e5 blir de till nya l\u00e5dor.<\/p>\n<p>[\/et_pb_toggle][et_pb_toggle title=&#8221;M\u00e5ste jag betala tull p\u00e5 era varor n\u00e4r de kommer?&#8221; icon_color=&#8221;#ac8f19&#8243; use_icon_font_size=&#8221;on&#8221; icon_font_size=&#8221;25px&#8221; open_icon_color=&#8221;#ac8f19&#8243; open_use_icon_font_size=&#8221;on&#8221; open_icon_font_size=&#8221;25px&#8221; _builder_version=&#8221;4.16&#8243; _module_preset=&#8221;default&#8221; title_font=&#8221;Libre Caslon Text|700|||||||&#8221; body_font=&#8221;Libre Caslon Text||||||||&#8221; border_radii=&#8221;on|5px|5px|5px|5px&#8221; border_color_all=&#8221;#ac8f19&#8243; global_colors_info=&#8221;{}&#8221;]<\/p>\n<p>Nej, du handlar varorna av det svenska bolaget Finca Solmark AB och alla varor \u00e4r odlade\/tillverkade inom EU.<\/p>\n<p>[\/et_pb_toggle][et_pb_toggle title=&#8221;Kan jag best\u00e4lla varor och skicka det till en v\u00e4ns adress?&#8221; icon_color=&#8221;#ac8f19&#8243; use_icon_font_size=&#8221;on&#8221; icon_font_size=&#8221;25px&#8221; open_icon_color=&#8221;#ac8f19&#8243; open_use_icon_font_size=&#8221;on&#8221; open_icon_font_size=&#8221;25px&#8221; _builder_version=&#8221;4.16&#8243; _module_preset=&#8221;default&#8221; title_font=&#8221;Libre Caslon Text|700|||||||&#8221; body_font=&#8221;Libre Caslon Text||||||||&#8221; border_radii=&#8221;on|5px|5px|5px|5px&#8221; border_color_all=&#8221;#ac8f19&#8243; global_colors_info=&#8221;{}&#8221;]<\/p>\n<p>Javisst \u2013 du uppger bara dennes leveransadress och telefonnummer s\u00e5 skickas varorna dit.<\/p>\n<p>[\/et_pb_toggle][et_pb_toggle title=&#8221;En frukt var m\u00f6glig \u2013 nu vill jag ha kompensation f\u00f6r det, hur g\u00f6r jag d\u00e5?&#8221; icon_color=&#8221;#ac8f19&#8243; use_icon_font_size=&#8221;on&#8221; icon_font_size=&#8221;25px&#8221; open_icon_color=&#8221;#ac8f19&#8243; open_use_icon_font_size=&#8221;on&#8221; open_icon_font_size=&#8221;25px&#8221; _builder_version=&#8221;4.17.3&#8243; _module_preset=&#8221;default&#8221; title_font=&#8221;Libre Caslon Text|700|||||||&#8221; body_font=&#8221;Libre Caslon Text||||||||&#8221; border_radii=&#8221;on|5px|5px|5px|5px&#8221; border_color_all=&#8221;#ac8f19&#8243; global_colors_info=&#8221;{}&#8221;]<\/p>\n<p style=\"font-weight: 400;\"><span>Vi g\u00f6r v\u00e5rt b\u00e4sta f\u00f6r att rensa bort d\u00e5lig frukt vid plockning och packning, men ibland h\u00e4nder det att en frukt kan f\u00e5 st\u00f6tskador eller vara d\u00e5lig vid leverans.<\/span><\/p>\n<p style=\"font-weight: 400;\"><span>Anv\u00e4nd d\u00e5 formul\u00e4ret h\u00e4r\u00a0<span style=\"color: #0000ff;\"><a href=\"https:\/\/fincasolmark.com\/reklamera\" data-saferedirecturl=\"https:\/\/www.google.com\/url?q=https:\/\/fincasolmark.com\/reklamera\/&amp;source=gmail&amp;ust=1651333293103000&amp;usg=AOvVaw2x6PK8AQvQd9xHXQRYPMLl\" style=\"color: #0000ff;\">https:\/\/fincasolmark.com\/reklamera<\/a><\/span><\/span><\/p>\n<p>[\/et_pb_toggle][\/et_pb_column][\/et_pb_row][\/et_pb_section]<\/p>\n","protected":false},"excerpt":{"rendered":"<p>K\u00d6PVILLKORwww.fincasolmark.com\u00a0s\u00e4ljer varor via internet till privatpersoner och f\u00f6retag i Sverige.F\u00f6r att handla hos oss m\u00e5ste du ha fyllt 18 \u00e5r samt ha en giltig svensk ID-handling f\u00f6r paketf\u00f6rs\u00e4ndelser. Om du \u00e4r under 18 \u00e5r beh\u00f6ver du ha f\u00e5tt samtycke till ditt ink\u00f6p fr\u00e5n din v\u00e5rdnadshavare. F\u00f6r kortk\u00f6p d\u00e4r kunden \u00e4r minder\u00e5rig ansvarar fullmaktsgivaren f\u00f6r kortet. [&hellip;]<\/p>\n","protected":false},"author":1,"featured_media":0,"parent":0,"menu_order":0,"comment_status":"closed","ping_status":"closed","template":"","meta":{"_et_pb_use_builder":"on","_et_pb_old_content":"","_et_gb_content_width":"","footnotes":""},"class_list":["post-263591","page","type-page","status-publish","hentry"],"_links":{"self":[{"href":"https:\/\/fincasolmark.com\/sv\/wp-json\/wp\/v2\/pages\/263591","targetHints":{"allow":["GET"]}}],"collection":[{"href":"https:\/\/fincasolmark.com\/sv\/wp-json\/wp\/v2\/pages"}],"about":[{"href":"https:\/\/fincasolmark.com\/sv\/wp-json\/wp\/v2\/types\/page"}],"author":[{"embeddable":true,"href":"https:\/\/fincasolmark.com\/sv\/wp-json\/wp\/v2\/users\/1"}],"replies":[{"embeddable":true,"href":"https:\/\/fincasolmark.com\/sv\/wp-json\/wp\/v2\/comments?post=263591"}],"version-history":[{"count":2,"href":"https:\/\/fincasolmark.com\/sv\/wp-json\/wp\/v2\/pages\/263591\/revisions"}],"predecessor-version":[{"id":355254,"href":"https:\/\/fincasolmark.com\/sv\/wp-json\/wp\/v2\/pages\/263591\/revisions\/355254"}],"wp:attachment":[{"href":"https:\/\/fincasolmark.com\/sv\/wp-json\/wp\/v2\/media?parent=263591"}],"curies":[{"name":"wp","href":"https:\/\/api.w.org\/{rel}","templated":true}]}}