{"id":240966,"date":"2019-07-16T12:00:47","date_gmt":"2019-07-16T12:00:47","guid":{"rendered":"http:\/\/fincasolmark.com\/wpfs\/nyhetsbrev\/"},"modified":"2022-11-03T17:47:52","modified_gmt":"2022-11-03T16:47:52","slug":"nyhetsbrev","status":"publish","type":"page","link":"https:\/\/fincasolmark.com\/sv\/nyhetsbrev\/","title":{"rendered":"Nyhetsbrev"},"content":{"rendered":"<p>[et_pb_section fb_built=&#8221;1&#8243; custom_padding_last_edited=&#8221;on|phone&#8221; admin_label=&#8221;Hero&#8221; _builder_version=&#8221;4.16&#8243; background_image=&#8221;http:\/\/fincasolmark.com\/wp-content\/uploads\/2020\/12\/finca_solmark_newsletter.jpg&#8221; custom_padding=&#8221;25vw|0px|13vw|0px|false|false&#8221; custom_padding_tablet=&#8221;||19vw||false|false&#8221; custom_padding_phone=&#8221;||20vw||false|false&#8221; background_last_edited=&#8221;on|desktop&#8221; global_colors_info=&#8221;{}&#8221;][\/et_pb_section][et_pb_section fb_built=&#8221;1&#8243; _builder_version=&#8221;4.16&#8243; _module_preset=&#8221;default&#8221; custom_padding=&#8221;0px|||||&#8221; global_colors_info=&#8221;{}&#8221;][et_pb_row _builder_version=&#8221;4.16&#8243; _module_preset=&#8221;default&#8221; vertical_offset=&#8221;-59px&#8221; horizontal_offset=&#8221;0px&#8221; z_index=&#8221;0&#8243; custom_padding=&#8221;0px||2px|||&#8221; global_colors_info=&#8221;{}&#8221;][et_pb_column type=&#8221;4_4&#8243; _builder_version=&#8221;4.16&#8243; _module_preset=&#8221;default&#8221; global_colors_info=&#8221;{}&#8221;][et_pb_text _builder_version=&#8221;4.16&#8243; text_font=&#8221;Lato||||||||&#8221; text_font_size=&#8221;18px&#8221; text_line_height=&#8221;1.8em&#8221; ul_font=&#8221;||||||||&#8221; ol_font=&#8221;||||||||&#8221; header_font=&#8221;Libre Baskerville|700|||||||&#8221; header_font_size=&#8221;40px&#8221; header_line_height=&#8221;1.5em&#8221; header_2_font=&#8221;||||||||&#8221; header_3_font=&#8221;Libre Baskerville|700||on|||||&#8221; header_3_text_color=&#8221;#ffffff&#8221; header_3_font_size=&#8221;14px&#8221; header_3_line_height=&#8221;1.5em&#8221; header_4_font=&#8221;||||||||&#8221; header_5_font=&#8221;||||||||&#8221; header_6_font=&#8221;||||||||&#8221; background_color=&#8221;#879e78&#8243; text_orientation=&#8221;center&#8221; background_layout=&#8221;dark&#8221; custom_margin=&#8221;-0.1%||||false|false&#8221; custom_padding=&#8221;16px||10px||false|false&#8221; custom_padding_tablet=&#8221;&#8221; custom_padding_phone=&#8221;|15px||15px|false|false&#8221; custom_padding_last_edited=&#8221;on|phone&#8221; header_font_size_tablet=&#8221;30px&#8221; header_font_size_phone=&#8221;18px&#8221; header_font_size_last_edited=&#8221;on|phone&#8221; header_3_font_size_tablet=&#8221;10px&#8221; header_3_font_size_phone=&#8221;10px&#8221; header_3_font_size_last_edited=&#8221;on|phone&#8221; border_radii=&#8221;on|6px|6px|6px|6px&#8221; locked=&#8221;off&#8221; global_colors_info=&#8221;{}&#8221;]<\/p>\n<h1>Prenumerera p\u00e5 v\u00e5rt nyhetsbrev<\/h1>\n<h3><span>FYLL I NEDANST\u00c5ENDE FORMUL\u00c4R OM DU VILL F\u00c5 UPPDATERINGAR FR\u00c5N OSS:<\/span><\/h3>\n<p>[\/et_pb_text][\/et_pb_column][\/et_pb_row][et_pb_row column_structure=&#8221;1_2,1_2&#8243; _builder_version=&#8221;4.16&#8243; _module_preset=&#8221;default&#8221; background_color=&#8221;#FFFFFF&#8221; max_width=&#8221;80%&#8221; border_radii=&#8221;on|10px|10px|10px|10px&#8221; border_width_all=&#8221;1px&#8221; border_color_all=&#8221;#ac8f19&#8243; global_colors_info=&#8221;{}&#8221; locked=&#8221;off&#8221;][et_pb_column type=&#8221;1_2&#8243; _builder_version=&#8221;4.16&#8243; _module_preset=&#8221;default&#8221; global_colors_info=&#8221;{}&#8221;][et_pb_text _builder_version=&#8221;4.18.0&#8243; _module_preset=&#8221;default&#8221; text_font=&#8221;Libre Caslon Text||||||||&#8221; text_text_color=&#8221;#ac8f19&#8243; header_3_font=&#8221;Libre Caslon Text||||||||&#8221; header_3_text_color=&#8221;#ac8f19&#8243; text_orientation=&#8221;center&#8221; custom_padding=&#8221;|||15px|false|false&#8221; custom_padding_tablet=&#8221;|15px|||false|false&#8221; custom_padding_phone=&#8221;|15px||15px|false|false&#8221; custom_padding_last_edited=&#8221;on|desktop&#8221; global_colors_info=&#8221;{}&#8221;]<\/p>\n<h3>Ja tack \u2013 jag vill att ni h\u00e5ller mig informerade om vad som h\u00e4nder p\u00e5 fincan och n\u00e4r det finns nya produkter mm.<\/h3>\n<p>&nbsp;<\/p>\n<p>Genom att fylla i min mail nedan, ger jag Finca Solmark till\u00e5telse att skicka mig nyhetsbrev och erbjudanden via email.<\/p>\n<p>[\/et_pb_text][\/et_pb_column][et_pb_column type=&#8221;1_2&#8243; _builder_version=&#8221;4.16&#8243; _module_preset=&#8221;default&#8221; global_colors_info=&#8221;{}&#8221;][et_pb_code _builder_version=&#8221;4.18.0&#8243; _module_preset=&#8221;default&#8221; global_colors_info=&#8221;{}&#8221;]<\/p>\n<div class=\"ml-form-embed\"<!-- [et_pb_line_break_holder] -->  data-account=&#8221;1686700:p4w5w4r7u9&#8243;<!-- [et_pb_line_break_holder] -->  data-form=&#8221;4112897:k0a0o2&#8243;><!-- [et_pb_line_break_holder] --><\/div>\n<p>[\/et_pb_code][\/et_pb_column][\/et_pb_row][\/et_pb_section]<\/p>\n","protected":false},"excerpt":{"rendered":"<p>Prenumerera p\u00e5 v\u00e5rt nyhetsbrev FYLL I NEDANST\u00c5ENDE FORMUL\u00c4R OM DU VILL F\u00c5 UPPDATERINGAR FR\u00c5N OSS:Ja tack \u2013 jag vill att ni h\u00e5ller mig informerade om vad som h\u00e4nder p\u00e5 fincan och n\u00e4r det finns nya produkter mm. &nbsp; Genom att fylla i min mail nedan, ger jag Finca Solmark till\u00e5telse att skicka mig nyhetsbrev och [&hellip;]<\/p>\n","protected":false},"author":1,"featured_media":0,"parent":0,"menu_order":0,"comment_status":"closed","ping_status":"closed","template":"","meta":{"_et_pb_use_builder":"on","_et_pb_old_content":"","_et_gb_content_width":"","footnotes":""},"class_list":["post-240966","page","type-page","status-publish","hentry"],"_links":{"self":[{"href":"https:\/\/fincasolmark.com\/sv\/wp-json\/wp\/v2\/pages\/240966","targetHints":{"allow":["GET"]}}],"collection":[{"href":"https:\/\/fincasolmark.com\/sv\/wp-json\/wp\/v2\/pages"}],"about":[{"href":"https:\/\/fincasolmark.com\/sv\/wp-json\/wp\/v2\/types\/page"}],"author":[{"embeddable":true,"href":"https:\/\/fincasolmark.com\/sv\/wp-json\/wp\/v2\/users\/1"}],"replies":[{"embeddable":true,"href":"https:\/\/fincasolmark.com\/sv\/wp-json\/wp\/v2\/comments?post=240966"}],"version-history":[{"count":1,"href":"https:\/\/fincasolmark.com\/sv\/wp-json\/wp\/v2\/pages\/240966\/revisions"}],"predecessor-version":[{"id":290479,"href":"https:\/\/fincasolmark.com\/sv\/wp-json\/wp\/v2\/pages\/240966\/revisions\/290479"}],"wp:attachment":[{"href":"https:\/\/fincasolmark.com\/sv\/wp-json\/wp\/v2\/media?parent=240966"}],"curies":[{"name":"wp","href":"https:\/\/api.w.org\/{rel}","templated":true}]}}