{"id":240957,"date":"2019-07-16T11:39:18","date_gmt":"2019-07-16T11:39:18","guid":{"rendered":"http:\/\/fincasolmark.com\/wpfs\/integritetspolicy\/"},"modified":"2021-08-05T08:14:12","modified_gmt":"2021-08-05T07:14:12","slug":"integritetspolicy","status":"publish","type":"page","link":"https:\/\/fincasolmark.com\/sv\/integritetspolicy\/","title":{"rendered":"Integritetspolicy"},"content":{"rendered":"<p>[et_pb_section fb_built=&#8221;1&#8243; _builder_version=&#8221;3.22.3&#8243;][et_pb_row _builder_version=&#8221;3.25&#8243; background_size=&#8221;initial&#8221; background_position=&#8221;top_left&#8221; background_repeat=&#8221;repeat&#8221;][et_pb_column type=&#8221;4_4&#8243; _builder_version=&#8221;3.25&#8243; custom_padding=&#8221;|||&#8221; custom_padding__hover=&#8221;|||&#8221;][et_pb_text _builder_version=&#8221;4.9.10&#8243; text_font=&#8221;||||||||&#8221; text_font_size=&#8221;18px&#8221; background_size=&#8221;initial&#8221; background_position=&#8221;top_left&#8221; background_repeat=&#8221;repeat&#8221; hover_enabled=&#8221;0&#8243; sticky_enabled=&#8221;0&#8243;]<\/p>\n<h1><strong>Integritetspolicy<\/strong><\/h1>\n<p>Om du \u00e4r p\u00e5 den h\u00e4r sidan s\u00e5 har du f\u00f6rmodligen fr\u00e5gor om webbplatsen och ifall verksamheten efterlever integritets- och dataskyddspolicyn.<\/p>\n<p>Vi \u00e4r glada att du kommit hit och hoppas du l\u00e4ser denna integritetspolicy i sin helhet.<\/p>\n<p>&nbsp;<\/p>\n<h2><strong>En inledande rekommendation<\/strong><\/h2>\n<p>Vi v\u00e4lkomnar dig till den h\u00e4r sidan och rekommenderar att du l\u00e4ser v\u00e5r integritetspolicy. Den beskriver hur <strong>fincasolmark.com<\/strong>\u00a0samlar in och anv\u00e4nder information om kunder, anv\u00e4ndare och prenumeranter.<\/p>\n<p>P\u00e5 den h\u00e4r webbplatsen respekterar vi och bryr oss om anv\u00e4ndarens personliga information. Du kan som anv\u00e4ndare k\u00e4nna dig trygg med att dina r\u00e4ttigheter garanteras. Vi har anstr\u00e4ngt oss f\u00f6r att skapa en s\u00e4ker och p\u00e5litlig webbplats.<\/p>\n<p>Vi m\u00e5ste informera dig om att denna integritetspolicy kan komma att \u00e4ndras beroende p\u00e5 lagstiftning och diverse sj\u00e4lvreglerande krav. Anv\u00e4ndare rekommenderas d\u00e4rf\u00f6r att komma tillbaka till denna sida emellan\u00e5t. Integritetspolicyn g\u00e4ller n\u00e4r en anv\u00e4ndare fyller i och skickar ett av de kontaktformul\u00e4r d\u00e4r personuppgifter samlas in.<\/p>\n<p>FINCA EL SUECO ANDALUZ S.L.U. har anpassat denna webbplats s\u00e5 att den uppfyller kraven i den organiska lagen om dataskydd (Spanien) och lagen om informationssamh\u00e4llet och elektronisk handel (Spanien).<\/p>\n<p>&nbsp;<\/p>\n<h2><strong>Lagbest\u00e4mmelser som denna integritetspolicy f\u00f6ljer<\/strong><\/h2>\n<p>FINCA EL SUECO ANDALUZ S.L.U. har anpassat denna webbplats s\u00e5 att den uppfyller kraven i f\u00f6ljande lagbest\u00e4mmelser:<\/p>\n<ul>\n<li><strong>GPDR <u><a href=\"https:\/\/eur-lex.europa.eu\/legal-content\/EN\/TXT\/PDF\/?uri=CELEX:32016R0679&amp;from=en\" target=\"_blank\" rel=\"noopener\">(Europaparlamentet och r\u00e5dets f\u00f6rordning 2016\/679 (EU) fr\u00e5n den 27 april 2016 om skydd av fysiska personer<\/a><\/u><\/strong>) vilken \u00e4r den nya EU-f\u00f6rordningen som harmoniserar f\u00f6rordningar om skydd av personuppgifter f\u00f6r l\u00e4nder inom EU.<\/li>\n<li><strong><u><a href=\"https:\/\/www.boe.es\/buscar\/doc.php?id=BOE-A-1999-23750\" target=\"_blank\" rel=\"noopener\">Organisk lag 15\/1999 (Spanien) fr\u00e5n den 13 december om skydd av personuppgifter<\/a><\/u><\/strong> och <strong><u><a href=\"https:\/\/www.boe.es\/buscar\/doc.php?id=BOE-A-2008-979\" target=\"_blank\" rel=\"noopener\">kungligt dekret 1720\/2007 (Spanien) fr\u00e5n den 21 december (\u00e4ven k\u00e4nd som f\u00f6rordningen som implementerar lagen om skydd av personuppgifter)<\/a><\/u><\/strong> reglerar bearbetning av personuppgifter samt de skyldigheter som innehavare av webbplatser och bloggar har i samband med hantering av s\u00e5dan information.<\/li>\n<li><strong><u><a href=\"https:\/\/www.boe.es\/buscar\/doc.php?id=BOE-A-2002-13758\" target=\"_blank\" rel=\"noopener\">(Lag 34\/2002 (Spanien) fr\u00e5n den 11 juli om informationssamh\u00e4llets tj\u00e4nster och elektronisk handel<\/a><\/u><\/strong>) som reglerar ekonomiska transaktioner mellan elektroniska medier s\u00e5som till\u00e4mpligt p\u00e5 denna webbplats.<\/li>\n<\/ul>\n<p>&nbsp;<\/p>\n<h2><strong>Skicka och spara personuppgifter<\/strong><\/h2>\n<p>I \u00f6verensst\u00e4mmelse med best\u00e4mmelserna i organisk lag 15\/1999 (Spanien) fr\u00e5n den 13 december g\u00e4llande personuppgifter informerar h\u00e4rmed FINCA EL SUECO ANDALUZ S.L.U. med skatteidentifieringsnummer [NIF]: B93597938 anv\u00e4ndaren om att denne \u00e4r innehavare av en personuppgift som finns i det allm\u00e4nna uppgiftsregistret [Registro General de Protecci\u00f3n de Datos] i vilken dina uppgifter inkorporeras och bearbetas i syfte att tillhandah\u00e5lla de beg\u00e4rda tj\u00e4nsterna samt skicka information om produkter och tj\u00e4nster som kan vara av intresse.<\/p>\n<p>Att skicka in personuppgifter \u00e4r obligatorisk f\u00f6r att kontakta och utf\u00f6ra kommersiella transaktioner med FINCA EL SUECO ANDALUZ S.L.U.<\/p>\n<p>Om du inte l\u00e4mnar de personuppgifter som beg\u00e4rs eller godk\u00e4nner denna dataskyddspolicy kommer det inte vara m\u00f6jligt att behandla dina \u00f6nskem\u00e5l p\u00e5 denna webbplats.<\/p>\n<p>De personuppgifter som webbplatsen samlar in och lagrar beskrivs i det r\u00e4ttsliga meddelandet.<\/p>\n<p>&nbsp;<\/p>\n<h2><strong>Personuppgifter som samlas in av webbplatsen<\/strong><\/h2>\n<p>N\u00e4r en anv\u00e4ndare kommer till webbplatsen f\u00f6r att l\u00e4mna en kommentar, skicka ett meddelande till \u00e4garen, publicera n\u00e5got p\u00e5 bloggen, prenumerera eller teckna avtal om en eller flera tj\u00e4nster, m\u00e5ste denne l\u00e4mna personuppgifter f\u00f6r vilka FINCA EL SUECO ANDALUZ S.L.U. \u00e4r registeransvarig.<\/p>\n<p>Den informationen kan inneh\u00e5lla din IP-adress, namn, fysisk adress, e-postadress, telefonnummer, betalningsinformation och annan demografisk information.\u00a0Genom att tillhandah\u00e5lla denna information ger anv\u00e4ndaren sitt uttryckliga samtycke till att dennes uppgifter sammanst\u00e4lls, anv\u00e4nds, hanteras och lagras av FINCA EL SUECO ANDALUZ S.L.U. s\u00e5 som beskrivet i det r\u00e4ttsliga meddelandet och denna integritetspolicy.<\/p>\n<p>&nbsp;<\/p>\n<h2><strong>Tj\u00e4nster fr\u00e5n tredje part som vi anv\u00e4nder p\u00e5 webbplatsen<\/strong><\/h2>\n<ul>\n<li><strong>Hosting<\/strong>: Host-Fusion som tillhandah\u00e5ller SSL-protokoll s\u00e5 att dina uppgifter f\u00f6rblir s\u00e4kra fr\u00e5n hackare och andra personer som kan vilja stj\u00e4la informationen. Klicka h\u00e4r f\u00f6r att se deras <u><a href=\"https:\/\/www.host-fusion.com\/avisos-legales\/\">integritetspolicy<\/a><\/u>.<\/li>\n<li><strong>Webbplattform<\/strong>:\u00a0<u><a href=\"https:\/\/wordpress.org\/about\/privacy\/\" target=\"_blank\" rel=\"noopener\">org<\/a><\/u> vars integritetspolicy du kan l\u00e4sa\u00a0<u><a href=\"https:\/\/automattic.com\/privacy\/\" target=\"_blank\" rel=\"noopener\">h\u00e4r<\/a><\/u>.<\/li>\n<li><strong>Leverant\u00f6r av e-postmarknadsf\u00f6ring<\/strong>: <a href=\"https:\/\/www.mailerlite.com\/legal\/privacy-policy\" target=\"_blank\" rel=\"noopener\">MailerLite<\/a><\/li>\n<li><strong><u><a href=\"https:\/\/policies.google.com\/privacy?hl=en\" target=\"_blank\" rel=\"noopener\">Google Analytics<\/a><\/u><\/strong>.<\/li>\n<\/ul>\n<p>Anv\u00e4ndare kan sluta abonnera p\u00e5 de tj\u00e4nster som tillhandah\u00e5lls av <strong>fincasolmark.com<\/strong>\u00a0genom att trycka p\u00e5 motsvarande l\u00e4nk i nyhetsbrevet.<\/p>\n<p>I \u00f6verensst\u00e4mmelse med g\u00e4llande dataskyddsbest\u00e4mmelser godk\u00e4nner anv\u00e4ndaren n\u00e4r denna b\u00f6rjar prenumerera p\u00e5 webbplatsen samt n\u00e4r denna l\u00e4mnar kommentarer p\u00e5 n\u00e5gon av webbplatsens sidor till:<\/p>\n<ol>\n<li>Bearbetningen av personens personuppgifter i WordPress-milj\u00f6 i enlighet med <u><a href=\"https:\/\/automattic.com\/privacy\/\" target=\"_blank\" rel=\"noopener\">webbplatsens integritetspolicy<\/a><\/u>.<\/li>\n<li>FINCA EL SUECO ANDALUZ S.L.U. \u00e5tkomst till de personuppgifter som, i linje med WordPress-infrastruktur, anv\u00e4ndaren beh\u00f6ver tillhandah\u00e5lla f\u00f6r att prenumerera p\u00e5 bloggen samt l\u00e4mna och motta kommentarer p\u00e5 den.<\/li>\n<\/ol>\n<p>I enlighet med best\u00e4mmelserna i organisk lag 15\/1999 (Spanien) fr\u00e5n den 13 december g\u00e4llande skydd av personuppgifter skyddas de personuppgifter som anv\u00e4ndaren skickar in via denna webbplats till en databas som \u00e4gs av FINCA EL SUECO ANDALUZ S.L.U. p\u00e5 f\u00f6ljande adress:\u00a0Urb. Lomas de Riviera Club No. 73, Riviera del Sol, 29649 Mijas Costa (M\u00e1laga), Spanien. Alla de tekniska och organisatoriska s\u00e4kerhets\u00e5tg\u00e4rder som f\u00f6reskrivs i kungligt dekret 1720\/2007 (Spanien), \u00e4ven kallad implementering av lagen om skydd av personuppgifter, har till\u00e4mpats p\u00e5 dessa databaser.<\/p>\n<p>FINCA EL SUECO ANDALUZ S.L.U. varken s\u00e4ljer, hyr ut eller l\u00e4mnar \u00f6ver personuppgifter som kan identifiera anv\u00e4ndaren f\u00f6r tredje parter och kommer inte heller att g\u00f6ra det i framtiden utan f\u00f6reg\u00e5ende samtycke. Under vissa omst\u00e4ndigheter kan emellertid samarbete ske med andra f\u00f6r att organisera aktiviteter eller tillhandah\u00e5lla tj\u00e4nster. Under dessa omst\u00e4ndigheter kommer anv\u00e4ndarnas samtycke att kr\u00e4vas och de kommer att informeras om partnerns identitet samt syftet med samarbetet. Detta kommer alltid att ske under de allra mest strikta s\u00e4kerhetsstandarder.<\/p>\n<p>&nbsp;<\/p>\n<h2><strong>Noggrannhet och sanningsenlighet hos datan<\/strong><\/h2>\n<p>Anv\u00e4ndare \u00e4r ensamma ansvariga f\u00f6r sanningsenligheten och noggrannheten i de uppgifter som skickas in till <strong>fincasolmark.com<\/strong> vilket inneb\u00e4r att leverant\u00f6ren inte tar n\u00e5got ansvar i detta avseende. Anv\u00e4ndare garanterar och ansvarar under alla omst\u00e4ndigheter f\u00f6r att de angivna personuppgifterna \u00e4r korrekta, giltiga och sanningsenliga och f\u00f6rbinder sig att h\u00e5lla dem uppdaterade. Anv\u00e4ndare godk\u00e4nner att de ska tillhandah\u00e5lla fullst\u00e4ndig och korrekt information i kontakt- och prenumerationsformul\u00e4ret.<\/p>\n<p>&nbsp;<\/p>\n<h2><strong>Ut\u00f6vande av r\u00e4tten till \u00e5tkomst, r\u00e4ttelse, upph\u00e4vande och motst\u00e5nd<\/strong><\/h2>\n<p>Anv\u00e4ndare har f\u00f6ljande r\u00e4ttigheter:<\/p>\n<ul>\n<li>R\u00e4tten att n\u00e4r som helst f\u00e5 reda p\u00e5 vilka personuppgifter som lagras om anv\u00e4ndaren.<\/li>\n<li>R\u00e4tten att kostnadsfritt \u00e4ndra felaktiga och f\u00f6r\u00e5ldrade uppgifter som lagras om anv\u00e4ndaren.<\/li>\n<li>R\u00e4tten att sluta motta kommersiella e-postmeddelanden.<\/li>\n<\/ul>\n<p>Anv\u00e4ndare kan skicka ett meddelande till oss och ut\u00f6va sina r\u00e4ttigheter att f\u00e5 \u00e5tkomst, \u00e4ndra, upph\u00e4va och inv\u00e4nda via e-post: elsuecoandaluz@fincasolmark.com inklusive juridiskt validera identitetsbevis som en kopia p\u00e5 ett ID-kort eller pass med \u201dDATASKYDD\u201d som \u00e4mne.<\/p>\n<p>&nbsp;<\/p>\n<h2><strong>Godk\u00e4nnande och samtycke<\/strong><\/h2>\n<p>Anv\u00e4ndaren deklarerar att han informerats om villkoren f\u00f6r skydd av personuppgifter och godk\u00e4nt samt samtyckt till bearbetning av hans eller hennes personuppgifter av FINCA EL SUECO ANDALUZ S.L.U. p\u00e5 det s\u00e4tt och i det syften som anges i det r\u00e4ttsliga meddelandet.<\/p>\n<p>&nbsp;<\/p>\n<h2><strong>\u00c4ndringar i denna integritetspolicy<\/strong><\/h2>\n<p>FINCA EL SUECO ANDALUZ S.L.U. f\u00f6rbeh\u00e5ller sig r\u00e4tten att \u00e4ndra denna policy f\u00f6r att anpassa den till ny lagstiftning eller r\u00e4ttspraxis samt branschpraxis. Under s\u00e5dana omst\u00e4ndigheter kommer leverant\u00f6ren att meddela om de \u00e4ndringar som gjorts p\u00e5 webbsidan i f\u00f6rv\u00e4g innan de genomf\u00f6rs.<\/p>\n<p>&nbsp;<\/p>\n<h2><strong>Kommersiella e-postmeddelanden<\/strong><\/h2>\n<p>F\u00f6r att efterleva lagen om informationssamh\u00e4llets tj\u00e4nster och elektronisk handel (Spanien) kommer <strong>fincasolmark.com<\/strong> inte att skicka spam vilket inneb\u00e4r att det inte kommer att skickas kommersiella e-postmeddelanden som inte har beg\u00e4rts eller godk\u00e4nts av anv\u00e4ndaren i f\u00f6rv\u00e4g. F\u00f6ljaktligen har anv\u00e4ndarna i varje formul\u00e4r p\u00e5 webbplatsen alternativet att ge sitt uttryckliga samtycke till att f\u00e5 nyhetsbrevet oberoende av den beg\u00e4rda kommersiella informationen p\u00e5 ad hoc-basis.<\/p>\n<p>&nbsp;<\/p>\n<p>Vi tackar f\u00f6r att du tagit dig tid att l\u00e4sa denna integritetspolicy. Om du har n\u00e5gra fr\u00e5gor kan du kontakta oss p\u00e5: <strong>elsuecoandaluz@fincasolmark.com<\/strong><\/p>\n<p>&nbsp;<\/p>\n<p><strong>Denna integritetspolicy uppdaterades senast 05-08-2021.<\/strong><\/p>\n<p>[\/et_pb_text][\/et_pb_column][\/et_pb_row][\/et_pb_section]<\/p>\n","protected":false},"excerpt":{"rendered":"<p>Integritetspolicy Om du \u00e4r p\u00e5 den h\u00e4r sidan s\u00e5 har du f\u00f6rmodligen fr\u00e5gor om webbplatsen och ifall verksamheten efterlever integritets- och dataskyddspolicyn. Vi \u00e4r glada att du kommit hit och hoppas du l\u00e4ser denna integritetspolicy i sin helhet. &nbsp; En inledande rekommendation Vi v\u00e4lkomnar dig till den h\u00e4r sidan och rekommenderar att du l\u00e4ser v\u00e5r [&hellip;]<\/p>\n","protected":false},"author":1,"featured_media":0,"parent":0,"menu_order":0,"comment_status":"closed","ping_status":"closed","template":"","meta":{"_et_pb_use_builder":"on","_et_pb_old_content":"<h2>Who we are<\/h2>\nOur website address is: http:\/\/fincasolmark.com\/wpfs.\n<h2>What personal data we collect and why we collect it<\/h2>\n<h3>Comments<\/h3>\nWhen visitors leave comments on the site we collect the data shown in the comments form, and also the visitor\u2019s IP address and browser user agent string to help spam detection.\n\nAn anonymized string created from your email address (also called a hash) may be provided to the Gravatar service to see if you are using it. The Gravatar service privacy policy is available here: https:\/\/automattic.com\/privacy\/. After approval of your comment, your profile picture is visible to the public in the context of your comment.\n<h3>Media<\/h3>\nIf you upload images to the website, you should avoid uploading images with embedded location data (EXIF GPS) included. Visitors to the website can download and extract any location data from images on the website.\n<h3>Contact forms<\/h3>\n<h3>Cookies<\/h3>\nIf you leave a comment on our site you may opt-in to saving your name, email address and website in cookies. These are for your convenience so that you do not have to fill in your details again when you leave another comment. These cookies will last for one year.\n\nIf you have an account and you log in to this site, we will set a temporary cookie to determine if your browser accepts cookies. This cookie contains no personal data and is discarded when you close your browser.\n\nWhen you log in, we will also set up several cookies to save your login information and your screen display choices. Login cookies last for two days, and screen options cookies last for a year. If you select \"Remember Me\", your login will persist for two weeks. If you log out of your account, the login cookies will be removed.\n\nIf you edit or publish an article, an additional cookie will be saved in your browser. This cookie includes no personal data and simply indicates the post ID of the article you just edited. It expires after 1 day.\n<h3>Embedded content from other websites<\/h3>\nArticles on this site may include embedded content (e.g. videos, images, articles, etc.). Embedded content from other websites behaves in the exact same way as if the visitor has visited the other website.\n\nThese websites may collect data about you, use cookies, embed additional third-party tracking, and monitor your interaction with that embedded content, including tracking your interaction with the embedded content if you have an account and are logged in to that website.\n<h3>Analytics<\/h3>\n<h2>Who we share your data with<\/h2>\n<h2>How long we retain your data<\/h2>\nIf you leave a comment, the comment and its metadata are retained indefinitely. This is so we can recognize and approve any follow-up comments automatically instead of holding them in a moderation queue.\n\nFor users that register on our website (if any), we also store the personal information they provide in their user profile. All users can see, edit, or delete their personal information at any time (except they cannot change their username). Website administrators can also see and edit that information.\n<h2>What rights you have over your data<\/h2>\nIf you have an account on this site, or have left comments, you can request to receive an exported file of the personal data we hold about you, including any data you have provided to us. You can also request that we erase any personal data we hold about you. This does not include any data we are obliged to keep for administrative, legal, or security purposes.\n<h2>Where we send your data<\/h2>\nVisitor comments may be checked through an automated spam detection service.\n<h2>Your contact information<\/h2>\n<h2>Additional information<\/h2>\n<h3>How we protect your data<\/h3>\n<h3>What data breach procedures we have in place<\/h3>\n<h3>What third parties we receive data from<\/h3>\n<h3>What automated decision making and\/or profiling we do with user data<\/h3>\n<h3>Industry regulatory disclosure requirements<\/h3>","_et_gb_content_width":"","footnotes":""},"class_list":["post-240957","page","type-page","status-publish","hentry"],"_links":{"self":[{"href":"https:\/\/fincasolmark.com\/sv\/wp-json\/wp\/v2\/pages\/240957","targetHints":{"allow":["GET"]}}],"collection":[{"href":"https:\/\/fincasolmark.com\/sv\/wp-json\/wp\/v2\/pages"}],"about":[{"href":"https:\/\/fincasolmark.com\/sv\/wp-json\/wp\/v2\/types\/page"}],"author":[{"embeddable":true,"href":"https:\/\/fincasolmark.com\/sv\/wp-json\/wp\/v2\/users\/1"}],"replies":[{"embeddable":true,"href":"https:\/\/fincasolmark.com\/sv\/wp-json\/wp\/v2\/comments?post=240957"}],"version-history":[{"count":0,"href":"https:\/\/fincasolmark.com\/sv\/wp-json\/wp\/v2\/pages\/240957\/revisions"}],"wp:attachment":[{"href":"https:\/\/fincasolmark.com\/sv\/wp-json\/wp\/v2\/media?parent=240957"}],"curies":[{"name":"wp","href":"https:\/\/api.w.org\/{rel}","templated":true}]}}