{"id":240953,"date":"2019-07-16T11:33:53","date_gmt":"2019-07-16T11:33:53","guid":{"rendered":"http:\/\/fincasolmark.com\/wpfs\/juridiskt-meddelande\/"},"modified":"2021-08-05T08:01:11","modified_gmt":"2021-08-05T07:01:11","slug":"juridiskt-meddelande","status":"publish","type":"page","link":"https:\/\/fincasolmark.com\/sv\/juridiskt-meddelande\/","title":{"rendered":"Juridiskt meddelande"},"content":{"rendered":"<p>[et_pb_section fb_built=&#8221;1&#8243; _builder_version=&#8221;3.22.3&#8243;][et_pb_row _builder_version=&#8221;3.25&#8243; background_size=&#8221;initial&#8221; background_position=&#8221;top_left&#8221; background_repeat=&#8221;repeat&#8221;][et_pb_column type=&#8221;4_4&#8243; _builder_version=&#8221;3.25&#8243; custom_padding=&#8221;|||&#8221; custom_padding__hover=&#8221;|||&#8221;][et_pb_text _builder_version=&#8221;4.9.10&#8243; text_font=&#8221;||||||||&#8221; text_font_size=&#8221;18px&#8221; background_size=&#8221;initial&#8221; background_position=&#8221;top_left&#8221; background_repeat=&#8221;repeat&#8221; hover_enabled=&#8221;0&#8243; sticky_enabled=&#8221;0&#8243;]<\/p>\n<h1><strong>R\u00e4ttsligt meddelande och anv\u00e4ndarvillkor<\/strong><\/h1>\n<p>P\u00e5 den h\u00e4r sidan hittar du all information om de juridiska villkor som reglerar f\u00f6rh\u00e5llandet mellan anv\u00e4ndare och innehavaren av denna webbplats. Som anv\u00e4ndare \u00e4r det viktigt att du \u00e4r medveten om dessa villkor innan du forts\u00e4tter att anv\u00e4nda webbplatsen.<\/p>\n<p>Denna webbplats efterlever lag 34\/2002 (Spanien) fr\u00e5n den 11 juli om informationssamh\u00e4llets tj\u00e4nster och elektronisk handel.<\/p>\n<p>&nbsp;<\/p>\n<h2><strong>Information om innehavaren av denna webbplats<\/strong><\/h2>\n<ul>\n<li>Registrerat f\u00f6retagsnamn: FINCA EL SUECO ANDALUZ S.L.U.<\/li>\n<li>Momsregistreringsnummer: B93597938<\/li>\n<li>Registrerad kontorsadress: Lomas de Riviera Club no 73, Riviera del Sol, 29649, Mijas Costa (M\u00e1laga), Spanien.<\/li>\n<li>Verksamhet: Adoption av olivtr\u00e4d, uthyrning av boende p\u00e5 landet, webbutik, milj\u00f6relaterade aktiviteter.<\/li>\n<li>Webbhotell: Host-Fusion.<\/li>\n<li>E-post: elsuecoandaluz@fincasolmark.com<\/li>\n<\/ul>\n<p>&nbsp;<\/p>\n<h2><strong>R\u00e4ttsliga f\u00f6rordningar som denna webbplats efterlever<\/strong><\/h2>\n<p>FINCA EL SUECO ANDALUZ S.L.U. har anpassat denna webbplats s\u00e5 att den uppfyller kraven i f\u00f6ljande lagbest\u00e4mmelser:<\/p>\n<ul>\n<li><strong>GPDR <\/strong>(<strong><u><a href=\"https:\/\/eur-lex.europa.eu\/legal-content\/EN\/TXT\/PDF\/?uri=CELEX:32016R0679&amp;from=en\">f\u00f6rordning 2016\/679 (EU) av Europaparlamentet och r\u00e5det den 27 april 2016 f\u00f6r skydd av fysiska personer <\/a><\/u><\/strong>) vilket \u00e4r EU:s nya f\u00f6rordning som harmoniserar f\u00f6rordningar om skydd av personuppgifter f\u00f6r olika l\u00e4nder inom EU.<\/li>\n<li><strong><u><a href=\"https:\/\/www.boe.es\/buscar\/doc.php?id=BOE-A-1999-23750\">Organisk lag 15\/1999 (Spanien) fr\u00e5n den 13 december om skydd av personuppgifter<\/a><\/u><\/strong> och <strong><u><a href=\"https:\/\/www.boe.es\/buscar\/doc.php?id=BOE-A-2008-979\">kungligt dekret 1720\/2007 (Spanien) fr\u00e5n den 21 december (\u00e4ven k\u00e4nd som f\u00f6rordningen som implementerar lagen om skydd av personuppgifter)<\/a><\/u><\/strong> reglerar bearbetning av personuppgifter samt de skyldigheter som innehavare av webbplatser och bloggar har i samband med hantering av s\u00e5dan information.<\/li>\n<li><strong>(<u><a href=\"https:\/\/www.boe.es\/buscar\/doc.php?id=BOE-A-2002-13758\">Lag 34\/2002 (Spanien) fr\u00e5n den 11 juli om informationssamh\u00e4llets tj\u00e4nster och elektronisk handel<\/a><\/u><\/strong>) som reglerar ekonomiska transaktioner mellan elektroniska medier s\u00e5som till\u00e4mpligt p\u00e5 denna webbplats.<\/li>\n<\/ul>\n<p>&nbsp;<\/p>\n<h2><strong>Allm\u00e4nna anv\u00e4ndarvillkor<\/strong><\/h2>\n<p>Dessa allm\u00e4nna villkor reglerar anv\u00e4ndningen (inklusive \u00e5tkomsten till webbplatsen) av de webbsidor som utg\u00f6r <strong>fincasolmark.com<\/strong> inklusive dess inneh\u00e5ll och tj\u00e4nster.<\/p>\n<p>N\u00e4r du bes\u00f6ker webbplatsen f\u00e5r du statusen anv\u00e4ndare och godk\u00e4nner att bindas av de allm\u00e4nna villkor som g\u00e4ller f\u00f6r <strong>fincasolmark.com<\/strong><\/p>\n<p>&nbsp;<\/p>\n<h2><strong>Webbplatsens syfte<\/strong><\/h2>\n<p>Webbplatsen <strong>fincasolmark.com<\/strong> har skapats f\u00f6r att publicera och tillhandah\u00e5lla \u00e5tkomst f\u00f6r allm\u00e4nheten till information, aktiviteter och tj\u00e4nster som erbjuds av FINCA EL SUECO ANDALUZ S.L.U.<\/p>\n<p>&nbsp;<\/p>\n<h2><strong>De personuppgifter som samlas in samt hur det sker<\/strong><\/h2>\n<p>Du kan hitta mer detaljerad information om detta i v\u00e5r <strong><u><a href=\"http:\/\/fincasolmark.com\/integritetspolicy\/\">integritetspolicy<\/a><\/u><\/strong>.<\/p>\n<h2><strong>Anv\u00e4ndarens \u00e5taganden och skyldigheter<\/strong><\/h2>\n<p>Du blir h\u00e4rmed informerad och godk\u00e4nner att \u00e5tkomsten till denna webbplats inte p\u00e5 n\u00e5got s\u00e4tt representerar b\u00f6rjan p\u00e5 en aff\u00e4rsrelation med FINCA EL SUECO ANDALUZ S.L.U. och du f\u00f6rbinder dig att anv\u00e4nda denna webbplats och dess tj\u00e4nster och inneh\u00e5ll p\u00e5 ett s\u00e4tt som inte bryter mot g\u00e4llande lagstiftning, god tro eller allm\u00e4n ordning.<\/p>\n<p>Det \u00e4r f\u00f6rbjudet att anv\u00e4nda webbplatsen f\u00f6r olagliga \u00e4ndam\u00e5l samt \u00e4ndam\u00e5l som kan orsaka problem och skada eller f\u00f6rhindra normal drift av webbplatsen.<\/p>\n<p>F\u00f6ljande \u00e4r f\u00f6rbjudet i samband med inneh\u00e5llet p\u00e5 webbplatsen:<\/p>\n<ul>\n<li>Fullst\u00e4ndig och delvis reproduktion, distribution och modifiering s\u00e5vida inte anv\u00e4ndaren har tillst\u00e5nd av FINCA EL SUECO ANDALUZ S.L.U som \u00e4r inneh\u00e5llets r\u00e4ttm\u00e4tiga \u00e4gare.<\/li>\n<li>\u00d6vertr\u00e4delser av r\u00e4ttigheter hos FINCA EL SUECO ANDALUZ S.L.U.<\/li>\n<li>Anv\u00e4ndning f\u00f6r kommersiella och reklam\u00e4ndam\u00e5l.<\/li>\n<\/ul>\n<p>Genom att anv\u00e4nda webbplatsen <strong>fincasolmark.com<\/strong> f\u00f6rbinder du dig att inte vara involverad i n\u00e5got beteende som kan skada anseendet, intressen eller r\u00e4ttigheter hos FINCA EL SUECO ANDALUZ S.L.U. eller tredje parter. Du f\u00f6rbinder dig \u00e4ven att inte skada, g\u00f6ra obrukbar eller \u00f6verbelasta webbplatsen och hindra dess normala anv\u00e4ndning.<\/p>\n<h2><strong>S\u00e4kerhets\u00e5tg\u00e4rder<\/strong><\/h2>\n<p>De personuppgifter du skickar till FINCA EL SUECO ANDALUZ S.L.U. som anv\u00e4ndare av <strong>fincasolmark.com<\/strong> kan komma att lagras i automatiserade eller icke-automatiserade databaser vars exklusiva \u00e4gander\u00e4tt tillh\u00f6r FINCA EL SUECO ANDALUZ SLU som \u00e4r ansvarig f\u00f6r alla tekniska, organisatoriska och s\u00e4kerhets\u00e5tg\u00e4rder f\u00f6r att garanterar sekretess, integritet och kvalitet hos informationen p\u00e5 webbplatsen i enlighet med best\u00e4mmelserna i r\u00e5dande lagstiftning om uppgiftsskydd.<\/p>\n<p>Kommunikation mellan anv\u00e4ndare och <strong>fincasolmark.com<\/strong> sker via en s\u00e4ker kanal och datan som \u00f6verf\u00f6rs \u00e4r krypterad tack vare anv\u00e4ndning av https-protokoll. Vi garanterar d\u00e4rf\u00f6r de b\u00e4sta s\u00e4kerhetsvillkoren f\u00f6r anv\u00e4ndares integritet.<\/p>\n<p>P\u00e5 <strong>fincasolmark.com<\/strong> vidtas alla n\u00f6dv\u00e4ndiga \u00e5tg\u00e4rder inklusive l\u00e4mpliga s\u00e4kerhets\u00e5tg\u00e4rder f\u00f6r att uppt\u00e4cka och undvika f\u00f6rekomsten av virus och andra typer av attacker. Du b\u00f6r dock vara medveten om att s\u00e4kerhets\u00e5tg\u00e4rderna f\u00f6r informationssystem p\u00e5 internet aldrig kan vara helt tillf\u00f6rlitliga. Vi kan d\u00e4rf\u00f6r inte garantera att <strong>fincasolmark.com\u00a0<\/strong>\u00e4r fri fr\u00e5n virus och andra saker som kan modifiera anv\u00e4ndarens informationssystem (programvara och h\u00e5rdvara), elektroniska dokument eller de filer som de inneh\u00e5ller.<\/p>\n<h2><strong>Konfliktl\u00f6sningsplattform<\/strong><\/h2>\n<p>Vi st\u00e4ller h\u00e4rmed till ditt f\u00f6rfogande som anv\u00e4ndare konfliktl\u00f6sningsplattformen fr\u00e5n Europeiska kommissionen som finns tillg\u00e4nglig via denna l\u00e4nk:\u00a0<strong><u><a href=\"https:\/\/ec.europa.eu\/consumers\/odr\/main\/?event=main.home2.show\">https:\/\/ec.europa.eu\/consumers\/odr\/main\/?event=main.home2.show<\/a><\/u><\/strong><\/p>\n<h2><strong>Intellektuell och industriell \u00e4gander\u00e4tt<\/strong><\/h2>\n<p>Ingen immateriell eller industriell \u00e4gander\u00e4tt av webbplatsen <strong>fincasolmark.com\u00a0<\/strong>eller n\u00e5gon av dess best\u00e5ndsdelar tilldelas genom dessa allm\u00e4nna villkor.<\/p>\n<p>Det \u00e4r uttryckligen f\u00f6rbjudet (enligt best\u00e4mmelserna i den andra paragrafen av artikel 8 och 32.1 i den spanska immateriella \u00e4gander\u00e4tten) att reproducera, omvandla, distribuera, offentligt kommunicera, g\u00f6ra tillg\u00e4ngligt f\u00f6r allm\u00e4nheten, extrahera, \u00e5teranv\u00e4nda, skicka eller anv\u00e4nda delar av inneh\u00e5llet p\u00e5 denna webbplats p\u00e5 valfritt s\u00e4tt, f\u00f6r alla medium, och p\u00e5 alla tekniska vis utan tillst\u00e5nd fr\u00e5n FINCA EL SUECO ANDALUZ SLU Som anv\u00e4ndare \u00e5tar du dig att respektera den immateriella och industriella \u00e4gander\u00e4tten hos FINCA EL SUECO ANDALUZ S.L.U.<\/p>\n<p>Som anv\u00e4ndare b\u00e5de f\u00f6rst\u00e5r och godk\u00e4nner du att webbplatsen i sin helhet, inklusive men inte begr\u00e4nsad till text, programvara, inneh\u00e5ll (inklusive strukturen, val, best\u00e4llningar och presentationen av dem), fotografier, audiovisuella och grafiska material, \u00e4r upphovsr\u00e4ttsskyddade, varum\u00e4rkesskyddade samt skyddade av andra lagliga registrerade r\u00e4ttigheter i enlighet med de internationella f\u00f6rdrag som Spanien \u00e4r en del av samt andra spanska egendomsr\u00e4ttigheter och lagar.<\/p>\n<p>Om du av n\u00e5gon anledning anser att ett brott mot dina legitima immateriella r\u00e4ttigheter skett p\u00e5 <strong>fincasolmark.com<\/strong> p\u00e5 grund av anv\u00e4ndning av ett visst inneh\u00e5ll p\u00e5 webbplatsen ber vi att du meddelar oss p\u00e5: <strong>elsuecoandaluz@fincasolmark.com,<\/strong> och anger:<\/p>\n<ul>\n<li>Dina personuppgifter om du \u00e4r \u00e4gare till de r\u00e4ttigheter som det brutit mot eller om du representerar den personen, samt om du representerar en annan tredje part \u00e4n innehavaren av r\u00e4ttigheterna.<\/li>\n<li>Det inneh\u00e5ll som skyddas av immateriella r\u00e4ttigheter och dess plats p\u00e5 webbplatsen, legitimering av de n\u00e4mnda immateriella r\u00e4ttigheterna och den uttryckta deklarationen att den ber\u00f6rda parten tar ansvar f\u00f6r sanningsenigheten i meddelandets information.<\/li>\n<\/ul>\n<p>&nbsp;<\/p>\n<h2><strong>Externa l\u00e4nkar<\/strong><\/h2>\n<p>Sidor och artiklar p\u00e5 webbplatsen\u00a0<strong>fincasolmark.com<\/strong> kan inneh\u00e5lla l\u00e4nkar till andra webbplatser och annat inneh\u00e5ll som \u00e4gs av tredje parter, t.ex. information om rekommenderade produkter eller tj\u00e4nster.<\/p>\n<p>Syftet med l\u00e4nkarna \u00e4r att ge anv\u00e4ndaren m\u00f6jlighet att komma \u00e5t de webbplatser som l\u00e4nkarna tillhandah\u00e5ller.<\/p>\n<p>FINCA EL SUECO ANDALUZ S.L.U. tar inte under n\u00e5gra som helst omst\u00e4ndigheter ansvar f\u00f6r problem som uppst\u00e5tt efter att en anv\u00e4ndare f\u00f6ljt s\u00e5dana l\u00e4nkar.<\/p>\n<p>Vi tillhandah\u00e5ller alltid l\u00e4nkar till p\u00e5litliga, kontrollerade webbplatser med maximal garanti f\u00f6r anv\u00e4ndare. Om du uppt\u00e4cker att n\u00e5gon l\u00e4nk p\u00e5 denna webbplats inte uppfyller dessa villkor, v\u00e4nligen kontakta oss p\u00e5: <strong>elsuecoandaluz@fincasolmark.com<\/strong>\u00a0s\u00e5 att vi kan l\u00f6sa det s\u00e5 fort som m\u00f6jligt.<\/p>\n<p>Det faktum att det kan finnas webbplatser som l\u00e4nkar till denna webbplats inneb\u00e4r inte att det finns n\u00e5got samband mellan <strong>fincasolmark.com<\/strong> och \u00e4garen till den webbplatsen d\u00e4r l\u00e4nken \u00e4r placerad, eller att FINCA EL SUECO ANDALUZ SLU accepterar eller godk\u00e4nner webbplatsens inneh\u00e5ll och tj\u00e4nster.<\/p>\n<h2><strong>Policy f\u00f6r kommentarer<\/strong><\/h2>\n<p>Att l\u00e4mna kommentarer p\u00e5 denna webbplats \u00e4r till\u00e5tet i syfte att berika dess inneh\u00e5ll och st\u00e4lla fr\u00e5gor.<\/p>\n<p>Kommentarer som inte \u00e4r relaterade till \u00e4mnet p\u00e5 webbplatsen eller som inneh\u00e5ller f\u00f6rtal, f\u00f6rol\u00e4mpningar, personattacker eller brist p\u00e5 respekt f\u00f6r f\u00f6rfattaren och andra medlemmar kommer inte godk\u00e4nnas.<\/p>\n<p>Kommentarer som inneh\u00e5ller information som \u00e4r uppenbart falsk och vilseledande, inneh\u00e5ller personuppgifter som privata adresser och\/eller telefonnummer, samt de som strider mot v\u00e5r uppgiftsskyddspolicy kommer att plockas bort.<\/p>\n<p>Kommentarer som l\u00e4mnats enbart f\u00f6r att marknadsf\u00f6ra en annan webbplats, person eller kollektiv, samt allt som i allm\u00e4nhet kan betraktas som spam kommer att plockas bort.<\/p>\n<p>Anonyma kommentarer, och kommentarer av en och samma person under olika anv\u00e4ndarnamn, \u00e4r inte till\u00e5tna. Kommentarer som f\u00f6rs\u00f6ker tvinga in en annan anv\u00e4ndare i en debatt eller att ta st\u00e4llning till n\u00e5got \u00e4r inte heller till\u00e5tna.<\/p>\n<h2><strong>Undantagande av garantier och ansvar<\/strong><\/h2>\n<p>FINCA EL SUECO ANDALUZ S.L.U. i egenskap som innehavare av <strong>fincasolmark.com<\/strong> ger inte n\u00e5gra garantier och p\u00e5tar sig inte n\u00e5got ansvar f\u00f6r skador som uppst\u00e5r som ett resultat av:<\/p>\n<ul>\n<li>Brist p\u00e5 tillg\u00e4nglighet, underh\u00e5ll och effektiv drift av webbplatsen inklusive dess tj\u00e4nster och inneh\u00e5ll.<\/li>\n<li>F\u00f6rekomsten av virus, skadlig kod och skadliga program i inneh\u00e5llet.<\/li>\n<li>Anv\u00e4ndning som \u00e4r olaglig, v\u00e5rdsl\u00f6s, bedr\u00e4glig eller strider mot detta r\u00e4ttsliga meddelande.<\/li>\n<li>Brist p\u00e5 laglighet, kvalitet, tillf\u00f6rlitlighet, anv\u00e4ndbarhet och tillg\u00e4nglighet av tj\u00e4nster som tillhandah\u00e5lls av tredje parter som finns tillg\u00e4ngliga f\u00f6r anv\u00e4ndare p\u00e5 webbplatsen.<\/li>\n<li>Skador som uppst\u00e5r p\u00e5 grund av olaglig eller otillb\u00f6rlig anv\u00e4ndning av denna webbplats.<\/li>\n<\/ul>\n<p>&nbsp;<\/p>\n<h2><strong>Till\u00e4mplig lag och jurisdiktion<\/strong><\/h2>\n<p>I allm\u00e4nhet omfattas f\u00f6rh\u00e5llandet mellan FINCA EL SUECO ANDALUZ S.L.U. (<strong>fincasolmark.com<\/strong>) och anv\u00e4ndarna av webbplatsens telematiska tj\u00e4nster. De \u00e4r f\u00f6rem\u00e5l f\u00f6r spansk lagstiftning och jurisdiktion hos domstolarna i M\u00e1laga.<\/p>\n<p>&nbsp;<\/p>\n<h2><strong>Kontakt<\/strong><\/h2>\n<p>Om du som anv\u00e4ndare har n\u00e5gra fr\u00e5gor om dessa juridiska anv\u00e4ndarvillkor eller om du skulle vilja l\u00e4mna en kommentar om <strong>fincasolmark.com<\/strong> s\u00e5 kan du skriva till oss p\u00e5<strong> elsuecoandaluz@fincasolmark.com<\/strong> s\u00e5 kommer vi att svara s\u00e5 fort som m\u00f6jligt.<\/p>\n<p>&nbsp;<\/p>\n<p><strong>Detta r\u00e4ttsliga meddelande uppdaterades senast 05-08-2021.<\/strong><\/p>\n<p>[\/et_pb_text][\/et_pb_column][\/et_pb_row][\/et_pb_section]<\/p>\n","protected":false},"excerpt":{"rendered":"<p>R\u00e4ttsligt meddelande och anv\u00e4ndarvillkor P\u00e5 den h\u00e4r sidan hittar du all information om de juridiska villkor som reglerar f\u00f6rh\u00e5llandet mellan anv\u00e4ndare och innehavaren av denna webbplats. Som anv\u00e4ndare \u00e4r det viktigt att du \u00e4r medveten om dessa villkor innan du forts\u00e4tter att anv\u00e4nda webbplatsen. Denna webbplats efterlever lag 34\/2002 (Spanien) fr\u00e5n den 11 juli om [&hellip;]<\/p>\n","protected":false},"author":1,"featured_media":0,"parent":0,"menu_order":0,"comment_status":"closed","ping_status":"closed","template":"","meta":{"_et_pb_use_builder":"on","_et_pb_old_content":"","_et_gb_content_width":"","footnotes":""},"class_list":["post-240953","page","type-page","status-publish","hentry"],"_links":{"self":[{"href":"https:\/\/fincasolmark.com\/sv\/wp-json\/wp\/v2\/pages\/240953","targetHints":{"allow":["GET"]}}],"collection":[{"href":"https:\/\/fincasolmark.com\/sv\/wp-json\/wp\/v2\/pages"}],"about":[{"href":"https:\/\/fincasolmark.com\/sv\/wp-json\/wp\/v2\/types\/page"}],"author":[{"embeddable":true,"href":"https:\/\/fincasolmark.com\/sv\/wp-json\/wp\/v2\/users\/1"}],"replies":[{"embeddable":true,"href":"https:\/\/fincasolmark.com\/sv\/wp-json\/wp\/v2\/comments?post=240953"}],"version-history":[{"count":0,"href":"https:\/\/fincasolmark.com\/sv\/wp-json\/wp\/v2\/pages\/240953\/revisions"}],"wp:attachment":[{"href":"https:\/\/fincasolmark.com\/sv\/wp-json\/wp\/v2\/media?parent=240953"}],"curies":[{"name":"wp","href":"https:\/\/api.w.org\/{rel}","templated":true}]}}