{"id":240918,"date":"2019-07-16T10:00:31","date_gmt":"2019-07-16T10:00:31","guid":{"rendered":"http:\/\/fincasolmark.com\/wpfs\/bokning\/"},"modified":"2022-01-17T19:46:14","modified_gmt":"2022-01-17T18:46:14","slug":"bokning","status":"publish","type":"page","link":"https:\/\/fincasolmark.com\/sv\/bokning\/","title":{"rendered":"Bokning"},"content":{"rendered":"<p>[et_pb_section fb_built=&#8221;1&#8243; fullwidth=&#8221;on&#8221; _builder_version=&#8221;3.22.3&#8243; global_colors_info=&#8221;{}&#8221;][et_pb_fullwidth_slider show_arrows=&#8221;off&#8221; _builder_version=&#8221;4.9.4&#8243; header_font=&#8221;||||||||&#8221; body_font=&#8221;||||||||&#8221; body_font_size=&#8221;20px&#8221; custom_padding=&#8221;||172px|||&#8221; body_font_size_tablet=&#8221;&#8221; body_font_size_phone=&#8221;11px&#8221; body_font_size_last_edited=&#8221;on|phone&#8221; global_colors_info=&#8221;{}&#8221;][et_pb_slide heading=&#8221;BOKNING&#8221; use_bg_overlay=&#8221;off&#8221; use_text_overlay=&#8221;on&#8221; text_overlay_color=&#8221;rgba(255,255,255,0.17)&#8221; _builder_version=&#8221;4.9.4&#8243; header_level=&#8221;h1&#8243; header_font=&#8221;||||||||&#8221; body_font=&#8221;||||||||&#8221; background_image=&#8221;http:\/\/fincasolmark.com\/wp-content\/uploads\/2020\/06\/finca_solmark_reservas_casa_rural.jpg&#8221; background_enable_image=&#8221;on&#8221; header_font_size_tablet=&#8221;26px&#8221; header_font_size_phone=&#8221;18px&#8221; header_font_size_last_edited=&#8221;on|phone&#8221; body_font_size_tablet=&#8221;15px&#8221; body_font_size_phone=&#8221;10px&#8221; body_font_size_last_edited=&#8221;on|phone&#8221; global_colors_info=&#8221;{}&#8221; sticky_transition=&#8221;on&#8221;]Planera din vistelse p\u00e5 Finca Solmark[\/et_pb_slide][\/et_pb_fullwidth_slider][\/et_pb_section][et_pb_section fb_built=&#8221;1&#8243; admin_label=&#8221;Section&#8221; _builder_version=&#8221;3.22.3&#8243; custom_padding=&#8221;0px|||0px&#8221; custom_css_main_element=&#8221;display:none;&#8221; transparent_background=&#8221;off&#8221; make_fullwidth=&#8221;off&#8221; use_custom_width=&#8221;off&#8221; width_unit=&#8221;on&#8221; global_colors_info=&#8221;{}&#8221;][et_pb_row admin_label=&#8221;Row&#8221; _builder_version=&#8221;3.25&#8243; background_size=&#8221;initial&#8221; background_position=&#8221;top_left&#8221; background_repeat=&#8221;repeat&#8221; custom_margin=&#8221;0px||0px|&#8221; custom_padding=&#8221;0px||0px|&#8221; make_fullwidth=&#8221;off&#8221; use_custom_width=&#8221;off&#8221; width_unit=&#8221;on&#8221; global_colors_info=&#8221;{}&#8221;][et_pb_column type=&#8221;4_4&#8243; _builder_version=&#8221;3.25&#8243; custom_padding=&#8221;|||&#8221; global_colors_info=&#8221;{}&#8221; custom_padding__hover=&#8221;|||&#8221;][et_pb_code admin_label=&#8221;CSS Code&#8221; _builder_version=&#8221;3.22.4&#8243; global_colors_info=&#8221;{}&#8221;]<\/p>\n<style type=text\/css><!-- [et_pb_line_break_holder] -->\/*******  BLURB STYLES  *******\/<!-- [et_pb_line_break_holder] -->.b3_blurb_1 img {<!-- [et_pb_line_break_holder] -->    -webkit-transition: all .5s ease;<!-- [et_pb_line_break_holder] -->    -moz-transition: all .5s ease;<!-- [et_pb_line_break_holder] -->    -ms-transition: all .5s ease;<!-- [et_pb_line_break_holder] -->    -o-transition: all .5s ease;<!-- [et_pb_line_break_holder] -->    transition: all .5s ease;<!-- [et_pb_line_break_holder] -->    -ms-transform: scale(1.05);<!-- [et_pb_line_break_holder] -->    -webkit-transform: scale(1.05);<!-- [et_pb_line_break_holder] -->    transform: scale(1.05);<!-- [et_pb_line_break_holder] -->    -webkit-transform-origin: bottom;<!-- [et_pb_line_break_holder] -->    -moz-transform-origin: bottom;<!-- [et_pb_line_break_holder] -->    -ms-transform-origin: bottom;<!-- [et_pb_line_break_holder] -->    -o-transform-origin: bottom;<!-- [et_pb_line_break_holder] -->    transform-origin: bottom;<!-- [et_pb_line_break_holder] -->    border-radius: 10px 10px 0 0;<!-- [et_pb_line_break_holder] -->    -webkit-border-radius: 10px 10px 0 0;<!-- [et_pb_line_break_holder] -->    -moz-border-radius: 10px 10px 0 0;<!-- [et_pb_line_break_holder] -->}<!-- [et_pb_line_break_holder] -->.b3_blurb_1 {<!-- [et_pb_line_break_holder] -->    border: none !important;<!-- [et_pb_line_break_holder] -->    border-radius: 10px;<!-- [et_pb_line_break_holder] -->    -moz-border-radius:10px;<!-- [et_pb_line_break_holder] -->    -webkit-border-radius: 10px;<!-- [et_pb_line_break_holder] -->    -o-border-radius: 10px;<!-- [et_pb_line_break_holder] -->    overflow: hidden;<!-- [et_pb_line_break_holder] -->    width: 100%;<!-- [et_pb_line_break_holder] -->    position: relative;<!-- [et_pb_line_break_holder] -->    z-index: 1;<!-- [et_pb_line_break_holder] -->    -webkit-transition: all .5s ease-in-out;<!-- [et_pb_line_break_holder] -->    -moz-transition: all .5s ease-in-out;<!-- [et_pb_line_break_holder] -->    -ms-transition: all .5s ease-in-out;<!-- [et_pb_line_break_holder] -->    -o-transition: all .5s ease-in-out;<!-- [et_pb_line_break_holder] -->    box-shadow: 0 20px 100px rgba(212, 215, 217,.5);<!-- [et_pb_line_break_holder] -->    -webkit-box-shadow: 0 20px 100px rgba(212, 215, 217,.5);<!-- [et_pb_line_break_holder] -->    -moz-box-shadow: 0 20px 100px rgba(212, 215, 217,.5);<!-- [et_pb_line_break_holder] -->    -o-box-shadow: 0 20px 100px rgba(212, 215, 217,.5);<!-- [et_pb_line_break_holder] -->}<!-- [et_pb_line_break_holder] -->.b3_blurb_1:hover {<!-- [et_pb_line_break_holder] -->  box-shadow: 0 40px 100px rgb(212, 215, 217);<!-- [et_pb_line_break_holder] -->  -webkit-box-shadow: 0 40px 100px rgb(212, 215, 217);<!-- [et_pb_line_break_holder] -->  -moz-box-shadow: 0 40px 100px rgb(212, 215, 217);<!-- [et_pb_line_break_holder] -->  -o-box-shadow: 0 40px 100px rgb(212, 215, 217);<!-- [et_pb_line_break_holder] -->}<!-- [et_pb_line_break_holder] -->.b3_blurb_1:hover img {<!-- [et_pb_line_break_holder] -->    -ms-transform: scale(1.00) !important;<!-- [et_pb_line_break_holder] -->    -webkit-transform: scale(1.00) !important;<!-- [et_pb_line_break_holder] -->    transform: scale(1.00) !important;<!-- [et_pb_line_break_holder] -->    -webkit-transition: all 1000ms cubic-bezier(0.170, 0.690, 0.470, 0.995); <!-- [et_pb_line_break_holder] -->    -moz-transition: all 1000ms cubic-bezier(0.170, 0.690, 0.470, 0.995); <!-- [et_pb_line_break_holder] -->    -o-transition: all 1000ms cubic-bezier(0.170, 0.690, 0.470, 0.995); <!-- [et_pb_line_break_holder] -->    transition: all 1000ms cubic-bezier(0.170, 0.690, 0.470, 0.995); \/* custom *\/<!-- [et_pb_line_break_holder] -->}<!-- [et_pb_line_break_holder] -->.b3_blurb_1 .et_pb_main_blurb_image {<!-- [et_pb_line_break_holder] -->    margin-bottom: 20px;<!-- [et_pb_line_break_holder] -->    text-align: center;<!-- [et_pb_line_break_holder] -->}<!-- [et_pb_line_break_holder] -->\/**** BLURB LINK ***\/<!-- [et_pb_line_break_holder] -->.blurb_link {<!-- [et_pb_line_break_holder] -->    display: block;<!-- [et_pb_line_break_holder] -->    margin-top: 20px;<!-- [et_pb_line_break_holder] -->    text-transform: uppercase;<!-- [et_pb_line_break_holder] -->    font-weight: 700;<!-- [et_pb_line_break_holder] -->    letter-spacing: 0;<!-- [et_pb_line_break_holder] -->    -webkit-transition: all .4s ease-in-out;<!-- [et_pb_line_break_holder] -->    -moz-transition: all .4s ease-in-out;<!-- [et_pb_line_break_holder] -->    -ms-transition: all .4s ease-in-out;<!-- [et_pb_line_break_holder] -->    -o-transition: all .4s ease-in-out;<!-- [et_pb_line_break_holder] -->}<!-- [et_pb_line_break_holder] -->.blurb_link:hover {<!-- [et_pb_line_break_holder] -->    letter-spacing: 1px;<!-- [et_pb_line_break_holder] -->    -webkit-transition: all .4s ease-in-out;<!-- [et_pb_line_break_holder] -->    -moz-transition: all .4s ease-in-out;<!-- [et_pb_line_break_holder] -->    -ms-transition: all .4s ease-in-out;<!-- [et_pb_line_break_holder] -->    -o-transition: all .4s ease-in-out;<!-- [et_pb_line_break_holder] -->}<!-- [et_pb_line_break_holder] -->\/*------------------------------------------------------------------------*\/<!-- [et_pb_line_break_holder] -->\/*-------------------- BLURB RIPPLE EFFECT  ------------------------------*\/<!-- [et_pb_line_break_holder] -->\/*------------------------------------------------------------------------*\/<!-- [et_pb_line_break_holder] -->\/* Ripple Out *\/<!-- [et_pb_line_break_holder] -->@-webkit-keyframes blurb-ripple-out {<!-- [et_pb_line_break_holder] -->100% { top: -12px; right: -12px; bottom: -12px; left: -12px; opacity: 0; }<!-- [et_pb_line_break_holder] -->}<!-- [et_pb_line_break_holder] -->@keyframes blurb-ripple-out {<!-- [et_pb_line_break_holder] -->100% { top: -12px; right: -12px; bottom: -12px; left: -12px; opacity: 0; }<!-- [et_pb_line_break_holder] -->}<!-- [et_pb_line_break_holder] -->.blurb-ripple-out .et-pb-icon {<!-- [et_pb_line_break_holder] -->display: inline-block;<!-- [et_pb_line_break_holder] -->vertical-align: middle;<!-- [et_pb_line_break_holder] -->-webkit-transform: perspective(1px) translateZ(0);<!-- [et_pb_line_break_holder] -->transform: perspective(1px) translateZ(0);<!-- [et_pb_line_break_holder] -->box-shadow: 0 0 1px transparent;<!-- [et_pb_line_break_holder] -->position: relative;<!-- [et_pb_line_break_holder] -->}<!-- [et_pb_line_break_holder] -->.blurb-ripple-out .et-pb-icon:before {<!-- [et_pb_line_break_holder] -->content: '';<!-- [et_pb_line_break_holder] -->position: absolute;<!-- [et_pb_line_break_holder] -->\/* This is your ripple color & size *\/<!-- [et_pb_line_break_holder] -->border: #879e78 solid 6px;<!-- [et_pb_line_break_holder] -->\/* Uncomment the line below if it's a circle*\/<!-- [et_pb_line_break_holder] -->border-radius: 50%;<!-- [et_pb_line_break_holder] -->top: 0;<!-- [et_pb_line_break_holder] -->right: 0;<!-- [et_pb_line_break_holder] -->bottom: 0;<!-- [et_pb_line_break_holder] -->left: 0;<!-- [et_pb_line_break_holder] -->-webkit-animation-duration: 1s;<!-- [et_pb_line_break_holder] -->animation-duration: 1s;<!-- [et_pb_line_break_holder] -->}<!-- [et_pb_line_break_holder] -->.blurb-ripple-out:hover .et-pb-icon:before, <!-- [et_pb_line_break_holder] -->.blurb-ripple-out:focus .et-pb-icon:before, <!-- [et_pb_line_break_holder] -->.blurb-ripple-out:active .et-pb-icon:before {<!-- [et_pb_line_break_holder] -->-webkit-animation-name: blurb-ripple-out;<!-- [et_pb_line_break_holder] -->animation-name: blurb-ripple-out;<!-- [et_pb_line_break_holder] -->}<!-- [et_pb_line_break_holder] --><\/style>\n<p>[\/et_pb_code][\/et_pb_column][\/et_pb_row][\/et_pb_section][et_pb_section fb_built=&#8221;1&#8243; admin_label=&#8221;Contact Form&#8221; _builder_version=&#8221;4.14.6&#8243; background_color=&#8221;#e8e8e8&#8243; custom_padding=&#8221;1px||6px|||&#8221; hover_enabled=&#8221;0&#8243; box_shadow_style=&#8221;preset1&#8243; global_colors_info=&#8221;{}&#8221; disabled_on=&#8221;on|on|on&#8221; disabled=&#8221;on&#8221; sticky_enabled=&#8221;0&#8243;][et_pb_row column_structure=&#8221;1_2,1_2&#8243; use_custom_gutter=&#8221;on&#8221; gutter_width=&#8221;2&#8243; _builder_version=&#8221;3.25&#8243; width=&#8221;90%&#8221; max_width=&#8221;100%&#8221; locked=&#8221;off&#8221; global_colors_info=&#8221;{}&#8221;][et_pb_column type=&#8221;1_2&#8243; _builder_version=&#8221;3.25&#8243; custom_padding=&#8221;|||&#8221; global_colors_info=&#8221;{}&#8221; custom_padding__hover=&#8221;|||&#8221;][et_pb_text _builder_version=&#8221;3.27.4&#8243; text_font=&#8221;||||||||&#8221; text_font_size=&#8221;14px&#8221; text_line_height=&#8221;2em&#8221; header_font=&#8221;||||||||&#8221; header_2_font=&#8221;Libre Baskerville||||||||&#8221; header_2_font_size=&#8221;43px&#8221; header_2_line_height=&#8221;1.2em&#8221; max_width=&#8221;800px&#8221; custom_padding=&#8221;||0px|||&#8221; text_font_size_tablet=&#8221;13px&#8221; text_font_size_phone=&#8221;9px&#8221; text_font_size_last_edited=&#8221;on|phone&#8221; header_2_font_size_tablet=&#8221;31px&#8221; header_2_font_size_phone=&#8221;23px&#8221; header_2_font_size_last_edited=&#8221;on|phone&#8221; locked=&#8221;off&#8221; global_colors_info=&#8221;{}&#8221;]<\/p>\n<h2>Bokningsformul\u00e4r<\/h2>\n<p>*\u00a0<span>Observera att alla f\u00e4lt markerade med en asterisk \u00e4r obligatoriska f\u00f6r att skicka formul\u00e4ret<\/span><\/p>\n<p>[\/et_pb_text][et_pb_contact_form email=&#8221;reservas@fincasolmark.com&#8221; custom_message=&#8221;Mensaje de Reservas:||et_pb_line_break_holder||||et_pb_line_break_holder||De:  %%Nombre%%||et_pb_line_break_holder||Email: %%Email%%||et_pb_line_break_holder||Tel\u00e9fono: %%Telefono%%||et_pb_line_break_holder||Mensaje: %%mensaje%%||et_pb_line_break_holder||||et_pb_line_break_holder||Datos para la reserva:||et_pb_line_break_holder||Fecha de entrada: %%Fecha_Entrada%%||et_pb_line_break_holder||Fecha de salida: %%Fecha_Salida%%||et_pb_line_break_holder||N\u00famero de personas: %%Numero_Personas%%&#8221; success_message=&#8221;Su mensaje se ha enviado correctamente. Gracias por contactar con Finca Solmark. \u00a1\u00a1Hasta pronto!!&#8221; disabled_on=&#8221;off|off|off&#8221; _builder_version=&#8221;4.14.6&#8243; _unique_id=&#8221;f8ed75ea-3143-4926-a210-e564f31e190d&#8221; form_field_background_color=&#8221;#f4f4f4&#8243; title_font=&#8221;Gilda Display||||||||&#8221; title_font_size=&#8221;60px&#8221; title_line_height=&#8221;1.3em&#8221; form_field_font=&#8221;Open Sans||||||||&#8221; form_field_font_size=&#8221;16px&#8221; form_field_line_height=&#8221;1.6em&#8221; custom_button=&#8221;on&#8221; button_text_size=&#8221;16px&#8221; button_text_color=&#8221;#ffffff&#8221; button_bg_color=&#8221;#ad9a6b&#8221; button_bg_color_gradient_start=&#8221;rgba(255,255,255,0)&#8221; button_bg_color_gradient_end=&#8221;rgba(255,255,255,0.28)&#8221; button_bg_color_gradient_direction=&#8221;190deg&#8221; button_border_color=&#8221;#ffffff&#8221; button_border_radius=&#8221;33px&#8221; button_font=&#8221;Open Sans|600|||||||&#8221; button_icon=&#8221;&#xe010;||divi||400&#8243; text_orientation=&#8221;left&#8221; max_width=&#8221;800px&#8221; hover_enabled=&#8221;0&#8243; title_font_size_tablet=&#8221;40px&#8221; title_font_size_phone=&#8221;30px&#8221; title_font_size_last_edited=&#8221;on|desktop&#8221; form_background_color=&#8221;#f4f4f4&#8243; global_colors_info=&#8221;{}&#8221; button_text_color__hover=&#8221;#0f87ff&#8221; button_bg_color__hover_enabled=&#8221;on&#8221; button_bg_color__hover=&#8221;#ad9a6b&#8221; sticky_enabled=&#8221;0&#8243;][et_pb_contact_field field_id=&#8221;Nombre&#8221; field_title=&#8221;Namn och efternamn *&#8221; min_length=&#8221;1&#8243; fullwidth_field=&#8221;on&#8221; _builder_version=&#8221;4.4.2&#8243; global_colors_info=&#8221;{}&#8221; button_text_size__hover_enabled=&#8221;off&#8221; button_one_text_size__hover_enabled=&#8221;off&#8221; button_two_text_size__hover_enabled=&#8221;off&#8221; button_text_color__hover_enabled=&#8221;off&#8221; button_one_text_color__hover_enabled=&#8221;off&#8221; button_two_text_color__hover_enabled=&#8221;off&#8221; button_border_width__hover_enabled=&#8221;off&#8221; button_one_border_width__hover_enabled=&#8221;off&#8221; button_two_border_width__hover_enabled=&#8221;off&#8221; button_border_color__hover_enabled=&#8221;off&#8221; button_one_border_color__hover_enabled=&#8221;off&#8221; button_two_border_color__hover_enabled=&#8221;off&#8221; button_border_radius__hover_enabled=&#8221;off&#8221; button_one_border_radius__hover_enabled=&#8221;off&#8221; button_two_border_radius__hover_enabled=&#8221;off&#8221; button_letter_spacing__hover_enabled=&#8221;off&#8221; button_one_letter_spacing__hover_enabled=&#8221;off&#8221; button_two_letter_spacing__hover_enabled=&#8221;off&#8221; button_bg_color__hover_enabled=&#8221;off&#8221; button_one_bg_color__hover_enabled=&#8221;off&#8221; button_two_bg_color__hover_enabled=&#8221;off&#8221;][\/et_pb_contact_field][et_pb_contact_field field_id=&#8221;Email&#8221; field_title=&#8221;E-post *&#8221; field_type=&#8221;email&#8221; fullwidth_field=&#8221;on&#8221; _builder_version=&#8221;4.4.2&#8243; global_colors_info=&#8221;{}&#8221; button_text_size__hover_enabled=&#8221;off&#8221; button_one_text_size__hover_enabled=&#8221;off&#8221; button_two_text_size__hover_enabled=&#8221;off&#8221; button_text_color__hover_enabled=&#8221;off&#8221; button_one_text_color__hover_enabled=&#8221;off&#8221; button_two_text_color__hover_enabled=&#8221;off&#8221; button_border_width__hover_enabled=&#8221;off&#8221; button_one_border_width__hover_enabled=&#8221;off&#8221; button_two_border_width__hover_enabled=&#8221;off&#8221; button_border_color__hover_enabled=&#8221;off&#8221; button_one_border_color__hover_enabled=&#8221;off&#8221; button_two_border_color__hover_enabled=&#8221;off&#8221; button_border_radius__hover_enabled=&#8221;off&#8221; button_one_border_radius__hover_enabled=&#8221;off&#8221; button_two_border_radius__hover_enabled=&#8221;off&#8221; button_letter_spacing__hover_enabled=&#8221;off&#8221; button_one_letter_spacing__hover_enabled=&#8221;off&#8221; button_two_letter_spacing__hover_enabled=&#8221;off&#8221; button_bg_color__hover_enabled=&#8221;off&#8221; button_one_bg_color__hover_enabled=&#8221;off&#8221; button_two_bg_color__hover_enabled=&#8221;off&#8221;][\/et_pb_contact_field][et_pb_contact_field field_id=&#8221;Telefono&#8221; field_title=&#8221;Telefonnummer *&#8221; min_length=&#8221;8&#8243; fullwidth_field=&#8221;on&#8221; _builder_version=&#8221;4.4.2&#8243; global_colors_info=&#8221;{}&#8221;][\/et_pb_contact_field][et_pb_contact_field field_id=&#8221;Fecha_Entrada&#8221; field_title=&#8221;Incheckningsdatum *&#8221; min_length=&#8221;1&#8243; fullwidth_field=&#8221;on&#8221; _builder_version=&#8221;3.23.3&#8243; global_colors_info=&#8221;{}&#8221;][\/et_pb_contact_field][et_pb_contact_field field_id=&#8221;Fecha_Salida&#8221; field_title=&#8221;Utcheckningsdatum *&#8221; min_length=&#8221;1&#8243; fullwidth_field=&#8221;on&#8221; _builder_version=&#8221;3.23.3&#8243; global_colors_info=&#8221;{}&#8221;][\/et_pb_contact_field][et_pb_contact_field field_id=&#8221;Numero_Personas&#8221; field_title=&#8221;Antal personer&#8221; min_length=&#8221;1&#8243; max_length=&#8221;1&#8243; allowed_symbols=&#8221;numbers&#8221; fullwidth_field=&#8221;on&#8221; _builder_version=&#8221;3.23.3&#8243; global_colors_info=&#8221;{}&#8221; button_text_size__hover_enabled=&#8221;off&#8221; button_one_text_size__hover_enabled=&#8221;off&#8221; button_two_text_size__hover_enabled=&#8221;off&#8221; button_text_color__hover_enabled=&#8221;off&#8221; button_one_text_color__hover_enabled=&#8221;off&#8221; button_two_text_color__hover_enabled=&#8221;off&#8221; button_border_width__hover_enabled=&#8221;off&#8221; button_one_border_width__hover_enabled=&#8221;off&#8221; button_two_border_width__hover_enabled=&#8221;off&#8221; button_border_color__hover_enabled=&#8221;off&#8221; button_one_border_color__hover_enabled=&#8221;off&#8221; button_two_border_color__hover_enabled=&#8221;off&#8221; button_border_radius__hover_enabled=&#8221;off&#8221; button_one_border_radius__hover_enabled=&#8221;off&#8221; button_two_border_radius__hover_enabled=&#8221;off&#8221; button_letter_spacing__hover_enabled=&#8221;off&#8221; button_one_letter_spacing__hover_enabled=&#8221;off&#8221; button_two_letter_spacing__hover_enabled=&#8221;off&#8221; button_bg_color__hover_enabled=&#8221;off&#8221; button_one_bg_color__hover_enabled=&#8221;off&#8221; button_two_bg_color__hover_enabled=&#8221;off&#8221;][\/et_pb_contact_field][et_pb_contact_field field_id=&#8221;mensaje&#8221; field_title=&#8221;Meddelande&#8221; field_type=&#8221;text&#8221; fullwidth_field=&#8221;on&#8221; _builder_version=&#8221;4.4.2&#8243; global_colors_info=&#8221;{}&#8221;][\/et_pb_contact_field][\/et_pb_contact_form][\/et_pb_column][et_pb_column type=&#8221;1_2&#8243; _builder_version=&#8221;3.25&#8243; custom_padding=&#8221;|0px||&#8221; global_colors_info=&#8221;{}&#8221; custom_padding__hover=&#8221;|||&#8221;][et_pb_text disabled_on=&#8221;off|off|off&#8221; _builder_version=&#8221;4.14.6&#8243; text_font=&#8221;||||||||&#8221; text_font_size=&#8221;18px&#8221; custom_margin=&#8221;66px|0px||||&#8221; custom_margin_tablet=&#8221;|0px||&#8221; custom_margin_phone=&#8221;&#8221; custom_margin_last_edited=&#8221;on|desktop&#8221; hover_enabled=&#8221;0&#8243; global_colors_info=&#8221;{}&#8221; sticky_enabled=&#8221;0&#8243;]<\/p>\n<p>F\u00f6r att slutf\u00f6ra din bokning m\u00e5ste du fylla i detta formul\u00e4r eller skicka ett e-postmeddelande till\u00a0reservas@fincasolmark.com och ber\u00e4tta f\u00f6r oss:<\/p>\n<p><i class=\"material-icons\">assignment_ind<\/i> Ditt f\u00f6r- och efternamn<\/p>\n<p><i class=\"material-icons\">alternate_email<\/i> E-post<\/p>\n<p><i class=\"material-icons\">phone_iphone<\/i> Telefonnummer<\/p>\n<p><i class=\"material-icons\">date_range<\/i> Datum f\u00f6r vistelsen<\/p>\n<p><i class=\"material-icons\">people<\/i> Antal personer<\/p>\n<p>Vi kommer att kontakta dig s\u00e5 snart som m\u00f6jligt f\u00f6r att slutf\u00f6ra din bokningsbeg\u00e4ran.<\/p>\n<p>Ta en titt p\u00e5 v\u00e5ra specialpriser f\u00f6r l\u00e4ngre vistelser.<\/p>\n<p>Njut av din vistelse!<\/p>\n<p>(*) Huset kommer finnas tillg\u00e4ngligt att hyra fr\u00e5n maj 2020 och fram\u00e5t men du kan boka din vistelse redan nu.<\/p>\n<p>[\/et_pb_text][\/et_pb_column][\/et_pb_row][\/et_pb_section]<\/p>\n","protected":false},"excerpt":{"rendered":"<p>Planera din vistelse p\u00e5 Finca SolmarkBokningsformul\u00e4r *\u00a0Observera att alla f\u00e4lt markerade med en asterisk \u00e4r obligatoriska f\u00f6r att skicka formul\u00e4retF\u00f6r att slutf\u00f6ra din bokning m\u00e5ste du fylla i detta formul\u00e4r eller skicka ett e-postmeddelande till\u00a0reservas@fincasolmark.com och ber\u00e4tta f\u00f6r oss: assignment_ind Ditt f\u00f6r- och efternamn alternate_email E-post phone_iphone Telefonnummer date_range Datum f\u00f6r vistelsen people Antal personer [&hellip;]<\/p>\n","protected":false},"author":1,"featured_media":0,"parent":0,"menu_order":0,"comment_status":"closed","ping_status":"closed","template":"","meta":{"_et_pb_use_builder":"on","_et_pb_old_content":"","_et_gb_content_width":"","footnotes":""},"class_list":["post-240918","page","type-page","status-publish","hentry"],"_links":{"self":[{"href":"https:\/\/fincasolmark.com\/sv\/wp-json\/wp\/v2\/pages\/240918","targetHints":{"allow":["GET"]}}],"collection":[{"href":"https:\/\/fincasolmark.com\/sv\/wp-json\/wp\/v2\/pages"}],"about":[{"href":"https:\/\/fincasolmark.com\/sv\/wp-json\/wp\/v2\/types\/page"}],"author":[{"embeddable":true,"href":"https:\/\/fincasolmark.com\/sv\/wp-json\/wp\/v2\/users\/1"}],"replies":[{"embeddable":true,"href":"https:\/\/fincasolmark.com\/sv\/wp-json\/wp\/v2\/comments?post=240918"}],"version-history":[{"count":0,"href":"https:\/\/fincasolmark.com\/sv\/wp-json\/wp\/v2\/pages\/240918\/revisions"}],"wp:attachment":[{"href":"https:\/\/fincasolmark.com\/sv\/wp-json\/wp\/v2\/media?parent=240918"}],"curies":[{"name":"wp","href":"https:\/\/api.w.org\/{rel}","templated":true}]}}