{"id":240895,"date":"2019-07-16T09:02:04","date_gmt":"2019-07-16T09:02:04","guid":{"rendered":"http:\/\/fincasolmark.com\/wpfs\/carratraca-ett-dolt-paradis-for-avslappning-och-okat-valbefinnande\/"},"modified":"2024-04-12T20:41:05","modified_gmt":"2024-04-12T18:41:05","slug":"carratraca-ett-dolt-paradis-for-avslappning-och-okat-valbefinnande","status":"publish","type":"page","link":"https:\/\/fincasolmark.com\/sv\/carratraca-ett-dolt-paradis-for-avslappning-och-okat-valbefinnande\/","title":{"rendered":"CARRATRACA Ett dolt paradis f\u00f6r avslappning och \u00f6kat v\u00e4lbefinnande"},"content":{"rendered":"<p>[et_pb_section fb_built=&#8221;1&#8243; admin_label=&#8221;section&#8221; _builder_version=&#8221;4.16&#8243; background_image=&#8221;https:\/\/fincasolmark.com\/wp-content\/uploads\/2019\/05\/finca_solmark_carratraca.jpg&#8221; transparent_background=&#8221;off&#8221; make_fullwidth=&#8221;off&#8221; use_custom_width=&#8221;off&#8221; width_unit=&#8221;on&#8221; global_colors_info=&#8221;{}&#8221;][et_pb_row custom_padding_last_edited=&#8221;on|phone&#8221; admin_label=&#8221;row&#8221; _builder_version=&#8221;4.16&#8243; background_color_gradient_direction=&#8221;360deg&#8221; background_blend=&#8221;soft-light&#8221; custom_padding=&#8221;10vw||11vw|||&#8221; custom_padding_tablet=&#8221;100px||100px|&#8221; custom_padding_phone=&#8221;80px||80px|&#8221; global_colors_info=&#8221;{}&#8221;][et_pb_column type=&#8221;4_4&#8243; _builder_version=&#8221;4.16&#8243; background_position=&#8221;top_left&#8221; custom_padding=&#8221;|||&#8221; global_colors_info=&#8221;{}&#8221; custom_padding__hover=&#8221;|||&#8221;][et_pb_text _builder_version=&#8221;4.16&#8243; text_font=&#8221;Libre Franklin||||||||&#8221; text_text_color=&#8221;#ffffff&#8221; header_font=&#8221;||||||||&#8221; header_font_size=&#8221;40px&#8221; background_color=&#8221;rgba(0,0,0,0.36)&#8221; background_layout=&#8221;dark&#8221; header_font_size_tablet=&#8221;26px&#8221; header_font_size_phone=&#8221;18px&#8221; header_font_size_last_edited=&#8221;on|phone&#8221; global_colors_info=&#8221;{}&#8221;]<\/p>\n<h1 style=\"text-align: center;\">CARRATRACA<\/h1>\n<h1 style=\"text-align: center;\">Ett dolt paradis f\u00f6r avslappning och \u00f6kat v\u00e4lbefinnande<\/h1>\n<p>[\/et_pb_text][\/et_pb_column][\/et_pb_row][\/et_pb_section][et_pb_section fb_built=&#8221;1&#8243; _builder_version=&#8221;4.16&#8243; custom_padding=&#8221;0px||2px|||&#8221; global_colors_info=&#8221;{}&#8221;][et_pb_row _builder_version=&#8221;4.16&#8243; custom_padding=&#8221;65px|||||&#8221; global_colors_info=&#8221;{}&#8221;][et_pb_column type=&#8221;4_4&#8243; _builder_version=&#8221;4.16&#8243; custom_padding=&#8221;|||&#8221; global_colors_info=&#8221;{}&#8221; custom_padding__hover=&#8221;|||&#8221;][et_pb_text _builder_version=&#8221;4.16&#8243; text_font=&#8221;||||||||&#8221; text_font_size=&#8221;18px&#8221; min_height=&#8221;429px&#8221; text_font_size_tablet=&#8221;16px&#8221; text_font_size_phone=&#8221;13px&#8221; text_font_size_last_edited=&#8221;on|phone&#8221; global_colors_info=&#8221;{}&#8221;]<\/p>\n<p><strong>Finca Solmark<\/strong> ligger i kommunen <strong>Carratraca<\/strong> i provinsen M\u00e1laga i s\u00f6dra Spanien, vid \u00a0den nordligaste foten av den bergiga regionen Serran\u00eda de Ronda. Platsens namn kommer fr\u00e5n arabiskans <strong>\u201dKarr-al-krak\u201d<\/strong> vilket betyder <strong>\u201drenande av \u00e4rr\u201d.<\/strong>\u00a0Det \u00e4r en av de nordligaste delar som gr\u00e4nsar till regionen Valle del Guadalhorce och Antequera via Ardales.<\/p>\n<p style=\"font-weight: 400;\">\u00c4ven om det fanns en bos\u00e4ttning h\u00e4r under Spaniens islamiska era s\u00e5 dateras den nuvarande staden till 1800-talet. Staden \u00e4r full med v\u00e4lbevarade\u00a0<strong>historiska platser och byggnader<\/strong>\u00a0som trots deras \u00e5lder kan bes\u00f6kas \u00e4n idag och som utg\u00f6r en del av\u00a0<strong>det rika konstn\u00e4rliga och kulturella arvet i provinsen M\u00e1laga<\/strong>. Men det mest k\u00e4nda arvet i staden som l\u00e4mnats kvar av dess f\u00f6rflutna \u00e4r ett\u00a0<strong>spa med svavelrikt vatten,<\/strong>\u00a0fullt av olika terapeutiska egenskaper.<\/p>\n<p>Vi vet att det \u00e5r 1725 endast fanns ett hus i omr\u00e5det som var k\u00e4nt under namnet\u00a0<strong>\u201dCortijo de Aguas Hediondas\u201d (bondg\u00e5rden med det illaluktande vattnet).\u00a0<\/strong>Det faktum att bad uppt\u00e4ckts i n\u00e4rheten av k\u00e4llan tillsammans med gravar och bitar av keramik i andra delar staden samt rester av en v\u00e4gg tyder p\u00e5 att Carratraca var bebott redan under Romarriket. Soldater badade i omr\u00e5det f\u00f6r att l\u00e4ka sina stridsskador eftersom vattnet har l\u00e4kande egenskaper p\u00e5 grund av dess rika svavel-, kalcium- och magnesiuminneh\u00e5ll. Det var dock araberna som gav staden vid foten av Sierra Blanquilla sitt namn. Inom de kommunala gr\u00e4nserna har man hittat en grotta som str\u00e4cker sig 40 m under marken full med <strong>schematiska m\u00e5lningar och arkeologiska fynd fr\u00e5n koppar\u00e5ldern<\/strong>. Att det fanns m\u00e4nniskor s\u00e5 l\u00e5ngt tillbaka som den f\u00f6rhistoriska eran vittnar \u00e4ven den n\u00e4rliggande kommunen Ardales om d\u00e4r det finns en grotta vid namn Do\u00f1a Trinidad Grund full med grottm\u00e5lningar av getter, h\u00e4star och r\u00e5djur fr\u00e5n den \u00f6vre paleolitiska perioden: 18 000 \u2013 14 000 f.kr.)<\/p>\n<p>[\/et_pb_text][\/et_pb_column][\/et_pb_row][\/et_pb_section][et_pb_section fb_built=&#8221;1&#8243; _builder_version=&#8221;4.16&#8243; background_color=&#8221;#969696&#8243; custom_padding=&#8221;4px||6px|||&#8221; box_shadow_style=&#8221;preset1&#8243; global_colors_info=&#8221;{}&#8221;][et_pb_row _builder_version=&#8221;4.16&#8243; global_colors_info=&#8221;{}&#8221;][et_pb_column type=&#8221;4_4&#8243; _builder_version=&#8221;4.16&#8243; custom_padding=&#8221;|||&#8221; global_colors_info=&#8221;{}&#8221; custom_padding__hover=&#8221;|||&#8221;][et_pb_text _builder_version=&#8221;4.20.0&#8243; text_font=&#8221;||||||||&#8221; text_text_color=&#8221;#ffffff&#8221; text_font_size=&#8221;20px&#8221; ul_font=&#8221;||||||||&#8221; text_orientation=&#8221;center&#8221; text_font_size_tablet=&#8221;17px&#8221; text_font_size_phone=&#8221;15px&#8221; text_font_size_last_edited=&#8221;on|phone&#8221; global_colors_info=&#8221;{}&#8221;]<\/p>\n<p>BES\u00d6K ETT ANDALUSIEN SOM F\u00c5 UPPT\u00c4CKT OCH NJUT AV EN HELT UNIK RESA.<\/p>\n<p>[\/et_pb_text][\/et_pb_column][\/et_pb_row][\/et_pb_section][et_pb_section fb_built=&#8221;1&#8243; disabled_on=&#8221;on|on|on&#8221; _builder_version=&#8221;4.24.3&#8243; custom_padding=&#8221;||7px|||&#8221; disabled=&#8221;on&#8221; global_colors_info=&#8221;{}&#8221;][et_pb_row column_structure=&#8221;1_2,1_2&#8243; _builder_version=&#8221;4.16&#8243; custom_padding=&#8221;10px|||||&#8221; global_colors_info=&#8221;{}&#8221;][et_pb_column type=&#8221;1_2&#8243; _builder_version=&#8221;4.16&#8243; custom_padding=&#8221;|||&#8221; global_colors_info=&#8221;{}&#8221; custom_padding__hover=&#8221;|||&#8221;][et_pb_cta button_url=&#8221;https:\/\/fincasolmark.com\/kontakt\/&#8221; button_text=&#8221;Jag skulle vilja f\u00e5 lite tips&#8221; _builder_version=&#8221;4.16&#8243; header_font=&#8221;Libre Baskerville||||||||&#8221; header_font_size=&#8221;29px&#8221; body_font=&#8221;Libre Baskerville||||||||&#8221; body_font_size=&#8221;18px&#8221; use_background_color=&#8221;off&#8221; custom_button=&#8221;on&#8221; button_border_radius=&#8221;25px&#8221; button_font=&#8221;||||||||&#8221; background_layout=&#8221;light&#8221; custom_padding=&#8221;10%|5%||5%||&#8221; custom_padding_tablet=&#8221;0%||&#8221; custom_padding_phone=&#8221;&#8221; custom_padding_last_edited=&#8221;on|phone&#8221; header_font_size_tablet=&#8221;&#8221; header_font_size_phone=&#8221;22px&#8221; header_font_size_last_edited=&#8221;on|tablet&#8221; body_font_size_tablet=&#8221;16px&#8221; body_font_size_phone=&#8221;13px&#8221; body_font_size_last_edited=&#8221;on|phone&#8221; button_text_size_tablet=&#8221;16px&#8221; button_text_size_phone=&#8221;13px&#8221; button_text_size_last_edited=&#8221;on|phone&#8221; border_radii=&#8221;on|20px|20px|20px|20px&#8221; global_colors_info=&#8221;{}&#8221;]<span lang=\"SV\">Ber\u00e4tta vilka typer av bes\u00f6k du f\u00f6redrar s\u00e5 hj\u00e4lper vi dig att v\u00e4lja ut vilka platser och\u00a0<\/span><u><a href=\"https:\/\/fincasolmark.com\/activiteter\" target=\"_blank\" rel=\"noopener\" data-saferedirecturl=\"https:\/\/www.google.com\/url?q=https:\/\/fincasolmark.com\/wpfs\/sv\/activiteter&amp;source=gmail&amp;ust=1579853664706000&amp;usg=AFQjCNG07GIuMxsF1gSRmrGdNWu1aLXqcw\"><span lang=\"SV\">aktiviteter<\/span><\/a><\/u><span lang=\"SV\">\u00a0som du inte f\u00e5r missa.<\/span>[\/et_pb_cta][\/et_pb_column][et_pb_column type=&#8221;1_2&#8243; _builder_version=&#8221;4.16&#8243; custom_padding=&#8221;|||&#8221; global_colors_info=&#8221;{}&#8221; custom_padding__hover=&#8221;|||&#8221;][et_pb_image src=&#8221;https:\/\/fincasolmark.com\/wp-content\/uploads\/2019\/05\/finca_solmark_carratraca_visitas.jpg&#8221; _builder_version=&#8221;4.16&#8243; box_shadow_style=&#8221;preset1&#8243; global_colors_info=&#8221;{}&#8221;][\/et_pb_image][\/et_pb_column][\/et_pb_row][\/et_pb_section][et_pb_section fb_built=&#8221;1&#8243; _builder_version=&#8221;4.16&#8243; custom_margin=&#8221;||-9px|||&#8221; custom_padding=&#8221;||19px|||&#8221; global_colors_info=&#8221;{}&#8221;][et_pb_row _builder_version=&#8221;4.16&#8243; custom_padding=&#8221;3px||6px|||&#8221; global_colors_info=&#8221;{}&#8221;][et_pb_column type=&#8221;4_4&#8243; _builder_version=&#8221;4.16&#8243; custom_padding=&#8221;|||&#8221; global_colors_info=&#8221;{}&#8221; custom_padding__hover=&#8221;|||&#8221;][et_pb_divider _builder_version=&#8221;4.16&#8243; global_colors_info=&#8221;{}&#8221;][\/et_pb_divider][et_pb_text _builder_version=&#8221;4.20.0&#8243; text_font=&#8221;||||||||&#8221; text_text_color=&#8221;#879e78&#8243; text_font_size=&#8221;28px&#8221; text_line_height=&#8221;1.8em&#8221; header_font=&#8221;||||||||&#8221; header_2_font=&#8221;Libre Baskerville||||||||&#8221; header_2_text_color=&#8221;#ad9a6b&#8221; header_2_font_size=&#8221;28px&#8221; header_2_line_height=&#8221;1.2em&#8221; header_3_font=&#8221;||||||||&#8221; text_font_size_tablet=&#8221;16px&#8221; text_font_size_phone=&#8221;10px&#8221; text_font_size_last_edited=&#8221;on|phone&#8221; header_font_size_tablet=&#8221;26px&#8221; header_font_size_phone=&#8221;18px&#8221; header_font_size_last_edited=&#8221;on|phone&#8221; header_2_font_size_tablet=&#8221;18px&#8221; header_2_font_size_phone=&#8221;15px&#8221; header_2_font_size_last_edited=&#8221;on|phone&#8221; header_3_font_size_tablet=&#8221;16px&#8221; header_3_font_size_phone=&#8221;10px&#8221; header_3_font_size_last_edited=&#8221;on|desktop&#8221; global_colors_info=&#8221;{}&#8221;]<\/p>\n<h2 style=\"text-align: center;\"><strong>SAKER ATT SE I CARRATRACA<\/strong><\/h2>\n<h3 style=\"text-align: center;\"><strong>Natur &#8211; Kultur &#8211; Gastronomi &#8211; Sport &#8211; H\u00e4lsa och v\u00e4lbefinnande<\/strong><\/h3>\n<p style=\"text-align: center;\">[\/et_pb_text][et_pb_divider _builder_version=&#8221;4.16&#8243; global_colors_info=&#8221;{}&#8221;][\/et_pb_divider][\/et_pb_column][\/et_pb_row][et_pb_row _builder_version=&#8221;4.16&#8243; global_colors_info=&#8221;{}&#8221;][et_pb_column type=&#8221;4_4&#8243; _builder_version=&#8221;4.16&#8243; custom_padding=&#8221;|||&#8221; global_colors_info=&#8221;{}&#8221; custom_padding__hover=&#8221;|||&#8221;][et_pb_text _builder_version=&#8221;4.16&#8243; text_font=&#8221;||||||||&#8221; text_font_size=&#8221;18px&#8221; text_font_size_tablet=&#8221;16px&#8221; text_font_size_phone=&#8221;13px&#8221; text_font_size_last_edited=&#8221;on|phone&#8221; global_colors_info=&#8221;{}&#8221;]Det finns n\u00e4st intill o\u00e4ndligt med erbjudanden f\u00f6r bes\u00f6kare i Carratraca. Det finns \u00e4ven ett stort antal intressanta platser i n\u00e4rheten som <em>Ardales, Casarabonela, \u00c1lora, Yunquera, Guaro, Co\u00edn, Antequera, Mijas, Co\u00edn, Ronda, Monda, C\u00e1rtama, Casabermeja, Pizarra, Oj\u00e9n, Fuente de Piedra, Marbella, M\u00e1laga, Torremolinos, Benalm\u00e1dena<\/em> och de alla \u00f6verraskar och inspirerar p\u00e5 sitt helt egna unika s\u00e4tt.[\/et_pb_text][et_pb_text _builder_version=&#8221;4.16&#8243; text_font=&#8221;||||||||&#8221; text_font_size=&#8221;18px&#8221; text_font_size_tablet=&#8221;16px&#8221; text_font_size_phone=&#8221;13px&#8221; text_font_size_last_edited=&#8221;on|desktop&#8221; global_colors_info=&#8221;{}&#8221;]Du kan l\u00e4sa n\u00e5gra av v\u00e5ra rekommendationer nedan: Vi uppmanar dig att skriva till oss f\u00f6re ditt bes\u00f6k och ber\u00e4tta vilken typ av resa du vill ha s\u00e5 att vi kan ge dig r\u00e5d om vilka platser och aktiviteter som passar dina \u00f6nskem\u00e5l b\u00e4st. Gl\u00f6m inte bort att du kan kontakta oss p\u00e5 <b><a>lycklig@fincasolmark.com<\/a><\/b><a>\u00a0<\/a><wbr \/>eller via <b><a href=\"https:\/\/fincasolmark.com\/kontakt\/\" target=\"_blank\" rel=\"noopener noreferrer\" data-saferedirecturl=\"https:\/\/www.google.com\/url?q=https:\/\/fincasolmark.com\/contacto&amp;source=gmail&amp;ust=1558776752989000&amp;usg=AFQjCNFUQKQrxN0tTjt7-RZRuhSYRwKX-g\">kontaktformul\u00e4ret<\/a>.<\/b>[\/et_pb_text][\/et_pb_column][\/et_pb_row][\/et_pb_section][et_pb_section fb_built=&#8221;1&#8243; _builder_version=&#8221;4.16&#8243; custom_padding=&#8221;4px||9px|||&#8221; top_divider_color=&#8221;#000000&#8243; top_divider_height=&#8221;83px&#8221; bottom_divider_height=&#8221;73px&#8221; bottom_divider_arrangement=&#8221;above_content&#8221; global_colors_info=&#8221;{}&#8221;][et_pb_row column_structure=&#8221;1_2,1_2&#8243; _builder_version=&#8221;4.16&#8243; _module_preset=&#8221;default&#8221; global_colors_info=&#8221;{}&#8221;][et_pb_column type=&#8221;1_2&#8243; _builder_version=&#8221;4.16&#8243; _module_preset=&#8221;default&#8221; global_colors_info=&#8221;{}&#8221;][et_pb_image src=&#8221;https:\/\/fincasolmark.com\/wp-content\/uploads\/2023\/03\/finca-solmark-Carratraca-Town.jpg&#8221; title_text=&#8221;Malaga.,Villaga,Of,Carratraca,From,The,Air.,Andalusia,spain.,Drone,Photo&#8221; _builder_version=&#8221;4.20.0&#8243; _module_preset=&#8221;default&#8221; global_colors_info=&#8221;{}&#8221;][\/et_pb_image][\/et_pb_column][et_pb_column type=&#8221;1_2&#8243; _builder_version=&#8221;4.16&#8243; _module_preset=&#8221;default&#8221; global_colors_info=&#8221;{}&#8221;][et_pb_text _builder_version=&#8221;4.24.3&#8243; _module_preset=&#8221;default&#8221; text_font=&#8221;||||||||&#8221; text_font_size=&#8221;18px&#8221; hover_enabled=&#8221;0&#8243; text_font_size_tablet=&#8221;16px&#8221; text_font_size_phone=&#8221;13px&#8221; text_font_size_last_edited=&#8221;on|desktop&#8221; global_colors_info=&#8221;{}&#8221; sticky_enabled=&#8221;0&#8243;]I Carratraca finns ett flertal restauranger och barer. Den mest k\u00e4nda \u00e4r Fonda Pepa (Casa Pepa), men man \u00e4ter \u00e4ven bra hos Martillo strax bredvid byns vattenfont\u00e4n.<\/p>\n<p>Vill du ha hj\u00e4lp att boka bord efter ditt bes\u00f6k hos oss, s\u00e4g till s\u00e5 ordnar vi med det.[\/et_pb_text][\/et_pb_column][\/et_pb_row][\/et_pb_section][et_pb_section fb_built=&#8221;1&#8243; disabled_on=&#8221;on|on|on&#8221; _builder_version=&#8221;4.16&#8243; custom_padding=&#8221;20px||4px|||&#8221; bottom_divider_flip=&#8221;vertical&#8221; disabled=&#8221;on&#8221; global_colors_info=&#8221;{}&#8221;][et_pb_row column_structure=&#8221;4_4,&#8221; use_custom_gutter=&#8221;on&#8221; gutter_width=&#8221;1&#8243; make_equal=&#8221;on&#8221; _builder_version=&#8221;4.16&#8243; width=&#8221;90%&#8221; max_width=&#8221;90%&#8221; custom_padding=&#8221;27px||62px|||&#8221; global_colors_info=&#8221;{}&#8221;][et_pb_column type=&#8221;4_4&#8243; _builder_version=&#8221;4.16&#8243; custom_padding=&#8221;|||&#8221; global_colors_info=&#8221;{}&#8221; custom_padding__hover=&#8221;|||&#8221;][\/et_pb_column][et_pb_row use_custom_gutter=&#8221;on&#8221; gutter_width=&#8221;1&#8243; make_equal=&#8221;on&#8221; _builder_version=&#8221;4.16&#8243; width=&#8221;90%&#8221; max_width=&#8221;90%&#8221; custom_padding=&#8221;27px||62px|||&#8221; global_colors_info=&#8221;{}&#8221;][\/et_pb_row][\/et_pb_row][et_pb_column type=&#8221;4_4&#8243; _builder_version=&#8221;4.16&#8243; custom_padding=&#8221;|||&#8221; global_colors_info=&#8221;{}&#8221; custom_padding__hover=&#8221;|||&#8221; column_structure=&#8221;4_4&#8243;][et_pb_column type=&#8221;4_4&#8243; _builder_version=&#8221;4.20.0&#8243; _module_preset=&#8221;default&#8221; global_colors_info=&#8221;{}&#8221;][\/et_pb_column][\/et_pb_column][et_pb_gallery gallery_ids=&#8221;240703,240704,240705,240706,240707,240708,240709,240710,240711,240712,240713,240714&#8243; posts_number=&#8221;12&#8243; show_pagination=&#8221;off&#8221; hover_icon=&#8221;&#x55;||divi||400&#8243; module_class=&#8221;galeria-carratraca&#8221; _builder_version=&#8221;4.16&#8243; title_font=&#8221;Libre Baskerville||||||||&#8221; title_font_size=&#8221;16px&#8221; text_orientation=&#8221;center&#8221; title_font_size_tablet=&#8221;13px&#8221; title_font_size_phone=&#8221;8px&#8221; title_font_size_last_edited=&#8221;on|phone&#8221; global_colors_info=&#8221;{}&#8221; custom_css_overlay_icon__hover_enabled=&#8221;off&#8221; column_structure=&#8221;4_4&#8243;][et_pb_column type=&#8221;4_4&#8243; _builder_version=&#8221;4.20.0&#8243; _module_preset=&#8221;default&#8221; global_colors_info=&#8221;{}&#8221;][\/et_pb_column][\/et_pb_gallery][\/et_pb_section]<\/p>\n","protected":false},"excerpt":{"rendered":"<p>CARRATRACA Ett dolt paradis f\u00f6r avslappning och \u00f6kat v\u00e4lbefinnandeFinca Solmark ligger i kommunen Carratraca i provinsen M\u00e1laga i s\u00f6dra Spanien, vid \u00a0den nordligaste foten av den bergiga regionen Serran\u00eda de Ronda. Platsens namn kommer fr\u00e5n arabiskans \u201dKarr-al-krak\u201d vilket betyder \u201drenande av \u00e4rr\u201d.\u00a0Det \u00e4r en av de nordligaste delar som gr\u00e4nsar till regionen Valle del Guadalhorce [&hellip;]<\/p>\n","protected":false},"author":1,"featured_media":0,"parent":0,"menu_order":0,"comment_status":"closed","ping_status":"closed","template":"","meta":{"_et_pb_use_builder":"on","_et_pb_old_content":"","_et_gb_content_width":"","footnotes":""},"class_list":["post-240895","page","type-page","status-publish","hentry"],"_links":{"self":[{"href":"https:\/\/fincasolmark.com\/sv\/wp-json\/wp\/v2\/pages\/240895","targetHints":{"allow":["GET"]}}],"collection":[{"href":"https:\/\/fincasolmark.com\/sv\/wp-json\/wp\/v2\/pages"}],"about":[{"href":"https:\/\/fincasolmark.com\/sv\/wp-json\/wp\/v2\/types\/page"}],"author":[{"embeddable":true,"href":"https:\/\/fincasolmark.com\/sv\/wp-json\/wp\/v2\/users\/1"}],"replies":[{"embeddable":true,"href":"https:\/\/fincasolmark.com\/sv\/wp-json\/wp\/v2\/comments?post=240895"}],"version-history":[{"count":2,"href":"https:\/\/fincasolmark.com\/sv\/wp-json\/wp\/v2\/pages\/240895\/revisions"}],"predecessor-version":[{"id":329858,"href":"https:\/\/fincasolmark.com\/sv\/wp-json\/wp\/v2\/pages\/240895\/revisions\/329858"}],"wp:attachment":[{"href":"https:\/\/fincasolmark.com\/sv\/wp-json\/wp\/v2\/media?parent=240895"}],"curies":[{"name":"wp","href":"https:\/\/api.w.org\/{rel}","templated":true}]}}