{"id":240879,"date":"2019-07-16T08:28:23","date_gmt":"2019-07-16T08:28:23","guid":{"rendered":"http:\/\/fincasolmark.com\/wpfs\/totalrenoveringen-av-en-finca\/"},"modified":"2022-09-01T09:07:55","modified_gmt":"2022-09-01T07:07:55","slug":"totalrenoveringen-av-en-finca","status":"publish","type":"page","link":"https:\/\/fincasolmark.com\/sv\/totalrenoveringen-av-en-finca\/","title":{"rendered":"TOTALRENOVERINGEN AV EN FINCA"},"content":{"rendered":"<p>[et_pb_section fb_built=&#8221;1&#8243; fullwidth=&#8221;on&#8221; _builder_version=&#8221;3.22.4&#8243;][et_pb_fullwidth_slider show_arrows=&#8221;off&#8221; _builder_version=&#8221;3.24.1&#8243; header_font=&#8221;||||||||&#8221; header_font_size=&#8221;33px&#8221; body_font=&#8221;||||||||&#8221;][et_pb_slide heading=&#8221;TOTALRENOVERINGEN AV EN FINCA&#8221; use_bg_overlay=&#8221;off&#8221; use_text_overlay=&#8221;on&#8221; text_overlay_color=&#8221;rgba(255,255,255,0.2)&#8221; _builder_version=&#8221;3.24.1&#8243; header_level=&#8221;h1&#8243; header_font=&#8221;||||||||&#8221; header_font_size=&#8221;33px&#8221; body_font=&#8221;||||||||&#8221; background_color=&#8221;#000000&#8243; background_image=&#8221;http:\/\/fincasolmark.com\/wp-content\/uploads\/2019\/05\/finca_solmark_la_transformacion_de_una_finca_header.jpg&#8221; header_font_size_tablet=&#8221;26px&#8221; header_font_size_phone=&#8221;15px&#8221; header_font_size_last_edited=&#8221;on|phone&#8221;][\/et_pb_slide][\/et_pb_fullwidth_slider][\/et_pb_section][et_pb_section fb_built=&#8221;1&#8243; _builder_version=&#8221;3.22.3&#8243; custom_padding=&#8221;0px||2px|||&#8221;][et_pb_row _builder_version=&#8221;3.25&#8243;][et_pb_column type=&#8221;4_4&#8243; _builder_version=&#8221;3.25&#8243; custom_padding=&#8221;|||&#8221; custom_padding__hover=&#8221;|||&#8221;][et_pb_text _builder_version=&#8221;3.27.4&#8243; text_font=&#8221;||||||||&#8221; text_font_size=&#8221;18px&#8221; text_font_size_tablet=&#8221;16px&#8221; text_font_size_phone=&#8221;13px&#8221; text_font_size_last_edited=&#8221;on|desktop&#8221;]Det \u00e4r inte l\u00e4tt att uttrycka i ord vad en finca \u00e4r f\u00f6r n\u00e5got.<\/p>\n<p>Under 2018 gick jag p\u00e5 en promenad med en v\u00e4n som visade mig en bit mark och dess otroliga utsikt f\u00e5ngade omedelbart min uppm\u00e4rksamhet. Sanningen \u00e4r att \u00e4ven om marken inte var i bra form s\u00e5 fick n\u00e5got mig att k\u00e4nna att detta kommer bli b\u00f6rjan p\u00e5 n\u00e5gonting nytt i mitt liv.<\/p>\n<p>Jag k\u00f6pte fincan och vad som b\u00f6rjade med en smula hopp hade nu blivit min framtid och b\u00f6rjan p\u00e5 en dr\u00f6m som vi h\u00e5ller p\u00e5 att f\u00f6rvandla till verklighet.[\/et_pb_text][et_pb_text _builder_version=&#8221;3.27.4&#8243; text_font=&#8221;||||||||&#8221; text_font_size=&#8221;18px&#8221; text_font_size_tablet=&#8221;16px&#8221; text_font_size_phone=&#8221;13px&#8221; text_font_size_last_edited=&#8221;on|desktop&#8221;]Vi \u00e4gnar oss huvudsakligen \u00e5t att\u00a0<strong>marknadsf\u00f6ra och exportera olivolja samt andra ekologiska produkter till Sverige<\/strong>\u00a0men h\u00e5ller \u00e4ven p\u00e5 med ett mindre hotellprojekt (La Moraleda) uppe i byn (Carratraca) och som vi f\u00f6rs\u00f6ker renovera och ge nytt liv p\u00e5 ett f\u00f6rsiktigt och genuint s\u00e4tt.[\/et_pb_text][et_pb_text _builder_version=&#8221;3.27.4&#8243; text_font=&#8221;||||||||&#8221; text_font_size=&#8221;18px&#8221; text_font_size_tablet=&#8221;16px&#8221; text_font_size_phone=&#8221;13px&#8221; text_font_size_last_edited=&#8221;on|phone&#8221;]Jag \u00e4r medveten om att mina m\u00e5l \u00e4r ambiti\u00f6sa och har sammanfattat n\u00e5gra av dem nedan:<\/p>\n<ul>\n<li><strong>Fr\u00e4mja h\u00e5llbar<\/strong> och milj\u00f6v\u00e4nlig turism i<strong> Andalusien<\/strong><\/li>\n<li><strong>\u00d6ka medvetenheten<\/strong> i samh\u00e4llet om <strong>ansvaret f\u00f6r milj\u00f6n<\/strong><\/li>\n<li><strong>Hj\u00e4lpa grannarna till fincan <\/strong>att g\u00f6ra sina verksamheter <strong>milj\u00f6v\u00e4nliga<\/strong> och h\u00e5llbara<\/li>\n<li>Bidra till att <strong>\u00f6ka syssels\u00e4ttningen<\/strong> p\u00e5 landsbygden.<\/li>\n<li>Komma p\u00e5 <strong>l\u00f6sningar till avfolkningen<\/strong> av landsbygden (aktiviteter, evenemang, samtal m.m.)<\/li>\n<li>Hj\u00e4lpa till att <strong>st\u00e4da upp, v\u00e4rna om och bevara<\/strong> de platser som gr\u00e4nsar till fincan som byn, stigar och skogen<\/li>\n<li>Dela med mig av <strong>nya, progressiva id\u00e9er <\/strong>till lokalbefolkningen f\u00f6r<strong>\u00a0att ta hand om och respektera milj\u00f6n: \u00e5tervinning, st\u00e4dning m.m.<\/strong><\/li>\n<li>Fr\u00e4mja <strong>innovation p\u00e5 landsbygden<\/strong><\/li>\n<li>\u00d6ka medvetenheten om <strong>h\u00e4lsof\u00f6rdelarna med Medelhavsdieten <\/strong>och spansk gastronomi<\/li>\n<li><strong>Bevara och fr\u00e4mja omr\u00e5dets lokala traditioner<\/strong> samt <strong>det naturliga och kulturella arvet i Andalusien<\/strong><\/li>\n<li><strong>Utbilda och motivera<\/strong> konsumenter av fincans produkter och hj\u00e4lpa dem att l\u00e4ra sig mer om principerna bakom ekologiska verksamheter och hur de kan st\u00f6dja dem<\/li>\n<\/ul>\n<p>[\/et_pb_text][\/et_pb_column][\/et_pb_row][\/et_pb_section][et_pb_section fb_built=&#8221;1&#8243; _builder_version=&#8221;3.23.1&#8243; background_color=&#8221;#eaeaea&#8221; custom_padding=&#8221;8px||2px|||&#8221; box_shadow_style=&#8221;preset1&#8243;][et_pb_row _builder_version=&#8221;3.25&#8243;][et_pb_column type=&#8221;4_4&#8243; _builder_version=&#8221;3.25&#8243; custom_padding=&#8221;|||&#8221; custom_padding__hover=&#8221;|||&#8221;][et_pb_text _builder_version=&#8221;3.27.4&#8243; text_font=&#8221;||||||||&#8221; text_font_size=&#8221;18px&#8221; custom_margin=&#8221;1px||1px||true|&#8221; text_font_size_tablet=&#8221;16px&#8221; text_font_size_phone=&#8221;13px&#8221; text_font_size_last_edited=&#8221;on|desktop&#8221;]H\u00e4r kan du se <strong>ett par bilder p\u00e5 fincan f\u00f6re och efter renoveringen<\/strong>. Du kommer att se att vi var tvungna att genomf\u00f6ra <strong>en grundlig upprensning av marken, ta bort avfall, rensa och besk\u00e4ra, renovera huset totalt, tr\u00e4dg\u00e5rdsarbete, odling av nya produkter<\/strong> och m\u00e5nga andra saker.[\/et_pb_text][\/et_pb_column][\/et_pb_row][et_pb_row column_structure=&#8221;1_2,1_2&#8243; _builder_version=&#8221;3.25&#8243;][et_pb_column type=&#8221;1_2&#8243; _builder_version=&#8221;3.25&#8243; custom_padding=&#8221;|||&#8221; custom_padding__hover=&#8221;|||&#8221;][et_pb_text _builder_version=&#8221;3.27.4&#8243; text_font=&#8221;||||||||&#8221; text_font_size=&#8221;18px&#8221; text_font_size_tablet=&#8221;16px&#8221; text_font_size_phone=&#8221;13px&#8221; text_font_size_last_edited=&#8221;on|phone&#8221;]F\u00d6RE[\/et_pb_text][et_pb_gallery gallery_ids=&#8221;240798,240799,240800,240801,240811,240812,240810,240809,240808,247615,247618,247624,247621,240806,247627&#8243; fullwidth=&#8221;on&#8221; module_class=&#8221;gallery1&#8243; _builder_version=&#8221;4.4.2&#8243; pagination_font=&#8221;||||||||&#8221; animation_style=&#8221;fade&#8221; animation_duration=&#8221;1500ms&#8221; auto=&#8221;on&#8221; hover_enabled=&#8221;0&#8243; box_shadow_style=&#8221;preset1&#8243;][\/et_pb_gallery][\/et_pb_column][et_pb_column type=&#8221;1_2&#8243; _builder_version=&#8221;3.25&#8243; custom_padding=&#8221;|||&#8221; custom_padding__hover=&#8221;|||&#8221;][et_pb_text _builder_version=&#8221;3.27.4&#8243; text_font=&#8221;||||||||&#8221; text_font_size=&#8221;18px&#8221; text_font_size_tablet=&#8221;16px&#8221; text_font_size_phone=&#8221;13px&#8221; text_font_size_last_edited=&#8221;on|desktop&#8221;]EFTER[\/et_pb_text][et_pb_gallery gallery_ids=&#8221;247645,247633,240802,240803,240804,242129,242120,247639,240785,240805,247630,247636,240807,242123,242132,242126,247642&#8243; fullwidth=&#8221;on&#8221; module_class=&#8221;gallery1&#8243; _builder_version=&#8221;4.4.2&#8243; title_font=&#8221;||||||||&#8221; pagination_font=&#8221;||||||||&#8221; animation_style=&#8221;fade&#8221; animation_duration=&#8221;1500ms&#8221; hover_enabled=&#8221;0&#8243; box_shadow_style=&#8221;preset1&#8243; auto=&#8221;on&#8221;][\/et_pb_gallery][\/et_pb_column][\/et_pb_row][\/et_pb_section]<\/p>\n","protected":false},"excerpt":{"rendered":"<p>Det \u00e4r inte l\u00e4tt att uttrycka i ord vad en finca \u00e4r f\u00f6r n\u00e5got. Under 2018 gick jag p\u00e5 en promenad med en v\u00e4n som visade mig en bit mark och dess otroliga utsikt f\u00e5ngade omedelbart min uppm\u00e4rksamhet. Sanningen \u00e4r att \u00e4ven om marken inte var i bra form s\u00e5 fick n\u00e5got mig att k\u00e4nna [&hellip;]<\/p>\n","protected":false},"author":1,"featured_media":0,"parent":0,"menu_order":0,"comment_status":"closed","ping_status":"closed","template":"","meta":{"_et_pb_use_builder":"on","_et_pb_old_content":"","_et_gb_content_width":"","footnotes":""},"class_list":["post-240879","page","type-page","status-publish","hentry"],"_links":{"self":[{"href":"https:\/\/fincasolmark.com\/sv\/wp-json\/wp\/v2\/pages\/240879","targetHints":{"allow":["GET"]}}],"collection":[{"href":"https:\/\/fincasolmark.com\/sv\/wp-json\/wp\/v2\/pages"}],"about":[{"href":"https:\/\/fincasolmark.com\/sv\/wp-json\/wp\/v2\/types\/page"}],"author":[{"embeddable":true,"href":"https:\/\/fincasolmark.com\/sv\/wp-json\/wp\/v2\/users\/1"}],"replies":[{"embeddable":true,"href":"https:\/\/fincasolmark.com\/sv\/wp-json\/wp\/v2\/comments?post=240879"}],"version-history":[{"count":2,"href":"https:\/\/fincasolmark.com\/sv\/wp-json\/wp\/v2\/pages\/240879\/revisions"}],"predecessor-version":[{"id":285304,"href":"https:\/\/fincasolmark.com\/sv\/wp-json\/wp\/v2\/pages\/240879\/revisions\/285304"}],"wp:attachment":[{"href":"https:\/\/fincasolmark.com\/sv\/wp-json\/wp\/v2\/media?parent=240879"}],"curies":[{"name":"wp","href":"https:\/\/api.w.org\/{rel}","templated":true}]}}