{"id":240875,"date":"2019-07-16T07:47:15","date_gmt":"2019-07-16T07:47:15","guid":{"rendered":"http:\/\/fincasolmark.com\/wpfs\/fran-affarsman-till-entreprenor-pa-landsbyggden\/"},"modified":"2023-03-03T13:49:55","modified_gmt":"2023-03-03T12:49:55","slug":"fran-affarsman-till-entreprenor-pa-landsbyggden","status":"publish","type":"page","link":"https:\/\/fincasolmark.com\/sv\/fran-affarsman-till-entreprenor-pa-landsbyggden\/","title":{"rendered":"FR\u00c5N AFF\u00c4RSMAN TILL ENTREPREN\u00d6R P\u00c5 LANDSBYGGDEN"},"content":{"rendered":"<p>[et_pb_section fb_built=&#8221;1&#8243; _builder_version=&#8221;4.16&#8243; custom_padding=&#8221;||19px|||&#8221; global_colors_info=&#8221;{}&#8221;][et_pb_row _builder_version=&#8221;4.16&#8243; custom_padding=&#8221;3px||3px|||&#8221; global_colors_info=&#8221;{}&#8221;][et_pb_column type=&#8221;4_4&#8243; _builder_version=&#8221;4.16&#8243; custom_padding=&#8221;|||&#8221; global_colors_info=&#8221;{}&#8221; custom_padding__hover=&#8221;|||&#8221;][et_pb_divider _builder_version=&#8221;4.16&#8243; height=&#8221;0px&#8221; global_colors_info=&#8221;{}&#8221;][\/et_pb_divider][et_pb_text _builder_version=&#8221;4.16&#8243; text_font=&#8221;||||||||&#8221; text_text_color=&#8221;#ad9a6b&#8221; text_font_size=&#8221;30px&#8221; header_font=&#8221;||||||||&#8221; header_text_color=&#8221;#ad9a6b&#8221; header_2_font=&#8221;||||||||&#8221; header_2_font_size=&#8221;28px&#8221; header_2_line_height=&#8221;1.2em&#8221; text_font_size_tablet=&#8221;24px&#8221; text_font_size_phone=&#8221;14px&#8221; text_font_size_last_edited=&#8221;on|phone&#8221; header_font_size_tablet=&#8221;26px&#8221; header_font_size_phone=&#8221;16px&#8221; header_font_size_last_edited=&#8221;on|phone&#8221; global_colors_info=&#8221;{}&#8221;]<\/p>\n<h1 style=\"text-align: center;\"><strong>FR\u00c5N AFF\u00c4RSMAN TILL ENTREPREN\u00d6R P\u00c5 LANDSBYGGDEN<\/strong><\/h1>\n<p style=\"text-align: center;\">\n<p>[\/et_pb_text][et_pb_divider _builder_version=&#8221;4.16&#8243; height=&#8221;0px&#8221; global_colors_info=&#8221;{}&#8221;][\/et_pb_divider][\/et_pb_column][\/et_pb_row][\/et_pb_section][et_pb_section fb_built=&#8221;1&#8243; _builder_version=&#8221;4.16&#8243; custom_padding=&#8221;0px||2px|||&#8221; global_colors_info=&#8221;{}&#8221;][et_pb_row column_structure=&#8221;1_2,1_2&#8243; _builder_version=&#8221;4.16&#8243; global_colors_info=&#8221;{}&#8221;][et_pb_column type=&#8221;1_2&#8243; _builder_version=&#8221;4.16&#8243; custom_padding=&#8221;|||&#8221; global_colors_info=&#8221;{}&#8221; custom_padding__hover=&#8221;|||&#8221;][et_pb_image src=&#8221;http:\/\/fincasolmark.com\/wp-content\/uploads\/2019\/05\/finca_solmark_de_empresario_a_emprendedor_rural.jpg&#8221; align_tablet=&#8221;center&#8221; align_phone=&#8221;&#8221; align_last_edited=&#8221;on|desktop&#8221; _builder_version=&#8221;4.16&#8243; box_shadow_style=&#8221;preset1&#8243; global_colors_info=&#8221;{}&#8221;][\/et_pb_image][\/et_pb_column][et_pb_column type=&#8221;1_2&#8243; _builder_version=&#8221;4.16&#8243; custom_padding=&#8221;|||&#8221; global_colors_info=&#8221;{}&#8221; custom_padding__hover=&#8221;|||&#8221;][et_pb_text _builder_version=&#8221;4.20.0&#8243; text_font=&#8221;||||||||&#8221; text_font_size=&#8221;18px&#8221; header_font=&#8221;||||||||&#8221; hover_enabled=&#8221;0&#8243; text_font_size_tablet=&#8221;16px&#8221; text_font_size_phone=&#8221;13px&#8221; text_font_size_last_edited=&#8221;on|phone&#8221; global_colors_info=&#8221;{}&#8221; sticky_enabled=&#8221;0&#8243;]<\/p>\n<p style=\"font-weight: 400;\"><span>Jag f\u00f6ddes i Sverige och v\u00e4xte upp f\u00f6rst p\u00e5 Trinidad &amp; Tobago som barn till FN-anst\u00e4llda f\u00f6r\u00e4ldrar och sedan i Vikingstad utanf\u00f6r Link\u00f6ping.<\/p>\n<p>Sverige \u00e4r ett av v\u00e4rldens rikaste l\u00e4nder med en av de h\u00f6gsta niv\u00e5erna av m\u00e4nsklig utveckling och framsteg p\u00e5 planeten. Ett modelland, milj\u00f6m\u00e4ssigt talat, som varit pionj\u00e4r n\u00e4r det kommer till vad som idag kallas \u201dden gr\u00f6na revolutionen\u201d.<\/span><\/p>\n<p style=\"font-weight: 400;\"><span>Redan n\u00e4r jag var 16 \u00e5r fick min\u00a0<strong>entrepren\u00f6rsanda<\/strong>\u00a0mig att skapa ett f\u00f6retag med siktet inst\u00e4llt p\u00e5 att\u00a0<strong>bidra med n\u00e5got av v\u00e4rde<\/strong>\u00a0och\u00a0<strong>g\u00f6ra v\u00e4rlden till en b\u00e4ttre plats<\/strong>. \u00a0<\/span><\/p>\n<p style=\"font-weight: 400;\"><span>Efter m\u00e5nga \u00e5rs ledande av f\u00f6retag tror jag fortfarande att alla m\u00e4nniskor (utan undantag) kan bidra till att\u00a0<strong>ta hand om v\u00e5r gemensamma milj\u00f6<\/strong>\u00a0via sm\u00e5 handlingar oavsett bakgrund och varifr\u00e5n vi kommer.<\/span><\/p>\n<p style=\"font-weight: 400;\"><span>Jag f\u00f6rs\u00f6ker d\u00e4rf\u00f6r att\u00a0<strong>\u00f6ka folks medvetenhet i samh\u00e4llet<\/strong>\u00a0om att vi alla kan hj\u00e4lpa till att s\u00e5 ett fr\u00f6 av hopp och v\u00e4lst\u00e5nd f\u00f6r \u00f6kade\u00a0<strong>ekonomiska och sociala framsteg<\/strong>\u00a0liksom\u00a0<strong>framsteg inom vetenskapen och tekniken<\/strong>.<\/span><\/p>\n<p style=\"font-weight: 400;\"><span>Jag \u00e4r \u00f6vertygad om att den globala makten under 2000-talet finns inom vetenskapen och tekniken. Vi m\u00e5ste dock alla vara medvetna om vilka risker som denna omvandling medf\u00f6r.<\/span><\/p>\n<p>[\/et_pb_text][\/et_pb_column][\/et_pb_row][\/et_pb_section][et_pb_section fb_built=&#8221;1&#8243; _builder_version=&#8221;4.16&#8243; background_color=&#8221;#969696&#8243; custom_margin=&#8221;32px|||||&#8221; custom_padding=&#8221;4px||6px|||&#8221; box_shadow_style=&#8221;preset1&#8243; global_colors_info=&#8221;{}&#8221;][et_pb_row _builder_version=&#8221;4.16&#8243; min_height=&#8221;157px&#8221; custom_padding=&#8221;40px|||||&#8221; global_colors_info=&#8221;{}&#8221;][et_pb_column type=&#8221;4_4&#8243; _builder_version=&#8221;4.16&#8243; custom_padding=&#8221;|||&#8221; global_colors_info=&#8221;{}&#8221; custom_padding__hover=&#8221;|||&#8221;][et_pb_blurb use_icon=&#8221;on&#8221; font_icon=&#8221;&#x7c;||divi||400&#8243; icon_color=&#8221;#ffffff&#8221; image_icon_width=&#8221;38px&#8221; _builder_version=&#8221;4.16&#8243; body_font=&#8221;||on||||||&#8221; body_text_align=&#8221;center&#8221; body_text_color=&#8221;#ffffff&#8221; body_font_size=&#8221;20px&#8221; body_font_size_tablet=&#8221;17px&#8221; body_font_size_phone=&#8221;14px&#8221; body_font_size_last_edited=&#8221;on|phone&#8221; icon_font_size=&#8221;38px&#8221; global_colors_info=&#8221;{}&#8221;]K\u00e4nn din passion, F\u00f6lj den. Dr\u00f6m om den. Lev den.<\/p>\n<p>Pelle Lundborg[\/et_pb_blurb][\/et_pb_column][\/et_pb_row][\/et_pb_section][et_pb_section fb_built=&#8221;1&#8243; admin_label=&#8221;Gallery Section&#8221; _builder_version=&#8221;4.16&#8243; custom_padding=&#8221;39px|0px|2px|0px||&#8221; global_colors_info=&#8221;{}&#8221;][et_pb_row column_structure=&#8221;1_2,1_4,1_4&#8243; use_custom_gutter=&#8221;on&#8221; gutter_width=&#8221;2&#8243; _builder_version=&#8221;4.16&#8243; max_width=&#8221;1440px&#8221; custom_padding=&#8221;29px||0px|||&#8221; use_custom_width=&#8221;on&#8221; custom_width_px=&#8221;1440px&#8221; global_colors_info=&#8221;{}&#8221;][et_pb_column type=&#8221;1_2&#8243; _builder_version=&#8221;4.16&#8243; custom_padding=&#8221;|||&#8221; global_colors_info=&#8221;{}&#8221; custom_padding__hover=&#8221;|||&#8221;][et_pb_image show_in_lightbox=&#8221;on&#8221; use_overlay=&#8221;on&#8221; overlay_icon_color=&#8221;#000000&#8243; hover_overlay_color=&#8221;rgba(255,255,255,0.2)&#8221; hover_icon=&#8221;&#x4c;||divi||400&#8243; align=&#8221;right&#8221; force_fullwidth=&#8221;on&#8221; align_tablet=&#8221;center&#8221; align_phone=&#8221;&#8221; align_last_edited=&#8221;on|desktop&#8221; _builder_version=&#8221;4.16&#8243; custom_margin=&#8221;-25px|||||&#8221; custom_padding=&#8221;0px|||||&#8221; animation_style=&#8221;fade&#8221; global_colors_info=&#8221;{}&#8221;][\/et_pb_image][et_pb_image src=&#8221;http:\/\/fincasolmark.com\/wp-content\/uploads\/2019\/05\/finca_solmark_de_empresario_a_emprendedor_rural_pelle-4.jpg&#8221; show_in_lightbox=&#8221;on&#8221; use_overlay=&#8221;on&#8221; overlay_icon_color=&#8221;#000000&#8243; hover_overlay_color=&#8221;rgba(255,255,255,0.2)&#8221; hover_icon=&#8221;&#x4c;||divi||400&#8243; align_tablet=&#8221;center&#8221; align_phone=&#8221;&#8221; align_last_edited=&#8221;on|desktop&#8221; _builder_version=&#8221;4.16&#8243; width=&#8221;100%&#8221; custom_margin=&#8221;|||||&#8221; custom_padding=&#8221;||0px|||&#8221; animation_style=&#8221;fade&#8221; box_shadow_style=&#8221;preset1&#8243; global_colors_info=&#8221;{}&#8221;][\/et_pb_image][\/et_pb_column][et_pb_column type=&#8221;1_4&#8243; _builder_version=&#8221;4.16&#8243; custom_padding=&#8221;|||&#8221; global_colors_info=&#8221;{}&#8221; custom_padding__hover=&#8221;|||&#8221;][et_pb_image src=&#8221;http:\/\/fincasolmark.com\/wp-content\/uploads\/2019\/05\/finca_solmark_pelle-tractor.jpg&#8221; show_in_lightbox=&#8221;on&#8221; use_overlay=&#8221;on&#8221; overlay_icon_color=&#8221;#000000&#8243; hover_overlay_color=&#8221;rgba(255,255,255,0.2)&#8221; hover_icon=&#8221;&#x4c;||divi||400&#8243; force_fullwidth=&#8221;on&#8221; align_tablet=&#8221;center&#8221; align_phone=&#8221;&#8221; align_last_edited=&#8221;on|desktop&#8221; _builder_version=&#8221;4.16&#8243; custom_margin=&#8221;||20%|||&#8221; custom_padding=&#8221;||3px|||&#8221; animation_style=&#8221;fade&#8221; box_shadow_style=&#8221;preset1&#8243; global_colors_info=&#8221;{}&#8221;][\/et_pb_image][et_pb_image src=&#8221;http:\/\/fincasolmark.com\/wp-content\/uploads\/2019\/05\/finca_solmark_pelle_trabajo_campo.jpg&#8221; show_in_lightbox=&#8221;on&#8221; use_overlay=&#8221;on&#8221; overlay_icon_color=&#8221;#000000&#8243; hover_overlay_color=&#8221;rgba(255,255,255,0.2)&#8221; hover_icon=&#8221;&#x4c;||divi||400&#8243; force_fullwidth=&#8221;on&#8221; align_tablet=&#8221;center&#8221; align_phone=&#8221;&#8221; align_last_edited=&#8221;on|desktop&#8221; _builder_version=&#8221;4.16&#8243; custom_margin=&#8221;|25px|20%|||&#8221; custom_padding=&#8221;||0px|||&#8221; animation_style=&#8221;fade&#8221; global_colors_info=&#8221;{}&#8221;][\/et_pb_image][et_pb_image src=&#8221;http:\/\/fincasolmark.com\/wp-content\/uploads\/2019\/05\/finca_solmark_de_empresario_a_emprendedor_rural_regando.jpg&#8221; show_in_lightbox=&#8221;on&#8221; use_overlay=&#8221;on&#8221; overlay_icon_color=&#8221;#000000&#8243; hover_overlay_color=&#8221;rgba(255,255,255,0.2)&#8221; hover_icon=&#8221;&#x4c;||divi||400&#8243; force_fullwidth=&#8221;on&#8221; align_tablet=&#8221;center&#8221; align_phone=&#8221;&#8221; align_last_edited=&#8221;on|desktop&#8221; _builder_version=&#8221;4.16&#8243; custom_margin=&#8221;|25px|12%|||&#8221; custom_padding=&#8221;||0px|||&#8221; animation_style=&#8221;fade&#8221; global_colors_info=&#8221;{}&#8221;][\/et_pb_image][\/et_pb_column][et_pb_column type=&#8221;1_4&#8243; _builder_version=&#8221;4.16&#8243; custom_padding=&#8221;|||&#8221; global_colors_info=&#8221;{}&#8221; custom_padding__hover=&#8221;|||&#8221;][et_pb_image src=&#8221;http:\/\/fincasolmark.com\/wp-content\/uploads\/2019\/05\/finca_solmark_de_empresario_a_emprendedor_trabajando_tractor.jpg&#8221; show_in_lightbox=&#8221;on&#8221; use_overlay=&#8221;on&#8221; overlay_icon_color=&#8221;#000000&#8243; hover_overlay_color=&#8221;rgba(255,255,255,0.2)&#8221; hover_icon=&#8221;&#x4c;||divi||400&#8243; force_fullwidth=&#8221;on&#8221; align_tablet=&#8221;center&#8221; align_phone=&#8221;&#8221; align_last_edited=&#8221;on|desktop&#8221; _builder_version=&#8221;4.16&#8243; custom_margin=&#8221;||20%|||&#8221; custom_padding=&#8221;|0px|3px|0px||&#8221; animation_style=&#8221;fade&#8221; global_colors_info=&#8221;{}&#8221;][\/et_pb_image][et_pb_image src=&#8221;http:\/\/fincasolmark.com\/wp-content\/uploads\/2019\/05\/finca_solmark_pelle_trabajo_olivar.jpg&#8221; show_in_lightbox=&#8221;on&#8221; use_overlay=&#8221;on&#8221; overlay_icon_color=&#8221;#000000&#8243; hover_overlay_color=&#8221;rgba(255,255,255,0.2)&#8221; hover_icon=&#8221;&#x4c;||divi||400&#8243; force_fullwidth=&#8221;on&#8221; align_tablet=&#8221;center&#8221; align_phone=&#8221;&#8221; align_last_edited=&#8221;on|desktop&#8221; _builder_version=&#8221;4.16&#8243; custom_margin=&#8221;||20%|||&#8221; custom_padding=&#8221;|0px||0px||&#8221; animation_style=&#8221;fade&#8221; global_colors_info=&#8221;{}&#8221;][\/et_pb_image][et_pb_image src=&#8221;http:\/\/fincasolmark.com\/wp-content\/uploads\/2019\/05\/finca_solmark_de_empresario_a_emprendedor_rural_bienvenida.jpg&#8221; show_in_lightbox=&#8221;on&#8221; use_overlay=&#8221;on&#8221; overlay_icon_color=&#8221;#000000&#8243; hover_overlay_color=&#8221;rgba(255,255,255,0.2)&#8221; hover_icon=&#8221;&#x4c;||divi||400&#8243; force_fullwidth=&#8221;on&#8221; align_tablet=&#8221;center&#8221; align_phone=&#8221;&#8221; align_last_edited=&#8221;on|desktop&#8221; _builder_version=&#8221;4.16&#8243; custom_margin=&#8221;||12%|&#8221; custom_padding=&#8221;|0px||0px||&#8221; animation_style=&#8221;fade&#8221; global_colors_info=&#8221;{}&#8221;][\/et_pb_image][\/et_pb_column][\/et_pb_row][et_pb_row admin_label=&#8221;Gallery Row&#8221; _builder_version=&#8221;4.16&#8243; custom_padding=&#8221;0px|0px|0px|0px&#8221; global_colors_info=&#8221;{}&#8221;][et_pb_column type=&#8221;4_4&#8243; _builder_version=&#8221;4.16&#8243; custom_padding=&#8221;|||&#8221; global_colors_info=&#8221;{}&#8221; custom_padding__hover=&#8221;|||&#8221;][et_pb_image align_tablet=&#8221;center&#8221; align_phone=&#8221;&#8221; align_last_edited=&#8221;on|desktop&#8221; _builder_version=&#8221;4.16&#8243; global_colors_info=&#8221;{}&#8221;][\/et_pb_image][\/et_pb_column][\/et_pb_row][\/et_pb_section][et_pb_section fb_built=&#8221;1&#8243; _builder_version=&#8221;4.16&#8243; custom_margin=&#8221;-19px|||||&#8221; custom_padding=&#8221;4px||12px|||&#8221; global_colors_info=&#8221;{}&#8221;][et_pb_row _builder_version=&#8221;4.16&#8243; global_colors_info=&#8221;{}&#8221;][et_pb_column type=&#8221;4_4&#8243; _builder_version=&#8221;4.16&#8243; custom_padding=&#8221;|||&#8221; global_colors_info=&#8221;{}&#8221; custom_padding__hover=&#8221;|||&#8221;][et_pb_text _builder_version=&#8221;4.16&#8243; text_font=&#8221;||||||||&#8221; text_font_size=&#8221;18px&#8221; text_font_size_tablet=&#8221;16px&#8221; text_font_size_phone=&#8221;13px&#8221; text_font_size_last_edited=&#8221;on|phone&#8221; global_colors_info=&#8221;{}&#8221;]Allt detta finns p\u00e5 <strong>Finca Solmark<\/strong> som ocks\u00e5 utan tvekan b\u00e4r p\u00e5 mina f\u00f6r\u00e4ldrars avtryck. Jag \u00e4r oerh\u00f6rt tacksam f\u00f6r allt de l\u00e4rt mig inklusive deras <strong>personliga v\u00e4rderingar <\/strong>som lever vidare med mig.<\/p>\n<p>Fr\u00e5n min mamma Annette som \u00e4r f\u00f6rfattaren av boken <em>\u201dEgenv\u00e5rd fr\u00e5n \u00d6rtag\u00e5rd\u201d<\/em> och expert i <strong>fytoterapi<\/strong>, homeopati, mykologi och m\u00e5nga andra omr\u00e5den har jag l\u00e4rt mig att <strong>ta hand om djur och naturen<\/strong>.<\/p>\n<p>Min far P-G tillbringade en stor del av sitt arbetsliv i Afrika och Karibien och har haft ett fascinerande liv som pilot och \u00f6vers\u00e4ttare. Han har arbetat f\u00f6r FN, Styrelsen f\u00f6r internationellt utvecklingssamarbete (SIDA), R\u00f6da Korset, SAAB och flera andra organisationer. Fr\u00e5n honom har jag \u00e4rvt min <strong>nyfikenhet och \u00f6nskan att l\u00e4ra mig n\u00e5got nytt varje dag<\/strong> tillsammans med <strong>en stark vilja av att uppfylla mina dr\u00f6mmar<\/strong> som inte ens gett vika n\u00e4r jag varit tvungen att \u00f6vervinna stora utmaningar.[\/et_pb_text][\/et_pb_column][\/et_pb_row][\/et_pb_section][et_pb_section fb_built=&#8221;1&#8243; _builder_version=&#8221;4.16&#8243; background_color=&#8221;#969696&#8243; custom_margin=&#8221;3px||24px|||&#8221; custom_padding=&#8221;4px||6px|||&#8221; box_shadow_style=&#8221;preset1&#8243; global_colors_info=&#8221;{}&#8221;][et_pb_row _builder_version=&#8221;4.16&#8243; custom_padding=&#8221;46px||44px|||&#8221; global_colors_info=&#8221;{}&#8221;][et_pb_column type=&#8221;4_4&#8243; _builder_version=&#8221;4.16&#8243; custom_padding=&#8221;|||&#8221; global_colors_info=&#8221;{}&#8221; custom_padding__hover=&#8221;|||&#8221;][et_pb_blurb use_icon=&#8221;on&#8221; font_icon=&#8221;&#x7c;||divi||400&#8243; icon_color=&#8221;#ffffff&#8221; image_icon_width=&#8221;38px&#8221; content_max_width=&#8221;98%&#8221; _builder_version=&#8221;4.16&#8243; body_font=&#8221;||on||||||&#8221; body_text_align=&#8221;center&#8221; body_text_color=&#8221;#ffffff&#8221; body_font_size=&#8221;20px&#8221; body_font_size_tablet=&#8221;17px&#8221; body_font_size_phone=&#8221;14px&#8221; body_font_size_last_edited=&#8221;on|desktop&#8221; icon_font_size=&#8221;38px&#8221; global_colors_info=&#8221;{}&#8221;]<em>Fr\u00e5n mina f\u00f6r\u00e4ldrar har jag \u00e4rvt en respekt och omsorg f\u00f6r naturen, en vilja att \u00f6ka medvetenheten om vetenskap och milj\u00f6n, och en dr\u00f6m om att f\u00f6rb\u00e4ttra v\u00e4rlden verkligen \u00e4r m\u00f6jligt!<\/em><\/p>\n<p><em>Pelle Lundborg<\/em>[\/et_pb_blurb][\/et_pb_column][\/et_pb_row][\/et_pb_section][et_pb_section fb_built=&#8221;1&#8243; _builder_version=&#8221;4.16&#8243; custom_margin=&#8221;8px|||||&#8221; custom_padding=&#8221;43px||1px|||&#8221; global_colors_info=&#8221;{}&#8221;][et_pb_row _builder_version=&#8221;4.16&#8243; global_colors_info=&#8221;{}&#8221;][et_pb_column type=&#8221;4_4&#8243; _builder_version=&#8221;4.16&#8243; custom_padding=&#8221;|||&#8221; global_colors_info=&#8221;{}&#8221; custom_padding__hover=&#8221;|||&#8221;][et_pb_text _builder_version=&#8221;4.16&#8243; text_font=&#8221;||||||||&#8221; text_font_size=&#8221;18px&#8221; text_font_size_tablet=&#8221;16px&#8221; text_font_size_phone=&#8221;13px&#8221; text_font_size_last_edited=&#8221;on|desktop&#8221; global_colors_info=&#8221;{}&#8221;]Av dem har jag l\u00e4rt mig att uppskatta ett v\u00e4l utf\u00f6rt arbete och att v\u00e4rdera m\u00e4nsklig potential till fullo p\u00e5 b\u00e5de en individuell niv\u00e5 och gruppniv\u00e5. Tack vare mina f\u00f6r\u00e4ldrar k\u00e4nner jag mig full av energi och motivation f\u00f6r att f\u00f6rvandla denna g\u00e5rd <strong>till en h\u00e5llbar ekologisk g\u00e5rd<\/strong>\u00a0och dra mitt str\u00e5 till stacken n\u00e4r det kommer till att g\u00f6ra v\u00e4rlden till en b\u00e4ttre plats p\u00e5 det enda s\u00e4tt jag vet hur:\u00a0<strong>att f\u00f6lja mitt hj\u00e4rta.<\/strong>[\/et_pb_text][\/et_pb_column][\/et_pb_row][et_pb_row column_structure=&#8221;1_2,1_2&#8243; _builder_version=&#8221;4.16&#8243; width=&#8221;55.5%&#8221; custom_padding=&#8221;0px|||||&#8221; global_colors_info=&#8221;{}&#8221;][et_pb_column type=&#8221;1_2&#8243; _builder_version=&#8221;4.16&#8243; custom_padding=&#8221;|||&#8221; global_colors_info=&#8221;{}&#8221; custom_padding__hover=&#8221;|||&#8221;][et_pb_image src=&#8221;http:\/\/fincasolmark.com\/wp-content\/uploads\/2019\/05\/finca_solmark_home_mamma.jpg&#8221; align_tablet=&#8221;center&#8221; align_phone=&#8221;&#8221; align_last_edited=&#8221;on|desktop&#8221; _builder_version=&#8221;4.16&#8243; border_color_all=&#8221;rgba(0,0,0,0)&#8221; box_shadow_style=&#8221;preset1&#8243; global_colors_info=&#8221;{}&#8221;][\/et_pb_image][\/et_pb_column][et_pb_column type=&#8221;1_2&#8243; _builder_version=&#8221;4.16&#8243; custom_padding=&#8221;|||&#8221; global_colors_info=&#8221;{}&#8221; custom_padding__hover=&#8221;|||&#8221;][et_pb_image src=&#8221;http:\/\/fincasolmark.com\/wp-content\/uploads\/2019\/05\/finca_solmark_home_pappa.jpg&#8221; align_tablet=&#8221;center&#8221; align_phone=&#8221;&#8221; align_last_edited=&#8221;on|desktop&#8221; _builder_version=&#8221;4.16&#8243; border_color_all=&#8221;rgba(0,0,0,0)&#8221; box_shadow_style=&#8221;preset1&#8243; global_colors_info=&#8221;{}&#8221;][\/et_pb_image][\/et_pb_column][\/et_pb_row][\/et_pb_section][et_pb_section fb_built=&#8221;1&#8243; _builder_version=&#8221;4.16&#8243; custom_margin=&#8221;2px|||||&#8221; custom_padding=&#8221;17px||21px|||&#8221; global_colors_info=&#8221;{}&#8221;][et_pb_row _builder_version=&#8221;4.16&#8243; global_colors_info=&#8221;{}&#8221;][et_pb_column type=&#8221;4_4&#8243; _builder_version=&#8221;4.16&#8243; custom_padding=&#8221;|||&#8221; global_colors_info=&#8221;{}&#8221; custom_padding__hover=&#8221;|||&#8221;][et_pb_text _builder_version=&#8221;4.16&#8243; text_font=&#8221;||||||||&#8221; text_font_size=&#8221;18px&#8221; text_font_size_tablet=&#8221;16px&#8221; text_font_size_phone=&#8221;13px&#8221; text_font_size_last_edited=&#8221;on|desktop&#8221; global_colors_info=&#8221;{}&#8221;]Mina tv\u00e5 barn \u00e4r drivkraften i mitt liv och \u00e4ven de \u00e4lskar naturen, livet p\u00e5 landsbygden, att leka med v\u00e5ra hundar, och uppt\u00e4cka varenda h\u00f6rn av g\u00e5rden.[\/et_pb_text][\/et_pb_column][\/et_pb_row][et_pb_row use_custom_gutter=&#8221;on&#8221; _builder_version=&#8221;4.16&#8243; min_height=&#8221;820px&#8221; custom_margin=&#8221;|auto|7px|auto||true&#8221; custom_padding=&#8221;0px||0px|||&#8221; border_width_all=&#8221;6px&#8221; border_color_all=&#8221;rgba(0,0,0,0)&#8221; global_colors_info=&#8221;{}&#8221;][et_pb_column type=&#8221;4_4&#8243; _builder_version=&#8221;4.16&#8243; custom_padding=&#8221;|||&#8221; global_colors_info=&#8221;{}&#8221; custom_padding__hover=&#8221;|||&#8221;][et_pb_image src=&#8221;http:\/\/fincasolmark.com\/wp-content\/uploads\/2019\/03\/finca_solmark_home_peques.jpg&#8221; align_tablet=&#8221;center&#8221; align_phone=&#8221;&#8221; align_last_edited=&#8221;on|desktop&#8221; _builder_version=&#8221;4.16&#8243; custom_padding=&#8221;||0px|||&#8221; box_shadow_style=&#8221;preset1&#8243; global_colors_info=&#8221;{}&#8221;][\/et_pb_image][\/et_pb_column][\/et_pb_row][\/et_pb_section]<\/p>\n","protected":false},"excerpt":{"rendered":"<p>FR\u00c5N AFF\u00c4RSMAN TILL ENTREPREN\u00d6R P\u00c5 LANDSBYGGDEN Jag f\u00f6ddes i Sverige och v\u00e4xte upp f\u00f6rst p\u00e5 Trinidad &amp; Tobago som barn till FN-anst\u00e4llda f\u00f6r\u00e4ldrar och sedan i Vikingstad utanf\u00f6r Link\u00f6ping. Sverige \u00e4r ett av v\u00e4rldens rikaste l\u00e4nder med en av de h\u00f6gsta niv\u00e5erna av m\u00e4nsklig utveckling och framsteg p\u00e5 planeten. Ett modelland, milj\u00f6m\u00e4ssigt talat, som varit [&hellip;]<\/p>\n","protected":false},"author":1,"featured_media":0,"parent":0,"menu_order":0,"comment_status":"closed","ping_status":"closed","template":"","meta":{"_et_pb_use_builder":"on","_et_pb_old_content":"","_et_gb_content_width":"","footnotes":""},"class_list":["post-240875","page","type-page","status-publish","hentry"],"_links":{"self":[{"href":"https:\/\/fincasolmark.com\/sv\/wp-json\/wp\/v2\/pages\/240875","targetHints":{"allow":["GET"]}}],"collection":[{"href":"https:\/\/fincasolmark.com\/sv\/wp-json\/wp\/v2\/pages"}],"about":[{"href":"https:\/\/fincasolmark.com\/sv\/wp-json\/wp\/v2\/types\/page"}],"author":[{"embeddable":true,"href":"https:\/\/fincasolmark.com\/sv\/wp-json\/wp\/v2\/users\/1"}],"replies":[{"embeddable":true,"href":"https:\/\/fincasolmark.com\/sv\/wp-json\/wp\/v2\/comments?post=240875"}],"version-history":[{"count":1,"href":"https:\/\/fincasolmark.com\/sv\/wp-json\/wp\/v2\/pages\/240875\/revisions"}],"predecessor-version":[{"id":300803,"href":"https:\/\/fincasolmark.com\/sv\/wp-json\/wp\/v2\/pages\/240875\/revisions\/300803"}],"wp:attachment":[{"href":"https:\/\/fincasolmark.com\/sv\/wp-json\/wp\/v2\/media?parent=240875"}],"curies":[{"name":"wp","href":"https:\/\/api.w.org\/{rel}","templated":true}]}}