{"id":3,"date":"2018-12-03T19:27:10","date_gmt":"2018-12-03T19:27:10","guid":{"rendered":"http:\/\/fincasolmark.com\/wpfs\/?page_id=3"},"modified":"2019-06-04T18:08:33","modified_gmt":"2019-06-04T18:08:33","slug":"politica-privacidad","status":"publish","type":"page","link":"https:\/\/fincasolmark.com\/es\/politica-privacidad\/","title":{"rendered":"Privacy Policy"},"content":{"rendered":"<p>[et_pb_section fb_built=\u00bb1&#8243; _builder_version=\u00bb3.22.3&#8243;][et_pb_row _builder_version=\u00bb3.22.3&#8243; background_size=\u00bbinitial\u00bb background_position=\u00bbtop_left\u00bb background_repeat=\u00bbrepeat\u00bb][et_pb_column type=\u00bb4_4&#8243; _builder_version=\u00bb3.0.47&#8243;][et_pb_text _builder_version=\u00bb3.23.3&#8243; text_font=\u00bb||||||||\u00bb text_font_size=\u00bb18px\u00bb background_size=\u00bbinitial\u00bb background_position=\u00bbtop_left\u00bb background_repeat=\u00bbrepeat\u00bb]<\/p>\n<h1 class=\"entry-title main_title\">Pol\u00edtica de privacidad<\/h1>\n<div class=\"entry-content\">\n<p>Si est\u00e1s aqu\u00ed es porque te preocupa que cumpla con la pol\u00edtica de privacidad y de protecci\u00f3n de datos en mi web y mi negocio.<\/p>\n<p>Me alegra verte por aqu\u00ed y te invito a leer esta pol\u00edtica de privacidad en su totalidad.<\/p>\n<p>&nbsp;<\/p>\n<h2><strong>Recomendaci\u00f3n previa<\/strong><\/h2>\n<p>Te doy la bienvenida a esta web y te recomiendo que leas mi pol\u00edtica de Privacidad. Esta describe el modo en el que <strong>fincasolmark.com<\/strong> recaba y utiliza informaci\u00f3n sobre sus clientes, usuarios y suscriptores de esta web.<\/p>\n<p>En esta web se respetan y cuidan los datos personales de los usuarios. Como usuario debes saber que tus derechos est\u00e1n garantizados. Me he esforzado en crear un espacio seguro y confiable.<\/p>\n<p>Es preciso advertir que esta Pol\u00edtica de Privacidad podr\u00eda variar en funci\u00f3n de exigencias legislativas o de autorregulaci\u00f3n, por lo que se aconseja a los usuarios que la visiten peri\u00f3dicamente. Ser\u00e1 aplicable en caso de que los usuarios decidan rellenar alg\u00fan formulario de cualquiera de sus formularios de contacto donde se recaben datos de car\u00e1cter personal.<\/p>\n<p>FINCA EL SUECO ANDALUZ S.L.U. ha adecuado esta web a las exigencias de la LOPD (Ley Org\u00e1nica de Protecci\u00f3n de Datos) y a la LSSI-CE (Ley de la Sociedad de la informaci\u00f3n y el Comercio Electr\u00f3nico).<\/p>\n<p>&nbsp;<\/p>\n<h2><strong>Regulaciones legales que cumple esta Pol\u00edtica de Privacidad<\/strong><\/h2>\n<p>FINCA EL SUECO ANDALUZ S.L.U. ha adecuado esta web a las exigencias de:<\/p>\n<ul>\n<li>El\u00a0<strong>RGPD<\/strong>\u00a0(<a href=\"https:\/\/www.boe.es\/doue\/2016\/119\/L00001-00088.pdf\" target=\"_blank\" rel=\"noopener noreferrer\"><strong>Reglamento (UE) 2016\/679 del Parlamento Europeo y del Consejo de 27 de abril de 2016 relativo a la protecci\u00f3n de las personas f\u00edsicas<\/strong><\/a>), que es la nueva normativa de la Uni\u00f3n Europea que unifica la regulaci\u00f3n del tratamiento de los datos personales en los distintos pa\u00edses de la UE.<\/li>\n<li>La\u00a0<strong>LOPD<\/strong>\u00a0(<a href=\"https:\/\/www.boe.es\/buscar\/doc.php?id=BOE-A-1999-23750\" target=\"_blank\" rel=\"noopener noreferrer\"><strong>Ley Org\u00e1nica 15\/1999, de 13 de diciembre, de Protecci\u00f3n de Datos de Car\u00e1cter Personal<\/strong><\/a>\u00a0y\u00a0<a href=\"https:\/\/www.boe.es\/buscar\/doc.php?id=BOE-A-2008-979\" target=\"_blank\" rel=\"noopener noreferrer\"><strong>Real Decreto 1720\/2007, de 21 de diciembre, conocido como el Reglamento de desarrollo de la LOPD<\/strong><\/a>), que regula el tratamiento de los datos personales y las obligaciones que debemos asumir los responsables de una web o un blog a la hora de gestionar esta informaci\u00f3n.<\/li>\n<li>La\u00a0<strong>LSSI o LSSICE\u00a0<\/strong>(<a href=\"http:\/\/www.boe.es\/buscar\/doc.php?id=BOE-A-2002-13758\" target=\"_blank\" rel=\"noopener noreferrer\"><strong>Ley 34\/2002, de 11 de julio, de Servicios de la Sociedad de la Informaci\u00f3n y Comercio Electr\u00f3nico<\/strong><\/a>), que regula las transacciones econ\u00f3micas mediante medios electr\u00f3nicos, como es el caso de esta web.<\/li>\n<\/ul>\n<p>&nbsp;<\/p>\n<h2><strong>Env\u00edo y registro de datos de car\u00e1cter personal<\/strong><\/h2>\n<p>A efectos de lo previsto en la Ley Org\u00e1nica 15\/1999, de 13 de diciembre, de Protecci\u00f3n de Datos de Car\u00e1cter Personal, FINCA EL SUECO ANDALUZ S.L.U.,\u00a0 con\u00a0 NIF: B93597938, informa al Usuario de que es titular de un fichero de datos de car\u00e1cter personal inscrito ante el R.G.P.D. (Registro General de Protecci\u00f3n de Datos), en los que sus datos quedan incorporados y son tratados con el fin de prestarte los servicios solicitados y enviarte la informaci\u00f3n acerca de servicios y productos que puedan ser te tu inter\u00e9s.<\/p>\n<p>El env\u00edo de datos de car\u00e1cter personal es obligatorio para contactar y realizar operaciones comerciales con FINCA EL SUECO ANDALUZ S.L.U.<\/p>\n<p>Asimismo, el no facilitar los datos personales solicitados o el no aceptar la presente pol\u00edtica de protecci\u00f3n de datos supone la imposibilidad de procesar las solicitudes realizadas en esta web.<\/p>\n<p>Los datos personales que recoge y almacena esta web est\u00e1n detallados en el Aviso Legal.<\/p>\n<p>&nbsp;<\/p>\n<h2><strong>Informaci\u00f3n personal que recoge \u00e9sta web<\/strong><\/h2>\n<p>Cuando un usuario se conecta con esta web para comentar un post, mandar un correo al titular, publicar en el blog o suscribirse 0 realizar alguna contrataci\u00f3n de servicios, est\u00e1 facilitando informaci\u00f3n de car\u00e1cter personal de la que es responsable FINCA EL SUECO ANDALUZ S.L.U.<\/p>\n<p>Esa informaci\u00f3n puede incluir tu direcci\u00f3n IP, nombre, direcci\u00f3n f\u00edsica, direcci\u00f3n de correo electr\u00f3nico, n\u00famero de tel\u00e9fono, informaci\u00f3n de pago y otra informaci\u00f3n demogr\u00e1fica.\u00a0Al facilitar esta informaci\u00f3n, el usuario da su consentimiento para que su informaci\u00f3n sea recopilada, utilizada, gestionada, y almacenados por FINCA EL SUECO ANDALUZ S.L.U., s\u00f3lo como se describe en el Aviso Legal y la presente Pol\u00edtica de Privacidad.<\/p>\n<p>&nbsp;<\/p>\n<h2><strong>Servicios de terceros que utilizo en esta web<\/strong><\/h2>\n<ul>\n<li><strong>Hosting<\/strong>:\u00a0iFastNet, empresa que me proporciona protocolos SSL para que tus datos permanezcan a salvo de los hackers o de otra persona que intente robar esa informaci\u00f3n. Consulta aqu\u00ed su\u00a0<a href=\"https:\/\/ifastnet.com\/privacy.php\" target=\"_blank\" rel=\"noopener noreferrer\">pol\u00edtica de privacidad<\/a>.<\/li>\n<li><strong>Plataforma web<\/strong>:\u00a0<a href=\"https:\/\/wordpress.org\/about\/privacy\/\">WordPress.org<\/a>, cuya pol\u00edtica de privacidad puedes consultar\u00a0<a href=\"https:\/\/automattic.com\/privacy\/\">aqu\u00ed<\/a>.<\/li>\n<li><strong>Proveedor de Email Marketing<\/strong>:<span>\u00a0<\/span><a href=\"https:\/\/mailchimp.com\/legal\/privacy\/\">MailChimp.<\/a><\/li>\n<li><strong>Captaci\u00f3n de suscriptores<\/strong>:<span>\u00a0<\/span><a href=\"https:\/\/www.elegantthemes.com\/policy\/privacy\/\">Bloom.<\/a><\/li>\n<li><a href=\"https:\/\/www.google.com\/intl\/es\/policies\/privacy\/\"><strong>Google Analytics<\/strong><\/a>.<\/li>\n<\/ul>\n<p>Los usuarios podr\u00e1n darse de baja en cualquier momento de los servicios prestados por <strong>fincasolmark.com<\/strong> la misma Newsletter.<\/p>\n<p>En cumplimiento de la normativa vigente sobre protecci\u00f3n de datos de car\u00e1cter personal, tanto al suscribirse a esta web como al realizar alg\u00fan comentario en cualquiera de sus p\u00e1ginas y\/o entradas, el usuario consiente:<\/p>\n<ol>\n<li>El tratamiento de sus datos personales en el entorno de wordpress conforme a\u00a0<a href=\"https:\/\/automattic.com\/privacy\/\" target=\"_blank\" rel=\"noopener noreferrer\">sus pol\u00edticas de privacidad<\/a>.<\/li>\n<li>El acceso de FINCA EL SUECO ANDALUZ S.L.U.\u00a0 a los datos que, de acuerdo con la infraestructura de wordpress, necesite el usuario aportar bien para la suscripci\u00f3n al blog bien para realizar y\/o recibir comentarios en el mismo.<\/li>\n<\/ol>\n<p>De acuerdo a lo establecido en la Ley Org\u00e1nica 15\/1999, de 13 de diciembre, de Protecci\u00f3n de Datos de Car\u00e1cter Personal, los datos personales que el usuario env\u00ede a trav\u00e9s de esta web ser\u00e1n incorporados a un Fichero de USUARIOS DE LA WEB titularidad de FINCA EL SUECO ANDALUZ S.L.U. y con domicilio en <span>Urb. Lomas de Riviera Club no 73, Riviera del Sol, 29649 Mijas Costa (M\u00e1laga)<\/span>. Estos ficheros tienen implementadas todas las medidas t\u00e9cnicas y organizativas de seguridad establecidas en el Real Decreto 1720\/2007, de desarrollo de la LOPD.<\/p>\n<p>FINCA EL SUECO ANDALUZ S.L.U. no vende, alquila ni cede datos de car\u00e1cter personal que puedan identificar al usuario, ni lo har\u00e1 en el futuro, a terceros sin el consentimiento previo. Sin embargo, en algunos casos se pueden realizar colaboraciones con otros profesionales para organizar actividades o realizar servicios, en esos casos, se requerir\u00e1 consentimiento a los usuarios informando sobre la identidad del colaborador y la finalidad de la colaboraci\u00f3n. Siempre se realizar\u00e1 con los m\u00e1s estrictos est\u00e1ndares de seguridad.<\/p>\n<p>&nbsp;<\/p>\n<h2><strong>Exactitud y veracidad de los datos<\/strong><\/h2>\n<p>El usuario es el \u00fanico responsable de la veracidad y correcci\u00f3n de los datos que remita a <strong>fincasolmark.com<\/strong> exonerando al Prestador de cualquier responsabilidad al respecto. Los usuarios garantizan y responden, en cualquier caso, de la exactitud, vigencia y autenticidad de los datos personales facilitados, y se comprometen a mantenerlos debidamente actualizados. El usuario acepta proporcionar informaci\u00f3n completa y correcta en el formulario de contacto o suscripci\u00f3n.<\/p>\n<p>&nbsp;<\/p>\n<h2><strong>Ejercicio de los derechos de acceso, rectificaci\u00f3n, cancelaci\u00f3n u oposici\u00f3n<\/strong><\/h2>\n<p>Los derechos de los Usuarios son los siguientes:<\/p>\n<ul>\n<li>Derecho a preguntar qu\u00e9 datos personales almacenamos sobre el Usuario en cualquier momento.<\/li>\n<li>Derecho a pedirnos que actualicemos o corrijamos de forma gratuita datos incorrectos o desfasados que almacenemos sobre el Usuario.<\/li>\n<li>Derecho a darse de baja de cualquier comunicaci\u00f3n de marketing que podamos enviarle al Usuario.<\/li>\n<\/ul>\n<p>El usuario podr\u00e1 dirigir sus comunicaciones y ejercitar los derechos de acceso, rectificaci\u00f3n, cancelaci\u00f3n y oposici\u00f3n a trav\u00e9s de correo electr\u00f3nico: hi@fincasolmark.com junto con prueba v\u00e1lida en derecho, como fotocopia del D.N.I. o equivalente, indicando en el asunto \u201cPROTECCI\u00d3N DE DATOS\u201d.<\/p>\n<p>&nbsp;<\/p>\n<h2><strong>Aceptaci\u00f3n y consentimiento<\/strong><\/h2>\n<p>El Usuario declara haber sido informado de las condiciones sobre protecci\u00f3n de datos de car\u00e1cter personal, aceptando y consintiendo el tratamiento de los mismos por parte de FINCA EL SUECO ANDALUZ S.L.U. en la forma y para las finalidades indicadas en el aviso legal.<\/p>\n<p>&nbsp;<\/p>\n<h2><strong>Cambios en la presente pol\u00edtica de privacidad<\/strong><\/h2>\n<p>FINCA EL SUECO ANDALUZ S.L.U. se reserva el derecho a modificar la presente pol\u00edtica para adaptarla a novedades legislativas o jurisprudenciales as\u00ed como a pr\u00e1cticas de la industria. En dichos supuestos, el Prestador anunciar\u00e1 en esta p\u00e1gina los cambios introducidos con razonable antelaci\u00f3n a su puesta en pr\u00e1ctica.<\/p>\n<p>&nbsp;<\/p>\n<h2><strong>Correos comerciales<\/strong><\/h2>\n<p>De acuerdo con la LSSICE, <strong>fincasolmark.com<\/strong> no realiza pr\u00e1cticas de SPAM, por lo que no env\u00eda correos comerciales por v\u00eda electr\u00f3nica que no hayan sido previamente solicitados o autorizados por el Usuario. En consecuencia, en cada uno de los formularios habidos en la P\u00e1gina Web, el Usuario tiene la posibilidad de dar su consentimiento expreso para recibir el bolet\u00edn, con independencia de la informaci\u00f3n comercial puntualmente solicitada.<\/p>\n<p>&nbsp;<\/p>\n<p>Te agradezco el tiempo dedicado a leer esta Pol\u00edtica de Privacidad. Ante cualquier duda, puedes contactar conmigo en:\u00a0<strong>hi@fincasolmark.com<\/strong><\/p>\n<p>&nbsp;<\/p>\n<p><strong>La Pol\u00edtica de Privacidad ha sido actualizada por \u00faltima vez el 04-06-2019.<\/strong><\/p>\n<\/div>\n<p>[\/et_pb_text][\/et_pb_column][\/et_pb_row][\/et_pb_section]<\/p>\n","protected":false},"excerpt":{"rendered":"<p>Pol\u00edtica de privacidad Si est\u00e1s aqu\u00ed es porque te preocupa que cumpla con la pol\u00edtica de privacidad y de protecci\u00f3n de datos en mi web y mi negocio. Me alegra verte por aqu\u00ed y te invito a leer esta pol\u00edtica de privacidad en su totalidad. &nbsp; Recomendaci\u00f3n previa Te doy la bienvenida a esta web [&hellip;]<\/p>\n","protected":false},"author":1,"featured_media":0,"parent":0,"menu_order":0,"comment_status":"closed","ping_status":"closed","template":"","meta":{"_et_pb_use_builder":"on","_et_pb_old_content":"<h2>Who we are<\/h2>\nOur website address is: http:\/\/fincasolmark.com\/wpfs.\n<h2>What personal data we collect and why we collect it<\/h2>\n<h3>Comments<\/h3>\nWhen visitors leave comments on the site we collect the data shown in the comments form, and also the visitor\u2019s IP address and browser user agent string to help spam detection.\n\nAn anonymized string created from your email address (also called a hash) may be provided to the Gravatar service to see if you are using it. The Gravatar service privacy policy is available here: https:\/\/automattic.com\/privacy\/. After approval of your comment, your profile picture is visible to the public in the context of your comment.\n<h3>Media<\/h3>\nIf you upload images to the website, you should avoid uploading images with embedded location data (EXIF GPS) included. Visitors to the website can download and extract any location data from images on the website.\n<h3>Contact forms<\/h3>\n<h3>Cookies<\/h3>\nIf you leave a comment on our site you may opt-in to saving your name, email address and website in cookies. These are for your convenience so that you do not have to fill in your details again when you leave another comment. These cookies will last for one year.\n\nIf you have an account and you log in to this site, we will set a temporary cookie to determine if your browser accepts cookies. This cookie contains no personal data and is discarded when you close your browser.\n\nWhen you log in, we will also set up several cookies to save your login information and your screen display choices. Login cookies last for two days, and screen options cookies last for a year. If you select \"Remember Me\", your login will persist for two weeks. If you log out of your account, the login cookies will be removed.\n\nIf you edit or publish an article, an additional cookie will be saved in your browser. This cookie includes no personal data and simply indicates the post ID of the article you just edited. It expires after 1 day.\n<h3>Embedded content from other websites<\/h3>\nArticles on this site may include embedded content (e.g. videos, images, articles, etc.). Embedded content from other websites behaves in the exact same way as if the visitor has visited the other website.\n\nThese websites may collect data about you, use cookies, embed additional third-party tracking, and monitor your interaction with that embedded content, including tracking your interaction with the embedded content if you have an account and are logged in to that website.\n<h3>Analytics<\/h3>\n<h2>Who we share your data with<\/h2>\n<h2>How long we retain your data<\/h2>\nIf you leave a comment, the comment and its metadata are retained indefinitely. This is so we can recognize and approve any follow-up comments automatically instead of holding them in a moderation queue.\n\nFor users that register on our website (if any), we also store the personal information they provide in their user profile. All users can see, edit, or delete their personal information at any time (except they cannot change their username). Website administrators can also see and edit that information.\n<h2>What rights you have over your data<\/h2>\nIf you have an account on this site, or have left comments, you can request to receive an exported file of the personal data we hold about you, including any data you have provided to us. You can also request that we erase any personal data we hold about you. This does not include any data we are obliged to keep for administrative, legal, or security purposes.\n<h2>Where we send your data<\/h2>\nVisitor comments may be checked through an automated spam detection service.\n<h2>Your contact information<\/h2>\n<h2>Additional information<\/h2>\n<h3>How we protect your data<\/h3>\n<h3>What data breach procedures we have in place<\/h3>\n<h3>What third parties we receive data from<\/h3>\n<h3>What automated decision making and\/or profiling we do with user data<\/h3>\n<h3>Industry regulatory disclosure requirements<\/h3>","_et_gb_content_width":"","footnotes":""},"class_list":["post-3","page","type-page","status-publish","hentry"],"_links":{"self":[{"href":"https:\/\/fincasolmark.com\/es\/wp-json\/wp\/v2\/pages\/3","targetHints":{"allow":["GET"]}}],"collection":[{"href":"https:\/\/fincasolmark.com\/es\/wp-json\/wp\/v2\/pages"}],"about":[{"href":"https:\/\/fincasolmark.com\/es\/wp-json\/wp\/v2\/types\/page"}],"author":[{"embeddable":true,"href":"https:\/\/fincasolmark.com\/es\/wp-json\/wp\/v2\/users\/1"}],"replies":[{"embeddable":true,"href":"https:\/\/fincasolmark.com\/es\/wp-json\/wp\/v2\/comments?post=3"}],"version-history":[{"count":0,"href":"https:\/\/fincasolmark.com\/es\/wp-json\/wp\/v2\/pages\/3\/revisions"}],"wp:attachment":[{"href":"https:\/\/fincasolmark.com\/es\/wp-json\/wp\/v2\/media?parent=3"}],"curies":[{"name":"wp","href":"https:\/\/api.w.org\/{rel}","templated":true}]}}