{"id":250988,"date":"2020-12-22T12:01:00","date_gmt":"2020-12-22T12:01:00","guid":{"rendered":"http:\/\/fincasolmark.com\/?page_id=250988"},"modified":"2021-03-24T19:11:18","modified_gmt":"2021-03-24T18:11:18","slug":"ebook-avolovers","status":"publish","type":"page","link":"https:\/\/fincasolmark.com\/es\/ebook-avolovers\/","title":{"rendered":"Ebook AVOLovers"},"content":{"rendered":"<p>[et_pb_section fb_built=\u00bb1&#8243; admin_label=\u00bbHeader\u00bb _builder_version=\u00bb3.23&#8243; use_background_color_gradient=\u00bbon\u00bb background_color_gradient_start=\u00bbrgba(255,255,255,0.1)\u00bb background_color_gradient_end=\u00bb#31d190&#8243; background_color_gradient_direction=\u00bb124deg\u00bb background_color_gradient_start_position=\u00bb30%\u00bb background_color_gradient_end_position=\u00bb90%\u00bb background_image=\u00bbhttp:\/\/fincasolmark.com\/wp-content\/uploads\/2020\/12\/ebook-17-1.png\u00bb background_position=\u00bbbottom_center\u00bb custom_padding=\u00bb5vw||5vw||true|\u00bb border_color_all=\u00bb#31d190&#8243; border_width_left=\u00bb10px\u00bb][et_pb_row column_structure=\u00bb1_2,1_2&#8243; use_custom_gutter=\u00bbon\u00bb gutter_width=\u00bb4&#8243; _builder_version=\u00bb3.25&#8243; background_size=\u00bbcontain\u00bb background_position=\u00bbbottom_center\u00bb max_width=\u00bb1280px\u00bb custom_padding=\u00bb||42px|||\u00bb][et_pb_column type=\u00bb1_2&#8243; _builder_version=\u00bb3.25&#8243; custom_padding=\u00bb40px|||\u00bb custom_padding_tablet=\u00bb0vw|||\u00bb custom_padding__hover=\u00bb|||\u00bb][et_pb_image src=\u00bbhttp:\/\/fincasolmark.com\/wp-content\/uploads\/2020\/12\/Ebook-AVOLovers.png\u00bb alt=\u00bbEbook AVOLovers &#8211; Finca Solmark\u00bb title_text=\u00bbEbook-AVOLovers\u00bb _builder_version=\u00bb4.7.7&#8243; max_width=\u00bb480px\u00bb animation_direction=\u00bbbottom\u00bb box_shadow_style=\u00bbpreset3&#8243; box_shadow_vertical=\u00bb40px\u00bb box_shadow_blur=\u00bb80px\u00bb box_shadow_spread=\u00bb-20px\u00bb box_shadow_color=\u00bbrgba(0,0,0,0.8)\u00bb always_center_on_mobile=\u00bboff\u00bb][\/et_pb_image][\/et_pb_column][et_pb_column type=\u00bb1_2&#8243; _builder_version=\u00bb4.7.7&#8243; _module_preset=\u00bbdefault\u00bb][et_pb_text _builder_version=\u00bb4.7.7&#8243; text_font=\u00bb||||||||\u00bb text_text_color=\u00bb#000000&#8243; text_font_size=\u00bb18px\u00bb text_line_height=\u00bb1.8em\u00bb header_font=\u00bbLibre Baskerville|800|||||||\u00bb header_text_color=\u00bb#000000&#8243; header_font_size=\u00bb2vw\u00bb header_line_height=\u00bb1.1em\u00bb custom_margin=\u00bb||4px|||\u00bb text_font_size_tablet=\u00bb16px\u00bb text_font_size_phone=\u00bb14px\u00bb text_font_size_last_edited=\u00bbon|phone\u00bb text_line_height_tablet=\u00bb1.8em\u00bb text_line_height_phone=\u00bb1.7em\u00bb text_line_height_last_edited=\u00bboff|phone\u00bb header_font_size_tablet=\u00bb8vw\u00bb header_font_size_phone=\u00bb10vw\u00bb header_font_size_last_edited=\u00bbon|phone\u00bb]<\/p>\n<h1><span style=\"color: #008000;\">AVOLovers: El placer por lo sano<\/span><\/h1>\n<p>[\/et_pb_text][et_pb_divider _builder_version=\u00bb4.7.7&#8243; _module_preset=\u00bbdefault\u00bb custom_margin=\u00bb||8px|||\u00bb][\/et_pb_divider][et_pb_text _builder_version=\u00bb4.7.7&#8243; text_font=\u00bb||||||||\u00bb text_text_color=\u00bb#000000&#8243; text_font_size=\u00bb18px\u00bb text_line_height=\u00bb1.8em\u00bb header_font=\u00bbLibre Baskerville|800|||||||\u00bb header_text_color=\u00bb#000000&#8243; header_font_size=\u00bb2vw\u00bb header_line_height=\u00bb1.1em\u00bb custom_margin=\u00bb-7px||30px|||\u00bb text_font_size_tablet=\u00bb16px\u00bb text_font_size_phone=\u00bb14px\u00bb text_font_size_last_edited=\u00bbon|phone\u00bb text_line_height_tablet=\u00bb1.8em\u00bb text_line_height_phone=\u00bb1.7em\u00bb text_line_height_last_edited=\u00bboff|phone\u00bb header_font_size_tablet=\u00bb8vw\u00bb header_font_size_phone=\u00bb10vw\u00bb header_font_size_last_edited=\u00bbon|phone\u00bb]<\/p>\n<p><b><span size=\"4\" color=\"#6aa84f\" style=\"color: #6aa84f; font-size: large;\">10 recetas ricas y saludables para los amantes del aguacate<\/span><\/b><\/p>\n<p>[\/et_pb_text][et_pb_text _builder_version=\u00bb4.7.7&#8243; text_font=\u00bb||||||||\u00bb text_text_color=\u00bb#000000&#8243; text_font_size=\u00bb18px\u00bb text_line_height=\u00bb1.8em\u00bb header_font=\u00bbLibre Baskerville|800|||||||\u00bb header_text_color=\u00bb#000000&#8243; header_font_size=\u00bb2vw\u00bb header_line_height=\u00bb1.1em\u00bb custom_margin=\u00bb-7px||30px|||\u00bb text_font_size_tablet=\u00bb16px\u00bb text_font_size_phone=\u00bb14px\u00bb text_font_size_last_edited=\u00bbon|phone\u00bb text_line_height_tablet=\u00bb1.8em\u00bb text_line_height_phone=\u00bb1.7em\u00bb text_line_height_last_edited=\u00bboff|phone\u00bb header_font_size_tablet=\u00bb8vw\u00bb header_font_size_phone=\u00bb10vw\u00bb header_font_size_last_edited=\u00bbon|phone\u00bb]<\/p>\n<p><b>Pelle Lundborg, Due\u00f1o y Fundador de la Finca Solmark.<\/b><\/p>\n<p>[\/et_pb_text][et_pb_divider _builder_version=\u00bb4.7.7&#8243; _module_preset=\u00bbdefault\u00bb custom_margin=\u00bb||8px|||\u00bb][\/et_pb_divider][et_pb_text _builder_version=\u00bb4.7.7&#8243; text_font=\u00bb||||||||\u00bb text_text_color=\u00bb#000000&#8243; text_font_size=\u00bb18px\u00bb text_line_height=\u00bb1.8em\u00bb header_font=\u00bbLibre Baskerville|800|||||||\u00bb header_text_color=\u00bb#000000&#8243; header_font_size=\u00bb2vw\u00bb header_line_height=\u00bb1.1em\u00bb custom_margin=\u00bb-7px||30px|||\u00bb text_font_size_tablet=\u00bb16px\u00bb text_font_size_phone=\u00bb14px\u00bb text_font_size_last_edited=\u00bbon|phone\u00bb text_line_height_tablet=\u00bb1.8em\u00bb text_line_height_phone=\u00bb1.7em\u00bb text_line_height_last_edited=\u00bboff|phone\u00bb header_font_size_tablet=\u00bb8vw\u00bb header_font_size_phone=\u00bb10vw\u00bb header_font_size_last_edited=\u00bbon|phone\u00bb]<\/p>\n<p><b><i>Con la colaboraci\u00f3n de Rub\u00e9n Bravo,\u00a0Dietista experto en gastronom\u00eda y director del departamento de nutrici\u00f3n del Instituto\u00a0M\u00e9dico Europeo en Obesidad.<\/i><\/b><\/p>\n<p>[\/et_pb_text][et_pb_code _builder_version=\u00bb4.7.7&#8243; _module_preset=\u00bbdefault\u00bb][et_bloom_inline optin_id=\u00bboptin_10&#8243;][\/et_pb_code][\/et_pb_column][\/et_pb_row][\/et_pb_section][et_pb_section fb_built=\u00bb1&#8243; admin_label=\u00bbAbout\u00bb _builder_version=\u00bb3.22.7&#8243;][et_pb_row column_structure=\u00bb1_2,1_2&#8243; _builder_version=\u00bb3.25&#8243;][et_pb_column type=\u00bb1_2&#8243; _builder_version=\u00bb3.25&#8243; custom_padding=\u00bb|||\u00bb custom_padding__hover=\u00bb|||\u00bb][et_pb_image src=\u00bbhttp:\/\/fincasolmark.com\/wp-content\/uploads\/2020\/12\/author-icon-09-4.png\u00bb _builder_version=\u00bb3.23&#8243; max_width=\u00bb400px\u00bb max_width_tablet=\u00bb\u00bb max_width_phone=\u00bb\u00bb max_width_last_edited=\u00bbon|tablet\u00bb module_alignment=\u00bbright\u00bb animation_direction=\u00bbbottom\u00bb always_center_on_mobile=\u00bboff\u00bb][\/et_pb_image][et_pb_text _builder_version=\u00bb4.7.7&#8243; header_font=\u00bb||||||||\u00bb header_2_font=\u00bbLibre Baskerville|800|||||||\u00bb header_2_text_color=\u00bb#000000&#8243; header_2_font_size=\u00bb35px\u00bb header_2_line_height=\u00bb1.2em\u00bb max_width=\u00bb400px\u00bb max_width_tablet=\u00bb\u00bb max_width_phone=\u00bb\u00bb max_width_last_edited=\u00bbon|tablet\u00bb module_alignment=\u00bbright\u00bb header_2_font_size_tablet=\u00bb40px\u00bb header_2_font_size_phone=\u00bb25px\u00bb header_2_font_size_last_edited=\u00bbon|desktop\u00bb locked=\u00bboff\u00bb]<\/p>\n<h2>Sobre el libro<\/h2>\n<p>[\/et_pb_text][\/et_pb_column][et_pb_column type=\u00bb1_2&#8243; _builder_version=\u00bb3.25&#8243; custom_padding=\u00bb|||\u00bb custom_padding__hover=\u00bb|||\u00bb][et_pb_text _builder_version=\u00bb4.7.7&#8243; text_font=\u00bb||||||||\u00bb text_font_size=\u00bb18px\u00bb text_line_height=\u00bb1.8em\u00bb text_orientation=\u00bbjustified\u00bb text_font_size_tablet=\u00bb16px\u00bb text_font_size_phone=\u00bb14px\u00bb text_font_size_last_edited=\u00bbon|phone\u00bb text_line_height_tablet=\u00bb1.8em\u00bb text_line_height_phone=\u00bb1.7em\u00bb text_line_height_last_edited=\u00bboff|phone\u00bb locked=\u00bboff\u00bb]<\/p>\n<div class=\"dashboard_icons_container\">\n<div class=\"et_bloom_shortcode_message\">\n<div class=\"et_disabled_textarea\">\n<div>El<span>\u00a0<\/span><b>aguacate<span>\u00a0<\/span><\/b>ha llegado para quedarse y se ha convertido en uno de los<span>\u00a0<\/span><b>\u201csuperalimentos\u201d<span>\u00a0<\/span><\/b>m\u00e1s amados, valorados y demandados por los consumidores europeos. Durante la pandemia, muchas personas han comenzado a prestar m\u00e1s atenci\u00f3n a su dieta y a acudir a alimentos que fortalezcan su sistema inmunol\u00f3gico.\u00a0<\/div>\n<div>\u00a0<\/div>\n<div>Y es que, el que ha llegado a denominarse el<span>\u00a0<\/span><b>\u00abOro Verde\u00bb\u00a0<\/b>por su incre\u00edble riqueza nutricional, combinado con una alimentaci\u00f3n equilibrada y ejercicio, es uno de los mejores amigos de nuestro organismo, compartiendo los nuevos h\u00e1bitos y necesidades de los paladares m\u00e1s exquisitos y exigentes.<\/div>\n<\/div>\n<\/div>\n<\/div>\n<div class=\"et_dashboard_modal_footer\"><\/div>\n<p>[\/et_pb_text][\/et_pb_column][\/et_pb_row][et_pb_row column_structure=\u00bb1_2,1_2&#8243; _builder_version=\u00bb3.25&#8243;][et_pb_column type=\u00bb1_2&#8243; _builder_version=\u00bb3.25&#8243; custom_padding=\u00bb|||\u00bb custom_padding__hover=\u00bb|||\u00bb][et_pb_text _builder_version=\u00bb4.7.7&#8243; text_font=\u00bb||||||||\u00bb text_font_size=\u00bb18px\u00bb text_line_height=\u00bb1.8em\u00bb text_orientation=\u00bbjustified\u00bb text_font_size_tablet=\u00bb16px\u00bb text_font_size_phone=\u00bb14px\u00bb text_font_size_last_edited=\u00bbon|phone\u00bb text_line_height_tablet=\u00bb1.8em\u00bb text_line_height_phone=\u00bb1.7em\u00bb text_line_height_last_edited=\u00bboff|phone\u00bb locked=\u00bboff\u00bb]<\/p>\n<p><span>En Espa\u00f1a tenemos la suerte de contar con aguacates de m\u00e1xima calidad. Aunque esta fruta es tropical,\u00a0<\/span><b>la sierra de M\u00e1laga<\/b><span>\u00a0re\u00fane una serie de condiciones id\u00f3neas para su cultivo, ya que en esta zona de Andaluc\u00eda se da un microclima que reproduce las condiciones\u00a0naturales de su regi\u00f3n de origen, M\u00e9xico, con la ventaja adicional de que el ambiente tiene una humedad a\u00fan m\u00e1s apropiada para su desarrollo. Esto evita que sufran la acci\u00f3n de hongos o plagas sin necesidad de usar pesticidas y hace posible que\u00a0se puedan\u00a0cultivar aguacates de forma ecol\u00f3gica, respetando el entorno y consiguiendo frutas que conservan todas sus propiedades saludables, el mejor sabor y la textura m\u00e1s cremosa que se puede conseguir.<\/span><\/p>\n<p>[\/et_pb_text][\/et_pb_column][et_pb_column type=\u00bb1_2&#8243; _builder_version=\u00bb3.25&#8243; custom_padding=\u00bb|||\u00bb custom_padding__hover=\u00bb|||\u00bb][et_pb_text quote_border_weight=\u00bb0px\u00bb _builder_version=\u00bb4.7.7&#8243; text_font=\u00bb||||||||\u00bb text_font_size=\u00bb18px\u00bb text_line_height=\u00bb1.8em\u00bb quote_font=\u00bb|700|on||||||\u00bb quote_text_align=\u00bbright\u00bb quote_text_color=\u00bb#31d190&#8243; quote_font_size=\u00bb24px\u00bb custom_margin=\u00bb-24px|-30px|60px|||\u00bb custom_padding=\u00bb|30px||\u00bb text_font_size_tablet=\u00bb16px\u00bb text_font_size_phone=\u00bb14px\u00bb text_font_size_last_edited=\u00bbon|phone\u00bb text_line_height_tablet=\u00bb1.8em\u00bb text_line_height_phone=\u00bb1.7em\u00bb text_line_height_last_edited=\u00bboff|phone\u00bb border_color_all=\u00bb#000000&#8243; border_width_right=\u00bb8px\u00bb locked=\u00bboff\u00bb]<\/p>\n<blockquote>\n<p>Del campo a tu mesa respetando la sostenibilidad del planeta<\/p>\n<\/blockquote>\n<p>[\/et_pb_text][\/et_pb_column][\/et_pb_row][et_pb_row _builder_version=\u00bb4.7.7&#8243; _module_preset=\u00bbdefault\u00bb][et_pb_column type=\u00bb4_4&#8243; _builder_version=\u00bb4.7.7&#8243; _module_preset=\u00bbdefault\u00bb][et_pb_text _builder_version=\u00bb4.7.7&#8243; text_font=\u00bb||||||||\u00bb text_font_size=\u00bb18px\u00bb text_line_height=\u00bb1.8em\u00bb text_orientation=\u00bbjustified\u00bb text_font_size_tablet=\u00bb16px\u00bb text_font_size_phone=\u00bb14px\u00bb text_font_size_last_edited=\u00bbon|phone\u00bb text_line_height_tablet=\u00bb1.8em\u00bb text_line_height_phone=\u00bb1.7em\u00bb text_line_height_last_edited=\u00bboff|phone\u00bb locked=\u00bboff\u00bb]<\/p>\n<p><span>En los \u00faltimos tiempos, el aguacate se ha empezado a denominar el nuevo\u00a0<b><i>comfort food\u00a0<\/i><\/b>saludable, esto es, la comida reconfortante que ayuda a alimentar el cuerpo y darnos placer. Esto lo convierte en un aliado perfecto para ayudarnos a mantenernos sanos y llevar una vida activa. Como es sabido por todos, es<\/span><span>\u00a0rico en<b>\u00a0vitaminas, minerales y grasas saludables<\/b>, tiene un excelente sabor, una textura cremosa y es ideal para desayunos, comidas y tentempi\u00e9s. \u00a1Cualquier hora del d\u00eda es el momento adecuado para comer un aguacate!\u00a0<\/span><\/p>\n<p>[\/et_pb_text][\/et_pb_column][\/et_pb_row][\/et_pb_section][et_pb_section fb_built=\u00bb1&#8243; admin_label=\u00bbCall To Action\u00bb _builder_version=\u00bb3.22.7&#8243; background_color=\u00bb#31d190&#8243; transform_translate=\u00bb-10px|0px\u00bb transform_translate_linked=\u00bboff\u00bb width=\u00bb93%\u00bb module_alignment=\u00bbright\u00bb custom_margin=\u00bb||10vw|||\u00bb custom_margin_tablet=\u00bb||20vw|\u00bb custom_margin_phone=\u00bb\u00bb custom_margin_last_edited=\u00bbon|phone\u00bb border_color_all=\u00bb#000000&#8243; border_width_right=\u00bb6vw\u00bb border_color_right=\u00bb#ffffff\u00bb box_shadow_style=\u00bbpreset4&#8243; box_shadow_vertical=\u00bb0px\u00bb box_shadow_color=\u00bb#000000&#8243;][et_pb_row column_structure=\u00bb3_5,2_5&#8243; _builder_version=\u00bb3.25&#8243;][et_pb_column type=\u00bb3_5&#8243; _builder_version=\u00bb3.25&#8243; custom_padding=\u00bb|||\u00bb custom_padding__hover=\u00bb|||\u00bb][et_pb_image src=\u00bbhttp:\/\/fincasolmark.com\/wp-content\/uploads\/2020\/12\/author-icon-03-2.png\u00bb align=\u00bbcenter\u00bb _builder_version=\u00bb3.23&#8243; animation_direction=\u00bbbottom\u00bb always_center_on_mobile=\u00bboff\u00bb][\/et_pb_image][et_pb_text _builder_version=\u00bb4.9.2&#8243; text_font=\u00bb||||||||\u00bb text_font_size=\u00bb18px\u00bb text_line_height=\u00bb1.8em\u00bb header_font=\u00bb||||||||\u00bb header_2_font=\u00bbLibre Baskerville|800||on|||||\u00bb header_2_font_size=\u00bb40px\u00bb header_2_line_height=\u00bb1.2em\u00bb header_3_font=\u00bbLibre Baskerville|700|||||||\u00bb header_3_font_size=\u00bb16px\u00bb header_3_line_height=\u00bb1.4em\u00bb text_orientation=\u00bbcenter\u00bb background_layout=\u00bbdark\u00bb module_alignment=\u00bbright\u00bb hover_enabled=\u00bb0&#8243; text_font_size_tablet=\u00bb16px\u00bb text_font_size_phone=\u00bb14px\u00bb text_font_size_last_edited=\u00bbon|phone\u00bb text_line_height_tablet=\u00bb1.8em\u00bb text_line_height_phone=\u00bb1.7em\u00bb text_line_height_last_edited=\u00bboff|phone\u00bb header_2_font_size_tablet=\u00bb40px\u00bb header_2_font_size_phone=\u00bb25px\u00bb header_2_font_size_last_edited=\u00bbon|desktop\u00bb sticky_enabled=\u00bb0&#8243;]<\/p>\n<h3>Disfruta del aguacate con<\/h3>\n<h2>AVOLovers<\/h2>\n<p><b><span size=\"4\" color=\"#6aa84f\">10 recetas ricas y saludables para los amantes del aguacate<\/span><\/b><\/p>\n<p>[\/et_pb_text][et_pb_code _builder_version=\u00bb4.7.7&#8243; _module_preset=\u00bbdefault\u00bb][et_bloom_inline optin_id=\u00bboptin_10&#8243;][\/et_pb_code][\/et_pb_column][et_pb_column type=\u00bb2_5&#8243; _builder_version=\u00bb3.25&#8243; custom_padding=\u00bb|||\u00bb custom_padding__hover=\u00bb|||\u00bb][et_pb_image src=\u00bbhttp:\/\/fincasolmark.com\/wp-content\/uploads\/2020\/12\/Ebook-AVOLovers.png\u00bb alt=\u00bbEbook AVOLovers &#8211; Finca Solmark\u00bb title_text=\u00bbEbook-AVOLovers\u00bb align_tablet=\u00bbcenter\u00bb align_phone=\u00bb\u00bb align_last_edited=\u00bbon|desktop\u00bb _builder_version=\u00bb4.7.7&#8243; max_width_tablet=\u00bb400px\u00bb max_width_phone=\u00bb\u00bb max_width_last_edited=\u00bbon|desktop\u00bb custom_margin=\u00bb||-180px\u00bb custom_padding=\u00bb|||\u00bb animation_direction=\u00bbbottom\u00bb box_shadow_style=\u00bbpreset3&#8243; box_shadow_vertical=\u00bb40px\u00bb box_shadow_blur=\u00bb80px\u00bb box_shadow_spread=\u00bb-20px\u00bb box_shadow_color=\u00bbrgba(0,0,0,0.8)\u00bb][\/et_pb_image][\/et_pb_column][\/et_pb_row][\/et_pb_section]<\/p>\n","protected":false},"excerpt":{"rendered":"<p>AVOLovers: El placer por lo sano10 recetas ricas y saludables para los amantes del aguacatePelle Lundborg, Due\u00f1o y Fundador de la Finca Solmark.Con la colaboraci\u00f3n de Rub\u00e9n Bravo,\u00a0Dietista experto en gastronom\u00eda y director del departamento de nutrici\u00f3n del Instituto\u00a0M\u00e9dico Europeo en Obesidad.[et_bloom_inline optin_id=\u00bboptin_10&#8243;]Sobre el libro El\u00a0aguacate\u00a0ha llegado para quedarse y se ha convertido en uno [&hellip;]<\/p>\n","protected":false},"author":1,"featured_media":0,"parent":0,"menu_order":0,"comment_status":"closed","ping_status":"closed","template":"","meta":{"_et_pb_use_builder":"on","_et_pb_old_content":"","_et_gb_content_width":"","footnotes":""},"class_list":["post-250988","page","type-page","status-publish","hentry"],"_links":{"self":[{"href":"https:\/\/fincasolmark.com\/es\/wp-json\/wp\/v2\/pages\/250988","targetHints":{"allow":["GET"]}}],"collection":[{"href":"https:\/\/fincasolmark.com\/es\/wp-json\/wp\/v2\/pages"}],"about":[{"href":"https:\/\/fincasolmark.com\/es\/wp-json\/wp\/v2\/types\/page"}],"author":[{"embeddable":true,"href":"https:\/\/fincasolmark.com\/es\/wp-json\/wp\/v2\/users\/1"}],"replies":[{"embeddable":true,"href":"https:\/\/fincasolmark.com\/es\/wp-json\/wp\/v2\/comments?post=250988"}],"version-history":[{"count":0,"href":"https:\/\/fincasolmark.com\/es\/wp-json\/wp\/v2\/pages\/250988\/revisions"}],"wp:attachment":[{"href":"https:\/\/fincasolmark.com\/es\/wp-json\/wp\/v2\/media?parent=250988"}],"curies":[{"name":"wp","href":"https:\/\/api.w.org\/{rel}","templated":true}]}}