{"id":245702,"date":"2020-01-24T18:26:36","date_gmt":"2020-01-24T18:26:36","guid":{"rendered":"http:\/\/fincasolmark.com\/?page_id=245702"},"modified":"2021-10-13T08:38:37","modified_gmt":"2021-10-13T07:38:37","slug":"visita-a-la-finca","status":"publish","type":"page","link":"https:\/\/fincasolmark.com\/es\/visita-a-la-finca\/","title":{"rendered":"Visita a La Finca"},"content":{"rendered":"<p>[et_pb_section fb_built=\u00bb1&#8243; _builder_version=\u00bb4.2.1&#8243; background_color=\u00bbrgba(0,0,0,0)\u00bb custom_padding=\u00bb||6px|||\u00bb global_colors_info=\u00bb{}\u00bb][et_pb_row use_custom_gutter=\u00bbon\u00bb gutter_width=\u00bb1&#8243; make_equal=\u00bbon\u00bb _builder_version=\u00bb4.2.1&#8243; width=\u00bb85%\u00bb max_width=\u00bb100%\u00bb global_colors_info=\u00bb{}\u00bb][et_pb_column type=\u00bb4_4&#8243; _builder_version=\u00bb4.2.1&#8243; global_colors_info=\u00bb{}\u00bb][et_pb_image src=\u00bbhttp:\/\/fincasolmark.com\/wp-content\/uploads\/2020\/01\/finca_solmark_actividades_visita_la_finca_cab.jpg\u00bb align=\u00bbcenter\u00bb _builder_version=\u00bb4.2.1&#8243; border_radii=\u00bbon|10px|10px|10px|10px\u00bb global_colors_info=\u00bb{}\u00bb][\/et_pb_image][\/et_pb_column][\/et_pb_row][\/et_pb_section][et_pb_section fb_built=\u00bb1&#8243; _builder_version=\u00bb4.2.1&#8243; custom_padding=\u00bb3px||8px|||\u00bb global_colors_info=\u00bb{}\u00bb][et_pb_row column_structure=\u00bb1_2,1_6,1_6,1_6&#8243; use_custom_gutter=\u00bbon\u00bb make_equal=\u00bbon\u00bb _builder_version=\u00bb4.2.1&#8243; width=\u00bb100%\u00bb max_width=\u00bb85%\u00bb global_colors_info=\u00bb{}\u00bb][et_pb_column type=\u00bb1_2&#8243; _builder_version=\u00bb4.2.1&#8243; global_colors_info=\u00bb{}\u00bb][et_pb_text _builder_version=\u00bb4.2.1&#8243; header_font_size=\u00bb1vw\u00bb header_2_font=\u00bbLibre Baskerville||||||||\u00bb header_2_font_size=\u00bb1.2vw\u00bb header_font_size_tablet=\u00bb3vw\u00bb header_font_size_phone=\u00bb4vw\u00bb header_font_size_last_edited=\u00bbon|phone\u00bb header_2_font_size_tablet=\u00bb1.9vw\u00bb header_2_font_size_phone=\u00bb1.9vw\u00bb header_2_font_size_last_edited=\u00bbon|phone\u00bb global_colors_info=\u00bb{}\u00bb]<\/p>\n<h1><span>VISITA GUIADA EN FINCA SOLMARK<\/span><\/h1>\n<h2><span>UN RINC\u00d3N DE M\u00c1LAGA DE AGUACATES ECOL\u00d3GICOS Y ACEITE DE OLIVA.<\/span><\/h2>\n<p><span>CARRATRACA, M\u00c1LAGA, ESPA\u00d1A<\/span><\/p>\n<p>[\/et_pb_text][\/et_pb_column][et_pb_column type=\u00bb1_6&#8243; _builder_version=\u00bb4.2.1&#8243; global_colors_info=\u00bb{}\u00bb][et_pb_blurb title=\u00bbDURACI\u00d3N\u00bb use_icon=\u00bbon\u00bb font_icon=\u00bb%%92%%\u00bb icon_alignment=\u00bbleft\u00bb use_icon_font_size=\u00bbon\u00bb icon_font_size=\u00bb26px\u00bb _builder_version=\u00bb4.2.1&#8243; header_font_size=\u00bb1vw\u00bb header_font_size_tablet=\u00bb2vw\u00bb header_font_size_phone=\u00bb3vw\u00bb header_font_size_last_edited=\u00bbon|phone\u00bb global_colors_info=\u00bb{}\u00bb]<\/p>\n<p>2 horas<\/p>\n<p>[\/et_pb_blurb][\/et_pb_column][et_pb_column type=\u00bb1_6&#8243; _builder_version=\u00bb4.2.1&#8243; global_colors_info=\u00bb{}\u00bb][et_pb_blurb title=\u00bbTAMA\u00d1O DEL GRUPO\u00bb use_icon=\u00bbon\u00bb font_icon=\u00bb%%259%%\u00bb icon_alignment=\u00bbleft\u00bb use_icon_font_size=\u00bbon\u00bb icon_font_size=\u00bb26px\u00bb _builder_version=\u00bb4.11.1&#8243; header_font_size=\u00bb1vw\u00bb header_font_size_tablet=\u00bb2vw\u00bb header_font_size_phone=\u00bb3vw\u00bb header_font_size_last_edited=\u00bbon|phone\u00bb global_colors_info=\u00bb{}\u00bb]<\/p>\n<p>Hasta 30 personas<\/p>\n<p>[\/et_pb_blurb][\/et_pb_column][et_pb_column type=\u00bb1_6&#8243; _builder_version=\u00bb4.2.1&#8243; global_colors_info=\u00bb{}\u00bb][et_pb_blurb title=\u00bbIDIOMA\u00bb use_icon=\u00bbon\u00bb font_icon=\u00bb%%222%%\u00bb icon_alignment=\u00bbleft\u00bb use_icon_font_size=\u00bbon\u00bb icon_font_size=\u00bb26px\u00bb _builder_version=\u00bb4.2.1&#8243; header_font_size=\u00bb1vw\u00bb header_font_size_tablet=\u00bb2vw\u00bb header_font_size_phone=\u00bb3vw\u00bb header_font_size_last_edited=\u00bbon|phone\u00bb global_colors_info=\u00bb{}\u00bb]<\/p>\n<p><span>Sueco, Ingl\u00e9s y Espa\u00f1ol<\/span><\/p>\n<p>[\/et_pb_blurb][\/et_pb_column][\/et_pb_row][\/et_pb_section][et_pb_section fb_built=\u00bb1&#8243; _builder_version=\u00bb4.2.1&#8243; background_color=\u00bb#d6d6d6&#8243; custom_padding=\u00bb32px||12px|||\u00bb global_colors_info=\u00bb{}\u00bb][et_pb_row column_structure=\u00bb1_3,2_3&#8243; _builder_version=\u00bb4.2.1&#8243; width=\u00bb100%\u00bb max_width=\u00bb85%\u00bb global_colors_info=\u00bb{}\u00bb][et_pb_column type=\u00bb1_3&#8243; _builder_version=\u00bb4.2.1&#8243; global_colors_info=\u00bb{}\u00bb][et_pb_text _builder_version=\u00bb4.2.1&#8243; header_3_font=\u00bbLibre Baskerville||||||||\u00bb header_3_font_size=\u00bb1.5vw\u00bb header_3_font_size_tablet=\u00bb2.5vw\u00bb header_3_font_size_phone=\u00bb4vw\u00bb header_3_font_size_last_edited=\u00bbon|phone\u00bb global_colors_info=\u00bb{}\u00bb]<\/p>\n<h3>Qu\u00e9 har\u00e1s<\/h3>\n<p>[\/et_pb_text][\/et_pb_column][et_pb_column type=\u00bb2_3&#8243; _builder_version=\u00bb4.2.1&#8243; global_colors_info=\u00bb{}\u00bb][et_pb_text _builder_version=\u00bb4.4.2&#8243; text_font=\u00bbLibre Baskerville||||||||\u00bb text_font_size=\u00bb1.2vw\u00bb text_letter_spacing=\u00bb1px\u00bb text_line_height=\u00bb2.3em\u00bb text_font_size_tablet=\u00bb2vw\u00bb text_font_size_phone=\u00bb3.5vw\u00bb text_font_size_last_edited=\u00bbon|phone\u00bb global_colors_info=\u00bb{}\u00bb]<\/p>\n<p dir=\"ltr\"><span>Disfruta de un d\u00eda diferente y ven a visitar<\/span><span> Finca Solmark, un observatorio de naturaleza y agricultura ecol\u00f3gica en Carratraca, <\/span><span>a tan solo 30 minutos de<\/span><span> M\u00e1laga, Espa\u00f1a.<\/span><span>\u00a0 El due\u00f1o de la Finca, <\/span><span>Pelle Lundborg<\/span><span>, o alguno de nuestros <\/span><span>gu\u00edas expertos<\/span><span>, te acompa\u00f1ar\u00e1 en una <\/span><span>ruta guiada<\/span><span> por la Finca de 2 horas de duraci\u00f3n. Adem\u00e1s de aprender sobre las curiosidades de la agricultura ecol\u00f3gica, del mundo del olivo y del aguacate, \u00a1te aseguramos mucha diversi\u00f3n!\u00a0Te mostraremos nuestros cultivos, olivar, hoteles para insectos, huerto ecol\u00f3gico, placas solares, sistema de riego, era, fuente\u2026\u00a1y podr\u00e1s disfrutar del precioso paisaje del campo malague\u00f1o!. Al terminar la visita recibir\u00e1s un detalle de cortes\u00eda: <\/span><span>una botella de nuestro mejor aceite de oliva virgen extra <\/span><span>para aderezar tus platos con el delicioso oro amarillo.\u00a0<\/span><\/p>\n<p dir=\"ltr\"><span><\/span><\/p>\n<p>[\/et_pb_text][et_pb_image src=\u00bbhttp:\/\/fincasolmark.com\/wp-content\/uploads\/2019\/04\/finca_solmark_alojamiento_rural_panoramica_olivos.jpg\u00bb align=\u00bbcenter\u00bb _builder_version=\u00bb4.2.1&#8243; global_colors_info=\u00bb{}\u00bb][\/et_pb_image][et_pb_text _builder_version=\u00bb4.2.1&#8243; text_font=\u00bbLibre Baskerville||||||||\u00bb text_font_size=\u00bb1.2vw\u00bb text_letter_spacing=\u00bb1px\u00bb text_line_height=\u00bb2.3em\u00bb text_font_size_tablet=\u00bb2vw\u00bb text_font_size_phone=\u00bb3.5vw\u00bb text_font_size_last_edited=\u00bbon|phone\u00bb global_colors_info=\u00bb{}\u00bb]<\/p>\n<p dir=\"ltr\"><span>Est\u00e1 incluido <\/span><span>t\u00e9\/caf\u00e9<\/span><span> y <\/span><span>cata\/degustaci\u00f3n<\/span><span> de nuestro aceite con pan artesanal para recuperar fuerzas. S\u00f3lo necesitas ropa c\u00f3moda, un calzado apropiado y muchas ganas de pasarlo bien. Est\u00e1n permitidas las mascotas.\u00a0La entrada es gratuita para ni\u00f1os de menos de 12 a\u00f1os.<\/span><\/p>\n<p class=\"Normalwebb\" style=\"margin-bottom: .0001pt; text-align: justify; text-justify: inter-ideograph; line-height: 200%;\"><b><span style=\"font-size: 10.0pt; line-height: 200%; font-family: 'Arial',sans-serif; color: black;\">***(INFORMA SI ERES INTOLERANTE AL GLUTEN)***<o:p><\/o:p><\/span><\/b><\/p>\n<p dir=\"ltr\"><span>Esta visita es ideal adem\u00e1s como complemento a otras actividades que puedes hacer en el entorno cercano como\u00a0visitar el Caminito del Rey, el Balneario de Carratraca, el Yacimiento arqueol\u00f3gico de Bobastro, la Cueva de Ardales, el Desfiladero de los Gaitanes o el encantador pueblo de Casarabonela.<\/span><\/p>\n<p dir=\"ltr\"><span>Si lo deseas, te ense\u00f1aremos adem\u00e1s c\u00f3mo <\/span><span>apadrinar un olivo y\/o aguacate<\/span><span> y as\u00ed dejar tu huella en la tierra malacitana como s\u00edmbolo por tu amor por la naturaleza, para homenajear la memoria de alguien o hacer un regalo inspiracional en momentos especiales.<\/span><\/p>\n<p>[\/et_pb_text][\/et_pb_column][\/et_pb_row][\/et_pb_section][et_pb_section fb_built=\u00bb1&#8243; _builder_version=\u00bb4.2.1&#8243; background_color=\u00bb#d6d6d6&#8243; custom_padding=\u00bb16px|||||\u00bb global_colors_info=\u00bb{}\u00bb][et_pb_row _builder_version=\u00bb4.2.1&#8243; width=\u00bb100%\u00bb global_colors_info=\u00bb{}\u00bb][et_pb_column type=\u00bb4_4&#8243; _builder_version=\u00bb4.2.1&#8243; global_colors_info=\u00bb{}\u00bb][et_pb_text _builder_version=\u00bb4.2.1&#8243; text_orientation=\u00bbcenter\u00bb global_colors_info=\u00bb{}\u00bb]<\/p>\n<p><iframe loading=\"lazy\" width=\"560\" height=\"315\" src=\"https:\/\/www.youtube.com\/embed\/V7diRznUp9E\" frameborder=\"0\" allow=\"accelerometer; autoplay; encrypted-media; gyroscope; picture-in-picture\" allowfullscreen=\"\"><\/iframe><\/p>\n<p>[\/et_pb_text][\/et_pb_column][\/et_pb_row][et_pb_row _builder_version=\u00bb4.6.1&#8243; _module_preset=\u00bbdefault\u00bb global_colors_info=\u00bb{}\u00bb][et_pb_column type=\u00bb4_4&#8243; _builder_version=\u00bb4.6.1&#8243; _module_preset=\u00bbdefault\u00bb global_colors_info=\u00bb{}\u00bb][et_pb_image src=\u00bbhttp:\/\/fincasolmark.com\/wp-content\/uploads\/2019\/07\/finca_solmark_google_map.jpg\u00bb alt=\u00bbFinca Solmark Google Map\u00bb title_text=\u00bbfinca_solmark_google_map\u00bb url=\u00bbhttps:\/\/www.google.es\/maps\/place\/Finca+Solmark\/@36.8399345,-4.8235095,17z\/data=!3m1!4b1!4m5!3m4!1s0xd72c7b4cf73a46b:0xc0fe0431c5b589d9!8m2!3d36.8399345!4d-4.8213208?hl=es\u00bb url_new_window=\u00bbon\u00bb align=\u00bbcenter\u00bb _builder_version=\u00bb4.6.1&#8243; _module_preset=\u00bbdefault\u00bb global_colors_info=\u00bb{}\u00bb][\/et_pb_image][\/et_pb_column][\/et_pb_row][\/et_pb_section][et_pb_section fb_built=\u00bb1&#8243; _builder_version=\u00bb4.2.1&#8243; custom_padding=\u00bb||17px|||\u00bb global_colors_info=\u00bb{}\u00bb][et_pb_row column_structure=\u00bb1_3,2_3&#8243; _builder_version=\u00bb4.2.1&#8243; width=\u00bb100%\u00bb max_width=\u00bb85%\u00bb global_colors_info=\u00bb{}\u00bb][et_pb_column type=\u00bb1_3&#8243; _builder_version=\u00bb4.2.1&#8243; global_colors_info=\u00bb{}\u00bb][et_pb_text _builder_version=\u00bb4.2.1&#8243; header_3_font=\u00bbLibre Baskerville||||||||\u00bb header_3_font_size=\u00bb1.5vw\u00bb header_3_font_size_tablet=\u00bb2.5vw\u00bb header_3_font_size_phone=\u00bb4vw\u00bb header_3_font_size_last_edited=\u00bbon|phone\u00bb global_colors_info=\u00bb{}\u00bb]<\/p>\n<h3>Tu anfitri\u00f3n<\/h3>\n<p>[\/et_pb_text][\/et_pb_column][et_pb_column type=\u00bb2_3&#8243; _builder_version=\u00bb4.2.1&#8243; global_colors_info=\u00bb{}\u00bb][et_pb_team_member image_url=\u00bbhttp:\/\/fincasolmark.com\/wp-content\/uploads\/2019\/10\/finca_solmark_Camara-de-Comercio-Hispano-Sueca_pelle_entrada.jpg\u00bb _builder_version=\u00bb4.2.1&#8243; global_colors_info=\u00bb{}\u00bb][\/et_pb_team_member][et_pb_text _builder_version=\u00bb4.2.1&#8243; header_3_font=\u00bbLibre Baskerville|700|||||||\u00bb header_3_font_size=\u00bb1.5vw\u00bb header_3_font_size_tablet=\u00bb2.5vw\u00bb header_3_font_size_phone=\u00bb3.5vw\u00bb header_3_font_size_last_edited=\u00bbon|phone\u00bb global_colors_info=\u00bb{}\u00bb]<\/p>\n<h3>Pelle Lundborg<\/h3>\n<p>[\/et_pb_text][et_pb_text _builder_version=\u00bb4.2.1&#8243; text_font=\u00bbLibre Baskerville||||||||\u00bb text_font_size=\u00bb1.2vw\u00bb text_letter_spacing=\u00bb1px\u00bb text_line_height=\u00bb2.3em\u00bb text_font_size_tablet=\u00bb2vw\u00bb text_font_size_phone=\u00bb3.5vw\u00bb text_font_size_last_edited=\u00bbon|phone\u00bb global_colors_info=\u00bb{}\u00bb]<\/p>\n<p dir=\"ltr\"><span>Soy Sueco, el due\u00f1o de la <\/span><span>Finca Solmark<\/span><span>, y me gustar\u00eda animarte a que nos visites para explicarte los or\u00edgenes de la finca, c\u00f3mo la hemos transformado y, sobre todo, qu\u00e9 me inspira cada d\u00eda a levantarme por las ma\u00f1anas. Porque detr\u00e1s de todo lo que ver\u00e1s y lo que a\u00fan hay por construir, hay una historia.<\/span><span>\u00a0<\/span><\/p>\n<p>[\/et_pb_text][et_pb_image src=\u00bbhttp:\/\/fincasolmark.com\/wp-content\/uploads\/2019\/12\/finca_solmark_fiesta_cosecha_2019_13.jpg\u00bb _builder_version=\u00bb4.2.1&#8243; global_colors_info=\u00bb{}\u00bb][\/et_pb_image][et_pb_text _builder_version=\u00bb4.2.1&#8243; text_font=\u00bbLibre Baskerville||||||||\u00bb text_font_size=\u00bb1.2vw\u00bb text_letter_spacing=\u00bb1px\u00bb text_line_height=\u00bb2.3em\u00bb text_font_size_tablet=\u00bb2vw\u00bb text_font_size_phone=\u00bb3.5vw\u00bb text_font_size_last_edited=\u00bbon|phone\u00bb global_colors_info=\u00bb{}\u00bb]<\/p>\n<p dir=\"ltr\"><span>Finca Solmark<\/span><span> naci\u00f3 como un <\/span><span>proyecto personal<\/span><span> porque, despu\u00e9s\u00a0de muchos a\u00f1os de trabajo estresante y un par\u00f3n en mi vida por temas de salud que me oblig\u00f3 a estar postrado en la cama de un hospital, sent\u00ed la necesidad de reflexionar sobre mi prop\u00f3sito vital, replantearme mi futuro<\/span><span> <\/span><span>e ir en b\u00fasqueda de una vida m\u00e1s tranquila, serena,\u00a0saludable y&#8230;\u00a1divertida!. Me reinvent\u00e9 y\u00a0tom\u00e9 la decisi\u00f3n de poder aportar mi granito de arena a la sociedad, transmitiendo mi conocimiento, experiencia, y aprendizaje y comenzando mi labor de\u00a0<\/span><span>divulgaci\u00f3n cient\u00edfica y medioambiental, <\/span><span>con el sue\u00f1o de mejorar la vida de las personas. Estoy construyendo un observatorio de naturaleza y agricultura ecol\u00f3gica, que me tiene muy ilusionado. Ahora mismo estoy feliz de poder contribuir con mi trabajo y, sobre todo, con mi pasi\u00f3n y coraz\u00f3n, a integrar en la\u00a0<\/span><span>Finca Solmark<\/span><span>\u00a0una iniciativa que tiene como objetivo promover el\u00a0<\/span><span>desarrollo rural,\u00a0<\/span><span>incentivar\u00a0<\/span><span>el\u00a0<\/span><span>turismo ecol\u00f3gico y sostenible<\/span><span>\u00a0en Andaluc\u00eda,\u00a0dar vida a Carratraca buscando soluciones para la\u00a0<\/span><span>despoblaci\u00f3n rural,\u00a0<\/span><span>ayudar a la\u00a0<\/span><span>preservaci\u00f3n y difusi\u00f3n del patrimonio art\u00edstico,\u00a0<\/span><span>cultural, gastron\u00f3mico<\/span><span>\u00a0y del\u00a0<\/span><span>entorno medioambiental,<\/span><span>\u00a0entre otras muchas cosas. \u00bfMe acompa\u00f1as? Te estoy esperando para compartirlo contigo.<\/span><\/p>\n<p>[\/et_pb_text][\/et_pb_column][\/et_pb_row][\/et_pb_section][et_pb_section fb_built=\u00bb1&#8243; _builder_version=\u00bb4.2.1&#8243; background_color=\u00bb#d6d6d6&#8243; global_colors_info=\u00bb{}\u00bb][et_pb_row column_structure=\u00bb1_4,1_4,1_4,1_4&#8243; _builder_version=\u00bb4.2.1&#8243; width=\u00bb100%\u00bb max_width=\u00bb85%\u00bb global_colors_info=\u00bb{}\u00bb][et_pb_column type=\u00bb1_4&#8243; _builder_version=\u00bb4.2.1&#8243; global_colors_info=\u00bb{}\u00bb][et_pb_text _builder_version=\u00bb4.2.1&#8243; header_3_font=\u00bbLibre Baskerville||||||||\u00bb header_3_font_size=\u00bb1.5vw\u00bb header_3_font_size_tablet=\u00bb2.5vw\u00bb header_3_font_size_phone=\u00bb4vw\u00bb header_3_font_size_last_edited=\u00bbon|phone\u00bb global_colors_info=\u00bb{}\u00bb]<\/p>\n<h3>Qu\u00e9 incluye<\/h3>\n<p>[\/et_pb_text][\/et_pb_column][et_pb_column type=\u00bb1_4&#8243; _builder_version=\u00bb4.2.1&#8243; global_colors_info=\u00bb{}\u00bb][et_pb_blurb title=\u00bbBebida\u00bb use_icon=\u00bbon\u00bb font_icon=\u00bb%%154%%\u00bb use_icon_font_size=\u00bbon\u00bb icon_font_size=\u00bb1.8vw\u00bb _builder_version=\u00bb4.2.1&#8243; custom_padding=\u00bb15px|15px|15px|15px|false|false\u00bb border_width_all=\u00bb1px\u00bb global_colors_info=\u00bb{}\u00bb]<\/p>\n<p>Taza de t\u00e9 o caf\u00e9, como prefieras.<\/p>\n<p>[\/et_pb_blurb][\/et_pb_column][et_pb_column type=\u00bb1_4&#8243; _builder_version=\u00bb4.2.1&#8243; global_colors_info=\u00bb{}\u00bb][et_pb_blurb title=\u00bbCata\/Degustaci\u00f3n\u00bb use_icon=\u00bbon\u00bb font_icon=\u00bb%%141%%\u00bb use_icon_font_size=\u00bbon\u00bb icon_font_size=\u00bb1.8vw\u00bb _builder_version=\u00bb4.2.1&#8243; custom_padding=\u00bb15px|15px|15px|15px|false|false\u00bb border_width_all=\u00bb1px\u00bb global_colors_info=\u00bb{}\u00bb]<\/p>\n<p><span>Cata\/degustaci\u00f3n<\/span><span> de nuestro aceite con pan artesanal.<\/span><\/p>\n<p>[\/et_pb_blurb][\/et_pb_column][et_pb_column type=\u00bb1_4&#8243; _builder_version=\u00bb4.2.1&#8243; global_colors_info=\u00bb{}\u00bb][et_pb_blurb title=\u00bbVisita a nuestra tienda\u00bb use_icon=\u00bbon\u00bb font_icon=\u00bb%%379%%\u00bb use_icon_font_size=\u00bbon\u00bb icon_font_size=\u00bb1.8vw\u00bb _builder_version=\u00bb4.6.4&#8243; custom_padding=\u00bb15px|15px|15px|15px|false|false\u00bb border_width_all=\u00bb1px\u00bb global_colors_info=\u00bb{}\u00bb]<\/p>\n<p>Podr\u00e1s comprar aceite de oliva virgen extra, miel, libros, etc<\/p>\n<p>[\/et_pb_blurb][\/et_pb_column][\/et_pb_row][\/et_pb_section][et_pb_section fb_built=\u00bb1&#8243; _builder_version=\u00bb4.2.1&#8243; global_colors_info=\u00bb{}\u00bb][et_pb_row column_structure=\u00bb1_3,2_3&#8243; use_custom_gutter=\u00bbon\u00bb gutter_width=\u00bb1&#8243; make_equal=\u00bbon\u00bb _builder_version=\u00bb4.2.1&#8243; width=\u00bb100%\u00bb max_width=\u00bb85%\u00bb global_colors_info=\u00bb{}\u00bb][et_pb_column type=\u00bb1_3&#8243; _builder_version=\u00bb4.2.1&#8243; global_colors_info=\u00bb{}\u00bb][et_pb_text _builder_version=\u00bb4.2.1&#8243; header_3_font=\u00bbLibre Baskerville||||||||\u00bb header_3_font_size=\u00bb1.5vw\u00bb header_3_font_size_tablet=\u00bb2.5vw\u00bb header_3_font_size_phone=\u00bb4vw\u00bb header_3_font_size_last_edited=\u00bbon|phone\u00bb global_colors_info=\u00bb{}\u00bb]<\/p>\n<h3>Fotos\u00a0<\/h3>\n<p>[\/et_pb_text][\/et_pb_column][et_pb_column type=\u00bb2_3&#8243; _builder_version=\u00bb4.2.1&#8243; global_colors_info=\u00bb{}\u00bb][et_pb_gallery gallery_ids=\u00bb245705,245725,245728,245731,245082,245734&#8243; posts_number=\u00bb6&#8243; show_title_and_caption=\u00bboff\u00bb show_pagination=\u00bboff\u00bb _builder_version=\u00bb4.2.1&#8243; global_colors_info=\u00bb{}\u00bb][\/et_pb_gallery][\/et_pb_column][\/et_pb_row][\/et_pb_section][et_pb_section fb_built=\u00bb1&#8243; _builder_version=\u00bb4.2.1&#8243; background_color=\u00bb#d6d6d6&#8243; global_colors_info=\u00bb{}\u00bb][et_pb_row column_structure=\u00bb1_3,2_3&#8243; use_custom_gutter=\u00bbon\u00bb gutter_width=\u00bb1&#8243; make_equal=\u00bbon\u00bb _builder_version=\u00bb4.2.1&#8243; width=\u00bb100%\u00bb max_width=\u00bb85%\u00bb global_colors_info=\u00bb{}\u00bb][et_pb_column type=\u00bb1_3&#8243; _builder_version=\u00bb4.2.1&#8243; global_colors_info=\u00bb{}\u00bb][\/et_pb_column][et_pb_column type=\u00bb2_3&#8243; _builder_version=\u00bb4.2.1&#8243; global_colors_info=\u00bb{}\u00bb][et_pb_blurb use_icon=\u00bbon\u00bb font_icon=\u00bb%%238%%\u00bb icon_color=\u00bb#ffffff\u00bb icon_placement=\u00bbleft\u00bb content_max_width=\u00bb100%\u00bb _builder_version=\u00bb4.11.1&#8243; header_font_size=\u00bb1.1vw\u00bb hover_enabled=\u00bb0&#8243; header_font_size_tablet=\u00bb2vw\u00bb header_font_size_phone=\u00bb2.9vw\u00bb header_font_size_last_edited=\u00bbon|phone\u00bb locked=\u00bboff\u00bb global_colors_info=\u00bb{}\u00bb sticky_enabled=\u00bb0&#8243;]<\/p>\n<h4><span>Para m\u00e1s informaci\u00f3n o reservas escribe un mail a\u00a0<\/span><span style=\"text-decoration: underline;\"><a href=\"mailto:elsuecoandaluz@fincasolmark.com\" target=\"_blank\" rel=\"noopener noreferrer\">elsuecoandaluz@fincasolmark.com<\/a><\/span><\/h4>\n<p>[\/et_pb_blurb][\/et_pb_column][\/et_pb_row][\/et_pb_section]<\/p>\n","protected":false},"excerpt":{"rendered":"<p>VISITA GUIADA EN FINCA SOLMARK UN RINC\u00d3N DE M\u00c1LAGA DE AGUACATES ECOL\u00d3GICOS Y ACEITE DE OLIVA. CARRATRACA, M\u00c1LAGA, ESPA\u00d1A2 horasHasta 30 personasSueco, Ingl\u00e9s y Espa\u00f1olQu\u00e9 har\u00e1sDisfruta de un d\u00eda diferente y ven a visitar Finca Solmark, un observatorio de naturaleza y agricultura ecol\u00f3gica en Carratraca, a tan solo 30 minutos de M\u00e1laga, Espa\u00f1a.\u00a0 El due\u00f1o [&hellip;]<\/p>\n","protected":false},"author":1,"featured_media":0,"parent":0,"menu_order":0,"comment_status":"closed","ping_status":"closed","template":"","meta":{"_et_pb_use_builder":"on","_et_pb_old_content":"","_et_gb_content_width":"","footnotes":""},"class_list":["post-245702","page","type-page","status-publish","hentry"],"_links":{"self":[{"href":"https:\/\/fincasolmark.com\/es\/wp-json\/wp\/v2\/pages\/245702","targetHints":{"allow":["GET"]}}],"collection":[{"href":"https:\/\/fincasolmark.com\/es\/wp-json\/wp\/v2\/pages"}],"about":[{"href":"https:\/\/fincasolmark.com\/es\/wp-json\/wp\/v2\/types\/page"}],"author":[{"embeddable":true,"href":"https:\/\/fincasolmark.com\/es\/wp-json\/wp\/v2\/users\/1"}],"replies":[{"embeddable":true,"href":"https:\/\/fincasolmark.com\/es\/wp-json\/wp\/v2\/comments?post=245702"}],"version-history":[{"count":0,"href":"https:\/\/fincasolmark.com\/es\/wp-json\/wp\/v2\/pages\/245702\/revisions"}],"wp:attachment":[{"href":"https:\/\/fincasolmark.com\/es\/wp-json\/wp\/v2\/media?parent=245702"}],"curies":[{"name":"wp","href":"https:\/\/api.w.org\/{rel}","templated":true}]}}