{"id":239610,"date":"2019-06-04T17:35:36","date_gmt":"2019-06-04T17:35:36","guid":{"rendered":"http:\/\/fincasolmark.com\/wpfs\/?page_id=239610"},"modified":"2019-06-05T06:54:35","modified_gmt":"2019-06-05T06:54:35","slug":"aviso-legal","status":"publish","type":"page","link":"https:\/\/fincasolmark.com\/es\/aviso-legal\/","title":{"rendered":"Aviso legal"},"content":{"rendered":"\n[et_pb_section fb_built=\u00bb1&#8243; _builder_version=\u00bb3.22.3&#8243;][et_pb_row _builder_version=\u00bb3.22.3&#8243; background_size=\u00bbinitial\u00bb background_position=\u00bbtop_left\u00bb background_repeat=\u00bbrepeat\u00bb][et_pb_column type=\u00bb4_4&#8243; _builder_version=\u00bb3.0.47&#8243;][et_pb_text _builder_version=\u00bb3.23.3&#8243; text_font=\u00bb||||||||\u00bb text_font_size=\u00bb18px\u00bb background_size=\u00bbinitial\u00bb background_position=\u00bbtop_left\u00bb background_repeat=\u00bbrepeat\u00bb]<h1 class=\"entry-title main_title\">Aviso Legal y condiciones de uso<\/h1>\n<div class=\"entry-content\">\n<p>En este espacio podr\u00e1s encontrar toda la informaci\u00f3n relativa sobre los t\u00e9rminos y condiciones legales que definen las relaciones entre los usuarios y el responsable de esta web. Como usuario, es importante que conozcas estos t\u00e9rminos antes de continuar tu navegaci\u00f3n.<\/p>\n<p>Esta web cumple rigurosamente con la Ley 34\/2002, de 11 de julio, de servicios de la sociedad de la informaci\u00f3n y de comercio electr\u00f3nico.<\/p>\n<p>&nbsp;<\/p>\n<h2><strong>Datos sobre el responsable de esta web<\/strong><\/h2>\n<ul>\n<li>Su denominaci\u00f3n social es: FINCA EL SUECO ANDALUZ S.L.U.<\/li>\n<li>Su NIF: <span>B93597938.<\/span><\/li>\n<li>Su domicilio social est\u00e1 en\u00a0<span>Urb. Lomas de Riviera Club no 73, Riviera del Sol, 29649 Mijas Costa (M\u00e1laga)<\/span><\/li>\n<li>Su actividad social es: Apadrinamiento de olivos, alojamiento rural, tienda online, actividades relacionadas con el medio ambiente.<\/li>\n<li>Informaci\u00f3n Hosting: iFastNet.<\/li>\n<li>Correo electr\u00f3nico: hi@fincasolmark.com<\/li>\n<\/ul>\n<p>&nbsp;<\/p>\n<h2><strong>Regulaciones legales que cumple esta web<\/strong><\/h2>\n<p>FINCA EL SUECO ANDALUZ S.L.U. ha adecuado esta web a las exigencias de:<\/p>\n<ul>\n<li>El\u00a0<strong>RGPD<\/strong>\u00a0(<a href=\"https:\/\/www.boe.es\/doue\/2016\/119\/L00001-00088.pdf\" target=\"_blank\" rel=\"noopener noreferrer\"><strong>Reglamento (UE) 2016\/679 del Parlamento Europeo y del Consejo de 27 de abril de 2016 relativo a la protecci\u00f3n de las personas f\u00edsicas<\/strong><\/a>), que es la nueva normativa de la Uni\u00f3n Europea que unifica la regulaci\u00f3n del tratamiento de los datos personales en los distintos pa\u00edses de la UE.<\/li>\n<li>La\u00a0<strong>LOPD<\/strong>\u00a0(<a href=\"https:\/\/www.boe.es\/buscar\/doc.php?id=BOE-A-1999-23750\" target=\"_blank\" rel=\"noopener noreferrer\"><strong>Ley Org\u00e1nica 15\/1999, de 13 de diciembre, de Protecci\u00f3n de Datos de Car\u00e1cter Personal<\/strong><\/a>\u00a0y\u00a0<a href=\"https:\/\/www.boe.es\/buscar\/doc.php?id=BOE-A-2008-979\" target=\"_blank\" rel=\"noopener noreferrer\"><strong>Real Decreto 1720\/2007, de 21 de diciembre, conocido como el Reglamento de desarrollo de la LOPD<\/strong><\/a>), que regula el tratamiento de los datos personales y las obligaciones que debemos asumir los responsables de una web o un blog a la hora de gestionar esta informaci\u00f3n.<\/li>\n<li>La\u00a0<strong>LSSI o LSSICE<span>\u00a0<\/span><\/strong>(<a href=\"http:\/\/www.boe.es\/buscar\/doc.php?id=BOE-A-2002-13758\" target=\"_blank\" rel=\"noopener noreferrer\"><strong>Ley 34\/2002, de 11 de julio, de Servicios de la Sociedad de la Informaci\u00f3n y Comercio Electr\u00f3nico<\/strong><\/a>),\u00a0que regula las transacciones econ\u00f3micas mediante medios electr\u00f3nicos, como es el caso de esta web.<\/li>\n<\/ul>\n<p>&nbsp;<\/p>\n<h2><strong>Condiciones generales de uso<\/strong><\/h2>\n<p>Estas Condiciones Generales regulan el uso (incluyendo el simple acceso a la web) de las p\u00e1ginas que constituyen\u00a0<strong>fincasolmark.com<\/strong>, incluidos los contenidos y servicios ofrecidos en ellas.<\/p>\n<p>Al acceder a la web adquieres la condici\u00f3n de usuario y aceptas someterte a las Condiciones Generales vigentes en cada momento en\u00a0<strong>fincasolmark.com<\/strong><\/p>\n<p>&nbsp;<\/p>\n<h2><strong>Finalidad de esta web<\/strong><\/h2>\n<p>La web\u00a0<strong>fincasolmark.com<\/strong>\u00a0ha sido dise\u00f1ada para dar a conocer y permitir el acceso p\u00fablico a informaci\u00f3n, actividades y servicios diversos ofertados por FINCA EL SUECO ANDALUZ S.L.U.<\/p>\n<p>&nbsp;<\/p>\n<h2><strong>Datos personales que recabo y c\u00f3mo lo hago<\/strong><\/h2>\n<p>Puedes leer la informaci\u00f3n detallada referente a este apartado en mi\u00a0<a href=\"http:\/\/fincasolmark.com\/politica-privacidad\/\"><strong>Pol\u00edtica de Privacidad<\/strong><\/a>.<\/p>\n<p>&nbsp;<\/p>\n<h2><strong>Compromisos y obligaciones de los usuarios<\/strong><\/h2>\n<p>Quedas informado y aceptas que el acceso a esta web no supone, en modo alguno, el inicio de una relaci\u00f3n comercial con FINCA EL SUECO ANDALUZ S.L.U. y te comprometes a utilizar esta web, sus servicios y contenidos sin incumplir la legislaci\u00f3n vigente, la buena fe y el orden p\u00fablico.<\/p>\n<p>Queda prohibido el uso de la web con fines il\u00edcitos, da\u00f1inos o que puedan causar cualquier tipo de problema o perjuicio o impedir el funcionamiento normal de la web.<\/p>\n<p>Respecto de los contenidos de esta web, se proh\u00edbe:<\/p>\n<ul>\n<li>Su reproducci\u00f3n, distribuci\u00f3n o modificaci\u00f3n, total o parcial, a menos que se cuente con la autorizaci\u00f3n de FINCA EL SUECO ANDALUZ S.L.U como leg\u00edtimo titular.<\/li>\n<li>Cualquier vulneraci\u00f3n de los derechos de FINCA EL SUECO ANDALUZ S.L.U.<\/li>\n<li>Su utilizaci\u00f3n para fines comerciales o publicitarios.<\/li>\n<\/ul>\n<p>Al utilizar la web\u00a0<strong>fincasolmark.com<\/strong>\u00a0te comprometes a no llevar a cabo ninguna conducta que pudiera da\u00f1ar la imagen, los intereses y los derechos de FINCA EL SUECO ANDALUZ S.L.U. o de terceros, o que pudiera da\u00f1ar, inutilizar o sobrecargar la web impidiendo, de cualquier forma, su uso normal.<\/p>\n<p>&nbsp;<\/p>\n<h2><strong>Medidas de seguridad<\/strong><\/h2>\n<p>Los datos personales que comunicas a FINCA EL SUECO ANDALUZ S.L.U. como usuario de\u00a0<strong>fincasolmark.com<\/strong>\u00a0pueden ser almacenados en bases de datos, automatizadas o no, cuya titularidad corresponde en exclusiva a FINCA EL SUECO ANDALUZ S.L.U., asumiendo este todas las medidas t\u00e9cnicas, organizativas y de seguridad que garantizan la confidencialidad, integridad y calidad de la informaci\u00f3n contenida en las mismas de acuerdo con lo establecido en la normativa vigente en protecci\u00f3n de datos.<\/p>\n<p>La comunicaci\u00f3n entre el usuario y\u00a0<strong>fincasolmark.com<\/strong>\u00a0utiliza un canal seguro y los datos transmitidos son cifrados gracias al protocolo https. Por lo tanto, garantizo las mejores condiciones de seguridad para la confidencialidad de los usuarios.<\/p>\n<p>En\u00a0<strong>fincasolmark.com<\/strong>\u00a0se ponen todos los medios necesarios y se adoptan las medidas de seguridad adecuadas para detectar y evitar la existencia de virus y de cualquier otro tipo de ataque. No obstante, debes ser consciente de que las medidas de seguridad de los sistemas inform\u00e1ticos en Internet no son enteramente fiables. Por ello, en\u00a0<strong>fincasolmark.com\u00a0<\/strong>tampoco puedo garantizar completamente la inexistencia de virus u otros elementos que puedan producir alteraciones en los sistemas inform\u00e1ticos (software y hardware) de los usuarios o en sus documentos electr\u00f3nicos y en los ficheros que contengan.<\/p>\n<p>&nbsp;<\/p>\n<h2><strong>Plataforma de resoluci\u00f3n de conflictos<\/strong><\/h2>\n<p>Pongo a tu disposici\u00f3n, como usuario, la plataforma de resoluci\u00f3n de litigios que facilita la Comisi\u00f3n Europea, a la que puedes acceder en este enlace:\u00a0<a href=\"https:\/\/ec.europa.eu\/consumers\/odr\/main\/index.cfm?event=main.home2.show&amp;lng=ES\" target=\"_blank\" rel=\"noopener noreferrer\"><strong>https:\/\/ec.europa.eu\/consumers\/odr\/main\/index.cfm?event=main.home2.show&amp;lng=ES<\/strong><\/a><\/p>\n<p>&nbsp;<\/p>\n<h2><strong>Derechos de propiedad intelectual e industrial<\/strong><\/h2>\n<p>Mediante estas\u00a0Condiciones Generales\u00a0no se cede<strong>\u00a0<\/strong>ning\u00fan derecho de propiedad intelectual o industrial sobre la web\u00a0<strong>fincasolmark.com<\/strong><strong>\u00a0<\/strong>ni sobre ninguno de los elementos que la forman.<\/p>\n<p>Quedan expresamente prohibidas (seg\u00fan lo dispuesto en los art\u00edculos 8 y 32.1, p\u00e1rrafo segundo, de la Ley de Propiedad Intelectual): la reproducci\u00f3n, la transformaci\u00f3n, la distribuci\u00f3n, la comunicaci\u00f3n p\u00fablica, la puesta a disposici\u00f3n del p\u00fablico, la extracci\u00f3n, la reutilizaci\u00f3n, el reenv\u00edo o la utilizaci\u00f3n de cualquier naturaleza de la totalidad o de parte de los contenidos de esta web, en cualquier soporte y por cualquier medio t\u00e9cnico, sin la autorizaci\u00f3n de FINCA EL SUECO ANDALUZ S.L.U. Como usuario te comprometes a respetar los derechos de Propiedad Intelectual e Industrial de FINCA EL SUECO ANDALUZ S.L.U.<\/p>\n<p>Como usuario conoces y aceptas que la totalidad de la web, conteniendo sin car\u00e1cter exhaustivo el texto, software, contenidos (incluyendo estructura, selecci\u00f3n, ordenaci\u00f3n y presentaci\u00f3n de los mismos), fotograf\u00edas, material audiovisual y gr\u00e1fico, est\u00e1 protegida por marcas, derechos de autor y otros derechos leg\u00edtimos registrados, de acuerdo con los tratados internacionales en los que Espa\u00f1a es parte y otros derechos de propiedad y leyes de Espa\u00f1a.<\/p>\n<p>Si por alguna raz\u00f3n consideras que en\u00a0<strong>fincasolmark.com<\/strong>\u00a0se ha producido una violaci\u00f3n de tus leg\u00edtimos derechos de propiedad intelectual por haber usado un determinado contenido en esta web, deber\u00e1s notific\u00e1rmelo en:<span>\u00a0<\/span><strong>hi@fincasolmark.com<\/strong>\u00a0indicando:<\/p>\n<ul>\n<li>Tus datos personales, si eres el titular de los derechos que presuntamente se han infringido, o los de la persona que te representa en caso de que la reclamaci\u00f3n la haga un tercero distinto del titular de los derechos.<\/li>\n<li>Los contenidos protegidos por los derechos de propiedad intelectual y su ubicaci\u00f3n en la web, la acreditaci\u00f3n de los derechos de propiedad intelectual que se indican y la declaraci\u00f3n expresa de que el interesado se responsabiliza de la veracidad de la informaci\u00f3n que se facilita en la notificaci\u00f3n.<\/li>\n<\/ul>\n<p>&nbsp;<\/p>\n<h2><strong>Enlaces externos<\/strong><\/h2>\n<p>Las p\u00e1ginas y los art\u00edculos de la web<span>\u00a0<\/span><strong>fincasolmark.com<\/strong>\u00a0pueden contener enlaces a otros sitios web propios y a contenidos que son propiedad de terceros tales como: informaci\u00f3n de servicios o productos recomendados.<\/p>\n<p>El \u00fanico objeto de los enlaces es proporcionar al usuario la posibilidad de acceder a los sitios enlazados.<\/p>\n<p>FINCA EL SUECO ANDALUZ S.L.U. no se responsabiliza, en ning\u00fan caso, de los resultados que puedan derivarse al usuario por el acceso a dichos enlaces.<\/p>\n<p>Siempre enlazo a webs de confianza que he contrastado y que ofrecen m\u00e1ximas garant\u00edas a los usuarios. Por favor, si detectas que alg\u00fan enlace en esta web no cumple con esos par\u00e1metros, av\u00edsame cuanto antes en:<span>\u00a0<\/span><strong>hi@fincasolmark.com<\/strong><span>\u00a0<\/span>para resolverlo urgentemente.<\/p>\n<p>El hecho de que enlacen a esta web no implica que existan relaciones entre\u00a0<strong>fincasolmark.com<\/strong>\u00a0y el propietario del sitio en el que se establece el enlace, ni la aceptaci\u00f3n o aprobaci\u00f3n por parte de FINCA EL SUECO ANDALUZ S.L.U. de sus contenidos o servicios.<\/p>\n<p>&nbsp;<\/p>\n<h2><strong>Pol\u00edtica de comentarios<\/strong><\/h2>\n<p>En esta web se permite realizar comentarios para enriquecer los contenidos y realizar consultas.<\/p>\n<p>No se admitir\u00e1n comentarios que no est\u00e9n relacionados con la tem\u00e1tica de esta web, que incluyan difamaciones, agravios, insultos, ataques personales o faltas de respeto en general hacia el autor o hacia otros miembros.<\/p>\n<p>Ser\u00e1n eliminados tanto los comentarios que contengan informaci\u00f3n que sea obviamente enga\u00f1osa o falsa como los que contengan informaci\u00f3n personal, como, por ejemplo, domicilios privados o tel\u00e9fonos y que vulneren mi pol\u00edtica de protecci\u00f3n de datos.<\/p>\n<p>Se desestimar\u00e1n aquellos comentarios creados solo con fines promocionales de una web, persona o colectivo y todo lo que pueda ser considerado spam en general.<\/p>\n<p>No se permiten ni los comentarios an\u00f3nimos ni los realizados por una misma persona con distintos apodos. Tampoco aquellos comentarios que intenten forzar un debate o una toma de postura por otro usuario.<\/p>\n<p>&nbsp;<\/p>\n<h2><strong>Exclusi\u00f3n de garant\u00edas y responsabilidades<\/strong><\/h2>\n<p>FINCA EL SUECO ANDALUZ S.L.U., en calidad de responsable de\u00a0<strong>fincasolmark.com<\/strong>, no otorga ninguna garant\u00eda ni se hace responsable, en ning\u00fan caso, de los da\u00f1os y perjuicios de cualquier naturaleza que pudieran originarse por:<\/p>\n<ul>\n<li>La falta de disponibilidad, mantenimiento y efectivo funcionamiento de la web, o de sus servicios y contenidos.<\/li>\n<li>La existencia de virus, malware, programas maliciosos o da\u00f1inos en los contenidos.<\/li>\n<li>El uso il\u00edcito, negligente, fraudulento o contrario a este Aviso Legal.<\/li>\n<li>La falta de licitud, calidad, fiabilidad, utilidad y disponibilidad de los servicios prestados por terceros y puestos a disposici\u00f3n de los usuarios en la web.<\/li>\n<li>Los da\u00f1os que pudieran provenir del uso ilegal o indebido de esta web.<\/li>\n<\/ul>\n<p>&nbsp;<\/p>\n<h2><strong>Ley aplicable y jurisdicci\u00f3n<\/strong><\/h2>\n<p>Con car\u00e1cter general, las relaciones entre FINCA EL SUECO ANDALUZ S.L.U. (<strong>fincasolmark.com<\/strong>) y los usuarios de sus servicios telem\u00e1ticos, presentes en esta web, se encuentran sometidas a la legislaci\u00f3n y jurisdicci\u00f3n espa\u00f1olas y a los tribunales de M\u00e1laga.<\/p>\n<p>&nbsp;<\/p>\n<h2><strong>Contacto<\/strong><\/h2>\n<p>En caso de que t\u00fa, como usuario, tengas alguna duda sobre estas Condiciones legales o quieras hacer cualquier comentario sobre\u00a0<strong>fincasolmark.com<\/strong>, puedes escribirme a:<strong>\u00a0hi@fincasolmark.com<\/strong>\u00a0y te contestar\u00e9 lo antes posible.<\/p>\n<p>&nbsp;<\/p>\n<p><strong>El Aviso Legal ha sido actualizado por \u00faltima vez el 04-06-2019.<\/strong><\/p>\n<\/div>\n[\/et_pb_text][\/et_pb_column][\/et_pb_row][\/et_pb_section]\n","protected":false},"excerpt":{"rendered":"<p>Aviso Legal y condiciones de uso En este espacio podr\u00e1s encontrar toda la informaci\u00f3n relativa sobre los t\u00e9rminos y condiciones legales que definen las relaciones entre los usuarios y el responsable de esta web. Como usuario, es importante que conozcas estos t\u00e9rminos antes de continuar tu navegaci\u00f3n. Esta web cumple rigurosamente con la Ley 34\/2002, [&hellip;]<\/p>\n","protected":false},"author":1,"featured_media":0,"parent":0,"menu_order":0,"comment_status":"closed","ping_status":"closed","template":"","meta":{"_et_pb_use_builder":"on","_et_pb_old_content":"","_et_gb_content_width":"","footnotes":""},"class_list":["post-239610","page","type-page","status-publish","hentry"],"_links":{"self":[{"href":"https:\/\/fincasolmark.com\/es\/wp-json\/wp\/v2\/pages\/239610","targetHints":{"allow":["GET"]}}],"collection":[{"href":"https:\/\/fincasolmark.com\/es\/wp-json\/wp\/v2\/pages"}],"about":[{"href":"https:\/\/fincasolmark.com\/es\/wp-json\/wp\/v2\/types\/page"}],"author":[{"embeddable":true,"href":"https:\/\/fincasolmark.com\/es\/wp-json\/wp\/v2\/users\/1"}],"replies":[{"embeddable":true,"href":"https:\/\/fincasolmark.com\/es\/wp-json\/wp\/v2\/comments?post=239610"}],"version-history":[{"count":0,"href":"https:\/\/fincasolmark.com\/es\/wp-json\/wp\/v2\/pages\/239610\/revisions"}],"wp:attachment":[{"href":"https:\/\/fincasolmark.com\/es\/wp-json\/wp\/v2\/media?parent=239610"}],"curies":[{"name":"wp","href":"https:\/\/api.w.org\/{rel}","templated":true}]}}