{"id":239601,"date":"2019-06-04T16:45:21","date_gmt":"2019-06-04T16:45:21","guid":{"rendered":"http:\/\/fincasolmark.com\/wpfs\/?page_id=239601"},"modified":"2019-06-04T18:21:31","modified_gmt":"2019-06-04T18:21:31","slug":"cookies","status":"publish","type":"page","link":"https:\/\/fincasolmark.com\/es\/cookies\/","title":{"rendered":"Pol\u00edtica de cookies"},"content":{"rendered":"<p>[et_pb_section fb_built=\u00bb1&#8243; _builder_version=\u00bb3.22.3&#8243;][et_pb_row _builder_version=\u00bb3.22.3&#8243; background_size=\u00bbinitial\u00bb background_position=\u00bbtop_left\u00bb background_repeat=\u00bbrepeat\u00bb][et_pb_column type=\u00bb4_4&#8243; _builder_version=\u00bb3.0.47&#8243;][et_pb_text _builder_version=\u00bb3.23.3&#8243; text_font=\u00bb||||||||\u00bb text_font_size=\u00bb18px\u00bb background_size=\u00bbinitial\u00bb background_position=\u00bbtop_left\u00bb background_repeat=\u00bbrepeat\u00bb]<\/p>\n<h1 class=\"entry-title main_title\">Pol\u00edtica de cookies<\/h1>\n<div class=\"entry-content\">\n<p>En esta web recopilo y utilizo la informaci\u00f3n seg\u00fan indico en mi\u00a0<a href=\"http:\/\/fincasolmark.com\/politica-privacidad\/\"><strong>Pol\u00edtica de Privacidad<\/strong><\/a>. Una de las formas en las que recojo datos es a trav\u00e9s del uso de la tecnolog\u00eda llamada \u201cCookies\u201d.<\/p>\n<p>En <strong>fincasolmark.com<\/strong> utilizo cookies propias y de terceros para conseguir que tengas una mejor experiencia de usuario, para obtener estad\u00edsticas y h\u00e1bitos de navegaci\u00f3n y para permitir funciones de redes sociales (compartir contenido dirigirte a estas, etc), entre otras cosas.<\/p>\n<p>Como usuario, puedes rechazar el tratamiento de los datos o la informaci\u00f3n bloqueando estas\u00a0cookies\u00a0mediante la configuraci\u00f3n de tu navegador. De esta forma no se descargar\u00e1n y almacenar\u00e1n en tu disco duro. Debes saber que si lo haces esta web no funcionar\u00e1 correctamente.<\/p>\n<p>Seg\u00fan el\u00a0<strong><a href=\"https:\/\/www.boe.es\/buscar\/pdf\/2002\/BOE-A-2002-13758-consolidado.pdf\" target=\"_blank\" rel=\"noopener noreferrer\">art\u00edculo 22.2 de la Ley 34\/2002 de Servicios de la Sociedad de la Informaci\u00f3n y Comercio Electr\u00f3nico<\/a><\/strong>, al continuar con tu navegaci\u00f3n est\u00e1s prestando tu consentimiento para el empleo de estas cookies. Por ello, es importante que leas esta Pol\u00edtica de Cookies y que comprendas que si sigues navegando considerar\u00e9 que aceptas su uso.<\/p>\n<p>&nbsp;<\/p>\n<h2><strong>Qu\u00e9 es una\u00a0cookie<\/strong><\/h2>\n<p>Una\u00a0cookie\u00a0es un fichero de texto que se descarga en tu ordenador al acceder a determinadas p\u00e1ginas web.<\/p>\n<p>Su utilidad es que el navegador sea capaz de recordar tu visita cuando vuelvas a navegar por esa web.<\/p>\n<p>Las cookies permiten a la p\u00e1gina, entre otras cosas, almacenar y recuperar informaci\u00f3n sobre tus h\u00e1bitos de navegaci\u00f3n o de tu equipo y, dependiendo de la informaci\u00f3n que contengan y de la forma en que utilices tu equipo, pueden utilizarse para reconocerte.<\/p>\n<p>El objetivo de la cookie es adaptar el contenido de la web a tu perfil y necesidades para que tengas una mejor experiencia de navegaci\u00f3n. Sin cookies los servicios ofrecidos por cualquier p\u00e1gina se ver\u00edan mermados notablemente.<\/p>\n<p>Una cookie NO es un virus, ni un troyano, ni un gusano, ni spam, ni spyware, ni abre ventanas pop-up.<\/p>\n<p>&nbsp;<\/p>\n<h2><strong>Informaci\u00f3n que almacena una cookie<\/strong><\/h2>\n<p>Las cookies guardan datos de car\u00e1cter t\u00e9cnico, preferencias personales, personalizaci\u00f3n de contenidos, estad\u00edsticas de uso, enlaces a redes sociales, acceso a cuentas de usuario, etc.<\/p>\n<p>No suelen almacenar informaci\u00f3n sensible sobre ti como tarjetas de cr\u00e9dito o datos bancarios, fotograf\u00edas o informaci\u00f3n personal, etc.<\/p>\n<p>El servidor web no te asocia a ti como persona sino a tu navegador. De hecho, si navegas habitualmente con Google Chrome y pruebas a navegar por la misma web con Mozilla Firefox, Internet Explorer o Apple Safari ver\u00e1s que la web no se da cuenta que eres la misma persona porque en realidad est\u00e1 asociando la informaci\u00f3n al navegador y no a la persona.<\/p>\n<p>&nbsp;<\/p>\n<h2><strong>Cookies propias y de terceros<\/strong><\/h2>\n<ul>\n<li><strong>Cookies propias:<\/strong>\u00a0Son las generadas por la p\u00e1gina que est\u00e1s visitando (en este caso,\u00a0<strong>fincasolmark.com<\/strong>).<\/li>\n<li><strong>Cookies de terceros:<\/strong>\u00a0Son las generadas por servicios o proveedores externos como Mailchimp, Google Analytics, etc.<\/li>\n<\/ul>\n<p>&nbsp;<\/p>\n<h2><strong>Cookies seg\u00fan su plazo de conservaci\u00f3n<\/strong><\/h2>\n<ul>\n<li><strong>Cookies de sesi\u00f3n:<\/strong>\u00a0Guardan tu informaci\u00f3n de navegaci\u00f3n mientras permaneces en la p\u00e1gina y se eliminan cuando cierras el navegador. Cuando vuelves a la web que cre\u00f3 la cookie, esta no te reconocer\u00e1 y tendr\u00e1s iniciar sesi\u00f3n o seleccionar tus preferencias de nuevo.<\/li>\n<li><strong>Cookies persistentes:<\/strong>\u00a0Se almacenan en una subcarpeta de tu navegador hasta que las eliminas manualmente o este las borra despu\u00e9s de un tiempo determinado en el archivo de la cookie.<\/li>\n<\/ul>\n<p>&nbsp;<\/p>\n<h2><strong>Tipos de cookies seg\u00fan su finalidad<\/strong><\/h2>\n<ul>\n<li><strong>Cookies t\u00e9cnicas:<\/strong>\u00a0Son las m\u00e1s elementales, las que posibilitan la navegaci\u00f3n en la web y utilizar sus diferentes opciones o servicios. Permiten, entre otras cosas, saber cu\u00e1ndo est\u00e1 navegando un humano o una aplicaci\u00f3n automatizada y cu\u00e1ndo navega un usuario an\u00f3nimo y uno registrado, tareas b\u00e1sicas para el funcionamiento de cualquier web din\u00e1mica.<\/li>\n<li><strong>Cookies de personalizaci\u00f3n:<\/strong>\u00a0Te permiten acceder a un servicio con ciertas caracter\u00edsticas ya preconfiguradas en funci\u00f3n de una serie de criterios como el tipo de navegador que usas, el idioma definido en este, la zona de acceso, etc.<\/li>\n<li><strong>Cookies de an\u00e1lisis:<\/strong>\u00a0Recogen informaci\u00f3n sobre el tipo de navegaci\u00f3n que est\u00e1s realizando, las secciones que m\u00e1s utilizas, productos que consultas, franja horaria de uso, idioma, etc. Permiten medir la actividad de la web y realizar mejoras en esta en funci\u00f3n del seguimiento y an\u00e1lisis de tu comportamiento.<\/li>\n<li><strong>Cookies publicitarias:<\/strong>\u00a0Permiten gestionar de la forma m\u00e1s eficaz posible la publicidad incluida en una web, mostr\u00e1ndote anuncios con el contenido y la frecuencia adecuados. Muestran publicidad en funci\u00f3n de tu navegaci\u00f3n, tu pa\u00eds de procedencia, idioma, etc.<\/li>\n<li><strong>Cookies de publicidad comportamental:<\/strong>\u00a0Almacenan informaci\u00f3n de tu comportamiento seg\u00fan tus h\u00e1bitos de navegaci\u00f3n y desarrollan un perfil espec\u00edfico para mostrarte publicidad en funci\u00f3n del mismo.<\/li>\n<\/ul>\n<p>&nbsp;<\/p>\n<h2><strong>Como se utilizan las cookies en fincasolmark.com<\/strong><\/h2>\n<p>Esta web siempre requiere tu consentimiento para utilizar cookies.<\/p>\n<p>Las cookies de esta web ayudan a:<\/p>\n<ul>\n<li>Que la web funcione correctamente.<\/li>\n<li>Ahorrarte tener que iniciar sesi\u00f3n cada vez que visitas la web.<\/li>\n<li>Recordar tus ajustes y preferencias durante y entre las visitas.<\/li>\n<li>Mejorar la velocidad y la seguridad de la web.<\/li>\n<li>Que puedas compartir contenidos en redes sociales.<\/li>\n<li>Que puedas dejar comentarios.<\/li>\n<li>Que puedas visualizar v\u00eddeos.<\/li>\n<li>Mejorar la web gracias a la anal\u00edtica que realizo.<\/li>\n<li>Hacer campa\u00f1as de marketing m\u00e1s eficientes.<\/li>\n<\/ul>\n<p>Jam\u00e1s utilizar\u00e9 cookies para:<\/p>\n<ul>\n<li>Recoger informaci\u00f3n de identificaci\u00f3n personal (sin tu consentimiento expreso).<\/li>\n<li>Recoger informaci\u00f3n sensible como: direcci\u00f3n, contrase\u00f1as, datos de tarjetas de cr\u00e9dito, etc (en ning\u00fan caso).<\/li>\n<li>Compartir o ceder datos de identificaci\u00f3n personal a terceros (sin tu conocimiento y permiso expreso).<\/li>\n<\/ul>\n<p>&nbsp;<\/p>\n<h2><strong>Cookies propias que utilizo en fincasolmark.com<\/strong><\/h2>\n<p>Esta web utiliza\u00a0<strong>cookies propias<\/strong>\u00a0con las siguientes finalidades:<\/p>\n<ul>\n<li>Iniciar sesi\u00f3n, permiti\u00e9ndote entrar y salir de tu cuenta.<\/li>\n<li>Determinar si te has conectado a la web.<\/li>\n<li>Recordar la configuraci\u00f3n de b\u00fasqueda.<\/li>\n<li>Recordar si has aceptado los t\u00e9rminos y condiciones legales (Aviso Legal, Pol\u00edtica de Privacidad y Pol\u00edtica de Cookies).<\/li>\n<li>Mostrarte las p\u00e1ginas que has visitado recientemente.<\/li>\n<li>A\u00f1adir comentarios a la web.<\/li>\n<li>Combatir el spam, garantizando que el usuario sea humano y no una aplicaci\u00f3n automatizada.<\/li>\n<li>Evitar riesgos de seguridad, principalmente para detectar cuando alguien est\u00e1 intentando piratear fincasolmark.com<\/li>\n<\/ul>\n<p>&nbsp;<\/p>\n<p>&nbsp;<\/p>\n<h2><strong>Advertencia importante sobre las cookies<\/strong><\/h2>\n<p>Teniendo en cuenta la forma en la que funcionan Internet y los sitios web,\u00a0no siempre es posible\u00a0contar con informaci\u00f3n de las\u00a0cookies\u00a0que colocan terceras partes a trav\u00e9s de mi web. Esto se aplica especialmente a casos en los que mi web contiene lo que se denominan elementos integrados: textos, documentos, im\u00e1genes o breves pel\u00edculas que se almacenan en otra parte pero que se muestran en esta web. Adem\u00e1s de los derivados de plugins de an\u00e1lisis que utiliza\u00a0<strong>fincasolmark.com<\/strong>.<\/p>\n<p>En caso de que te encuentres con este tipo de\u00a0cookies\u00a0en esta web, puedes avisarme en:<span>\u00a0<\/span><strong>hi@fincasolmark.com<\/strong><span>\u00a0<\/span>para que revise esa cookie. Tambi\u00e9n puedes ponerte en contacto directamente con el tercero para pedirle informaci\u00f3n sobre esas\u00a0cookies\u00a0que coloca, su finalidad y su duraci\u00f3n, y c\u00f3mo ha garantizado su privacidad.<br \/> <span id=\"gestion-cookies\"><br \/> <\/span><\/p>\n<h2><strong>C\u00f3mo gestionar, desactivar y eliminar las\u00a0cookies<\/strong><\/h2>\n<p>Si no deseas que una web o un blog almacene cookies\u00a0en tu equipo, puedes adaptar la configuraci\u00f3n del navegador para que se te notifique cada vez que una cookie solicita descargarse o instalarse o para que rechace todas las cookies o \u00fanicamente las de terceros. Adem\u00e1s, puedes eliminar cualquiera de las\u00a0cookies\u00a0que ya se encuentren en tu equipo.<\/p>\n<p>La mayor parte de los navegadores permiten la gesti\u00f3n de las\u00a0cookies\u00a0de 3 formas diferentes:<\/p>\n<ul>\n<li>Las cookies se rechazan siempre.<\/li>\n<li>El navegador pregunta si el usuario desea instalar cada cookie.<\/li>\n<li>Las cookies se aceptan siempre.<\/li>\n<\/ul>\n<p>El navegador tambi\u00e9n puede incluir la posibilidad de especificar mejor\u00a0qu\u00e9 cookies tienen que ser aceptadas y cu\u00e1les no.<\/p>\n<p>Normalmente tienes estas\u00a0opciones:<\/p>\n<ul>\n<li>Rechazar las cookies de determinados dominios.<\/li>\n<li>Rechazar las cookies de terceros.<\/li>\n<li>Aceptar cookies como no persistentes (se eliminan cuando el navegador se cierra).<\/li>\n<li>Permitir al servidor crear cookies para un dominio diferente.<\/li>\n<\/ul>\n<p>Tendr\u00e1s que adaptar por separado la configuraci\u00f3n\u00a0de cada navegador y equipo que utilices. Aqu\u00ed te facilito unas gu\u00edas para que sepas c\u00f3mo configurar la instalaci\u00f3n de cookies en los navegadores m\u00e1s populares:<\/p>\n<ul>\n<li><strong><a href=\"http:\/\/support.google.com\/chrome\/bin\/answer.py?hl=es-419&amp;answer=95647\" target=\"_blank\" rel=\"noopener noreferrer\">Google Chrome<\/a><\/strong><\/li>\n<li><a href=\"http:\/\/windows.microsoft.com\/es-xl\/internet-explorer\/delete-manage-cookies#ie=ie-10\" target=\"_blank\" rel=\"noopener noreferrer\"><strong>Internet Explorer<\/strong><\/a><\/li>\n<li><a href=\"http:\/\/support.mozilla.org\/es\/kb\/habilitar-y-deshabilitar-cookies-que-los-sitios-we\" target=\"_blank\" rel=\"noopener noreferrer\"><strong>Mozilla Firefox<\/strong><\/a><\/li>\n<li><strong><a href=\"http:\/\/support.apple.com\/kb\/HT1677?viewlocale=es_ES%20%97%20http:\/\/support.apple.com\/kb\/ph5042\" target=\"_blank\" rel=\"noopener noreferrer\">Apple Safari<\/a><\/strong><\/li>\n<\/ul>\n<p>Si lo deseas puedes inhabilitar el seguimiento de Google Analytics mediante\u00a0<strong><a href=\"https:\/\/tools.google.com\/dlpage\/gaoptout\" target=\"_blank\" rel=\"noopener noreferrer\">este complemento para el navegador<\/a><\/strong>\u00a0ofrecido por Google.<\/p>\n<p>Los navegadores web son las herramientas encargadas de almacenar las cookies y desde este lugar tienes que efectuar tu derecho de eliminaci\u00f3n o desactivaci\u00f3n de las mismas.\u00a0 FINCA EL SUECO ANDALUZ S.L.U. no puede garantizar la correcta o incorrecta manipulaci\u00f3n de las cookies por parte de estos.<\/p>\n<p>En algunos casos es necesario instalar cookies para que el navegador no olvide tu decisi\u00f3n de no aceptar las mismas.<\/p>\n<p><strong>M\u00e1s informaci\u00f3n sobre las cookies<\/strong><\/p>\n<p>Puedes consultar el reglamento sobre cookies publicado por la Agencia Espa\u00f1ola de Protecci\u00f3n de Datos en su \u201c<a href=\"http:\/\/www.agpd.es\/portalwebAGPD\/canaldocumentacion\/publicaciones\/common\/Guias\/Guia_Cookies.pdf\" target=\"_blank\" rel=\"noopener noreferrer\"><strong>Gu\u00eda sobre el uso de las Cookies<\/strong><\/a>\u201d y obtener m\u00e1s informaci\u00f3n sobre las cookies en Internet en:\u00a0<strong><a href=\"http:\/\/www.allaboutcookies.org\/es\/\" target=\"_blank\" rel=\"noopener noreferrer\">http:\/\/www.allaboutcookies.org\/es\/\u00a0<\/a><\/strong>y\u00a0<strong><a href=\"https:\/\/www.aboutcookies.org\/\" target=\"_blank\" rel=\"noopener noreferrer\">https:\/\/www.aboutcookies.org\/<\/a><\/strong><\/p>\n<p>Y si deseas tener un mayor control sobre la instalaci\u00f3n de cookies, puedes instalar programas o complementos en tu navegador, conocidos como herramientas de \u201cDo Not Track\u201d, que te permitir\u00e1n escoger aquellas cookies que deseas permitir.<\/p>\n<p>&nbsp;<\/p>\n<p>Espero que esta Pol\u00edtica de Cookies te haya servido de ayuda y, si tienes cualquier duda, solo tienes que contactar conmigo en:\u00a0<strong>hi@fincasolmark.com<\/strong><\/p>\n<p>La aceptaci\u00f3n de esta Pol\u00edtica de Cookies implica que has sido informado de una forma clara y completa sobre el uso las cookies, que conoces la posibilidad de rechazarlas o eliminarlas y que das tu consentimiento para su uso en\u00a0<strong>fincasolmark.com<\/strong>.<\/p>\n<p>&nbsp;<\/p>\n<p><strong>La Pol\u00edtica de Cookies ha sido actualizada por \u00faltima vez el 04-06-2019.<\/strong><\/p>\n<\/div>\n<p>[\/et_pb_text][\/et_pb_column][\/et_pb_row][\/et_pb_section]<\/p>\n","protected":false},"excerpt":{"rendered":"<p>Pol\u00edtica de cookies En esta web recopilo y utilizo la informaci\u00f3n seg\u00fan indico en mi\u00a0Pol\u00edtica de Privacidad. Una de las formas en las que recojo datos es a trav\u00e9s del uso de la tecnolog\u00eda llamada \u201cCookies\u201d. En fincasolmark.com utilizo cookies propias y de terceros para conseguir que tengas una mejor experiencia de usuario, para obtener [&hellip;]<\/p>\n","protected":false},"author":1,"featured_media":0,"parent":0,"menu_order":0,"comment_status":"closed","ping_status":"closed","template":"","meta":{"_et_pb_use_builder":"on","_et_pb_old_content":"","_et_gb_content_width":"","footnotes":""},"class_list":["post-239601","page","type-page","status-publish","hentry"],"_links":{"self":[{"href":"https:\/\/fincasolmark.com\/es\/wp-json\/wp\/v2\/pages\/239601","targetHints":{"allow":["GET"]}}],"collection":[{"href":"https:\/\/fincasolmark.com\/es\/wp-json\/wp\/v2\/pages"}],"about":[{"href":"https:\/\/fincasolmark.com\/es\/wp-json\/wp\/v2\/types\/page"}],"author":[{"embeddable":true,"href":"https:\/\/fincasolmark.com\/es\/wp-json\/wp\/v2\/users\/1"}],"replies":[{"embeddable":true,"href":"https:\/\/fincasolmark.com\/es\/wp-json\/wp\/v2\/comments?post=239601"}],"version-history":[{"count":0,"href":"https:\/\/fincasolmark.com\/es\/wp-json\/wp\/v2\/pages\/239601\/revisions"}],"wp:attachment":[{"href":"https:\/\/fincasolmark.com\/es\/wp-json\/wp\/v2\/media?parent=239601"}],"curies":[{"name":"wp","href":"https:\/\/api.w.org\/{rel}","templated":true}]}}