{"id":239231,"date":"2019-05-28T11:12:18","date_gmt":"2019-05-28T11:12:18","guid":{"rendered":"http:\/\/fincasolmark.com\/wpfs\/?page_id=239231"},"modified":"2022-01-17T19:42:30","modified_gmt":"2022-01-17T18:42:30","slug":"reservas","status":"publish","type":"page","link":"https:\/\/fincasolmark.com\/es\/reservas\/","title":{"rendered":"Reservas"},"content":{"rendered":"<p>[et_pb_section fb_built=\u00bb1&#8243; fullwidth=\u00bbon\u00bb _builder_version=\u00bb3.22.3&#8243; global_colors_info=\u00bb{}\u00bb][et_pb_fullwidth_slider show_arrows=\u00bboff\u00bb _builder_version=\u00bb4.9.4&#8243; header_font=\u00bb||||||||\u00bb body_font=\u00bb||||||||\u00bb body_font_size=\u00bb20px\u00bb custom_padding=\u00bb||172px|||\u00bb body_font_size_tablet=\u00bb\u00bb body_font_size_phone=\u00bb11px\u00bb body_font_size_last_edited=\u00bbon|phone\u00bb global_colors_info=\u00bb{}\u00bb][et_pb_slide heading=\u00bbRESERVAS\u00bb use_bg_overlay=\u00bboff\u00bb use_text_overlay=\u00bbon\u00bb text_overlay_color=\u00bbrgba(255,255,255,0.17)\u00bb _builder_version=\u00bb4.9.4&#8243; header_level=\u00bbh1&#8243; header_font=\u00bb||||||||\u00bb body_font=\u00bb||||||||\u00bb background_image=\u00bbhttp:\/\/fincasolmark.com\/wp-content\/uploads\/2020\/06\/finca_solmark_reservas_casa_rural.jpg\u00bb background_enable_image=\u00bbon\u00bb header_font_size_tablet=\u00bb26px\u00bb header_font_size_phone=\u00bb18px\u00bb header_font_size_last_edited=\u00bbon|phone\u00bb body_font_size_tablet=\u00bb15px\u00bb body_font_size_phone=\u00bb10px\u00bb body_font_size_last_edited=\u00bbon|phone\u00bb global_colors_info=\u00bb{}\u00bb sticky_transition=\u00bbon\u00bb]<\/p>\n<p>Planifica tu estancia en Finca Solmark<\/p>\n<p>[\/et_pb_slide][\/et_pb_fullwidth_slider][\/et_pb_section][et_pb_section fb_built=\u00bb1&#8243; admin_label=\u00bbSection\u00bb _builder_version=\u00bb3.22.3&#8243; custom_padding=\u00bb0px|||0px\u00bb custom_css_main_element=\u00bbdisplay:none;\u00bb transparent_background=\u00bboff\u00bb make_fullwidth=\u00bboff\u00bb use_custom_width=\u00bboff\u00bb width_unit=\u00bbon\u00bb global_colors_info=\u00bb{}\u00bb][et_pb_row admin_label=\u00bbRow\u00bb _builder_version=\u00bb3.25&#8243; background_size=\u00bbinitial\u00bb background_position=\u00bbtop_left\u00bb background_repeat=\u00bbrepeat\u00bb custom_margin=\u00bb0px||0px|\u00bb custom_padding=\u00bb0px||0px|\u00bb make_fullwidth=\u00bboff\u00bb use_custom_width=\u00bboff\u00bb width_unit=\u00bbon\u00bb global_colors_info=\u00bb{}\u00bb][et_pb_column type=\u00bb4_4&#8243; _builder_version=\u00bb3.25&#8243; custom_padding=\u00bb|||\u00bb global_colors_info=\u00bb{}\u00bb custom_padding__hover=\u00bb|||\u00bb][et_pb_code admin_label=\u00bbCSS Code\u00bb _builder_version=\u00bb3.22.4&#8243; global_colors_info=\u00bb{}\u00bb]<\/p>\n<style type=text\/css><!-- [et_pb_line_break_holder] -->\/*******  BLURB STYLES  *******\/<!-- [et_pb_line_break_holder] -->.b3_blurb_1 img {<!-- [et_pb_line_break_holder] -->    -webkit-transition: all .5s ease;<!-- [et_pb_line_break_holder] -->    -moz-transition: all .5s ease;<!-- [et_pb_line_break_holder] -->    -ms-transition: all .5s ease;<!-- [et_pb_line_break_holder] -->    -o-transition: all .5s ease;<!-- [et_pb_line_break_holder] -->    transition: all .5s ease;<!-- [et_pb_line_break_holder] -->    -ms-transform: scale(1.05);<!-- [et_pb_line_break_holder] -->    -webkit-transform: scale(1.05);<!-- [et_pb_line_break_holder] -->    transform: scale(1.05);<!-- [et_pb_line_break_holder] -->    -webkit-transform-origin: bottom;<!-- [et_pb_line_break_holder] -->    -moz-transform-origin: bottom;<!-- [et_pb_line_break_holder] -->    -ms-transform-origin: bottom;<!-- [et_pb_line_break_holder] -->    -o-transform-origin: bottom;<!-- [et_pb_line_break_holder] -->    transform-origin: bottom;<!-- [et_pb_line_break_holder] -->    border-radius: 10px 10px 0 0;<!-- [et_pb_line_break_holder] -->    -webkit-border-radius: 10px 10px 0 0;<!-- [et_pb_line_break_holder] -->    -moz-border-radius: 10px 10px 0 0;<!-- [et_pb_line_break_holder] -->}<!-- [et_pb_line_break_holder] -->.b3_blurb_1 {<!-- [et_pb_line_break_holder] -->    border: none !important;<!-- [et_pb_line_break_holder] -->    border-radius: 10px;<!-- [et_pb_line_break_holder] -->    -moz-border-radius:10px;<!-- [et_pb_line_break_holder] -->    -webkit-border-radius: 10px;<!-- [et_pb_line_break_holder] -->    -o-border-radius: 10px;<!-- [et_pb_line_break_holder] -->    overflow: hidden;<!-- [et_pb_line_break_holder] -->    width: 100%;<!-- [et_pb_line_break_holder] -->    position: relative;<!-- [et_pb_line_break_holder] -->    z-index: 1;<!-- [et_pb_line_break_holder] -->    -webkit-transition: all .5s ease-in-out;<!-- [et_pb_line_break_holder] -->    -moz-transition: all .5s ease-in-out;<!-- [et_pb_line_break_holder] -->    -ms-transition: all .5s ease-in-out;<!-- [et_pb_line_break_holder] -->    -o-transition: all .5s ease-in-out;<!-- [et_pb_line_break_holder] -->    box-shadow: 0 20px 100px rgba(212, 215, 217,.5);<!-- [et_pb_line_break_holder] -->    -webkit-box-shadow: 0 20px 100px rgba(212, 215, 217,.5);<!-- [et_pb_line_break_holder] -->    -moz-box-shadow: 0 20px 100px rgba(212, 215, 217,.5);<!-- [et_pb_line_break_holder] -->    -o-box-shadow: 0 20px 100px rgba(212, 215, 217,.5);<!-- [et_pb_line_break_holder] -->}<!-- [et_pb_line_break_holder] -->.b3_blurb_1:hover {<!-- [et_pb_line_break_holder] -->  box-shadow: 0 40px 100px rgb(212, 215, 217);<!-- [et_pb_line_break_holder] -->  -webkit-box-shadow: 0 40px 100px rgb(212, 215, 217);<!-- [et_pb_line_break_holder] -->  -moz-box-shadow: 0 40px 100px rgb(212, 215, 217);<!-- [et_pb_line_break_holder] -->  -o-box-shadow: 0 40px 100px rgb(212, 215, 217);<!-- [et_pb_line_break_holder] -->}<!-- [et_pb_line_break_holder] -->.b3_blurb_1:hover img {<!-- [et_pb_line_break_holder] -->    -ms-transform: scale(1.00) !important;<!-- [et_pb_line_break_holder] -->    -webkit-transform: scale(1.00) !important;<!-- [et_pb_line_break_holder] -->    transform: scale(1.00) !important;<!-- [et_pb_line_break_holder] -->    -webkit-transition: all 1000ms cubic-bezier(0.170, 0.690, 0.470, 0.995); <!-- [et_pb_line_break_holder] -->    -moz-transition: all 1000ms cubic-bezier(0.170, 0.690, 0.470, 0.995); <!-- [et_pb_line_break_holder] -->    -o-transition: all 1000ms cubic-bezier(0.170, 0.690, 0.470, 0.995); <!-- [et_pb_line_break_holder] -->    transition: all 1000ms cubic-bezier(0.170, 0.690, 0.470, 0.995); \/* custom *\/<!-- [et_pb_line_break_holder] -->}<!-- [et_pb_line_break_holder] -->.b3_blurb_1 .et_pb_main_blurb_image {<!-- [et_pb_line_break_holder] -->    margin-bottom: 20px;<!-- [et_pb_line_break_holder] -->    text-align: center;<!-- [et_pb_line_break_holder] -->}<!-- [et_pb_line_break_holder] -->\/**** BLURB LINK ***\/<!-- [et_pb_line_break_holder] -->.blurb_link {<!-- [et_pb_line_break_holder] -->    display: block;<!-- [et_pb_line_break_holder] -->    margin-top: 20px;<!-- [et_pb_line_break_holder] -->    text-transform: uppercase;<!-- [et_pb_line_break_holder] -->    font-weight: 700;<!-- [et_pb_line_break_holder] -->    letter-spacing: 0;<!-- [et_pb_line_break_holder] -->    -webkit-transition: all .4s ease-in-out;<!-- [et_pb_line_break_holder] -->    -moz-transition: all .4s ease-in-out;<!-- [et_pb_line_break_holder] -->    -ms-transition: all .4s ease-in-out;<!-- [et_pb_line_break_holder] -->    -o-transition: all .4s ease-in-out;<!-- [et_pb_line_break_holder] -->}<!-- [et_pb_line_break_holder] -->.blurb_link:hover {<!-- [et_pb_line_break_holder] -->    letter-spacing: 1px;<!-- [et_pb_line_break_holder] -->    -webkit-transition: all .4s ease-in-out;<!-- [et_pb_line_break_holder] -->    -moz-transition: all .4s ease-in-out;<!-- [et_pb_line_break_holder] -->    -ms-transition: all .4s ease-in-out;<!-- [et_pb_line_break_holder] -->    -o-transition: all .4s ease-in-out;<!-- [et_pb_line_break_holder] -->}<!-- [et_pb_line_break_holder] -->\/*------------------------------------------------------------------------*\/<!-- [et_pb_line_break_holder] -->\/*-------------------- BLURB RIPPLE EFFECT  ------------------------------*\/<!-- [et_pb_line_break_holder] -->\/*------------------------------------------------------------------------*\/<!-- [et_pb_line_break_holder] -->\/* Ripple Out *\/<!-- [et_pb_line_break_holder] -->@-webkit-keyframes blurb-ripple-out {<!-- [et_pb_line_break_holder] -->100% { top: -12px; right: -12px; bottom: -12px; left: -12px; opacity: 0; }<!-- [et_pb_line_break_holder] -->}<!-- [et_pb_line_break_holder] -->@keyframes blurb-ripple-out {<!-- [et_pb_line_break_holder] -->100% { top: -12px; right: -12px; bottom: -12px; left: -12px; opacity: 0; }<!-- [et_pb_line_break_holder] -->}<!-- [et_pb_line_break_holder] -->.blurb-ripple-out .et-pb-icon {<!-- [et_pb_line_break_holder] -->display: inline-block;<!-- [et_pb_line_break_holder] -->vertical-align: middle;<!-- [et_pb_line_break_holder] -->-webkit-transform: perspective(1px) translateZ(0);<!-- [et_pb_line_break_holder] -->transform: perspective(1px) translateZ(0);<!-- [et_pb_line_break_holder] -->box-shadow: 0 0 1px transparent;<!-- [et_pb_line_break_holder] -->position: relative;<!-- [et_pb_line_break_holder] -->}<!-- [et_pb_line_break_holder] -->.blurb-ripple-out .et-pb-icon:before {<!-- [et_pb_line_break_holder] -->content: '';<!-- [et_pb_line_break_holder] -->position: absolute;<!-- [et_pb_line_break_holder] -->\/* This is your ripple color & size *\/<!-- [et_pb_line_break_holder] -->border: #879e78 solid 6px;<!-- [et_pb_line_break_holder] -->\/* Uncomment the line below if it's a circle*\/<!-- [et_pb_line_break_holder] -->border-radius: 50%;<!-- [et_pb_line_break_holder] -->top: 0;<!-- [et_pb_line_break_holder] -->right: 0;<!-- [et_pb_line_break_holder] -->bottom: 0;<!-- [et_pb_line_break_holder] -->left: 0;<!-- [et_pb_line_break_holder] -->-webkit-animation-duration: 1s;<!-- [et_pb_line_break_holder] -->animation-duration: 1s;<!-- [et_pb_line_break_holder] -->}<!-- [et_pb_line_break_holder] -->.blurb-ripple-out:hover .et-pb-icon:before, <!-- [et_pb_line_break_holder] -->.blurb-ripple-out:focus .et-pb-icon:before, <!-- [et_pb_line_break_holder] -->.blurb-ripple-out:active .et-pb-icon:before {<!-- [et_pb_line_break_holder] -->-webkit-animation-name: blurb-ripple-out;<!-- [et_pb_line_break_holder] -->animation-name: blurb-ripple-out;<!-- [et_pb_line_break_holder] -->}<!-- [et_pb_line_break_holder] --><\/style>\n<p>[\/et_pb_code][\/et_pb_column][\/et_pb_row][\/et_pb_section][et_pb_section fb_built=\u00bb1&#8243; admin_label=\u00bbContact Form\u00bb _builder_version=\u00bb4.14.6&#8243; background_color=\u00bb#e8e8e8&#8243; custom_padding=\u00bb1px||6px|||\u00bb hover_enabled=\u00bb0&#8243; box_shadow_style=\u00bbpreset1&#8243; global_colors_info=\u00bb{}\u00bb disabled_on=\u00bbon|on|on\u00bb disabled=\u00bbon\u00bb sticky_enabled=\u00bb0&#8243;][et_pb_row column_structure=\u00bb1_2,1_2&#8243; use_custom_gutter=\u00bbon\u00bb gutter_width=\u00bb2&#8243; _builder_version=\u00bb3.25&#8243; width=\u00bb90%\u00bb max_width=\u00bb100%\u00bb locked=\u00bboff\u00bb global_colors_info=\u00bb{}\u00bb][et_pb_column type=\u00bb1_2&#8243; _builder_version=\u00bb3.25&#8243; custom_padding=\u00bb|||\u00bb global_colors_info=\u00bb{}\u00bb custom_padding__hover=\u00bb|||\u00bb][et_pb_text _builder_version=\u00bb3.27.4&#8243; text_font=\u00bb||||||||\u00bb text_font_size=\u00bb14px\u00bb text_line_height=\u00bb2em\u00bb header_font=\u00bb||||||||\u00bb header_2_font=\u00bbLibre Baskerville||||||||\u00bb header_2_font_size=\u00bb43px\u00bb header_2_line_height=\u00bb1.2em\u00bb max_width=\u00bb800px\u00bb custom_padding=\u00bb||0px|||\u00bb text_font_size_tablet=\u00bb13px\u00bb text_font_size_phone=\u00bb9px\u00bb text_font_size_last_edited=\u00bbon|phone\u00bb header_2_font_size_tablet=\u00bb31px\u00bb header_2_font_size_phone=\u00bb23px\u00bb header_2_font_size_last_edited=\u00bbon|phone\u00bb locked=\u00bboff\u00bb global_colors_info=\u00bb{}\u00bb]<\/p>\n<h2>Formulario de reservas<\/h2>\n<p>*\u00a0<span>Es necesario cumplimentar los campos marcados con asterisco para enviar el formulario<\/span><\/p>\n<p>[\/et_pb_text][et_pb_contact_form email=\u00bbreservas@fincasolmark.com\u00bb custom_message=\u00bbMensaje de Reservas:||et_pb_line_break_holder||||et_pb_line_break_holder||De:  %%Nombre%%||et_pb_line_break_holder||Email: %%Email%%||et_pb_line_break_holder||Tel\u00e9fono: %%Telefono%%||et_pb_line_break_holder||Mensaje: %%mensaje%%||et_pb_line_break_holder||||et_pb_line_break_holder||Datos para la reserva:||et_pb_line_break_holder||Fecha de entrada: %%Fecha_Entrada%%||et_pb_line_break_holder||Fecha de salida: %%Fecha_Salida%%||et_pb_line_break_holder||N\u00famero de personas: %%Numero_Personas%%\u00bb success_message=\u00bbSu mensaje se ha enviado correctamente. Gracias por contactar con Finca Solmark. \u00a1\u00a1Hasta pronto!!\u00bb _builder_version=\u00bb4.13.1&#8243; _unique_id=\u00bb58b8f98c-4b24-4919-917a-5a556b164ef7&#8243; form_field_background_color=\u00bb#f4f4f4&#8243; title_font=\u00bbGilda Display||||||||\u00bb title_font_size=\u00bb60px\u00bb title_line_height=\u00bb1.3em\u00bb form_field_font=\u00bbOpen Sans||||||||\u00bb form_field_font_size=\u00bb16px\u00bb form_field_line_height=\u00bb1.6em\u00bb custom_button=\u00bbon\u00bb button_text_size=\u00bb16px\u00bb button_text_color=\u00bb#ffffff\u00bb button_bg_color=\u00bb#ad9a6b\u00bb button_bg_color_gradient_start=\u00bbrgba(255,255,255,0)\u00bb button_bg_color_gradient_end=\u00bbrgba(255,255,255,0.28)\u00bb button_bg_color_gradient_direction=\u00bb190deg\u00bb button_border_color=\u00bb#ffffff\u00bb button_border_radius=\u00bb33px\u00bb button_font=\u00bbOpen Sans|600|||||||\u00bb button_icon=\u00bb&#xe010;||divi||400&#8243; text_orientation=\u00bbleft\u00bb max_width=\u00bb800px\u00bb title_font_size_tablet=\u00bb40px\u00bb title_font_size_phone=\u00bb30px\u00bb title_font_size_last_edited=\u00bbon|desktop\u00bb form_background_color=\u00bb#f4f4f4&#8243; global_colors_info=\u00bb{}\u00bb button_text_color__hover=\u00bb#0f87ff\u00bb button_bg_color__hover_enabled=\u00bbon\u00bb button_bg_color__hover=\u00bb#ad9a6b\u00bb][et_pb_contact_field field_id=\u00bbNombre\u00bb field_title=\u00bbNombre y Apellidos*\u00bb min_length=\u00bb1&#8243; fullwidth_field=\u00bbon\u00bb _builder_version=\u00bb4.4.2&#8243; global_colors_info=\u00bb{}\u00bb button_text_size__hover_enabled=\u00bboff\u00bb button_one_text_size__hover_enabled=\u00bboff\u00bb button_two_text_size__hover_enabled=\u00bboff\u00bb button_text_color__hover_enabled=\u00bboff\u00bb button_one_text_color__hover_enabled=\u00bboff\u00bb button_two_text_color__hover_enabled=\u00bboff\u00bb button_border_width__hover_enabled=\u00bboff\u00bb button_one_border_width__hover_enabled=\u00bboff\u00bb button_two_border_width__hover_enabled=\u00bboff\u00bb button_border_color__hover_enabled=\u00bboff\u00bb button_one_border_color__hover_enabled=\u00bboff\u00bb button_two_border_color__hover_enabled=\u00bboff\u00bb button_border_radius__hover_enabled=\u00bboff\u00bb button_one_border_radius__hover_enabled=\u00bboff\u00bb button_two_border_radius__hover_enabled=\u00bboff\u00bb button_letter_spacing__hover_enabled=\u00bboff\u00bb button_one_letter_spacing__hover_enabled=\u00bboff\u00bb button_two_letter_spacing__hover_enabled=\u00bboff\u00bb button_bg_color__hover_enabled=\u00bboff\u00bb button_one_bg_color__hover_enabled=\u00bboff\u00bb button_two_bg_color__hover_enabled=\u00bboff\u00bb][\/et_pb_contact_field][et_pb_contact_field field_id=\u00bbEmail\u00bb field_title=\u00bbCorreo electr\u00f3nico *\u00bb field_type=\u00bbemail\u00bb fullwidth_field=\u00bbon\u00bb _builder_version=\u00bb4.4.2&#8243; global_colors_info=\u00bb{}\u00bb button_text_size__hover_enabled=\u00bboff\u00bb button_one_text_size__hover_enabled=\u00bboff\u00bb button_two_text_size__hover_enabled=\u00bboff\u00bb button_text_color__hover_enabled=\u00bboff\u00bb button_one_text_color__hover_enabled=\u00bboff\u00bb button_two_text_color__hover_enabled=\u00bboff\u00bb button_border_width__hover_enabled=\u00bboff\u00bb button_one_border_width__hover_enabled=\u00bboff\u00bb button_two_border_width__hover_enabled=\u00bboff\u00bb button_border_color__hover_enabled=\u00bboff\u00bb button_one_border_color__hover_enabled=\u00bboff\u00bb button_two_border_color__hover_enabled=\u00bboff\u00bb button_border_radius__hover_enabled=\u00bboff\u00bb button_one_border_radius__hover_enabled=\u00bboff\u00bb button_two_border_radius__hover_enabled=\u00bboff\u00bb button_letter_spacing__hover_enabled=\u00bboff\u00bb button_one_letter_spacing__hover_enabled=\u00bboff\u00bb button_two_letter_spacing__hover_enabled=\u00bboff\u00bb button_bg_color__hover_enabled=\u00bboff\u00bb button_one_bg_color__hover_enabled=\u00bboff\u00bb button_two_bg_color__hover_enabled=\u00bboff\u00bb][\/et_pb_contact_field][et_pb_contact_field field_id=\u00bbTelefono\u00bb field_title=\u00bbTel\u00e9fono para contactar *\u00bb min_length=\u00bb8&#8243; fullwidth_field=\u00bbon\u00bb _builder_version=\u00bb4.4.2&#8243; global_colors_info=\u00bb{}\u00bb][\/et_pb_contact_field][et_pb_contact_field field_id=\u00bbFecha_Entrada\u00bb field_title=\u00bbFecha de entrada *\u00bb min_length=\u00bb1&#8243; fullwidth_field=\u00bbon\u00bb _builder_version=\u00bb3.23.3&#8243; global_colors_info=\u00bb{}\u00bb][\/et_pb_contact_field][et_pb_contact_field field_id=\u00bbFecha_Salida\u00bb field_title=\u00bbFecha de salida *\u00bb min_length=\u00bb1&#8243; fullwidth_field=\u00bbon\u00bb _builder_version=\u00bb3.23.3&#8243; global_colors_info=\u00bb{}\u00bb][\/et_pb_contact_field][et_pb_contact_field field_id=\u00bbNumero_Personas\u00bb field_title=\u00bbN\u00famero de personas *\u00bb min_length=\u00bb1&#8243; max_length=\u00bb1&#8243; allowed_symbols=\u00bbnumbers\u00bb fullwidth_field=\u00bbon\u00bb _builder_version=\u00bb3.23.3&#8243; global_colors_info=\u00bb{}\u00bb button_text_size__hover_enabled=\u00bboff\u00bb button_one_text_size__hover_enabled=\u00bboff\u00bb button_two_text_size__hover_enabled=\u00bboff\u00bb button_text_color__hover_enabled=\u00bboff\u00bb button_one_text_color__hover_enabled=\u00bboff\u00bb button_two_text_color__hover_enabled=\u00bboff\u00bb button_border_width__hover_enabled=\u00bboff\u00bb button_one_border_width__hover_enabled=\u00bboff\u00bb button_two_border_width__hover_enabled=\u00bboff\u00bb button_border_color__hover_enabled=\u00bboff\u00bb button_one_border_color__hover_enabled=\u00bboff\u00bb button_two_border_color__hover_enabled=\u00bboff\u00bb button_border_radius__hover_enabled=\u00bboff\u00bb button_one_border_radius__hover_enabled=\u00bboff\u00bb button_two_border_radius__hover_enabled=\u00bboff\u00bb button_letter_spacing__hover_enabled=\u00bboff\u00bb button_one_letter_spacing__hover_enabled=\u00bboff\u00bb button_two_letter_spacing__hover_enabled=\u00bboff\u00bb button_bg_color__hover_enabled=\u00bboff\u00bb button_one_bg_color__hover_enabled=\u00bboff\u00bb button_two_bg_color__hover_enabled=\u00bboff\u00bb][\/et_pb_contact_field][et_pb_contact_field field_id=\u00bbmensaje\u00bb field_title=\u00bbMensaje\u00bb field_type=\u00bbtext\u00bb fullwidth_field=\u00bbon\u00bb _builder_version=\u00bb4.4.2&#8243; global_colors_info=\u00bb{}\u00bb][\/et_pb_contact_field][\/et_pb_contact_form][\/et_pb_column][et_pb_column type=\u00bb1_2&#8243; _builder_version=\u00bb3.25&#8243; custom_padding=\u00bb|0px||\u00bb global_colors_info=\u00bb{}\u00bb custom_padding__hover=\u00bb|||\u00bb][et_pb_text _builder_version=\u00bb4.7.7&#8243; text_font=\u00bb||||||||\u00bb text_font_size=\u00bb18px\u00bb custom_margin=\u00bb66px|0px||||\u00bb custom_margin_tablet=\u00bb|0px||\u00bb custom_margin_phone=\u00bb\u00bb custom_margin_last_edited=\u00bbon|desktop\u00bb global_colors_info=\u00bb{}\u00bb]<\/p>\n<p>Para realizar tu\u00a0reserva cumplimenta este\u00a0cuestionario o escr\u00edbenos un mail a\u00a0reservas@fincasolmark.com indic\u00e1ndonos:<\/p>\n<p><i class=\"material-icons\">assignment_ind<\/i> Tu nombre y apellidos<\/p>\n<p><i class=\"material-icons\">alternate_email<\/i> E-mail<\/p>\n<p><i class=\"material-icons\">phone_iphone<\/i> M\u00f3vil<\/p>\n<p><i class=\"material-icons\">date_range<\/i> Fechas deseadas para tu estancia<\/p>\n<p><i class=\"material-icons\">people<\/i> N\u00famero de personas<\/p>\n<p>Nos pondremos en contacto contigo a la mayor brevedad posible para formalizar tu petici\u00f3n.<\/p>\n<p>Consulta precios especiales para estancias de larga duraci\u00f3n.<\/p>\n<p>\u00a1Feliz estancia!<\/p>\n<p>[\/et_pb_text][\/et_pb_column][\/et_pb_row][\/et_pb_section]<\/p>\n","protected":false},"excerpt":{"rendered":"<p>Planifica tu estancia en Finca SolmarkFormulario de reservas *\u00a0Es necesario cumplimentar los campos marcados con asterisco para enviar el formularioPara realizar tu\u00a0reserva cumplimenta este\u00a0cuestionario o escr\u00edbenos un mail a\u00a0reservas@fincasolmark.com indic\u00e1ndonos: assignment_ind Tu nombre y apellidos alternate_email E-mail phone_iphone M\u00f3vil date_range Fechas deseadas para tu estancia people N\u00famero de personas Nos pondremos en contacto contigo a [&hellip;]<\/p>\n","protected":false},"author":1,"featured_media":0,"parent":0,"menu_order":0,"comment_status":"closed","ping_status":"closed","template":"","meta":{"_et_pb_use_builder":"on","_et_pb_old_content":"","_et_gb_content_width":"","footnotes":""},"class_list":["post-239231","page","type-page","status-publish","hentry"],"_links":{"self":[{"href":"https:\/\/fincasolmark.com\/es\/wp-json\/wp\/v2\/pages\/239231","targetHints":{"allow":["GET"]}}],"collection":[{"href":"https:\/\/fincasolmark.com\/es\/wp-json\/wp\/v2\/pages"}],"about":[{"href":"https:\/\/fincasolmark.com\/es\/wp-json\/wp\/v2\/types\/page"}],"author":[{"embeddable":true,"href":"https:\/\/fincasolmark.com\/es\/wp-json\/wp\/v2\/users\/1"}],"replies":[{"embeddable":true,"href":"https:\/\/fincasolmark.com\/es\/wp-json\/wp\/v2\/comments?post=239231"}],"version-history":[{"count":0,"href":"https:\/\/fincasolmark.com\/es\/wp-json\/wp\/v2\/pages\/239231\/revisions"}],"wp:attachment":[{"href":"https:\/\/fincasolmark.com\/es\/wp-json\/wp\/v2\/media?parent=239231"}],"curies":[{"name":"wp","href":"https:\/\/api.w.org\/{rel}","templated":true}]}}