{"id":120422,"date":"2019-04-22T11:57:25","date_gmt":"2019-04-22T11:57:25","guid":{"rendered":"http:\/\/fincasolmark.com\/wpfs\/?page_id=120422"},"modified":"2021-02-06T17:34:03","modified_gmt":"2021-02-06T17:34:03","slug":"trabajo-en-equipo","status":"publish","type":"page","link":"https:\/\/fincasolmark.com\/es\/trabajo-en-equipo\/","title":{"rendered":"Trabajo en equipo"},"content":{"rendered":"<p>[et_pb_section fb_built=\u00bb1&#8243; fullwidth=\u00bbon\u00bb _builder_version=\u00bb3.22.3&#8243;][et_pb_fullwidth_slider show_arrows=\u00bboff\u00bb _builder_version=\u00bb3.24.1&#8243; header_font=\u00bb||||||||\u00bb body_font=\u00bb||||||||\u00bb][et_pb_slide heading=\u00bbTRABAJO EN EQUIPO\u00bb use_bg_overlay=\u00bboff\u00bb use_text_overlay=\u00bbon\u00bb _builder_version=\u00bb3.24.1&#8243; header_level=\u00bbh1&#8243; header_font=\u00bb||||||||\u00bb body_font=\u00bb||||||||\u00bb background_image=\u00bbhttp:\/\/fincasolmark.com\/wp-content\/uploads\/2019\/03\/finca_solmark_home_pelle.jpg\u00bb header_font_size_tablet=\u00bb26px\u00bb header_font_size_phone=\u00bb15px\u00bb header_font_size_last_edited=\u00bbon|phone\u00bb sticky_transition=\u00bbon\u00bb][\/et_pb_slide][\/et_pb_fullwidth_slider][\/et_pb_section][et_pb_section fb_built=\u00bb1&#8243; _builder_version=\u00bb3.22.3&#8243; custom_padding=\u00bb||19px|||\u00bb locked=\u00bboff\u00bb][et_pb_row _builder_version=\u00bb3.25&#8243; custom_margin=\u00bb|auto|21px|auto||\u00bb][et_pb_column type=\u00bb4_4&#8243; _builder_version=\u00bb3.25&#8243; custom_padding=\u00bb|||\u00bb custom_padding__hover=\u00bb|||\u00bb][et_pb_text _builder_version=\u00bb4.8.2&#8243; text_font=\u00bbLibre Baskerville||||||||\u00bb text_font_size=\u00bb18px\u00bb hover_enabled=\u00bb0&#8243; text_font_size_tablet=\u00bb16px\u00bb text_font_size_phone=\u00bb13px\u00bb text_font_size_last_edited=\u00bbon|desktop\u00bb sticky_enabled=\u00bb0&#8243;]<\/p>\n<p>Mi cu\u00f1ado y buen amigo Manuel Arroyo, jardinero durante 25 a\u00f1os, que acept\u00f3 la idea de lanzar este proyecto conmigo, es el gestor de la finca. Contamos tambi\u00e9n con la ayuda\u00a0Laura\u00a0L\u00f3pez,\u00a0encargada de impulsar el marketing y comunicaci\u00f3n de la finca y de Jos\u00e9 Antonio que, con su trabajo, energ\u00eda y sentido del humor contagia su entusiasmo a todos los visitantes.<\/p>\n<p>Me considero afortunado de contar con un <span style=\"color: #ad9a6b;\"><strong><u><a href=\"http:\/\/fincasolmark.com\/es\/quienes-somos\" style=\"color: #ad9a6b;\">equipo de empleados<\/a><\/u><\/strong><\/span>\u00a0con mucho <strong>talento<\/strong> que, como yo, sienten <strong>pasi\u00f3n<\/strong> por el trabajo que realizan y una <strong>actitud positiva.<\/strong><\/p>\n<p>Desde el inicio, concretamente desde abril de 2018, han invertido su tiempo, energ\u00eda y esfuerzo conmigo para sentar las bases de lo que hoy ya es una bonita finca, aunque es s\u00f3lo el inicio de la construcci\u00f3n de algo m\u00e1s grande e inspirador.<\/p>\n<p>[\/et_pb_text][\/et_pb_column][\/et_pb_row][\/et_pb_section][et_pb_section fb_built=\u00bb1&#8243; _builder_version=\u00bb3.23.1&#8243; background_color=\u00bbrgba(0,0,0,0.3)\u00bb background_image=\u00bbhttp:\/\/fincasolmark.com\/wp-content\/uploads\/2019\/05\/finca_solmark_trabajo_en_equipo_huerto-1.jpg\u00bb custom_padding=\u00bb188px||209px|||\u00bb top_divider_color=\u00bbrgba(0,0,0,0.56)\u00bb bottom_divider_color=\u00bb#ad9a6b\u00bb][et_pb_row _builder_version=\u00bb3.25&#8243;][et_pb_column type=\u00bb4_4&#8243; _builder_version=\u00bb3.25&#8243; custom_padding=\u00bb|||\u00bb custom_padding__hover=\u00bb|||\u00bb][et_pb_text _builder_version=\u00bb3.27.4&#8243; text_font=\u00bbLibre Baskerville|700|||||||\u00bb text_font_size=\u00bb18px\u00bb background_color=\u00bbrgba(0,0,0,0.42)\u00bb background_layout=\u00bbdark\u00bb custom_padding=\u00bb0px|||||\u00bb text_font_size_tablet=\u00bb16px\u00bb text_font_size_phone=\u00bb13px\u00bb text_font_size_last_edited=\u00bbon|desktop\u00bb]<\/p>\n<p><span size=\"3\">\u201cCuando te rodeas de personas que comparten contigo su pasi\u00f3n y compromiso por un prop\u00f3sito com\u00fan, el mejorar el mundo, todo es posible. Lo importante es disfrutar con lo que haces. Cuando eso ocurre, el trabajo se convierte en diversi\u00f3n y tu equipo se motiva y entusiasma de forma natural\u201d<\/span><\/p>\n<p>[\/et_pb_text][\/et_pb_column][\/et_pb_row][\/et_pb_section][et_pb_section fb_built=\u00bb1&#8243; admin_label=\u00bbGallery\u00bb _builder_version=\u00bb3.22.3&#8243; background_color_gradient_direction=\u00bb90deg\u00bb custom_padding=\u00bb0px|0px|0px|0px\u00bb locked=\u00bboff\u00bb][et_pb_row column_structure=\u00bb1_4,1_4,1_4,1_4&#8243; use_custom_gutter=\u00bbon\u00bb gutter_width=\u00bb1&#8243; make_equal=\u00bbon\u00bb admin_label=\u00bbBest Beans Row\u00bb module_class=\u00bb et_pb_row_fullwidth\u00bb _builder_version=\u00bb3.25&#8243; width=\u00bb100%\u00bb width_tablet=\u00bb100%\u00bb width_phone=\u00bb\u00bb width_last_edited=\u00bbon|desktop\u00bb max_width=\u00bb100%\u00bb max_width_tablet=\u00bb100%\u00bb max_width_phone=\u00bb\u00bb max_width_last_edited=\u00bbon|desktop\u00bb custom_margin=\u00bb|||\u00bb custom_padding=\u00bb0px|0px|0px|0px\u00bb make_fullwidth=\u00bbon\u00bb][et_pb_column type=\u00bb1_4&#8243; _builder_version=\u00bb3.25&#8243; custom_padding=\u00bb|||\u00bb custom_padding__hover=\u00bb|||\u00bb][et_pb_image src=\u00bbhttp:\/\/fincasolmark.com\/wp-content\/uploads\/2019\/05\/finca_solmark_trabajo_en_equipo_tractor.jpg\u00bb force_fullwidth=\u00bbon\u00bb align_tablet=\u00bbcenter\u00bb align_phone=\u00bb\u00bb align_last_edited=\u00bbon|desktop\u00bb _builder_version=\u00bb3.23&#8243;][\/et_pb_image][\/et_pb_column][et_pb_column type=\u00bb1_4&#8243; _builder_version=\u00bb3.25&#8243; custom_padding=\u00bb|||\u00bb custom_padding__hover=\u00bb|||\u00bb][et_pb_image src=\u00bbhttp:\/\/fincasolmark.com\/wp-content\/uploads\/2019\/05\/finca_solmark_trabajo_en_equipo_planta_aguacate.jpg\u00bb force_fullwidth=\u00bbon\u00bb align_tablet=\u00bbcenter\u00bb align_phone=\u00bb\u00bb align_last_edited=\u00bbon|desktop\u00bb _builder_version=\u00bb3.23&#8243; locked=\u00bboff\u00bb][\/et_pb_image][\/et_pb_column][et_pb_column type=\u00bb1_4&#8243; _builder_version=\u00bb3.25&#8243; custom_padding=\u00bb|||\u00bb custom_padding__hover=\u00bb|||\u00bb][et_pb_image src=\u00bbhttp:\/\/fincasolmark.com\/wp-content\/uploads\/2019\/05\/finca_solmark_trabajo_en_equipo_olivo.jpg\u00bb force_fullwidth=\u00bbon\u00bb align_tablet=\u00bbcenter\u00bb align_phone=\u00bb\u00bb align_last_edited=\u00bbon|desktop\u00bb _builder_version=\u00bb3.23&#8243; locked=\u00bboff\u00bb][\/et_pb_image][\/et_pb_column][et_pb_column type=\u00bb1_4&#8243; _builder_version=\u00bb3.25&#8243; custom_padding=\u00bb|||\u00bb custom_padding__hover=\u00bb|||\u00bb][et_pb_image src=\u00bbhttp:\/\/fincasolmark.com\/wp-content\/uploads\/2019\/05\/finca_solmark_trabajo_en_equipo_cosecha_aceituna.jpg\u00bb force_fullwidth=\u00bbon\u00bb align_tablet=\u00bbcenter\u00bb align_phone=\u00bb\u00bb align_last_edited=\u00bbon|desktop\u00bb _builder_version=\u00bb3.23&#8243; locked=\u00bboff\u00bb][\/et_pb_image][\/et_pb_column][\/et_pb_row][\/et_pb_section]<\/p>\n","protected":false},"excerpt":{"rendered":"<p>Mi cu\u00f1ado y buen amigo Manuel Arroyo, jardinero durante 25 a\u00f1os, que acept\u00f3 la idea de lanzar este proyecto conmigo, es el gestor de la finca. Contamos tambi\u00e9n con la ayuda\u00a0Laura\u00a0L\u00f3pez,\u00a0encargada de impulsar el marketing y comunicaci\u00f3n de la finca y de Jos\u00e9 Antonio que, con su trabajo, energ\u00eda y sentido del humor contagia su [&hellip;]<\/p>\n","protected":false},"author":1,"featured_media":0,"parent":0,"menu_order":0,"comment_status":"closed","ping_status":"closed","template":"","meta":{"_et_pb_use_builder":"on","_et_pb_old_content":"","_et_gb_content_width":"","footnotes":""},"class_list":["post-120422","page","type-page","status-publish","hentry"],"_links":{"self":[{"href":"https:\/\/fincasolmark.com\/es\/wp-json\/wp\/v2\/pages\/120422","targetHints":{"allow":["GET"]}}],"collection":[{"href":"https:\/\/fincasolmark.com\/es\/wp-json\/wp\/v2\/pages"}],"about":[{"href":"https:\/\/fincasolmark.com\/es\/wp-json\/wp\/v2\/types\/page"}],"author":[{"embeddable":true,"href":"https:\/\/fincasolmark.com\/es\/wp-json\/wp\/v2\/users\/1"}],"replies":[{"embeddable":true,"href":"https:\/\/fincasolmark.com\/es\/wp-json\/wp\/v2\/comments?post=120422"}],"version-history":[{"count":0,"href":"https:\/\/fincasolmark.com\/es\/wp-json\/wp\/v2\/pages\/120422\/revisions"}],"wp:attachment":[{"href":"https:\/\/fincasolmark.com\/es\/wp-json\/wp\/v2\/media?parent=120422"}],"curies":[{"name":"wp","href":"https:\/\/api.w.org\/{rel}","templated":true}]}}