{"id":120415,"date":"2019-04-22T11:14:46","date_gmt":"2019-04-22T11:14:46","guid":{"rendered":"http:\/\/fincasolmark.com\/wpfs\/?page_id=120415"},"modified":"2020-04-30T17:03:29","modified_gmt":"2020-04-30T17:03:29","slug":"la-transformacion-completa-de-una-finca","status":"publish","type":"page","link":"https:\/\/fincasolmark.com\/es\/la-transformacion-completa-de-una-finca\/","title":{"rendered":"La transformaci\u00f3n completa de una finca"},"content":{"rendered":"<p>[et_pb_section fb_built=\u00bb1&#8243; fullwidth=\u00bbon\u00bb _builder_version=\u00bb3.22.4&#8243;][et_pb_fullwidth_slider show_arrows=\u00bboff\u00bb _builder_version=\u00bb3.24.1&#8243; header_font=\u00bb||||||||\u00bb header_font_size=\u00bb33px\u00bb body_font=\u00bb||||||||\u00bb][et_pb_slide heading=\u00bbLA TRANSFORMACI\u00d3N COMPLETA DE UNA FINCA\u00bb use_bg_overlay=\u00bboff\u00bb use_text_overlay=\u00bbon\u00bb text_overlay_color=\u00bbrgba(255,255,255,0.2)\u00bb _builder_version=\u00bb3.24.1&#8243; header_level=\u00bbh1&#8243; header_font=\u00bb||||||||\u00bb header_font_size=\u00bb33px\u00bb body_font=\u00bb||||||||\u00bb background_color=\u00bb#000000&#8243; background_image=\u00bbhttp:\/\/fincasolmark.com\/wp-content\/uploads\/2019\/05\/finca_solmark_la_transformacion_de_una_finca_header.jpg\u00bb header_font_size_tablet=\u00bb26px\u00bb header_font_size_phone=\u00bb15px\u00bb header_font_size_last_edited=\u00bbon|phone\u00bb][\/et_pb_slide][\/et_pb_fullwidth_slider][\/et_pb_section][et_pb_section fb_built=\u00bb1&#8243; _builder_version=\u00bb3.22.3&#8243; custom_padding=\u00bb0px||2px|||\u00bb][et_pb_row _builder_version=\u00bb3.25&#8243;][et_pb_column type=\u00bb4_4&#8243; _builder_version=\u00bb3.25&#8243; custom_padding=\u00bb|||\u00bb custom_padding__hover=\u00bb|||\u00bb][et_pb_text _builder_version=\u00bb3.27.4&#8243; text_font=\u00bb||||||||\u00bb text_font_size=\u00bb18px\u00bb text_font_size_tablet=\u00bb16px\u00bb text_font_size_phone=\u00bb13px\u00bb text_font_size_last_edited=\u00bbon|desktop\u00bb]<\/p>\n<p>No es f\u00e1cil plasmar con palabras lo que es la Finca.<\/p>\n<p>En 2018 fui a dar un paseo con un gran amigo que me ense\u00f1\u00f3 un terreno, y enseguida captaron mi atenci\u00f3n sus incre\u00edbles vistas. La realidad es que, a pesar de que no estaba muy cuidado, algo me hizo sentir y visualizar que iba a ser el inicio de algo nuevo en mi vida.<\/p>\n<p>Compr\u00e9 la finca y, lo que empez\u00f3 siendo una peque\u00f1a ilusi\u00f3n, hoy se ha convertido en mi futuro, en el comienzo de un sue\u00f1o que se est\u00e1 haciendo realidad.<\/p>\n<p>[\/et_pb_text][et_pb_text _builder_version=\u00bb3.27.4&#8243; text_font=\u00bb||||||||\u00bb text_font_size=\u00bb18px\u00bb text_font_size_tablet=\u00bb16px\u00bb text_font_size_phone=\u00bb13px\u00bb text_font_size_last_edited=\u00bbon|desktop\u00bb]<\/p>\n<p>Nos dedicamos principalmente a <strong>comercializar y exportar aceite de oliva y productos ecol\u00f3gicos a Suecia<\/strong>\u00a0y disponemos de un <span style=\"text-decoration: underline; color: #ff9900;\"><a href=\"http:\/\/fincasolmark.com\/es\/alojamiento-rural\" style=\"color: #ad9a6b;\"><strong>alojamiento rural<\/strong><\/a><\/span>\u00a0que hemos reformado y renovado por fuera y por dentro hasta el \u00faltimo detalle, con una localizaci\u00f3n privilegiada en Carratraca, M\u00e1laga.<\/p>\n<p>[\/et_pb_text][et_pb_text _builder_version=\u00bb3.27.4&#8243; text_font=\u00bb||||||||\u00bb text_font_size=\u00bb18px\u00bb text_font_size_tablet=\u00bb16px\u00bb text_font_size_phone=\u00bb13px\u00bb text_font_size_last_edited=\u00bbon|phone\u00bb]<\/p>\n<p>Aunque soy consciente de que mis objetivos son ambiciosos, algunos de ellos los resumo aqu\u00ed:<\/p>\n<ul>\n<li><strong>Fomentar y promover<\/strong> el <strong>turismo sostenible y ecol\u00f3gico <\/strong>en<strong> Andaluc\u00eda<\/strong><\/li>\n<li><strong>Sensibilizar<\/strong> a la sociedad por la <strong>responsabilidad medioambiental<\/strong><\/li>\n<li><strong>Ayudar a los vecinos de la finca <\/strong>a que sus negocios sean <strong>ecol\u00f3gicos<\/strong> y sostenibles<\/li>\n<li>Contribuir a <strong>generar empleo <\/strong>en el mundo rural<\/li>\n<li>Aportar <strong>soluciones a la despoblaci\u00f3n rural <\/strong>de la zona (talleres, eventos, charlas, etc)<\/li>\n<li>Contribuir a la <strong>limpieza, cuidado y preservaci\u00f3n <\/strong>de lugares colindantes a la Finca: pueblo, caminos, bosque<\/li>\n<li>Divulgar y ense\u00f1ar a la poblaci\u00f3n <strong>nuevas ideas progresistas <\/strong>para <strong>cuidar y respetar el medioambiente: reciclaje, limpieza, etc<\/strong><\/li>\n<li>Facilitar y promover la <strong>innovaci\u00f3n rural <\/strong><\/li>\n<li>Dar a conocer los <strong>beneficios saludables de la dieta mediterr\u00e1nea <\/strong>y la gastronom\u00eda espa\u00f1ola<\/li>\n<li><strong>Conservar y promover las tradiciones<\/strong> de la zona, as\u00ed como el <strong>patrimonio cultural y natural del medio rural en Andaluc\u00eda<\/strong><\/li>\n<li><strong>Educar e incentivar <\/strong>a los consumidores de los productos de la finca con el fin de que sepan m\u00e1s sobre los principios de las empresas ecol\u00f3gicas y la manera de apoyar a las que existan en la comunidad.<\/li>\n<\/ul>\n<p>[\/et_pb_text][\/et_pb_column][\/et_pb_row][\/et_pb_section][et_pb_section fb_built=\u00bb1&#8243; _builder_version=\u00bb3.23.1&#8243; background_color=\u00bb#eaeaea\u00bb custom_padding=\u00bb8px||2px|||\u00bb box_shadow_style=\u00bbpreset1&#8243;][et_pb_row _builder_version=\u00bb3.25&#8243;][et_pb_column type=\u00bb4_4&#8243; _builder_version=\u00bb3.25&#8243; custom_padding=\u00bb|||\u00bb custom_padding__hover=\u00bb|||\u00bb][et_pb_text _builder_version=\u00bb3.27.4&#8243; text_font=\u00bb||||||||\u00bb text_font_size=\u00bb18px\u00bb custom_margin=\u00bb1px||1px||true|\u00bb text_font_size_tablet=\u00bb16px\u00bb text_font_size_phone=\u00bb13px\u00bb text_font_size_last_edited=\u00bbon|desktop\u00bb]<\/p>\n<p><span>Aqu\u00ed pod\u00e9is ver una\u00a0<b>peque\u00f1a selecci\u00f3n de im\u00e1genes del antes y despu\u00e9s de la fin<\/b><strong>ca<\/strong>. Como ver\u00e9is, ha habido que hacer una\u00a0<b>profunda limpieza del campo, retirada de escombros, desbroce de podas, reforma completa de la casita, trabajo de jardiner\u00eda y cultivo de nuevos productos<\/b>, entre otras muchas cosas<\/span><span face=\"Verdana,arial\">.<\/span><span>\u00a0\u00a0<\/span><\/p>\n<p>[\/et_pb_text][\/et_pb_column][\/et_pb_row][et_pb_row column_structure=\u00bb1_2,1_2&#8243; _builder_version=\u00bb3.25&#8243;][et_pb_column type=\u00bb1_2&#8243; _builder_version=\u00bb3.25&#8243; custom_padding=\u00bb|||\u00bb custom_padding__hover=\u00bb|||\u00bb][et_pb_text _builder_version=\u00bb3.27.4&#8243; text_font=\u00bb||||||||\u00bb text_font_size=\u00bb18px\u00bb text_font_size_tablet=\u00bb16px\u00bb text_font_size_phone=\u00bb13px\u00bb text_font_size_last_edited=\u00bbon|phone\u00bb]<\/p>\n<p style=\"text-align: center;\">ANTES<\/p>\n<p>[\/et_pb_text][et_pb_gallery gallery_ids=\u00bb239293,239311,239312,239313,239344,239345,239340,239339,239338,247613,247616,247622,247619,239336,247625&#8243; fullwidth=\u00bbon\u00bb module_class=\u00bbgallery1&#8243; _builder_version=\u00bb4.4.2&#8243; pagination_font=\u00bb||||||||\u00bb animation_style=\u00bbfade\u00bb animation_duration=\u00bb1500ms\u00bb auto=\u00bbon\u00bb hover_enabled=\u00bb0&#8243; box_shadow_style=\u00bbpreset1&#8243;][\/et_pb_gallery][\/et_pb_column][et_pb_column type=\u00bb1_2&#8243; _builder_version=\u00bb3.25&#8243; custom_padding=\u00bb|||\u00bb custom_padding__hover=\u00bb|||\u00bb][et_pb_text _builder_version=\u00bb3.27.4&#8243; text_font=\u00bb||||||||\u00bb text_font_size=\u00bb18px\u00bb text_font_size_tablet=\u00bb16px\u00bb text_font_size_phone=\u00bb13px\u00bb text_font_size_last_edited=\u00bbon|desktop\u00bb]<\/p>\n<p style=\"text-align: center;\">DESPU\u00c9S<\/p>\n<p>[\/et_pb_text][et_pb_gallery gallery_ids=\u00bb247643,247631,239314,239315,239316,242127,242118,247637,239064,239335,247628,247634,239337,242121,242130,242124,247640&#8243; fullwidth=\u00bbon\u00bb module_class=\u00bbgallery1&#8243; _builder_version=\u00bb4.4.2&#8243; title_font=\u00bb||||||||\u00bb pagination_font=\u00bb||||||||\u00bb animation_style=\u00bbfade\u00bb animation_duration=\u00bb1500ms\u00bb hover_enabled=\u00bb0&#8243; box_shadow_style=\u00bbpreset1&#8243; auto=\u00bbon\u00bb][\/et_pb_gallery][\/et_pb_column][\/et_pb_row][\/et_pb_section]<\/p>\n","protected":false},"excerpt":{"rendered":"<p>No es f\u00e1cil plasmar con palabras lo que es la Finca. En 2018 fui a dar un paseo con un gran amigo que me ense\u00f1\u00f3 un terreno, y enseguida captaron mi atenci\u00f3n sus incre\u00edbles vistas. La realidad es que, a pesar de que no estaba muy cuidado, algo me hizo sentir y visualizar que iba [&hellip;]<\/p>\n","protected":false},"author":1,"featured_media":0,"parent":0,"menu_order":0,"comment_status":"closed","ping_status":"closed","template":"","meta":{"_et_pb_use_builder":"on","_et_pb_old_content":"","_et_gb_content_width":"","footnotes":""},"class_list":["post-120415","page","type-page","status-publish","hentry"],"_links":{"self":[{"href":"https:\/\/fincasolmark.com\/es\/wp-json\/wp\/v2\/pages\/120415","targetHints":{"allow":["GET"]}}],"collection":[{"href":"https:\/\/fincasolmark.com\/es\/wp-json\/wp\/v2\/pages"}],"about":[{"href":"https:\/\/fincasolmark.com\/es\/wp-json\/wp\/v2\/types\/page"}],"author":[{"embeddable":true,"href":"https:\/\/fincasolmark.com\/es\/wp-json\/wp\/v2\/users\/1"}],"replies":[{"embeddable":true,"href":"https:\/\/fincasolmark.com\/es\/wp-json\/wp\/v2\/comments?post=120415"}],"version-history":[{"count":0,"href":"https:\/\/fincasolmark.com\/es\/wp-json\/wp\/v2\/pages\/120415\/revisions"}],"wp:attachment":[{"href":"https:\/\/fincasolmark.com\/es\/wp-json\/wp\/v2\/media?parent=120415"}],"curies":[{"name":"wp","href":"https:\/\/api.w.org\/{rel}","templated":true}]}}