{"id":120408,"date":"2019-04-22T11:05:34","date_gmt":"2019-04-22T11:05:34","guid":{"rendered":"http:\/\/fincasolmark.com\/wpfs\/?page_id=120408"},"modified":"2021-06-11T10:45:31","modified_gmt":"2021-06-11T09:45:31","slug":"de-empresario-a-emprendedor-rural","status":"publish","type":"page","link":"https:\/\/fincasolmark.com\/es\/de-empresario-a-emprendedor-rural\/","title":{"rendered":"De Empresario a emprendedor rural"},"content":{"rendered":"<p>[et_pb_section fb_built=\u00bb1&#8243; _builder_version=\u00bb3.22.3&#8243; custom_padding=\u00bb||19px|||\u00bb][et_pb_row _builder_version=\u00bb3.25&#8243; custom_padding=\u00bb3px||3px|||\u00bb][et_pb_column type=\u00bb4_4&#8243; _builder_version=\u00bb3.25&#8243; custom_padding=\u00bb|||\u00bb custom_padding__hover=\u00bb|||\u00bb][et_pb_divider _builder_version=\u00bb3.23.4&#8243; height=\u00bb0px\u00bb][\/et_pb_divider][et_pb_text _builder_version=\u00bb3.27.4&#8243; text_font=\u00bb||||||||\u00bb text_text_color=\u00bb#ad9a6b\u00bb text_font_size=\u00bb30px\u00bb header_font=\u00bb||||||||\u00bb header_text_color=\u00bb#ad9a6b\u00bb header_2_font=\u00bb||||||||\u00bb header_2_font_size=\u00bb28px\u00bb header_2_line_height=\u00bb1.2em\u00bb text_font_size_tablet=\u00bb24px\u00bb text_font_size_phone=\u00bb14px\u00bb text_font_size_last_edited=\u00bbon|phone\u00bb header_font_size_tablet=\u00bb26px\u00bb header_font_size_phone=\u00bb16px\u00bb header_font_size_last_edited=\u00bbon|phone\u00bb]<\/p>\n<h1 style=\"text-align: center;\"><strong>DE EMPRESARIO A EMPRENDEDOR RURAL<\/strong><\/h1>\n<p style=\"text-align: center;\"><strong><\/strong><\/p>\n<p>[\/et_pb_text][et_pb_divider _builder_version=\u00bb3.23.4&#8243; height=\u00bb0px\u00bb][\/et_pb_divider][\/et_pb_column][\/et_pb_row][\/et_pb_section][et_pb_section fb_built=\u00bb1&#8243; _builder_version=\u00bb3.22.3&#8243; custom_padding=\u00bb0px||2px|||\u00bb][et_pb_row column_structure=\u00bb1_2,1_2&#8243; _builder_version=\u00bb3.25&#8243;][et_pb_column type=\u00bb1_2&#8243; _builder_version=\u00bb3.25&#8243; custom_padding=\u00bb|||\u00bb custom_padding__hover=\u00bb|||\u00bb][et_pb_image src=\u00bbhttp:\/\/fincasolmark.com\/wp-content\/uploads\/2019\/05\/finca_solmark_de_empresario_a_emprendedor_rural.jpg\u00bb align_tablet=\u00bbcenter\u00bb align_phone=\u00bb\u00bb align_last_edited=\u00bbon|desktop\u00bb _builder_version=\u00bb3.25.3&#8243; box_shadow_style=\u00bbpreset1&#8243;][\/et_pb_image][\/et_pb_column][et_pb_column type=\u00bb1_2&#8243; _builder_version=\u00bb3.25&#8243; custom_padding=\u00bb|||\u00bb custom_padding__hover=\u00bb|||\u00bb][et_pb_text _builder_version=\u00bb4.9.6&#8243; text_font=\u00bb||||||||\u00bb text_font_size=\u00bb18px\u00bb header_font=\u00bb||||||||\u00bb hover_enabled=\u00bb0&#8243; text_font_size_tablet=\u00bb16px\u00bb text_font_size_phone=\u00bb13px\u00bb text_font_size_last_edited=\u00bbon|phone\u00bb sticky_enabled=\u00bb0&#8243;]<\/p>\n<p>Nac\u00ed y crec\u00ed en <strong>Suecia<\/strong>, uno de los pa\u00edses m\u00e1s ricos del mundo, con un \u00edndice de progreso y desarrollo humano de los m\u00e1s altos del planeta y un modelo de pa\u00eds ecol\u00f3gico, pionero en lo que hoy se conoce como la \u201cRevoluci\u00f3n verde\u201d.<\/p>\n<p>Con 16 a\u00f1os, mi <strong>esp\u00edritu emprendedor<\/strong> me llev\u00f3 a crear mi primera compa\u00f1\u00eda, siempre con la intenci\u00f3n de <strong>aportar valor al mundo<\/strong> y <strong>mejorarlo<\/strong> en la medida de mis posibilidades.<\/p>\n<p>Despu\u00e9s de muchos a\u00f1os dirigiendo empresas, sigo pensando que todas las personas sin excepci\u00f3n podemos contribuir, con peque\u00f1as acciones, a <strong>cuidar de nuestro entorno, <\/strong>independientemente de nuestra situaci\u00f3n.<\/p>\n<p>Y por ello trato de <strong>concienciar y sensibilizar a la sociedad<\/strong> de que todos podemos sembrar semillas de esperanza y prosperidad, siendo un firme defensor del <strong>progreso econ\u00f3mico y social,<\/strong> as\u00ed como de los <strong>avances cient\u00edficos y tecnol\u00f3gicos<\/strong>.<\/p>\n<p><span>Pienso que en el siglo XXI, el poder mundial reside en el dominio de la tecnolog\u00eda y la ciencia. Sin embargo, es necesario ser conscientes de los riesgos que conlleva esta transformaci\u00f3n.<\/span><\/p>\n<p>[\/et_pb_text][\/et_pb_column][\/et_pb_row][\/et_pb_section][et_pb_section fb_built=\u00bb1&#8243; _builder_version=\u00bb3.22.7&#8243; background_color=\u00bb#969696&#8243; custom_margin=\u00bb32px|||||\u00bb custom_padding=\u00bb4px||6px|||\u00bb box_shadow_style=\u00bbpreset1&#8243;][et_pb_row _builder_version=\u00bb3.25&#8243; min_height=\u00bb157px\u00bb custom_padding=\u00bb40px|||||\u00bb][et_pb_column type=\u00bb4_4&#8243; _builder_version=\u00bb3.25&#8243; custom_padding=\u00bb|||\u00bb custom_padding__hover=\u00bb|||\u00bb][et_pb_blurb use_icon=\u00bbon\u00bb font_icon=\u00bb%%91%%\u00bb icon_color=\u00bb#ffffff\u00bb use_icon_font_size=\u00bbon\u00bb icon_font_size=\u00bb38px\u00bb _builder_version=\u00bb3.23.3&#8243; body_font=\u00bb||on||||||\u00bb body_text_align=\u00bbcenter\u00bb body_text_color=\u00bb#ffffff\u00bb body_font_size=\u00bb20px\u00bb body_font_size_tablet=\u00bb17px\u00bb body_font_size_phone=\u00bb14px\u00bb body_font_size_last_edited=\u00bbon|phone\u00bb]<\/p>\n<p>Conoce tu pasi\u00f3n. S\u00edguela.\u00a0Su\u00e9\u00f1ala.V\u00edvela.<\/p>\n<p>Pelle Lundborg<\/p>\n<p>[\/et_pb_blurb][\/et_pb_column][\/et_pb_row][\/et_pb_section][et_pb_section fb_built=\u00bb1&#8243; admin_label=\u00bbGallery Section\u00bb _builder_version=\u00bb3.22.3&#8243; custom_padding=\u00bb39px|0px|2px|0px||\u00bb][et_pb_row column_structure=\u00bb1_2,1_4,1_4&#8243; use_custom_gutter=\u00bbon\u00bb gutter_width=\u00bb2&#8243; _builder_version=\u00bb3.25&#8243; max_width=\u00bb1440px\u00bb custom_padding=\u00bb29px||0px|||\u00bb use_custom_width=\u00bbon\u00bb custom_width_px=\u00bb1440px\u00bb][et_pb_column type=\u00bb1_2&#8243; _builder_version=\u00bb3.25&#8243; custom_padding=\u00bb|||\u00bb custom_padding__hover=\u00bb|||\u00bb][et_pb_image show_in_lightbox=\u00bbon\u00bb use_overlay=\u00bbon\u00bb overlay_icon_color=\u00bb#000000&#8243; hover_overlay_color=\u00bbrgba(255,255,255,0.2)\u00bb hover_icon=\u00bb%%43%%\u00bb align=\u00bbright\u00bb force_fullwidth=\u00bbon\u00bb align_tablet=\u00bbcenter\u00bb align_phone=\u00bb\u00bb align_last_edited=\u00bbon|desktop\u00bb _builder_version=\u00bb3.23&#8243; custom_margin=\u00bb-25px|||||\u00bb custom_padding=\u00bb0px|||||\u00bb animation_style=\u00bbfade\u00bb][\/et_pb_image][et_pb_image src=\u00bbhttp:\/\/fincasolmark.com\/wp-content\/uploads\/2019\/05\/finca_solmark_de_empresario_a_emprendedor_rural_pelle-4.jpg\u00bb show_in_lightbox=\u00bbon\u00bb use_overlay=\u00bbon\u00bb overlay_icon_color=\u00bb#000000&#8243; hover_overlay_color=\u00bbrgba(255,255,255,0.2)\u00bb hover_icon=\u00bb%%43%%\u00bb align_tablet=\u00bbcenter\u00bb align_phone=\u00bb\u00bb align_last_edited=\u00bbon|desktop\u00bb _builder_version=\u00bb3.23.3&#8243; width=\u00bb100%\u00bb custom_margin=\u00bb|||||\u00bb custom_padding=\u00bb||0px|||\u00bb animation_style=\u00bbfade\u00bb box_shadow_style=\u00bbpreset1&#8243;][\/et_pb_image][\/et_pb_column][et_pb_column type=\u00bb1_4&#8243; _builder_version=\u00bb3.25&#8243; custom_padding=\u00bb|||\u00bb custom_padding__hover=\u00bb|||\u00bb][et_pb_image src=\u00bbhttp:\/\/fincasolmark.com\/wp-content\/uploads\/2019\/05\/finca_solmark_pelle-tractor.jpg\u00bb show_in_lightbox=\u00bbon\u00bb use_overlay=\u00bbon\u00bb overlay_icon_color=\u00bb#000000&#8243; hover_overlay_color=\u00bbrgba(255,255,255,0.2)\u00bb hover_icon=\u00bb%%43%%\u00bb force_fullwidth=\u00bbon\u00bb align_tablet=\u00bbcenter\u00bb align_phone=\u00bb\u00bb align_last_edited=\u00bbon|desktop\u00bb _builder_version=\u00bb3.23.3&#8243; custom_margin=\u00bb||20%|||\u00bb custom_padding=\u00bb||3px|||\u00bb animation_style=\u00bbfade\u00bb box_shadow_style=\u00bbpreset1&#8243;][\/et_pb_image][et_pb_image src=\u00bbhttp:\/\/fincasolmark.com\/wp-content\/uploads\/2019\/05\/finca_solmark_pelle_trabajo_campo.jpg\u00bb show_in_lightbox=\u00bbon\u00bb use_overlay=\u00bbon\u00bb overlay_icon_color=\u00bb#000000&#8243; hover_overlay_color=\u00bbrgba(255,255,255,0.2)\u00bb hover_icon=\u00bb%%43%%\u00bb force_fullwidth=\u00bbon\u00bb align_tablet=\u00bbcenter\u00bb align_phone=\u00bb\u00bb align_last_edited=\u00bbon|desktop\u00bb _builder_version=\u00bb3.23.3&#8243; custom_margin=\u00bb|25px|20%|||\u00bb custom_padding=\u00bb||0px|||\u00bb animation_style=\u00bbfade\u00bb][\/et_pb_image][et_pb_image src=\u00bbhttp:\/\/fincasolmark.com\/wp-content\/uploads\/2019\/05\/finca_solmark_de_empresario_a_emprendedor_rural_regando.jpg\u00bb show_in_lightbox=\u00bbon\u00bb use_overlay=\u00bbon\u00bb overlay_icon_color=\u00bb#000000&#8243; hover_overlay_color=\u00bbrgba(255,255,255,0.2)\u00bb hover_icon=\u00bb%%43%%\u00bb force_fullwidth=\u00bbon\u00bb align_tablet=\u00bbcenter\u00bb align_phone=\u00bb\u00bb align_last_edited=\u00bbon|desktop\u00bb _builder_version=\u00bb3.23&#8243; custom_margin=\u00bb|25px|12%|||\u00bb custom_padding=\u00bb||0px|||\u00bb animation_style=\u00bbfade\u00bb][\/et_pb_image][\/et_pb_column][et_pb_column type=\u00bb1_4&#8243; _builder_version=\u00bb3.25&#8243; custom_padding=\u00bb|||\u00bb custom_padding__hover=\u00bb|||\u00bb][et_pb_image src=\u00bbhttp:\/\/fincasolmark.com\/wp-content\/uploads\/2019\/05\/finca_solmark_de_empresario_a_emprendedor_trabajando_tractor.jpg\u00bb show_in_lightbox=\u00bbon\u00bb use_overlay=\u00bbon\u00bb overlay_icon_color=\u00bb#000000&#8243; hover_overlay_color=\u00bbrgba(255,255,255,0.2)\u00bb hover_icon=\u00bb%%43%%\u00bb force_fullwidth=\u00bbon\u00bb align_tablet=\u00bbcenter\u00bb align_phone=\u00bb\u00bb align_last_edited=\u00bbon|desktop\u00bb _builder_version=\u00bb3.23.3&#8243; custom_margin=\u00bb||20%|||\u00bb custom_padding=\u00bb|0px|3px|0px||\u00bb animation_style=\u00bbfade\u00bb][\/et_pb_image][et_pb_image src=\u00bbhttp:\/\/fincasolmark.com\/wp-content\/uploads\/2019\/05\/finca_solmark_pelle_trabajo_olivar.jpg\u00bb show_in_lightbox=\u00bbon\u00bb use_overlay=\u00bbon\u00bb overlay_icon_color=\u00bb#000000&#8243; hover_overlay_color=\u00bbrgba(255,255,255,0.2)\u00bb hover_icon=\u00bb%%43%%\u00bb force_fullwidth=\u00bbon\u00bb align_tablet=\u00bbcenter\u00bb align_phone=\u00bb\u00bb align_last_edited=\u00bbon|desktop\u00bb _builder_version=\u00bb3.23.3&#8243; custom_margin=\u00bb||20%|||\u00bb custom_padding=\u00bb|0px||0px||\u00bb animation_style=\u00bbfade\u00bb][\/et_pb_image][et_pb_image src=\u00bbhttp:\/\/fincasolmark.com\/wp-content\/uploads\/2019\/05\/finca_solmark_de_empresario_a_emprendedor_rural_bienvenida.jpg\u00bb show_in_lightbox=\u00bbon\u00bb use_overlay=\u00bbon\u00bb overlay_icon_color=\u00bb#000000&#8243; hover_overlay_color=\u00bbrgba(255,255,255,0.2)\u00bb hover_icon=\u00bb%%43%%\u00bb force_fullwidth=\u00bbon\u00bb align_tablet=\u00bbcenter\u00bb align_phone=\u00bb\u00bb align_last_edited=\u00bbon|desktop\u00bb _builder_version=\u00bb3.23&#8243; custom_margin=\u00bb||12%|\u00bb custom_padding=\u00bb|0px||0px||\u00bb animation_style=\u00bbfade\u00bb][\/et_pb_image][\/et_pb_column][\/et_pb_row][et_pb_row admin_label=\u00bbGallery Row\u00bb _builder_version=\u00bb3.25&#8243; custom_padding=\u00bb0px|0px|0px|0px\u00bb][et_pb_column type=\u00bb4_4&#8243; _builder_version=\u00bb3.25&#8243; custom_padding=\u00bb|||\u00bb custom_padding__hover=\u00bb|||\u00bb][et_pb_image align_tablet=\u00bbcenter\u00bb align_phone=\u00bb\u00bb align_last_edited=\u00bbon|desktop\u00bb _builder_version=\u00bb3.23&#8243;][\/et_pb_image][\/et_pb_column][\/et_pb_row][\/et_pb_section][et_pb_section fb_built=\u00bb1&#8243; _builder_version=\u00bb3.22.3&#8243; custom_margin=\u00bb-19px|||||\u00bb custom_padding=\u00bb4px||12px|||\u00bb][et_pb_row _builder_version=\u00bb3.25&#8243;][et_pb_column type=\u00bb4_4&#8243; _builder_version=\u00bb3.25&#8243; custom_padding=\u00bb|||\u00bb custom_padding__hover=\u00bb|||\u00bb][et_pb_text _builder_version=\u00bb3.27.4&#8243; text_font=\u00bb||||||||\u00bb text_font_size=\u00bb18px\u00bb text_font_size_tablet=\u00bb16px\u00bb text_font_size_phone=\u00bb13px\u00bb text_font_size_last_edited=\u00bbon|phone\u00bb]<\/p>\n<p>Todo esto se refleja en la <strong>Finca Solmark<\/strong> que, sin lugar a dudas, tiene tambi\u00e9n la huella de mis padres. Me siento muy afortunado del aprendizaje que me han dejado y, sobre todo, de sus <strong>valores personales <\/strong>que hoy d\u00eda conviven en m\u00ed.<\/p>\n<p>De mi madre, Annette, autora del libro <em>\u00abEl cuidado personal de las plantas\u00bb y<\/em> experta en <strong>fitoterapia<\/strong>, homeopat\u00eda y micolog\u00eda entre otras muchas cosas, he aprendido sobre todo el <strong>cuidado y respeto por la naturaleza y los animales<\/strong>.<\/p>\n<p>De mi padre,\u00a0P-G,\u00a0que pas\u00f3 gran parte de su vida laboral en \u00c1frica y en el Caribe y que ha tenido una vida apasionante como piloto, traductor, empleado de la ONU, la Swedish International Development Authority, la Cruz Roja y SAAB entre otros, tengo ese <strong>esp\u00edritu inquieto por aprender cada d\u00eda<\/strong> y esa <strong>energ\u00eda tan fuerte por perseguir mis sue\u00f1os<\/strong>, incluso en las etapas en que me he tenido que enfrentar a importantes retos.<\/p>\n<p>[\/et_pb_text][\/et_pb_column][\/et_pb_row][\/et_pb_section][et_pb_section fb_built=\u00bb1&#8243; _builder_version=\u00bb3.22.7&#8243; background_color=\u00bb#969696&#8243; custom_margin=\u00bb3px||24px|||\u00bb custom_padding=\u00bb4px||6px|||\u00bb box_shadow_style=\u00bbpreset1&#8243;][et_pb_row _builder_version=\u00bb3.25&#8243; custom_padding=\u00bb46px||44px|||\u00bb][et_pb_column type=\u00bb4_4&#8243; _builder_version=\u00bb3.25&#8243; custom_padding=\u00bb|||\u00bb custom_padding__hover=\u00bb|||\u00bb][et_pb_blurb use_icon=\u00bbon\u00bb font_icon=\u00bb%%91%%\u00bb icon_color=\u00bb#ffffff\u00bb content_max_width=\u00bb98%\u00bb use_icon_font_size=\u00bbon\u00bb icon_font_size=\u00bb38px\u00bb _builder_version=\u00bb3.23.3&#8243; body_font=\u00bb||on||||||\u00bb body_text_align=\u00bbcenter\u00bb body_text_color=\u00bb#ffffff\u00bb body_font_size=\u00bb20px\u00bb body_font_size_tablet=\u00bb17px\u00bb body_font_size_phone=\u00bb14px\u00bb body_font_size_last_edited=\u00bbon|desktop\u00bb]<\/p>\n<p><em>De mis padres he heredado el respeto y cuidado por la naturaleza, la inquietud por la divulgaci\u00f3n cient\u00edfica y medioambiental y el sue\u00f1o de mejorar las cosas bajo la premisa de que realmente \u00a1un mundo mejor es posible!.\u00a0<\/em><\/p>\n<p><em>Pelle Lundborg<\/em><\/p>\n<p>[\/et_pb_blurb][\/et_pb_column][\/et_pb_row][\/et_pb_section][et_pb_section fb_built=\u00bb1&#8243; _builder_version=\u00bb3.23.1&#8243; custom_margin=\u00bb8px|||||\u00bb custom_padding=\u00bb43px||1px|||\u00bb][et_pb_row _builder_version=\u00bb3.25&#8243;][et_pb_column type=\u00bb4_4&#8243; _builder_version=\u00bb3.25&#8243; custom_padding=\u00bb|||\u00bb custom_padding__hover=\u00bb|||\u00bb][et_pb_text _builder_version=\u00bb3.27.4&#8243; text_font=\u00bb||||||||\u00bb text_font_size=\u00bb18px\u00bb text_font_size_tablet=\u00bb16px\u00bb text_font_size_phone=\u00bb13px\u00bb text_font_size_last_edited=\u00bbon|desktop\u00bb]<\/p>\n<p>De ellos he aprendido a apreciar el trabajo bien hecho, pero sobre todo, el valorar la grandeza del ser humano en su m\u00e1xima expresi\u00f3n, tanto a nivel individual como de grupo. Gracias a ellos, me siento repleto de energ\u00eda y motivaci\u00f3n para transformar esta finca <strong>en ecol\u00f3gica y sostenible<\/strong> y aportar mi granito de arena para mejorar el mundo como mejor s\u00e9: <strong>poni\u00e9ndole coraz\u00f3n a todo lo que hago. <\/strong><\/p>\n<p>[\/et_pb_text][\/et_pb_column][\/et_pb_row][et_pb_row column_structure=\u00bb1_2,1_2&#8243; _builder_version=\u00bb3.25&#8243; width=\u00bb55.5%\u00bb custom_padding=\u00bb0px|||||\u00bb][et_pb_column type=\u00bb1_2&#8243; _builder_version=\u00bb3.25&#8243; custom_padding=\u00bb|||\u00bb custom_padding__hover=\u00bb|||\u00bb][et_pb_image src=\u00bbhttp:\/\/fincasolmark.com\/wp-content\/uploads\/2019\/05\/finca_solmark_home_mamma.jpg\u00bb align_tablet=\u00bbcenter\u00bb align_phone=\u00bb\u00bb align_last_edited=\u00bbon|desktop\u00bb _builder_version=\u00bb3.23&#8243; border_color_all=\u00bbrgba(0,0,0,0)\u00bb box_shadow_style=\u00bbpreset1&#8243;][\/et_pb_image][\/et_pb_column][et_pb_column type=\u00bb1_2&#8243; _builder_version=\u00bb3.25&#8243; custom_padding=\u00bb|||\u00bb custom_padding__hover=\u00bb|||\u00bb][et_pb_image src=\u00bbhttp:\/\/fincasolmark.com\/wp-content\/uploads\/2019\/05\/finca_solmark_home_pappa.jpg\u00bb align_tablet=\u00bbcenter\u00bb align_phone=\u00bb\u00bb align_last_edited=\u00bbon|desktop\u00bb _builder_version=\u00bb3.23&#8243; border_color_all=\u00bbrgba(0,0,0,0)\u00bb box_shadow_style=\u00bbpreset1&#8243;][\/et_pb_image][\/et_pb_column][\/et_pb_row][\/et_pb_section][et_pb_section fb_built=\u00bb1&#8243; _builder_version=\u00bb3.22.7&#8243; custom_margin=\u00bb2px|||||\u00bb custom_padding=\u00bb17px||21px|||\u00bb][et_pb_row _builder_version=\u00bb3.25&#8243;][et_pb_column type=\u00bb4_4&#8243; _builder_version=\u00bb3.25&#8243; custom_padding=\u00bb|||\u00bb custom_padding__hover=\u00bb|||\u00bb][et_pb_text _builder_version=\u00bb3.27.4&#8243; text_font=\u00bb||||||||\u00bb text_font_size=\u00bb18px\u00bb text_font_size_tablet=\u00bb16px\u00bb text_font_size_phone=\u00bb13px\u00bb text_font_size_last_edited=\u00bbon|desktop\u00bb]<\/p>\n<p>Mis dos hijos son el motor de mi vida y a ellos tambi\u00e9n les entusiasma la naturaleza, la vida en el campo, jugar con los perros y descubrir todos los rincones de la finca.<\/p>\n<p>[\/et_pb_text][\/et_pb_column][\/et_pb_row][et_pb_row use_custom_gutter=\u00bbon\u00bb _builder_version=\u00bb3.25&#8243; min_height=\u00bb820px\u00bb custom_margin=\u00bb|auto|7px|auto||true\u00bb custom_padding=\u00bb0px||0px|||\u00bb border_width_all=\u00bb6px\u00bb border_color_all=\u00bbrgba(0,0,0,0)\u00bb][et_pb_column type=\u00bb4_4&#8243; _builder_version=\u00bb3.25&#8243; custom_padding=\u00bb|||\u00bb custom_padding__hover=\u00bb|||\u00bb][et_pb_image src=\u00bbhttp:\/\/fincasolmark.com\/wp-content\/uploads\/2019\/03\/finca_solmark_home_peques.jpg\u00bb align_tablet=\u00bbcenter\u00bb align_phone=\u00bb\u00bb align_last_edited=\u00bbon|desktop\u00bb _builder_version=\u00bb3.23.3&#8243; custom_padding=\u00bb||0px|||\u00bb box_shadow_style=\u00bbpreset1&#8243;][\/et_pb_image][\/et_pb_column][\/et_pb_row][\/et_pb_section]<\/p>\n","protected":false},"excerpt":{"rendered":"<p>DE EMPRESARIO A EMPRENDEDOR RURAL Nac\u00ed y crec\u00ed en Suecia, uno de los pa\u00edses m\u00e1s ricos del mundo, con un \u00edndice de progreso y desarrollo humano de los m\u00e1s altos del planeta y un modelo de pa\u00eds ecol\u00f3gico, pionero en lo que hoy se conoce como la \u201cRevoluci\u00f3n verde\u201d. Con 16 a\u00f1os, mi esp\u00edritu emprendedor [&hellip;]<\/p>\n","protected":false},"author":1,"featured_media":0,"parent":0,"menu_order":0,"comment_status":"closed","ping_status":"closed","template":"","meta":{"_et_pb_use_builder":"on","_et_pb_old_content":"","_et_gb_content_width":"","footnotes":""},"class_list":["post-120408","page","type-page","status-publish","hentry"],"_links":{"self":[{"href":"https:\/\/fincasolmark.com\/es\/wp-json\/wp\/v2\/pages\/120408","targetHints":{"allow":["GET"]}}],"collection":[{"href":"https:\/\/fincasolmark.com\/es\/wp-json\/wp\/v2\/pages"}],"about":[{"href":"https:\/\/fincasolmark.com\/es\/wp-json\/wp\/v2\/types\/page"}],"author":[{"embeddable":true,"href":"https:\/\/fincasolmark.com\/es\/wp-json\/wp\/v2\/users\/1"}],"replies":[{"embeddable":true,"href":"https:\/\/fincasolmark.com\/es\/wp-json\/wp\/v2\/comments?post=120408"}],"version-history":[{"count":0,"href":"https:\/\/fincasolmark.com\/es\/wp-json\/wp\/v2\/pages\/120408\/revisions"}],"wp:attachment":[{"href":"https:\/\/fincasolmark.com\/es\/wp-json\/wp\/v2\/media?parent=120408"}],"curies":[{"name":"wp","href":"https:\/\/api.w.org\/{rel}","templated":true}]}}